{"id":6400,"date":"2025-02-20T08:19:54","date_gmt":"2025-02-20T08:19:54","guid":{"rendered":"https:\/\/test.graindesail.com\/?post_type=product&#038;p=6400"},"modified":"2026-04-22T00:00:45","modified_gmt":"2026-04-22T00:00:45","slug":"composition-de-noel-boite-cabosse","status":"publish","type":"product","link":"https:\/\/graindesail.com\/fr\/produit\/composition-de-noel-boite-cabosse\/","title":{"rendered":"Boite Cabosse No\u00ebl"},"content":{"rendered":"<p>Ce pack contient :<\/p>\n<p>&#8211; 1 x Boite Cabosse Grain De Sail\u00a0r\u00e9utilisable (22.5 x 13 x 8.5cm)<\/p>\n<p>&#8211; 1 x Tablette de chocolat au lait 45% de cacao avec inclusions amandes hach\u00e9es et grill\u00e9es et \u00e9pices de No\u00ebl \u2013 100G &#8211; BIO<\/p>\n<p>&#8211; 1 x Tablette de chocolat Noir 75% de cacao avec inclusions noix caram\u00e9lis\u00e9es et gingembre confit \u2013 100G \u2013 BIO<\/p>\n<p>&#8211; 1 x Amandes \u00e9mond\u00e9es grill\u00e9es enrob\u00e9es au chocolat noir 62% de cacao &#8211; 125G \u2013 BIO<\/p>\n<p>&#8211; 1 x\u00a0Noisettes caram\u00e9lis\u00e9es enrob\u00e9es de chocolat au lait 45% de cacao &#8211; 125G \u2013 BIO<\/p>\n<p>Poids net total : 450g<\/p>\n<p>Masse de cacao en provenance d&#8217;Am\u00e9rique latine et beurre de cacao non-EU<\/p>\n<p>Nos tablettes peuvent contenir les allerg\u00e8nes suivants: lait, fruits \u00e0 coque, arachides, graines de s\u00e9same, c\u00e9r\u00e9ales contenant du gluten.<\/p>\n<p>Conseil : conserver au sec et au frais<\/p>\n<p style=\"margin-left: 0px; margin-right: 0px;\"><span style=\"color: #d0121a;\">En cas de stockage inadapt\u00e9, un voile blanc peut appara\u00eetre \u00e0 la surface du produit. Ce ph\u00e9nom\u00e8ne naturel n&#8217;a aucun impact sur la sant\u00e9 du consommateur.\u00a0<\/span><\/p>\n<p>Notre bo\u00eete mesure 220 mm de long sur 126 mm de profondeur et 72 mm de haut.<\/p>\n<p>&nbsp;<\/p>\n","protected":false},"excerpt":{"rendered":"<p>Boite Cabosse + 2 tablettes de No\u00ebl + 2 Sachets de drag\u00e9es de No\u00ebl<\/p>\n","protected":false},"featured_media":16915,"comment_status":"open","ping_status":"closed","template":"","meta":{"_acf_changed":false},"product_brand":[],"product_cat":[45,46,47],"product_tag":[],"class_list":{"0":"post-6400","1":"product","2":"type-product","3":"status-publish","4":"has-post-thumbnail","6":"product_cat-coffrets","7":"product_cat-nos-produits-festifs","8":"product_cat-offres-du-moment","10":"first","11":"instock","12":"sale","13":"taxable","14":"shipping-taxable","15":"purchasable","16":"product-type-simple"},"acf":[],"yoast_head":"<!-- This site is optimized with the Yoast SEO plugin v25.5 - https:\/\/yoast.com\/wordpress\/plugins\/seo\/ -->\n<title>Boite Cabosse No\u00ebl - GDS<\/title>\n<meta name=\"robots\" content=\"index, follow, max-snippet:-1, max-image-preview:large, max-video-preview:-1\" \/>\n<link rel=\"canonical\" href=\"https:\/\/graindesail.com\/fr\/produit\/composition-de-noel-boite-cabosse\/\" \/>\n<meta property=\"og:locale\" content=\"fr_FR\" \/>\n<meta property=\"og:type\" content=\"article\" \/>\n<meta property=\"og:title\" content=\"Boite Cabosse No\u00ebl - GDS\" \/>\n<meta property=\"og:description\" content=\"Boite Cabosse + 2 tablettes de No\u00ebl + 2 Sachets de drag\u00e9es de No\u00ebl\" \/>\n<meta property=\"og:url\" content=\"https:\/\/graindesail.com\/fr\/produit\/composition-de-noel-boite-cabosse\/\" \/>\n<meta property=\"og:site_name\" content=\"GDS\" \/>\n<meta property=\"article:modified_time\" content=\"2026-04-22T00:00:45+00:00\" \/>\n<meta property=\"og:image\" content=\"https:\/\/graindesail.com\/wp-content\/uploads\/2025\/02\/boite-cabosse-noel-detoure.png\" \/>\n\t<meta property=\"og:image:width\" content=\"600\" \/>\n\t<meta property=\"og:image:height\" content=\"600\" \/>\n\t<meta property=\"og:image:type\" content=\"image\/png\" \/>\n<meta name=\"twitter:card\" content=\"summary_large_image\" \/>\n<meta name=\"twitter:label1\" content=\"Dur\u00e9e de lecture estim\u00e9e\" \/>\n\t<meta name=\"twitter:data1\" content=\"2 minutes\" \/>\n<script type=\"application\/ld+json\" class=\"yoast-schema-graph\">{\"@context\":\"https:\/\/schema.org\",\"@graph\":[{\"@type\":\"WebPage\",\"@id\":\"https:\/\/graindesail.com\/fr\/produit\/composition-de-noel-boite-cabosse\/\",\"url\":\"https:\/\/graindesail.com\/fr\/produit\/composition-de-noel-boite-cabosse\/\",\"name\":\"Boite Cabosse No\u00ebl - GDS\",\"isPartOf\":{\"@id\":\"https:\/\/graindesail.com\/fr\/#website\"},\"primaryImageOfPage\":{\"@id\":\"https:\/\/graindesail.com\/fr\/produit\/composition-de-noel-boite-cabosse\/#primaryimage\"},\"image\":{\"@id\":\"https:\/\/graindesail.com\/fr\/produit\/composition-de-noel-boite-cabosse\/#primaryimage\"},\"thumbnailUrl\":\"https:\/\/graindesail.com\/wp-content\/uploads\/2025\/02\/boite-cabosse-noel-detoure.png\",\"datePublished\":\"2025-02-20T08:19:54+00:00\",\"dateModified\":\"2026-04-22T00:00:45+00:00\",\"breadcrumb\":{\"@id\":\"https:\/\/graindesail.com\/fr\/produit\/composition-de-noel-boite-cabosse\/#breadcrumb\"},\"inLanguage\":\"fr-FR\",\"potentialAction\":[{\"@type\":\"ReadAction\",\"target\":[\"https:\/\/graindesail.com\/fr\/produit\/composition-de-noel-boite-cabosse\/\"]}]},{\"@type\":\"ImageObject\",\"inLanguage\":\"fr-FR\",\"@id\":\"https:\/\/graindesail.com\/fr\/produit\/composition-de-noel-boite-cabosse\/#primaryimage\",\"url\":\"https:\/\/graindesail.com\/wp-content\/uploads\/2025\/02\/boite-cabosse-noel-detoure.png\",\"contentUrl\":\"https:\/\/graindesail.com\/wp-content\/uploads\/2025\/02\/boite-cabosse-noel-detoure.png\",\"width\":600,\"height\":600,\"caption\":\"Boite Cabosse Noel Grain de Sail - Sans fond\"},{\"@type\":\"BreadcrumbList\",\"@id\":\"https:\/\/graindesail.com\/fr\/produit\/composition-de-noel-boite-cabosse\/#breadcrumb\",\"itemListElement\":[{\"@type\":\"ListItem\",\"position\":1,\"name\":\"Home\",\"item\":\"https:\/\/graindesail.com\/fr\/\"},{\"@type\":\"ListItem\",\"position\":2,\"name\":\"Notre boutique en ligne\",\"item\":\"https:\/\/graindesail.com\/fr\/notre-boutique-en-ligne\/\"},{\"@type\":\"ListItem\",\"position\":3,\"name\":\"Boite Cabosse No\u00ebl\"}]},{\"@type\":\"WebSite\",\"@id\":\"https:\/\/graindesail.com\/fr\/#website\",\"url\":\"https:\/\/graindesail.com\/fr\/\",\"name\":\"GDS\",\"description\":\"\",\"publisher\":{\"@id\":\"https:\/\/graindesail.com\/fr\/#organization\"},\"potentialAction\":[{\"@type\":\"SearchAction\",\"target\":{\"@type\":\"EntryPoint\",\"urlTemplate\":\"https:\/\/graindesail.com\/fr\/?s={search_term_string}\"},\"query-input\":{\"@type\":\"PropertyValueSpecification\",\"valueRequired\":true,\"valueName\":\"search_term_string\"}}],\"inLanguage\":\"fr-FR\"},{\"@type\":\"Organization\",\"@id\":\"https:\/\/graindesail.com\/fr\/#organization\",\"name\":\"GDS\",\"url\":\"https:\/\/graindesail.com\/fr\/\",\"logo\":{\"@type\":\"ImageObject\",\"inLanguage\":\"fr-FR\",\"@id\":\"https:\/\/graindesail.com\/fr\/#\/schema\/logo\/image\/\",\"url\":\"https:\/\/graindesail.com\/wp-content\/uploads\/2024\/12\/logo.svg\",\"contentUrl\":\"https:\/\/graindesail.com\/wp-content\/uploads\/2024\/12\/logo.svg\",\"width\":82,\"height\":130,\"caption\":\"GDS\"},\"image\":{\"@id\":\"https:\/\/graindesail.com\/fr\/#\/schema\/logo\/image\/\"}}]}<\/script>\n<!-- \/ Yoast SEO plugin. -->","yoast_head_json":{"title":"Boite Cabosse No\u00ebl - GDS","robots":{"index":"index","follow":"follow","max-snippet":"max-snippet:-1","max-image-preview":"max-image-preview:large","max-video-preview":"max-video-preview:-1"},"canonical":"https:\/\/graindesail.com\/fr\/produit\/composition-de-noel-boite-cabosse\/","og_locale":"fr_FR","og_type":"article","og_title":"Boite Cabosse No\u00ebl - GDS","og_description":"Boite Cabosse + 2 tablettes de No\u00ebl + 2 Sachets de drag\u00e9es de No\u00ebl","og_url":"https:\/\/graindesail.com\/fr\/produit\/composition-de-noel-boite-cabosse\/","og_site_name":"GDS","article_modified_time":"2026-04-22T00:00:45+00:00","og_image":[{"width":600,"height":600,"url":"https:\/\/graindesail.com\/wp-content\/uploads\/2025\/02\/boite-cabosse-noel-detoure.png","type":"image\/png"}],"twitter_card":"summary_large_image","twitter_misc":{"Dur\u00e9e de lecture estim\u00e9e":"2 minutes"},"schema":{"@context":"https:\/\/schema.org","@graph":[{"@type":"WebPage","@id":"https:\/\/graindesail.com\/fr\/produit\/composition-de-noel-boite-cabosse\/","url":"https:\/\/graindesail.com\/fr\/produit\/composition-de-noel-boite-cabosse\/","name":"Boite Cabosse No\u00ebl - GDS","isPartOf":{"@id":"https:\/\/graindesail.com\/fr\/#website"},"primaryImageOfPage":{"@id":"https:\/\/graindesail.com\/fr\/produit\/composition-de-noel-boite-cabosse\/#primaryimage"},"image":{"@id":"https:\/\/graindesail.com\/fr\/produit\/composition-de-noel-boite-cabosse\/#primaryimage"},"thumbnailUrl":"https:\/\/graindesail.com\/wp-content\/uploads\/2025\/02\/boite-cabosse-noel-detoure.png","datePublished":"2025-02-20T08:19:54+00:00","dateModified":"2026-04-22T00:00:45+00:00","breadcrumb":{"@id":"https:\/\/graindesail.com\/fr\/produit\/composition-de-noel-boite-cabosse\/#breadcrumb"},"inLanguage":"fr-FR","potentialAction":[{"@type":"ReadAction","target":["https:\/\/graindesail.com\/fr\/produit\/composition-de-noel-boite-cabosse\/"]}]},{"@type":"ImageObject","inLanguage":"fr-FR","@id":"https:\/\/graindesail.com\/fr\/produit\/composition-de-noel-boite-cabosse\/#primaryimage","url":"https:\/\/graindesail.com\/wp-content\/uploads\/2025\/02\/boite-cabosse-noel-detoure.png","contentUrl":"https:\/\/graindesail.com\/wp-content\/uploads\/2025\/02\/boite-cabosse-noel-detoure.png","width":600,"height":600,"caption":"Boite Cabosse Noel Grain de Sail - Sans fond"},{"@type":"BreadcrumbList","@id":"https:\/\/graindesail.com\/fr\/produit\/composition-de-noel-boite-cabosse\/#breadcrumb","itemListElement":[{"@type":"ListItem","position":1,"name":"Home","item":"https:\/\/graindesail.com\/fr\/"},{"@type":"ListItem","position":2,"name":"Notre boutique en ligne","item":"https:\/\/graindesail.com\/fr\/notre-boutique-en-ligne\/"},{"@type":"ListItem","position":3,"name":"Boite Cabosse No\u00ebl"}]},{"@type":"WebSite","@id":"https:\/\/graindesail.com\/fr\/#website","url":"https:\/\/graindesail.com\/fr\/","name":"GDS","description":"","publisher":{"@id":"https:\/\/graindesail.com\/fr\/#organization"},"potentialAction":[{"@type":"SearchAction","target":{"@type":"EntryPoint","urlTemplate":"https:\/\/graindesail.com\/fr\/?s={search_term_string}"},"query-input":{"@type":"PropertyValueSpecification","valueRequired":true,"valueName":"search_term_string"}}],"inLanguage":"fr-FR"},{"@type":"Organization","@id":"https:\/\/graindesail.com\/fr\/#organization","name":"GDS","url":"https:\/\/graindesail.com\/fr\/","logo":{"@type":"ImageObject","inLanguage":"fr-FR","@id":"https:\/\/graindesail.com\/fr\/#\/schema\/logo\/image\/","url":"https:\/\/graindesail.com\/wp-content\/uploads\/2024\/12\/logo.svg","contentUrl":"https:\/\/graindesail.com\/wp-content\/uploads\/2024\/12\/logo.svg","width":82,"height":130,"caption":"GDS"},"image":{"@id":"https:\/\/graindesail.com\/fr\/#\/schema\/logo\/image\/"}}]}},"_links":{"self":[{"href":"https:\/\/graindesail.com\/fr\/wp-json\/wp\/v2\/product\/6400","targetHints":{"allow":["GET"]}}],"collection":[{"href":"https:\/\/graindesail.com\/fr\/wp-json\/wp\/v2\/product"}],"about":[{"href":"https:\/\/graindesail.com\/fr\/wp-json\/wp\/v2\/types\/product"}],"replies":[{"embeddable":true,"href":"https:\/\/graindesail.com\/fr\/wp-json\/wp\/v2\/comments?post=6400"}],"wp:featuredmedia":[{"embeddable":true,"href":"https:\/\/graindesail.com\/fr\/wp-json\/wp\/v2\/media\/16915"}],"wp:attachment":[{"href":"https:\/\/graindesail.com\/fr\/wp-json\/wp\/v2\/media?parent=6400"}],"wp:term":[{"taxonomy":"product_brand","embeddable":true,"href":"https:\/\/graindesail.com\/fr\/wp-json\/wp\/v2\/product_brand?post=6400"},{"taxonomy":"product_cat","embeddable":true,"href":"https:\/\/graindesail.com\/fr\/wp-json\/wp\/v2\/product_cat?post=6400"},{"taxonomy":"product_tag","embeddable":true,"href":"https:\/\/graindesail.com\/fr\/wp-json\/wp\/v2\/product_tag?post=6400"}],"curies":[{"name":"wp","href":"https:\/\/api.w.org\/{rel}","templated":true}]}}