{"id":6361,"date":"2025-02-20T07:15:55","date_gmt":"2025-02-20T07:15:55","guid":{"rendered":"https:\/\/test.graindesail.com\/?post_type=product&#038;p=6361"},"modified":"2026-04-30T00:00:35","modified_gmt":"2026-04-30T00:00:35","slug":"torchon-balade-a-morlaix","status":"publish","type":"product","link":"https:\/\/graindesail.com\/fr\/produit\/torchon-balade-a-morlaix\/","title":{"rendered":"Torchon Balade \u00e0 Morlaix"},"content":{"rendered":"<p><strong>Torchon Balade \u00e0 Morlaix &#8211; 100% coton<\/strong><\/p>\n<p>Collection Grain de Sail X Tissages de l&#8217;Ouest<\/p>\n<p>Fabriqu\u00e9 \u00e0 Morlaix<\/p>\n<p>Dimension 50 cm x 80 cm<\/p>\n<p>Tissu\u00a0\u00e9cru, bleu et rouge<\/p>\n<p>Un incontournable de la cuisine !<\/p>\n<p>Recommandation : pour obtenir un essuyage parfait, laissez tremper durant 12h dans une eau froide, puis laver 2 \u00e0 3 fois \u00e0 temp\u00e9rature recommand\u00e9e.<\/p>\n","protected":false},"excerpt":{"rendered":"<p>Torchon Balade \u00e0 Morlaix\u00a0&#8211; Grain de Sail X Tissages de l&#8217;Ouest &#8211; Fabriqu\u00e9 \u00e0 Morlaix<\/p>\n","protected":false},"featured_media":6360,"comment_status":"open","ping_status":"closed","template":"","meta":{"_acf_changed":false},"product_brand":[],"product_cat":[612,20],"product_tag":[],"class_list":{"0":"post-6361","1":"product","2":"type-product","3":"status-publish","4":"has-post-thumbnail","6":"product_cat-accessoires-textiles","7":"product_cat-accessoires","9":"first","10":"outofstock","11":"taxable","12":"shipping-taxable","13":"purchasable","14":"product-type-simple"},"acf":[],"yoast_head":"<!-- This site is optimized with the Yoast SEO plugin v25.5 - https:\/\/yoast.com\/wordpress\/plugins\/seo\/ -->\n<title>Torchon Balade \u00e0 Morlaix - GDS<\/title>\n<meta name=\"robots\" content=\"index, follow, max-snippet:-1, max-image-preview:large, max-video-preview:-1\" \/>\n<link rel=\"canonical\" href=\"https:\/\/graindesail.com\/fr\/produit\/torchon-balade-a-morlaix\/\" \/>\n<meta property=\"og:locale\" content=\"fr_FR\" \/>\n<meta property=\"og:type\" content=\"article\" \/>\n<meta property=\"og:title\" content=\"Torchon Balade \u00e0 Morlaix - GDS\" \/>\n<meta property=\"og:description\" content=\"Torchon Balade \u00e0 Morlaix\u00a0&#8211; Grain de Sail X Tissages de l&#8217;Ouest &#8211; Fabriqu\u00e9 \u00e0 Morlaix\" \/>\n<meta property=\"og:url\" content=\"https:\/\/graindesail.com\/fr\/produit\/torchon-balade-a-morlaix\/\" \/>\n<meta property=\"og:site_name\" content=\"GDS\" \/>\n<meta property=\"article:modified_time\" content=\"2026-04-30T00:00:35+00:00\" \/>\n<meta property=\"og:image\" content=\"https:\/\/graindesail.com\/wp-content\/uploads\/2025\/02\/1280.png\" \/>\n\t<meta property=\"og:image:width\" content=\"600\" \/>\n\t<meta property=\"og:image:height\" content=\"600\" \/>\n\t<meta property=\"og:image:type\" content=\"image\/png\" \/>\n<meta name=\"twitter:card\" content=\"summary_large_image\" \/>\n<script type=\"application\/ld+json\" class=\"yoast-schema-graph\">{\"@context\":\"https:\/\/schema.org\",\"@graph\":[{\"@type\":\"WebPage\",\"@id\":\"https:\/\/graindesail.com\/fr\/produit\/torchon-balade-a-morlaix\/\",\"url\":\"https:\/\/graindesail.com\/fr\/produit\/torchon-balade-a-morlaix\/\",\"name\":\"Torchon Balade \u00e0 Morlaix - GDS\",\"isPartOf\":{\"@id\":\"https:\/\/graindesail.com\/fr\/#website\"},\"primaryImageOfPage\":{\"@id\":\"https:\/\/graindesail.com\/fr\/produit\/torchon-balade-a-morlaix\/#primaryimage\"},\"image\":{\"@id\":\"https:\/\/graindesail.com\/fr\/produit\/torchon-balade-a-morlaix\/#primaryimage\"},\"thumbnailUrl\":\"https:\/\/graindesail.com\/wp-content\/uploads\/2025\/02\/1280.png\",\"datePublished\":\"2025-02-20T07:15:55+00:00\",\"dateModified\":\"2026-04-30T00:00:35+00:00\",\"breadcrumb\":{\"@id\":\"https:\/\/graindesail.com\/fr\/produit\/torchon-balade-a-morlaix\/#breadcrumb\"},\"inLanguage\":\"fr-FR\",\"potentialAction\":[{\"@type\":\"ReadAction\",\"target\":[\"https:\/\/graindesail.com\/fr\/produit\/torchon-balade-a-morlaix\/\"]}]},{\"@type\":\"ImageObject\",\"inLanguage\":\"fr-FR\",\"@id\":\"https:\/\/graindesail.com\/fr\/produit\/torchon-balade-a-morlaix\/#primaryimage\",\"url\":\"https:\/\/graindesail.com\/wp-content\/uploads\/2025\/02\/1280.png\",\"contentUrl\":\"https:\/\/graindesail.com\/wp-content\/uploads\/2025\/02\/1280.png\",\"width\":600,\"height\":600,\"caption\":\"Torchon balade \u00e0 Morlaix - Grain de Sail x A l'aise Breizh\"},{\"@type\":\"BreadcrumbList\",\"@id\":\"https:\/\/graindesail.com\/fr\/produit\/torchon-balade-a-morlaix\/#breadcrumb\",\"itemListElement\":[{\"@type\":\"ListItem\",\"position\":1,\"name\":\"Home\",\"item\":\"https:\/\/graindesail.com\/fr\/\"},{\"@type\":\"ListItem\",\"position\":2,\"name\":\"Notre boutique en ligne\",\"item\":\"https:\/\/graindesail.com\/fr\/notre-boutique-en-ligne\/\"},{\"@type\":\"ListItem\",\"position\":3,\"name\":\"Torchon Balade \u00e0 Morlaix\"}]},{\"@type\":\"WebSite\",\"@id\":\"https:\/\/graindesail.com\/fr\/#website\",\"url\":\"https:\/\/graindesail.com\/fr\/\",\"name\":\"GDS\",\"description\":\"\",\"publisher\":{\"@id\":\"https:\/\/graindesail.com\/fr\/#organization\"},\"potentialAction\":[{\"@type\":\"SearchAction\",\"target\":{\"@type\":\"EntryPoint\",\"urlTemplate\":\"https:\/\/graindesail.com\/fr\/?s={search_term_string}\"},\"query-input\":{\"@type\":\"PropertyValueSpecification\",\"valueRequired\":true,\"valueName\":\"search_term_string\"}}],\"inLanguage\":\"fr-FR\"},{\"@type\":\"Organization\",\"@id\":\"https:\/\/graindesail.com\/fr\/#organization\",\"name\":\"GDS\",\"url\":\"https:\/\/graindesail.com\/fr\/\",\"logo\":{\"@type\":\"ImageObject\",\"inLanguage\":\"fr-FR\",\"@id\":\"https:\/\/graindesail.com\/fr\/#\/schema\/logo\/image\/\",\"url\":\"https:\/\/graindesail.com\/wp-content\/uploads\/2024\/12\/logo.svg\",\"contentUrl\":\"https:\/\/graindesail.com\/wp-content\/uploads\/2024\/12\/logo.svg\",\"width\":82,\"height\":130,\"caption\":\"GDS\"},\"image\":{\"@id\":\"https:\/\/graindesail.com\/fr\/#\/schema\/logo\/image\/\"}}]}<\/script>\n<!-- \/ Yoast SEO plugin. -->","yoast_head_json":{"title":"Torchon Balade \u00e0 Morlaix - GDS","robots":{"index":"index","follow":"follow","max-snippet":"max-snippet:-1","max-image-preview":"max-image-preview:large","max-video-preview":"max-video-preview:-1"},"canonical":"https:\/\/graindesail.com\/fr\/produit\/torchon-balade-a-morlaix\/","og_locale":"fr_FR","og_type":"article","og_title":"Torchon Balade \u00e0 Morlaix - GDS","og_description":"Torchon Balade \u00e0 Morlaix\u00a0&#8211; Grain de Sail X Tissages de l&#8217;Ouest &#8211; Fabriqu\u00e9 \u00e0 Morlaix","og_url":"https:\/\/graindesail.com\/fr\/produit\/torchon-balade-a-morlaix\/","og_site_name":"GDS","article_modified_time":"2026-04-30T00:00:35+00:00","og_image":[{"width":600,"height":600,"url":"https:\/\/graindesail.com\/wp-content\/uploads\/2025\/02\/1280.png","type":"image\/png"}],"twitter_card":"summary_large_image","schema":{"@context":"https:\/\/schema.org","@graph":[{"@type":"WebPage","@id":"https:\/\/graindesail.com\/fr\/produit\/torchon-balade-a-morlaix\/","url":"https:\/\/graindesail.com\/fr\/produit\/torchon-balade-a-morlaix\/","name":"Torchon Balade \u00e0 Morlaix - GDS","isPartOf":{"@id":"https:\/\/graindesail.com\/fr\/#website"},"primaryImageOfPage":{"@id":"https:\/\/graindesail.com\/fr\/produit\/torchon-balade-a-morlaix\/#primaryimage"},"image":{"@id":"https:\/\/graindesail.com\/fr\/produit\/torchon-balade-a-morlaix\/#primaryimage"},"thumbnailUrl":"https:\/\/graindesail.com\/wp-content\/uploads\/2025\/02\/1280.png","datePublished":"2025-02-20T07:15:55+00:00","dateModified":"2026-04-30T00:00:35+00:00","breadcrumb":{"@id":"https:\/\/graindesail.com\/fr\/produit\/torchon-balade-a-morlaix\/#breadcrumb"},"inLanguage":"fr-FR","potentialAction":[{"@type":"ReadAction","target":["https:\/\/graindesail.com\/fr\/produit\/torchon-balade-a-morlaix\/"]}]},{"@type":"ImageObject","inLanguage":"fr-FR","@id":"https:\/\/graindesail.com\/fr\/produit\/torchon-balade-a-morlaix\/#primaryimage","url":"https:\/\/graindesail.com\/wp-content\/uploads\/2025\/02\/1280.png","contentUrl":"https:\/\/graindesail.com\/wp-content\/uploads\/2025\/02\/1280.png","width":600,"height":600,"caption":"Torchon balade \u00e0 Morlaix - Grain de Sail x A l'aise Breizh"},{"@type":"BreadcrumbList","@id":"https:\/\/graindesail.com\/fr\/produit\/torchon-balade-a-morlaix\/#breadcrumb","itemListElement":[{"@type":"ListItem","position":1,"name":"Home","item":"https:\/\/graindesail.com\/fr\/"},{"@type":"ListItem","position":2,"name":"Notre boutique en ligne","item":"https:\/\/graindesail.com\/fr\/notre-boutique-en-ligne\/"},{"@type":"ListItem","position":3,"name":"Torchon Balade \u00e0 Morlaix"}]},{"@type":"WebSite","@id":"https:\/\/graindesail.com\/fr\/#website","url":"https:\/\/graindesail.com\/fr\/","name":"GDS","description":"","publisher":{"@id":"https:\/\/graindesail.com\/fr\/#organization"},"potentialAction":[{"@type":"SearchAction","target":{"@type":"EntryPoint","urlTemplate":"https:\/\/graindesail.com\/fr\/?s={search_term_string}"},"query-input":{"@type":"PropertyValueSpecification","valueRequired":true,"valueName":"search_term_string"}}],"inLanguage":"fr-FR"},{"@type":"Organization","@id":"https:\/\/graindesail.com\/fr\/#organization","name":"GDS","url":"https:\/\/graindesail.com\/fr\/","logo":{"@type":"ImageObject","inLanguage":"fr-FR","@id":"https:\/\/graindesail.com\/fr\/#\/schema\/logo\/image\/","url":"https:\/\/graindesail.com\/wp-content\/uploads\/2024\/12\/logo.svg","contentUrl":"https:\/\/graindesail.com\/wp-content\/uploads\/2024\/12\/logo.svg","width":82,"height":130,"caption":"GDS"},"image":{"@id":"https:\/\/graindesail.com\/fr\/#\/schema\/logo\/image\/"}}]}},"_links":{"self":[{"href":"https:\/\/graindesail.com\/fr\/wp-json\/wp\/v2\/product\/6361","targetHints":{"allow":["GET"]}}],"collection":[{"href":"https:\/\/graindesail.com\/fr\/wp-json\/wp\/v2\/product"}],"about":[{"href":"https:\/\/graindesail.com\/fr\/wp-json\/wp\/v2\/types\/product"}],"replies":[{"embeddable":true,"href":"https:\/\/graindesail.com\/fr\/wp-json\/wp\/v2\/comments?post=6361"}],"wp:featuredmedia":[{"embeddable":true,"href":"https:\/\/graindesail.com\/fr\/wp-json\/wp\/v2\/media\/6360"}],"wp:attachment":[{"href":"https:\/\/graindesail.com\/fr\/wp-json\/wp\/v2\/media?parent=6361"}],"wp:term":[{"taxonomy":"product_brand","embeddable":true,"href":"https:\/\/graindesail.com\/fr\/wp-json\/wp\/v2\/product_brand?post=6361"},{"taxonomy":"product_cat","embeddable":true,"href":"https:\/\/graindesail.com\/fr\/wp-json\/wp\/v2\/product_cat?post=6361"},{"taxonomy":"product_tag","embeddable":true,"href":"https:\/\/graindesail.com\/fr\/wp-json\/wp\/v2\/product_tag?post=6361"}],"curies":[{"name":"wp","href":"https:\/\/api.w.org\/{rel}","templated":true}]}}