{"id":6302,"date":"2025-02-20T06:42:41","date_gmt":"2025-02-20T06:42:41","guid":{"rendered":"https:\/\/test.graindesail.com\/?post_type=product&#038;p=6302"},"modified":"2026-04-30T00:00:36","modified_gmt":"2026-04-30T00:00:36","slug":"moulin-a-cafe-hario-dome","status":"publish","type":"product","link":"https:\/\/graindesail.com\/fr\/produit\/moulin-a-cafe-hario-dome\/","title":{"rendered":"HARIO &#8211; Dome"},"content":{"rendered":"<p>Le moulin manuel Hario Dome \u00e0 meules r\u00e9glables en c\u00e9ramique et aux finitions en bois de style traditionnel ne se contentera pas de moudre le caf\u00e9 de fa\u00e7on homog\u00e8ne, mais sera \u00e9galement un v\u00e9ritable \u00e9l\u00e9ment de d\u00e9coration dans l&#8217;espace que vous aurez choisi.<\/p>\n<p>Les meules en c\u00e9ramique assurent une mouture uniforme, sont durables et n&#8217;alt\u00e8rent pas le go\u00fbt du caf\u00e9. Vous pouvez r\u00e9gler le niveau de mouture en fonction de la m\u00e9thode de pr\u00e9paration du caf\u00e9 que vous pr\u00e9f\u00e9rez.<\/p>\n<p>Ce moulin permet de r\u00e9aliser des moutures adapt\u00e9es aux m\u00e9thodes douces (slow coffee) en se r\u00e9glant par crans.<\/p>\n<p>Capacit\u00e9 du r\u00e9ceptacle : 35g<\/p>\n<p>Couleur : Bois<\/p>\n<p>Mat\u00e9riaux:<\/p>\n<p>&#8211; Poign\u00e9e : Bois naturel et Acier<\/p>\n<p>Dimension : L143 x P88 x H208 mm<\/p>\n","protected":false},"excerpt":{"rendered":"<p>Moulin \u00e0 caf\u00e9 manuel<\/p>\n","protected":false},"featured_media":20140,"comment_status":"open","ping_status":"closed","template":"","meta":{"_acf_changed":false},"product_brand":[],"product_cat":[20,547],"product_tag":[],"class_list":{"0":"post-6302","1":"product","2":"type-product","3":"status-publish","4":"has-post-thumbnail","6":"product_cat-accessoires","7":"product_cat-moulin-a-cafe","9":"first","10":"instock","11":"taxable","12":"shipping-taxable","13":"purchasable","14":"product-type-simple"},"acf":[],"yoast_head":"<!-- This site is optimized with the Yoast SEO plugin v25.5 - https:\/\/yoast.com\/wordpress\/plugins\/seo\/ -->\n<title>HARIO - Dome - GDS<\/title>\n<meta name=\"robots\" content=\"index, follow, max-snippet:-1, max-image-preview:large, max-video-preview:-1\" \/>\n<link rel=\"canonical\" href=\"https:\/\/graindesail.com\/fr\/produit\/moulin-a-cafe-hario-dome\/\" \/>\n<meta property=\"og:locale\" content=\"fr_FR\" \/>\n<meta property=\"og:type\" content=\"article\" \/>\n<meta property=\"og:title\" content=\"HARIO - Dome - GDS\" \/>\n<meta property=\"og:description\" content=\"Moulin \u00e0 caf\u00e9 manuel\" \/>\n<meta property=\"og:url\" content=\"https:\/\/graindesail.com\/fr\/produit\/moulin-a-cafe-hario-dome\/\" \/>\n<meta property=\"og:site_name\" content=\"GDS\" \/>\n<meta property=\"article:modified_time\" content=\"2026-04-30T00:00:36+00:00\" \/>\n<meta property=\"og:image\" content=\"https:\/\/graindesail.com\/wp-content\/uploads\/2025\/11\/moulin-a-cafe-hario-coffee-mill-dome.png\" \/>\n\t<meta property=\"og:image:width\" content=\"600\" \/>\n\t<meta property=\"og:image:height\" content=\"600\" \/>\n\t<meta property=\"og:image:type\" content=\"image\/png\" \/>\n<meta name=\"twitter:card\" content=\"summary_large_image\" \/>\n<meta name=\"twitter:label1\" content=\"Dur\u00e9e de lecture estim\u00e9e\" \/>\n\t<meta name=\"twitter:data1\" content=\"1 minute\" \/>\n<script type=\"application\/ld+json\" class=\"yoast-schema-graph\">{\"@context\":\"https:\/\/schema.org\",\"@graph\":[{\"@type\":\"WebPage\",\"@id\":\"https:\/\/graindesail.com\/fr\/produit\/moulin-a-cafe-hario-dome\/\",\"url\":\"https:\/\/graindesail.com\/fr\/produit\/moulin-a-cafe-hario-dome\/\",\"name\":\"HARIO - Dome - GDS\",\"isPartOf\":{\"@id\":\"https:\/\/graindesail.com\/fr\/#website\"},\"primaryImageOfPage\":{\"@id\":\"https:\/\/graindesail.com\/fr\/produit\/moulin-a-cafe-hario-dome\/#primaryimage\"},\"image\":{\"@id\":\"https:\/\/graindesail.com\/fr\/produit\/moulin-a-cafe-hario-dome\/#primaryimage\"},\"thumbnailUrl\":\"https:\/\/graindesail.com\/wp-content\/uploads\/2025\/11\/moulin-a-cafe-hario-coffee-mill-dome.png\",\"datePublished\":\"2025-02-20T06:42:41+00:00\",\"dateModified\":\"2026-04-30T00:00:36+00:00\",\"breadcrumb\":{\"@id\":\"https:\/\/graindesail.com\/fr\/produit\/moulin-a-cafe-hario-dome\/#breadcrumb\"},\"inLanguage\":\"fr-FR\",\"potentialAction\":[{\"@type\":\"ReadAction\",\"target\":[\"https:\/\/graindesail.com\/fr\/produit\/moulin-a-cafe-hario-dome\/\"]}]},{\"@type\":\"ImageObject\",\"inLanguage\":\"fr-FR\",\"@id\":\"https:\/\/graindesail.com\/fr\/produit\/moulin-a-cafe-hario-dome\/#primaryimage\",\"url\":\"https:\/\/graindesail.com\/wp-content\/uploads\/2025\/11\/moulin-a-cafe-hario-coffee-mill-dome.png\",\"contentUrl\":\"https:\/\/graindesail.com\/wp-content\/uploads\/2025\/11\/moulin-a-cafe-hario-coffee-mill-dome.png\",\"width\":600,\"height\":600,\"caption\":\"Moulin \u00e0 caf\u00e9 manuel Hario Dome - Ambiance\"},{\"@type\":\"BreadcrumbList\",\"@id\":\"https:\/\/graindesail.com\/fr\/produit\/moulin-a-cafe-hario-dome\/#breadcrumb\",\"itemListElement\":[{\"@type\":\"ListItem\",\"position\":1,\"name\":\"Home\",\"item\":\"https:\/\/graindesail.com\/fr\/\"},{\"@type\":\"ListItem\",\"position\":2,\"name\":\"Notre boutique en ligne\",\"item\":\"https:\/\/graindesail.com\/fr\/notre-boutique-en-ligne\/\"},{\"@type\":\"ListItem\",\"position\":3,\"name\":\"HARIO &#8211; Dome\"}]},{\"@type\":\"WebSite\",\"@id\":\"https:\/\/graindesail.com\/fr\/#website\",\"url\":\"https:\/\/graindesail.com\/fr\/\",\"name\":\"GDS\",\"description\":\"\",\"publisher\":{\"@id\":\"https:\/\/graindesail.com\/fr\/#organization\"},\"potentialAction\":[{\"@type\":\"SearchAction\",\"target\":{\"@type\":\"EntryPoint\",\"urlTemplate\":\"https:\/\/graindesail.com\/fr\/?s={search_term_string}\"},\"query-input\":{\"@type\":\"PropertyValueSpecification\",\"valueRequired\":true,\"valueName\":\"search_term_string\"}}],\"inLanguage\":\"fr-FR\"},{\"@type\":\"Organization\",\"@id\":\"https:\/\/graindesail.com\/fr\/#organization\",\"name\":\"GDS\",\"url\":\"https:\/\/graindesail.com\/fr\/\",\"logo\":{\"@type\":\"ImageObject\",\"inLanguage\":\"fr-FR\",\"@id\":\"https:\/\/graindesail.com\/fr\/#\/schema\/logo\/image\/\",\"url\":\"https:\/\/graindesail.com\/wp-content\/uploads\/2024\/12\/logo.svg\",\"contentUrl\":\"https:\/\/graindesail.com\/wp-content\/uploads\/2024\/12\/logo.svg\",\"width\":82,\"height\":130,\"caption\":\"GDS\"},\"image\":{\"@id\":\"https:\/\/graindesail.com\/fr\/#\/schema\/logo\/image\/\"}}]}<\/script>\n<!-- \/ Yoast SEO plugin. -->","yoast_head_json":{"title":"HARIO - Dome - GDS","robots":{"index":"index","follow":"follow","max-snippet":"max-snippet:-1","max-image-preview":"max-image-preview:large","max-video-preview":"max-video-preview:-1"},"canonical":"https:\/\/graindesail.com\/fr\/produit\/moulin-a-cafe-hario-dome\/","og_locale":"fr_FR","og_type":"article","og_title":"HARIO - Dome - GDS","og_description":"Moulin \u00e0 caf\u00e9 manuel","og_url":"https:\/\/graindesail.com\/fr\/produit\/moulin-a-cafe-hario-dome\/","og_site_name":"GDS","article_modified_time":"2026-04-30T00:00:36+00:00","og_image":[{"width":600,"height":600,"url":"https:\/\/graindesail.com\/wp-content\/uploads\/2025\/11\/moulin-a-cafe-hario-coffee-mill-dome.png","type":"image\/png"}],"twitter_card":"summary_large_image","twitter_misc":{"Dur\u00e9e de lecture estim\u00e9e":"1 minute"},"schema":{"@context":"https:\/\/schema.org","@graph":[{"@type":"WebPage","@id":"https:\/\/graindesail.com\/fr\/produit\/moulin-a-cafe-hario-dome\/","url":"https:\/\/graindesail.com\/fr\/produit\/moulin-a-cafe-hario-dome\/","name":"HARIO - Dome - GDS","isPartOf":{"@id":"https:\/\/graindesail.com\/fr\/#website"},"primaryImageOfPage":{"@id":"https:\/\/graindesail.com\/fr\/produit\/moulin-a-cafe-hario-dome\/#primaryimage"},"image":{"@id":"https:\/\/graindesail.com\/fr\/produit\/moulin-a-cafe-hario-dome\/#primaryimage"},"thumbnailUrl":"https:\/\/graindesail.com\/wp-content\/uploads\/2025\/11\/moulin-a-cafe-hario-coffee-mill-dome.png","datePublished":"2025-02-20T06:42:41+00:00","dateModified":"2026-04-30T00:00:36+00:00","breadcrumb":{"@id":"https:\/\/graindesail.com\/fr\/produit\/moulin-a-cafe-hario-dome\/#breadcrumb"},"inLanguage":"fr-FR","potentialAction":[{"@type":"ReadAction","target":["https:\/\/graindesail.com\/fr\/produit\/moulin-a-cafe-hario-dome\/"]}]},{"@type":"ImageObject","inLanguage":"fr-FR","@id":"https:\/\/graindesail.com\/fr\/produit\/moulin-a-cafe-hario-dome\/#primaryimage","url":"https:\/\/graindesail.com\/wp-content\/uploads\/2025\/11\/moulin-a-cafe-hario-coffee-mill-dome.png","contentUrl":"https:\/\/graindesail.com\/wp-content\/uploads\/2025\/11\/moulin-a-cafe-hario-coffee-mill-dome.png","width":600,"height":600,"caption":"Moulin \u00e0 caf\u00e9 manuel Hario Dome - Ambiance"},{"@type":"BreadcrumbList","@id":"https:\/\/graindesail.com\/fr\/produit\/moulin-a-cafe-hario-dome\/#breadcrumb","itemListElement":[{"@type":"ListItem","position":1,"name":"Home","item":"https:\/\/graindesail.com\/fr\/"},{"@type":"ListItem","position":2,"name":"Notre boutique en ligne","item":"https:\/\/graindesail.com\/fr\/notre-boutique-en-ligne\/"},{"@type":"ListItem","position":3,"name":"HARIO &#8211; Dome"}]},{"@type":"WebSite","@id":"https:\/\/graindesail.com\/fr\/#website","url":"https:\/\/graindesail.com\/fr\/","name":"GDS","description":"","publisher":{"@id":"https:\/\/graindesail.com\/fr\/#organization"},"potentialAction":[{"@type":"SearchAction","target":{"@type":"EntryPoint","urlTemplate":"https:\/\/graindesail.com\/fr\/?s={search_term_string}"},"query-input":{"@type":"PropertyValueSpecification","valueRequired":true,"valueName":"search_term_string"}}],"inLanguage":"fr-FR"},{"@type":"Organization","@id":"https:\/\/graindesail.com\/fr\/#organization","name":"GDS","url":"https:\/\/graindesail.com\/fr\/","logo":{"@type":"ImageObject","inLanguage":"fr-FR","@id":"https:\/\/graindesail.com\/fr\/#\/schema\/logo\/image\/","url":"https:\/\/graindesail.com\/wp-content\/uploads\/2024\/12\/logo.svg","contentUrl":"https:\/\/graindesail.com\/wp-content\/uploads\/2024\/12\/logo.svg","width":82,"height":130,"caption":"GDS"},"image":{"@id":"https:\/\/graindesail.com\/fr\/#\/schema\/logo\/image\/"}}]}},"_links":{"self":[{"href":"https:\/\/graindesail.com\/fr\/wp-json\/wp\/v2\/product\/6302","targetHints":{"allow":["GET"]}}],"collection":[{"href":"https:\/\/graindesail.com\/fr\/wp-json\/wp\/v2\/product"}],"about":[{"href":"https:\/\/graindesail.com\/fr\/wp-json\/wp\/v2\/types\/product"}],"replies":[{"embeddable":true,"href":"https:\/\/graindesail.com\/fr\/wp-json\/wp\/v2\/comments?post=6302"}],"wp:featuredmedia":[{"embeddable":true,"href":"https:\/\/graindesail.com\/fr\/wp-json\/wp\/v2\/media\/20140"}],"wp:attachment":[{"href":"https:\/\/graindesail.com\/fr\/wp-json\/wp\/v2\/media?parent=6302"}],"wp:term":[{"taxonomy":"product_brand","embeddable":true,"href":"https:\/\/graindesail.com\/fr\/wp-json\/wp\/v2\/product_brand?post=6302"},{"taxonomy":"product_cat","embeddable":true,"href":"https:\/\/graindesail.com\/fr\/wp-json\/wp\/v2\/product_cat?post=6302"},{"taxonomy":"product_tag","embeddable":true,"href":"https:\/\/graindesail.com\/fr\/wp-json\/wp\/v2\/product_tag?post=6302"}],"curies":[{"name":"wp","href":"https:\/\/api.w.org\/{rel}","templated":true}]}}