{"id":6119,"date":"2025-02-18T23:56:49","date_gmt":"2025-02-18T23:56:49","guid":{"rendered":"https:\/\/test.graindesail.com\/?post_type=product&#038;p=6119"},"modified":"2026-04-30T00:00:37","modified_gmt":"2026-04-30T00:00:37","slug":"mug-pas-de-mat-pas-de-chocolat-grain-de-sail","status":"publish","type":"product","link":"https:\/\/graindesail.com\/fr\/produit\/mug-pas-de-mat-pas-de-chocolat-grain-de-sail\/","title":{"rendered":"Mug Pas de m\u00e2t Pas de Chocolat &#8211; Grain de sail"},"content":{"rendered":"<p>La tasse &#8220;Pas de m\u00e2t, pas de chocolat&#8221; de Grain de Sail est une pi\u00e8ce \u00e0 la fois ludique et \u00e9l\u00e9gante. Fabriqu\u00e9e en c\u00e9ramique de qualit\u00e9, elle arbore une finition \u00e9maill\u00e9e qui lui conf\u00e8re une texture lisse et agr\u00e9able au toucher. Le design met en avant un motif inspir\u00e9 des \u00e9l\u00e9ments maritimes, avec une touche humoristique.<\/p>\n<p>L&#8217;anse bien con\u00e7ue offre une prise en main confortable, rendant chaque moment de d\u00e9gustation agr\u00e9able.<\/p>\n<p>Avec son style unique et son engagement envers des pratiques durables, elle incarne parfaitement l&#8217;esprit de Grain de Sail, alliant convivialit\u00e9 et passion pour l&#8217;artisanat.<\/p>\n<p>Hauteur 10 cm<br \/>\nFabrication au Portugal<\/p>\n","protected":false},"excerpt":{"rendered":"<p>La tasse &#8220;Pas de m\u00e2t, pas de chocolat&#8221; de Grain de Sail est une pi\u00e8ce \u00e0 la fois ludique et \u00e9l\u00e9gante. Fabriqu\u00e9e en c\u00e9ramique de qualit\u00e9, elle arbore une finition \u00e9maill\u00e9e qui lui conf\u00e8re une texture lisse et agr\u00e9able au toucher. Le design met en avant un motif inspir\u00e9 des \u00e9l\u00e9ments maritimes, avec une touche [&hellip;]<\/p>\n","protected":false},"featured_media":6120,"comment_status":"open","ping_status":"closed","template":"","meta":{"_acf_changed":false},"product_brand":[],"product_cat":[613,20],"product_tag":[],"class_list":{"0":"post-6119","1":"product","2":"type-product","3":"status-publish","4":"has-post-thumbnail","6":"product_cat-accessoires-mugs","7":"product_cat-accessoires","9":"first","10":"outofstock","11":"taxable","12":"shipping-taxable","13":"purchasable","14":"product-type-simple"},"acf":[],"yoast_head":"<!-- This site is optimized with the Yoast SEO plugin v25.5 - https:\/\/yoast.com\/wordpress\/plugins\/seo\/ -->\n<title>Mug Pas de m\u00e2t Pas de Chocolat - Grain de sail - GDS<\/title>\n<meta name=\"robots\" content=\"index, follow, max-snippet:-1, max-image-preview:large, max-video-preview:-1\" \/>\n<link rel=\"canonical\" href=\"https:\/\/graindesail.com\/fr\/produit\/mug-pas-de-mat-pas-de-chocolat-grain-de-sail\/\" \/>\n<meta property=\"og:locale\" content=\"fr_FR\" \/>\n<meta property=\"og:type\" content=\"article\" \/>\n<meta property=\"og:title\" content=\"Mug Pas de m\u00e2t Pas de Chocolat - Grain de sail - GDS\" \/>\n<meta property=\"og:description\" content=\"La tasse &#8220;Pas de m\u00e2t, pas de chocolat&#8221; de Grain de Sail est une pi\u00e8ce \u00e0 la fois ludique et \u00e9l\u00e9gante. Fabriqu\u00e9e en c\u00e9ramique de qualit\u00e9, elle arbore une finition \u00e9maill\u00e9e qui lui conf\u00e8re une texture lisse et agr\u00e9able au toucher. Le design met en avant un motif inspir\u00e9 des \u00e9l\u00e9ments maritimes, avec une touche [&hellip;]\" \/>\n<meta property=\"og:url\" content=\"https:\/\/graindesail.com\/fr\/produit\/mug-pas-de-mat-pas-de-chocolat-grain-de-sail\/\" \/>\n<meta property=\"og:site_name\" content=\"GDS\" \/>\n<meta property=\"article:modified_time\" content=\"2026-04-30T00:00:37+00:00\" \/>\n<meta property=\"og:image\" content=\"https:\/\/graindesail.com\/wp-content\/uploads\/2025\/02\/1870.png\" \/>\n\t<meta property=\"og:image:width\" content=\"600\" \/>\n\t<meta property=\"og:image:height\" content=\"600\" \/>\n\t<meta property=\"og:image:type\" content=\"image\/png\" \/>\n<meta name=\"twitter:card\" content=\"summary_large_image\" \/>\n<meta name=\"twitter:label1\" content=\"Dur\u00e9e de lecture estim\u00e9e\" \/>\n\t<meta name=\"twitter:data1\" content=\"1 minute\" \/>\n<script type=\"application\/ld+json\" class=\"yoast-schema-graph\">{\"@context\":\"https:\/\/schema.org\",\"@graph\":[{\"@type\":\"WebPage\",\"@id\":\"https:\/\/graindesail.com\/fr\/produit\/mug-pas-de-mat-pas-de-chocolat-grain-de-sail\/\",\"url\":\"https:\/\/graindesail.com\/fr\/produit\/mug-pas-de-mat-pas-de-chocolat-grain-de-sail\/\",\"name\":\"Mug Pas de m\u00e2t Pas de Chocolat - Grain de sail - GDS\",\"isPartOf\":{\"@id\":\"https:\/\/graindesail.com\/fr\/#website\"},\"primaryImageOfPage\":{\"@id\":\"https:\/\/graindesail.com\/fr\/produit\/mug-pas-de-mat-pas-de-chocolat-grain-de-sail\/#primaryimage\"},\"image\":{\"@id\":\"https:\/\/graindesail.com\/fr\/produit\/mug-pas-de-mat-pas-de-chocolat-grain-de-sail\/#primaryimage\"},\"thumbnailUrl\":\"https:\/\/graindesail.com\/wp-content\/uploads\/2025\/02\/1870.png\",\"datePublished\":\"2025-02-18T23:56:49+00:00\",\"dateModified\":\"2026-04-30T00:00:37+00:00\",\"breadcrumb\":{\"@id\":\"https:\/\/graindesail.com\/fr\/produit\/mug-pas-de-mat-pas-de-chocolat-grain-de-sail\/#breadcrumb\"},\"inLanguage\":\"fr-FR\",\"potentialAction\":[{\"@type\":\"ReadAction\",\"target\":[\"https:\/\/graindesail.com\/fr\/produit\/mug-pas-de-mat-pas-de-chocolat-grain-de-sail\/\"]}]},{\"@type\":\"ImageObject\",\"inLanguage\":\"fr-FR\",\"@id\":\"https:\/\/graindesail.com\/fr\/produit\/mug-pas-de-mat-pas-de-chocolat-grain-de-sail\/#primaryimage\",\"url\":\"https:\/\/graindesail.com\/wp-content\/uploads\/2025\/02\/1870.png\",\"contentUrl\":\"https:\/\/graindesail.com\/wp-content\/uploads\/2025\/02\/1870.png\",\"width\":600,\"height\":600,\"caption\":\"Mug Pas de m\u00e2t Pas de Chocolat - Grain de Sail x A l'Aise Breizh\"},{\"@type\":\"BreadcrumbList\",\"@id\":\"https:\/\/graindesail.com\/fr\/produit\/mug-pas-de-mat-pas-de-chocolat-grain-de-sail\/#breadcrumb\",\"itemListElement\":[{\"@type\":\"ListItem\",\"position\":1,\"name\":\"Home\",\"item\":\"https:\/\/graindesail.com\/fr\/\"},{\"@type\":\"ListItem\",\"position\":2,\"name\":\"Notre boutique en ligne\",\"item\":\"https:\/\/graindesail.com\/fr\/notre-boutique-en-ligne\/\"},{\"@type\":\"ListItem\",\"position\":3,\"name\":\"Mug Pas de m\u00e2t Pas de Chocolat &#8211; Grain de sail\"}]},{\"@type\":\"WebSite\",\"@id\":\"https:\/\/graindesail.com\/fr\/#website\",\"url\":\"https:\/\/graindesail.com\/fr\/\",\"name\":\"GDS\",\"description\":\"\",\"publisher\":{\"@id\":\"https:\/\/graindesail.com\/fr\/#organization\"},\"potentialAction\":[{\"@type\":\"SearchAction\",\"target\":{\"@type\":\"EntryPoint\",\"urlTemplate\":\"https:\/\/graindesail.com\/fr\/?s={search_term_string}\"},\"query-input\":{\"@type\":\"PropertyValueSpecification\",\"valueRequired\":true,\"valueName\":\"search_term_string\"}}],\"inLanguage\":\"fr-FR\"},{\"@type\":\"Organization\",\"@id\":\"https:\/\/graindesail.com\/fr\/#organization\",\"name\":\"GDS\",\"url\":\"https:\/\/graindesail.com\/fr\/\",\"logo\":{\"@type\":\"ImageObject\",\"inLanguage\":\"fr-FR\",\"@id\":\"https:\/\/graindesail.com\/fr\/#\/schema\/logo\/image\/\",\"url\":\"https:\/\/graindesail.com\/wp-content\/uploads\/2024\/12\/logo.svg\",\"contentUrl\":\"https:\/\/graindesail.com\/wp-content\/uploads\/2024\/12\/logo.svg\",\"width\":82,\"height\":130,\"caption\":\"GDS\"},\"image\":{\"@id\":\"https:\/\/graindesail.com\/fr\/#\/schema\/logo\/image\/\"}}]}<\/script>\n<!-- \/ Yoast SEO plugin. -->","yoast_head_json":{"title":"Mug Pas de m\u00e2t Pas de Chocolat - Grain de sail - GDS","robots":{"index":"index","follow":"follow","max-snippet":"max-snippet:-1","max-image-preview":"max-image-preview:large","max-video-preview":"max-video-preview:-1"},"canonical":"https:\/\/graindesail.com\/fr\/produit\/mug-pas-de-mat-pas-de-chocolat-grain-de-sail\/","og_locale":"fr_FR","og_type":"article","og_title":"Mug Pas de m\u00e2t Pas de Chocolat - Grain de sail - GDS","og_description":"La tasse &#8220;Pas de m\u00e2t, pas de chocolat&#8221; de Grain de Sail est une pi\u00e8ce \u00e0 la fois ludique et \u00e9l\u00e9gante. Fabriqu\u00e9e en c\u00e9ramique de qualit\u00e9, elle arbore une finition \u00e9maill\u00e9e qui lui conf\u00e8re une texture lisse et agr\u00e9able au toucher. Le design met en avant un motif inspir\u00e9 des \u00e9l\u00e9ments maritimes, avec une touche [&hellip;]","og_url":"https:\/\/graindesail.com\/fr\/produit\/mug-pas-de-mat-pas-de-chocolat-grain-de-sail\/","og_site_name":"GDS","article_modified_time":"2026-04-30T00:00:37+00:00","og_image":[{"width":600,"height":600,"url":"https:\/\/graindesail.com\/wp-content\/uploads\/2025\/02\/1870.png","type":"image\/png"}],"twitter_card":"summary_large_image","twitter_misc":{"Dur\u00e9e de lecture estim\u00e9e":"1 minute"},"schema":{"@context":"https:\/\/schema.org","@graph":[{"@type":"WebPage","@id":"https:\/\/graindesail.com\/fr\/produit\/mug-pas-de-mat-pas-de-chocolat-grain-de-sail\/","url":"https:\/\/graindesail.com\/fr\/produit\/mug-pas-de-mat-pas-de-chocolat-grain-de-sail\/","name":"Mug Pas de m\u00e2t Pas de Chocolat - Grain de sail - GDS","isPartOf":{"@id":"https:\/\/graindesail.com\/fr\/#website"},"primaryImageOfPage":{"@id":"https:\/\/graindesail.com\/fr\/produit\/mug-pas-de-mat-pas-de-chocolat-grain-de-sail\/#primaryimage"},"image":{"@id":"https:\/\/graindesail.com\/fr\/produit\/mug-pas-de-mat-pas-de-chocolat-grain-de-sail\/#primaryimage"},"thumbnailUrl":"https:\/\/graindesail.com\/wp-content\/uploads\/2025\/02\/1870.png","datePublished":"2025-02-18T23:56:49+00:00","dateModified":"2026-04-30T00:00:37+00:00","breadcrumb":{"@id":"https:\/\/graindesail.com\/fr\/produit\/mug-pas-de-mat-pas-de-chocolat-grain-de-sail\/#breadcrumb"},"inLanguage":"fr-FR","potentialAction":[{"@type":"ReadAction","target":["https:\/\/graindesail.com\/fr\/produit\/mug-pas-de-mat-pas-de-chocolat-grain-de-sail\/"]}]},{"@type":"ImageObject","inLanguage":"fr-FR","@id":"https:\/\/graindesail.com\/fr\/produit\/mug-pas-de-mat-pas-de-chocolat-grain-de-sail\/#primaryimage","url":"https:\/\/graindesail.com\/wp-content\/uploads\/2025\/02\/1870.png","contentUrl":"https:\/\/graindesail.com\/wp-content\/uploads\/2025\/02\/1870.png","width":600,"height":600,"caption":"Mug Pas de m\u00e2t Pas de Chocolat - Grain de Sail x A l'Aise Breizh"},{"@type":"BreadcrumbList","@id":"https:\/\/graindesail.com\/fr\/produit\/mug-pas-de-mat-pas-de-chocolat-grain-de-sail\/#breadcrumb","itemListElement":[{"@type":"ListItem","position":1,"name":"Home","item":"https:\/\/graindesail.com\/fr\/"},{"@type":"ListItem","position":2,"name":"Notre boutique en ligne","item":"https:\/\/graindesail.com\/fr\/notre-boutique-en-ligne\/"},{"@type":"ListItem","position":3,"name":"Mug Pas de m\u00e2t Pas de Chocolat &#8211; Grain de sail"}]},{"@type":"WebSite","@id":"https:\/\/graindesail.com\/fr\/#website","url":"https:\/\/graindesail.com\/fr\/","name":"GDS","description":"","publisher":{"@id":"https:\/\/graindesail.com\/fr\/#organization"},"potentialAction":[{"@type":"SearchAction","target":{"@type":"EntryPoint","urlTemplate":"https:\/\/graindesail.com\/fr\/?s={search_term_string}"},"query-input":{"@type":"PropertyValueSpecification","valueRequired":true,"valueName":"search_term_string"}}],"inLanguage":"fr-FR"},{"@type":"Organization","@id":"https:\/\/graindesail.com\/fr\/#organization","name":"GDS","url":"https:\/\/graindesail.com\/fr\/","logo":{"@type":"ImageObject","inLanguage":"fr-FR","@id":"https:\/\/graindesail.com\/fr\/#\/schema\/logo\/image\/","url":"https:\/\/graindesail.com\/wp-content\/uploads\/2024\/12\/logo.svg","contentUrl":"https:\/\/graindesail.com\/wp-content\/uploads\/2024\/12\/logo.svg","width":82,"height":130,"caption":"GDS"},"image":{"@id":"https:\/\/graindesail.com\/fr\/#\/schema\/logo\/image\/"}}]}},"_links":{"self":[{"href":"https:\/\/graindesail.com\/fr\/wp-json\/wp\/v2\/product\/6119","targetHints":{"allow":["GET"]}}],"collection":[{"href":"https:\/\/graindesail.com\/fr\/wp-json\/wp\/v2\/product"}],"about":[{"href":"https:\/\/graindesail.com\/fr\/wp-json\/wp\/v2\/types\/product"}],"replies":[{"embeddable":true,"href":"https:\/\/graindesail.com\/fr\/wp-json\/wp\/v2\/comments?post=6119"}],"wp:featuredmedia":[{"embeddable":true,"href":"https:\/\/graindesail.com\/fr\/wp-json\/wp\/v2\/media\/6120"}],"wp:attachment":[{"href":"https:\/\/graindesail.com\/fr\/wp-json\/wp\/v2\/media?parent=6119"}],"wp:term":[{"taxonomy":"product_brand","embeddable":true,"href":"https:\/\/graindesail.com\/fr\/wp-json\/wp\/v2\/product_brand?post=6119"},{"taxonomy":"product_cat","embeddable":true,"href":"https:\/\/graindesail.com\/fr\/wp-json\/wp\/v2\/product_cat?post=6119"},{"taxonomy":"product_tag","embeddable":true,"href":"https:\/\/graindesail.com\/fr\/wp-json\/wp\/v2\/product_tag?post=6119"}],"curies":[{"name":"wp","href":"https:\/\/api.w.org\/{rel}","templated":true}]}}