{"id":6018,"date":"2025-02-18T15:11:51","date_gmt":"2025-02-18T15:11:51","guid":{"rendered":"https:\/\/test.graindesail.com\/?post_type=product&#038;p=6018"},"modified":"2026-04-15T00:00:24","modified_gmt":"2026-04-15T00:00:24","slug":"moulin-a-cafe-en-bois-naturel","status":"publish","type":"product","link":"https:\/\/graindesail.com\/fr\/produit\/moulin-a-cafe-en-bois-naturel\/","title":{"rendered":"Moulin \u00e0 Caf\u00e9 en Bois Naturel"},"content":{"rendered":"<p>Le moulin Hario CMR-502C en bois naturel est un moulin \u00e0 caf\u00e9 manuel \u00e9l\u00e9gant, con\u00e7u avec un corps en bois et une manivelle en m\u00e9tal. Il est \u00e9quip\u00e9 d&#8217;un m\u00e9canisme de meule en c\u00e9ramique, permettant une mouture pr\u00e9cise et r\u00e9guli\u00e8re, id\u00e9ale pour les amateurs de caf\u00e9.<\/p>\n<p>Son design r\u00e9tro et son format compact en font un accessoire parfait pour une utilisation \u00e0 domicile ou en d\u00e9placement.<\/p>\n<p>Le moulin est r\u00e9glable pour obtenir la mouture souhait\u00e9e, de l&#8217;espresso \u00e0 la mouture plus grossi\u00e8re.<\/p>\n<p>Capacit\u00e9 du r\u00e9ceptacle : 40 g<\/p>\n<p>Couleur : Bois<\/p>\n<p>Mat\u00e9riaux:<\/p>\n<p>&#8211; Poign\u00e9e : Bois naturel et m\u00e9tal<\/p>\n<p>Dimensions: 17.2 x 9.3 x 23.1<\/p>\n","protected":false},"excerpt":{"rendered":"<p>Moulin \u00e0 caf\u00e9 manuel Hario en bois naturel<\/p>\n","protected":false},"featured_media":20152,"comment_status":"open","ping_status":"closed","template":"","meta":{"_acf_changed":false},"product_brand":[],"product_cat":[20,547],"product_tag":[],"class_list":{"0":"post-6018","1":"product","2":"type-product","3":"status-publish","4":"has-post-thumbnail","6":"product_cat-accessoires","7":"product_cat-moulin-a-cafe","9":"first","10":"instock","11":"taxable","12":"shipping-taxable","13":"purchasable","14":"product-type-simple"},"acf":[],"yoast_head":"<!-- This site is optimized with the Yoast SEO plugin v25.5 - https:\/\/yoast.com\/wordpress\/plugins\/seo\/ -->\n<title>Moulin \u00e0 Caf\u00e9 en Bois Naturel - GDS<\/title>\n<meta name=\"robots\" content=\"index, follow, max-snippet:-1, max-image-preview:large, max-video-preview:-1\" \/>\n<link rel=\"canonical\" href=\"https:\/\/graindesail.com\/fr\/produit\/moulin-a-cafe-en-bois-naturel\/\" \/>\n<meta property=\"og:locale\" content=\"fr_FR\" \/>\n<meta property=\"og:type\" content=\"article\" \/>\n<meta property=\"og:title\" content=\"Moulin \u00e0 Caf\u00e9 en Bois Naturel - GDS\" \/>\n<meta property=\"og:description\" content=\"Moulin \u00e0 caf\u00e9 manuel Hario en bois naturel\" \/>\n<meta property=\"og:url\" content=\"https:\/\/graindesail.com\/fr\/produit\/moulin-a-cafe-en-bois-naturel\/\" \/>\n<meta property=\"og:site_name\" content=\"GDS\" \/>\n<meta property=\"article:modified_time\" content=\"2026-04-15T00:00:24+00:00\" \/>\n<meta property=\"og:image\" content=\"https:\/\/graindesail.com\/wp-content\/uploads\/2025\/11\/moulin-a-cafe-hario-mill-column3.png\" \/>\n\t<meta property=\"og:image:width\" content=\"600\" \/>\n\t<meta property=\"og:image:height\" content=\"600\" \/>\n\t<meta property=\"og:image:type\" content=\"image\/png\" \/>\n<meta name=\"twitter:card\" content=\"summary_large_image\" \/>\n<meta name=\"twitter:label1\" content=\"Dur\u00e9e de lecture estim\u00e9e\" \/>\n\t<meta name=\"twitter:data1\" content=\"1 minute\" \/>\n<script type=\"application\/ld+json\" class=\"yoast-schema-graph\">{\"@context\":\"https:\/\/schema.org\",\"@graph\":[{\"@type\":\"WebPage\",\"@id\":\"https:\/\/graindesail.com\/fr\/produit\/moulin-a-cafe-en-bois-naturel\/\",\"url\":\"https:\/\/graindesail.com\/fr\/produit\/moulin-a-cafe-en-bois-naturel\/\",\"name\":\"Moulin \u00e0 Caf\u00e9 en Bois Naturel - GDS\",\"isPartOf\":{\"@id\":\"https:\/\/graindesail.com\/fr\/#website\"},\"primaryImageOfPage\":{\"@id\":\"https:\/\/graindesail.com\/fr\/produit\/moulin-a-cafe-en-bois-naturel\/#primaryimage\"},\"image\":{\"@id\":\"https:\/\/graindesail.com\/fr\/produit\/moulin-a-cafe-en-bois-naturel\/#primaryimage\"},\"thumbnailUrl\":\"https:\/\/graindesail.com\/wp-content\/uploads\/2025\/11\/moulin-a-cafe-hario-mill-column3.png\",\"datePublished\":\"2025-02-18T15:11:51+00:00\",\"dateModified\":\"2026-04-15T00:00:24+00:00\",\"breadcrumb\":{\"@id\":\"https:\/\/graindesail.com\/fr\/produit\/moulin-a-cafe-en-bois-naturel\/#breadcrumb\"},\"inLanguage\":\"fr-FR\",\"potentialAction\":[{\"@type\":\"ReadAction\",\"target\":[\"https:\/\/graindesail.com\/fr\/produit\/moulin-a-cafe-en-bois-naturel\/\"]}]},{\"@type\":\"ImageObject\",\"inLanguage\":\"fr-FR\",\"@id\":\"https:\/\/graindesail.com\/fr\/produit\/moulin-a-cafe-en-bois-naturel\/#primaryimage\",\"url\":\"https:\/\/graindesail.com\/wp-content\/uploads\/2025\/11\/moulin-a-cafe-hario-mill-column3.png\",\"contentUrl\":\"https:\/\/graindesail.com\/wp-content\/uploads\/2025\/11\/moulin-a-cafe-hario-mill-column3.png\",\"width\":600,\"height\":600,\"caption\":\"Moulin \u00e0 caf\u00e9 manuel Hario en bois naturel - Ambiance\"},{\"@type\":\"BreadcrumbList\",\"@id\":\"https:\/\/graindesail.com\/fr\/produit\/moulin-a-cafe-en-bois-naturel\/#breadcrumb\",\"itemListElement\":[{\"@type\":\"ListItem\",\"position\":1,\"name\":\"Home\",\"item\":\"https:\/\/graindesail.com\/fr\/\"},{\"@type\":\"ListItem\",\"position\":2,\"name\":\"Notre boutique en ligne\",\"item\":\"https:\/\/graindesail.com\/fr\/notre-boutique-en-ligne\/\"},{\"@type\":\"ListItem\",\"position\":3,\"name\":\"Moulin \u00e0 Caf\u00e9 en Bois Naturel\"}]},{\"@type\":\"WebSite\",\"@id\":\"https:\/\/graindesail.com\/fr\/#website\",\"url\":\"https:\/\/graindesail.com\/fr\/\",\"name\":\"GDS\",\"description\":\"\",\"publisher\":{\"@id\":\"https:\/\/graindesail.com\/fr\/#organization\"},\"potentialAction\":[{\"@type\":\"SearchAction\",\"target\":{\"@type\":\"EntryPoint\",\"urlTemplate\":\"https:\/\/graindesail.com\/fr\/?s={search_term_string}\"},\"query-input\":{\"@type\":\"PropertyValueSpecification\",\"valueRequired\":true,\"valueName\":\"search_term_string\"}}],\"inLanguage\":\"fr-FR\"},{\"@type\":\"Organization\",\"@id\":\"https:\/\/graindesail.com\/fr\/#organization\",\"name\":\"GDS\",\"url\":\"https:\/\/graindesail.com\/fr\/\",\"logo\":{\"@type\":\"ImageObject\",\"inLanguage\":\"fr-FR\",\"@id\":\"https:\/\/graindesail.com\/fr\/#\/schema\/logo\/image\/\",\"url\":\"https:\/\/graindesail.com\/wp-content\/uploads\/2024\/12\/logo.svg\",\"contentUrl\":\"https:\/\/graindesail.com\/wp-content\/uploads\/2024\/12\/logo.svg\",\"width\":82,\"height\":130,\"caption\":\"GDS\"},\"image\":{\"@id\":\"https:\/\/graindesail.com\/fr\/#\/schema\/logo\/image\/\"}}]}<\/script>\n<!-- \/ Yoast SEO plugin. -->","yoast_head_json":{"title":"Moulin \u00e0 Caf\u00e9 en Bois Naturel - GDS","robots":{"index":"index","follow":"follow","max-snippet":"max-snippet:-1","max-image-preview":"max-image-preview:large","max-video-preview":"max-video-preview:-1"},"canonical":"https:\/\/graindesail.com\/fr\/produit\/moulin-a-cafe-en-bois-naturel\/","og_locale":"fr_FR","og_type":"article","og_title":"Moulin \u00e0 Caf\u00e9 en Bois Naturel - GDS","og_description":"Moulin \u00e0 caf\u00e9 manuel Hario en bois naturel","og_url":"https:\/\/graindesail.com\/fr\/produit\/moulin-a-cafe-en-bois-naturel\/","og_site_name":"GDS","article_modified_time":"2026-04-15T00:00:24+00:00","og_image":[{"width":600,"height":600,"url":"https:\/\/graindesail.com\/wp-content\/uploads\/2025\/11\/moulin-a-cafe-hario-mill-column3.png","type":"image\/png"}],"twitter_card":"summary_large_image","twitter_misc":{"Dur\u00e9e de lecture estim\u00e9e":"1 minute"},"schema":{"@context":"https:\/\/schema.org","@graph":[{"@type":"WebPage","@id":"https:\/\/graindesail.com\/fr\/produit\/moulin-a-cafe-en-bois-naturel\/","url":"https:\/\/graindesail.com\/fr\/produit\/moulin-a-cafe-en-bois-naturel\/","name":"Moulin \u00e0 Caf\u00e9 en Bois Naturel - GDS","isPartOf":{"@id":"https:\/\/graindesail.com\/fr\/#website"},"primaryImageOfPage":{"@id":"https:\/\/graindesail.com\/fr\/produit\/moulin-a-cafe-en-bois-naturel\/#primaryimage"},"image":{"@id":"https:\/\/graindesail.com\/fr\/produit\/moulin-a-cafe-en-bois-naturel\/#primaryimage"},"thumbnailUrl":"https:\/\/graindesail.com\/wp-content\/uploads\/2025\/11\/moulin-a-cafe-hario-mill-column3.png","datePublished":"2025-02-18T15:11:51+00:00","dateModified":"2026-04-15T00:00:24+00:00","breadcrumb":{"@id":"https:\/\/graindesail.com\/fr\/produit\/moulin-a-cafe-en-bois-naturel\/#breadcrumb"},"inLanguage":"fr-FR","potentialAction":[{"@type":"ReadAction","target":["https:\/\/graindesail.com\/fr\/produit\/moulin-a-cafe-en-bois-naturel\/"]}]},{"@type":"ImageObject","inLanguage":"fr-FR","@id":"https:\/\/graindesail.com\/fr\/produit\/moulin-a-cafe-en-bois-naturel\/#primaryimage","url":"https:\/\/graindesail.com\/wp-content\/uploads\/2025\/11\/moulin-a-cafe-hario-mill-column3.png","contentUrl":"https:\/\/graindesail.com\/wp-content\/uploads\/2025\/11\/moulin-a-cafe-hario-mill-column3.png","width":600,"height":600,"caption":"Moulin \u00e0 caf\u00e9 manuel Hario en bois naturel - Ambiance"},{"@type":"BreadcrumbList","@id":"https:\/\/graindesail.com\/fr\/produit\/moulin-a-cafe-en-bois-naturel\/#breadcrumb","itemListElement":[{"@type":"ListItem","position":1,"name":"Home","item":"https:\/\/graindesail.com\/fr\/"},{"@type":"ListItem","position":2,"name":"Notre boutique en ligne","item":"https:\/\/graindesail.com\/fr\/notre-boutique-en-ligne\/"},{"@type":"ListItem","position":3,"name":"Moulin \u00e0 Caf\u00e9 en Bois Naturel"}]},{"@type":"WebSite","@id":"https:\/\/graindesail.com\/fr\/#website","url":"https:\/\/graindesail.com\/fr\/","name":"GDS","description":"","publisher":{"@id":"https:\/\/graindesail.com\/fr\/#organization"},"potentialAction":[{"@type":"SearchAction","target":{"@type":"EntryPoint","urlTemplate":"https:\/\/graindesail.com\/fr\/?s={search_term_string}"},"query-input":{"@type":"PropertyValueSpecification","valueRequired":true,"valueName":"search_term_string"}}],"inLanguage":"fr-FR"},{"@type":"Organization","@id":"https:\/\/graindesail.com\/fr\/#organization","name":"GDS","url":"https:\/\/graindesail.com\/fr\/","logo":{"@type":"ImageObject","inLanguage":"fr-FR","@id":"https:\/\/graindesail.com\/fr\/#\/schema\/logo\/image\/","url":"https:\/\/graindesail.com\/wp-content\/uploads\/2024\/12\/logo.svg","contentUrl":"https:\/\/graindesail.com\/wp-content\/uploads\/2024\/12\/logo.svg","width":82,"height":130,"caption":"GDS"},"image":{"@id":"https:\/\/graindesail.com\/fr\/#\/schema\/logo\/image\/"}}]}},"_links":{"self":[{"href":"https:\/\/graindesail.com\/fr\/wp-json\/wp\/v2\/product\/6018","targetHints":{"allow":["GET"]}}],"collection":[{"href":"https:\/\/graindesail.com\/fr\/wp-json\/wp\/v2\/product"}],"about":[{"href":"https:\/\/graindesail.com\/fr\/wp-json\/wp\/v2\/types\/product"}],"replies":[{"embeddable":true,"href":"https:\/\/graindesail.com\/fr\/wp-json\/wp\/v2\/comments?post=6018"}],"wp:featuredmedia":[{"embeddable":true,"href":"https:\/\/graindesail.com\/fr\/wp-json\/wp\/v2\/media\/20152"}],"wp:attachment":[{"href":"https:\/\/graindesail.com\/fr\/wp-json\/wp\/v2\/media?parent=6018"}],"wp:term":[{"taxonomy":"product_brand","embeddable":true,"href":"https:\/\/graindesail.com\/fr\/wp-json\/wp\/v2\/product_brand?post=6018"},{"taxonomy":"product_cat","embeddable":true,"href":"https:\/\/graindesail.com\/fr\/wp-json\/wp\/v2\/product_cat?post=6018"},{"taxonomy":"product_tag","embeddable":true,"href":"https:\/\/graindesail.com\/fr\/wp-json\/wp\/v2\/product_tag?post=6018"}],"curies":[{"name":"wp","href":"https:\/\/api.w.org\/{rel}","templated":true}]}}