{"id":5940,"date":"2025-02-18T00:46:34","date_gmt":"2025-02-18T00:46:34","guid":{"rendered":"https:\/\/test.graindesail.com\/?post_type=product&#038;p=5940"},"modified":"2026-04-10T13:41:18","modified_gmt":"2026-04-10T13:41:18","slug":"cafe-colombie-excelso-grains-500g-bio","status":"publish","type":"product","link":"https:\/\/graindesail.com\/fr\/produit\/cafe-colombie-excelso-grains-500g-bio\/","title":{"rendered":"Caf\u00e9 Colombie Excelso Grains &#8211; 500G &#8211; BIO"},"content":{"rendered":"<p>Pur Arabica<br \/>\nLa tasse est lisse, aromatique et \u00e9quilibr\u00e9.<\/p>\n<p>Poids net : 500g<\/p>\n<p>Date de durabilit\u00e9 minimale (DDM) : 1 an<\/p>\n<p><strong>Sachet \u00e0 conserver \u00e0 l&#8217;abri de la lumi\u00e8re et de l&#8217;air, au sec. Refermez rapidement votre sachet apr\u00e8s ouverture et consommez-le dans un d\u00e9lai court afin de d&#8217;en pr\u00e9server toutes ses qualit\u00e9s.<\/strong><\/p>\n<p>Produit issu de l&#8217;agriculture biologique FR-BIO-13<\/p>\n<p>Pensez au tri, la plan\u00e8te vous remercie !<\/p>\n<p><a href=\"https:\/\/graindesail.com\/fr\/nos-matieres-premieres\/\">Plus de d\u00e9tails sur nos mati\u00e8res premi\u00e8res<\/a><\/p>\n","protected":false},"excerpt":{"rendered":"<p>Caf\u00e9 du Colombie \u2013 Pur Arabica \u2013 500G \u2013 BIO<\/p>\n","protected":false},"featured_media":10425,"comment_status":"open","ping_status":"closed","template":"","meta":{"_acf_changed":false},"product_brand":[],"product_cat":[242,590],"product_tag":[],"class_list":{"0":"post-5940","1":"product","2":"type-product","3":"status-publish","4":"has-post-thumbnail","6":"product_cat-cafes","7":"product_cat-cafes-en-grains","9":"first","10":"instock","11":"taxable","12":"shipping-taxable","13":"purchasable","14":"product-type-simple"},"acf":[],"yoast_head":"<!-- This site is optimized with the Yoast SEO plugin v25.5 - https:\/\/yoast.com\/wordpress\/plugins\/seo\/ -->\n<title>Caf\u00e9 en Grains - Colombie - 500G - BIO<\/title>\n<meta name=\"description\" content=\"Caf\u00e9 de sp\u00e9cialit\u00e9 en grains. Origine Colombie. Notes de fruits rouges, fruits secs et de noix. Caf\u00e9 bio, torr\u00e9fi\u00e9 en Bretagne par Grain de Sail\" \/>\n<meta name=\"robots\" content=\"index, follow, max-snippet:-1, max-image-preview:large, max-video-preview:-1\" \/>\n<link rel=\"canonical\" href=\"https:\/\/graindesail.com\/fr\/produit\/cafe-colombie-excelso-grains-500g-bio\/\" \/>\n<meta property=\"og:locale\" content=\"fr_FR\" \/>\n<meta property=\"og:type\" content=\"article\" \/>\n<meta property=\"og:title\" content=\"Caf\u00e9 en Grains - Colombie - 500G - BIO\" \/>\n<meta property=\"og:description\" content=\"Caf\u00e9 de sp\u00e9cialit\u00e9 en grains. Origine Colombie. Notes de fruits rouges, fruits secs et de noix. Caf\u00e9 bio, torr\u00e9fi\u00e9 en Bretagne par Grain de Sail\" \/>\n<meta property=\"og:url\" content=\"https:\/\/graindesail.com\/fr\/produit\/cafe-colombie-excelso-grains-500g-bio\/\" \/>\n<meta property=\"og:site_name\" content=\"GDS\" \/>\n<meta property=\"article:modified_time\" content=\"2026-04-10T13:41:18+00:00\" \/>\n<meta property=\"og:image\" content=\"https:\/\/graindesail.com\/wp-content\/uploads\/2025\/02\/2199.png\" \/>\n\t<meta property=\"og:image:width\" content=\"600\" \/>\n\t<meta property=\"og:image:height\" content=\"600\" \/>\n\t<meta property=\"og:image:type\" content=\"image\/png\" \/>\n<meta name=\"twitter:card\" content=\"summary_large_image\" \/>\n<meta name=\"twitter:label1\" content=\"Dur\u00e9e de lecture estim\u00e9e\" \/>\n\t<meta name=\"twitter:data1\" content=\"1 minute\" \/>\n<script type=\"application\/ld+json\" class=\"yoast-schema-graph\">{\"@context\":\"https:\/\/schema.org\",\"@graph\":[{\"@type\":\"WebPage\",\"@id\":\"https:\/\/graindesail.com\/fr\/produit\/cafe-colombie-excelso-grains-500g-bio\/\",\"url\":\"https:\/\/graindesail.com\/fr\/produit\/cafe-colombie-excelso-grains-500g-bio\/\",\"name\":\"Caf\u00e9 en Grains - Colombie - 500G - BIO\",\"isPartOf\":{\"@id\":\"https:\/\/graindesail.com\/fr\/#website\"},\"primaryImageOfPage\":{\"@id\":\"https:\/\/graindesail.com\/fr\/produit\/cafe-colombie-excelso-grains-500g-bio\/#primaryimage\"},\"image\":{\"@id\":\"https:\/\/graindesail.com\/fr\/produit\/cafe-colombie-excelso-grains-500g-bio\/#primaryimage\"},\"thumbnailUrl\":\"https:\/\/graindesail.com\/wp-content\/uploads\/2025\/02\/2199.png\",\"datePublished\":\"2025-02-18T00:46:34+00:00\",\"dateModified\":\"2026-04-10T13:41:18+00:00\",\"description\":\"Caf\u00e9 de sp\u00e9cialit\u00e9 en grains. Origine Colombie. Notes de fruits rouges, fruits secs et de noix. Caf\u00e9 bio, torr\u00e9fi\u00e9 en Bretagne par Grain de Sail\",\"breadcrumb\":{\"@id\":\"https:\/\/graindesail.com\/fr\/produit\/cafe-colombie-excelso-grains-500g-bio\/#breadcrumb\"},\"inLanguage\":\"fr-FR\",\"potentialAction\":[{\"@type\":\"ReadAction\",\"target\":[\"https:\/\/graindesail.com\/fr\/produit\/cafe-colombie-excelso-grains-500g-bio\/\"]}]},{\"@type\":\"ImageObject\",\"inLanguage\":\"fr-FR\",\"@id\":\"https:\/\/graindesail.com\/fr\/produit\/cafe-colombie-excelso-grains-500g-bio\/#primaryimage\",\"url\":\"https:\/\/graindesail.com\/wp-content\/uploads\/2025\/02\/2199.png\",\"contentUrl\":\"https:\/\/graindesail.com\/wp-content\/uploads\/2025\/02\/2199.png\",\"width\":600,\"height\":600,\"caption\":\"Caf\u00e9 Colombie Excelso Grains - 500G - BIO\"},{\"@type\":\"BreadcrumbList\",\"@id\":\"https:\/\/graindesail.com\/fr\/produit\/cafe-colombie-excelso-grains-500g-bio\/#breadcrumb\",\"itemListElement\":[{\"@type\":\"ListItem\",\"position\":1,\"name\":\"Home\",\"item\":\"https:\/\/graindesail.com\/fr\/\"},{\"@type\":\"ListItem\",\"position\":2,\"name\":\"Notre boutique en ligne\",\"item\":\"https:\/\/graindesail.com\/fr\/notre-boutique-en-ligne\/\"},{\"@type\":\"ListItem\",\"position\":3,\"name\":\"Caf\u00e9 Colombie Excelso Grains &#8211; 500G &#8211; BIO\"}]},{\"@type\":\"WebSite\",\"@id\":\"https:\/\/graindesail.com\/fr\/#website\",\"url\":\"https:\/\/graindesail.com\/fr\/\",\"name\":\"GDS\",\"description\":\"\",\"publisher\":{\"@id\":\"https:\/\/graindesail.com\/fr\/#organization\"},\"potentialAction\":[{\"@type\":\"SearchAction\",\"target\":{\"@type\":\"EntryPoint\",\"urlTemplate\":\"https:\/\/graindesail.com\/fr\/?s={search_term_string}\"},\"query-input\":{\"@type\":\"PropertyValueSpecification\",\"valueRequired\":true,\"valueName\":\"search_term_string\"}}],\"inLanguage\":\"fr-FR\"},{\"@type\":\"Organization\",\"@id\":\"https:\/\/graindesail.com\/fr\/#organization\",\"name\":\"GDS\",\"url\":\"https:\/\/graindesail.com\/fr\/\",\"logo\":{\"@type\":\"ImageObject\",\"inLanguage\":\"fr-FR\",\"@id\":\"https:\/\/graindesail.com\/fr\/#\/schema\/logo\/image\/\",\"url\":\"https:\/\/graindesail.com\/wp-content\/uploads\/2024\/12\/logo.svg\",\"contentUrl\":\"https:\/\/graindesail.com\/wp-content\/uploads\/2024\/12\/logo.svg\",\"width\":82,\"height\":130,\"caption\":\"GDS\"},\"image\":{\"@id\":\"https:\/\/graindesail.com\/fr\/#\/schema\/logo\/image\/\"}}]}<\/script>\n<!-- \/ Yoast SEO plugin. -->","yoast_head_json":{"title":"Caf\u00e9 en Grains - Colombie - 500G - BIO","description":"Caf\u00e9 de sp\u00e9cialit\u00e9 en grains. Origine Colombie. Notes de fruits rouges, fruits secs et de noix. Caf\u00e9 bio, torr\u00e9fi\u00e9 en Bretagne par Grain de Sail","robots":{"index":"index","follow":"follow","max-snippet":"max-snippet:-1","max-image-preview":"max-image-preview:large","max-video-preview":"max-video-preview:-1"},"canonical":"https:\/\/graindesail.com\/fr\/produit\/cafe-colombie-excelso-grains-500g-bio\/","og_locale":"fr_FR","og_type":"article","og_title":"Caf\u00e9 en Grains - Colombie - 500G - BIO","og_description":"Caf\u00e9 de sp\u00e9cialit\u00e9 en grains. Origine Colombie. Notes de fruits rouges, fruits secs et de noix. Caf\u00e9 bio, torr\u00e9fi\u00e9 en Bretagne par Grain de Sail","og_url":"https:\/\/graindesail.com\/fr\/produit\/cafe-colombie-excelso-grains-500g-bio\/","og_site_name":"GDS","article_modified_time":"2026-04-10T13:41:18+00:00","og_image":[{"width":600,"height":600,"url":"https:\/\/graindesail.com\/wp-content\/uploads\/2025\/02\/2199.png","type":"image\/png"}],"twitter_card":"summary_large_image","twitter_misc":{"Dur\u00e9e de lecture estim\u00e9e":"1 minute"},"schema":{"@context":"https:\/\/schema.org","@graph":[{"@type":"WebPage","@id":"https:\/\/graindesail.com\/fr\/produit\/cafe-colombie-excelso-grains-500g-bio\/","url":"https:\/\/graindesail.com\/fr\/produit\/cafe-colombie-excelso-grains-500g-bio\/","name":"Caf\u00e9 en Grains - Colombie - 500G - BIO","isPartOf":{"@id":"https:\/\/graindesail.com\/fr\/#website"},"primaryImageOfPage":{"@id":"https:\/\/graindesail.com\/fr\/produit\/cafe-colombie-excelso-grains-500g-bio\/#primaryimage"},"image":{"@id":"https:\/\/graindesail.com\/fr\/produit\/cafe-colombie-excelso-grains-500g-bio\/#primaryimage"},"thumbnailUrl":"https:\/\/graindesail.com\/wp-content\/uploads\/2025\/02\/2199.png","datePublished":"2025-02-18T00:46:34+00:00","dateModified":"2026-04-10T13:41:18+00:00","description":"Caf\u00e9 de sp\u00e9cialit\u00e9 en grains. Origine Colombie. Notes de fruits rouges, fruits secs et de noix. Caf\u00e9 bio, torr\u00e9fi\u00e9 en Bretagne par Grain de Sail","breadcrumb":{"@id":"https:\/\/graindesail.com\/fr\/produit\/cafe-colombie-excelso-grains-500g-bio\/#breadcrumb"},"inLanguage":"fr-FR","potentialAction":[{"@type":"ReadAction","target":["https:\/\/graindesail.com\/fr\/produit\/cafe-colombie-excelso-grains-500g-bio\/"]}]},{"@type":"ImageObject","inLanguage":"fr-FR","@id":"https:\/\/graindesail.com\/fr\/produit\/cafe-colombie-excelso-grains-500g-bio\/#primaryimage","url":"https:\/\/graindesail.com\/wp-content\/uploads\/2025\/02\/2199.png","contentUrl":"https:\/\/graindesail.com\/wp-content\/uploads\/2025\/02\/2199.png","width":600,"height":600,"caption":"Caf\u00e9 Colombie Excelso Grains - 500G - BIO"},{"@type":"BreadcrumbList","@id":"https:\/\/graindesail.com\/fr\/produit\/cafe-colombie-excelso-grains-500g-bio\/#breadcrumb","itemListElement":[{"@type":"ListItem","position":1,"name":"Home","item":"https:\/\/graindesail.com\/fr\/"},{"@type":"ListItem","position":2,"name":"Notre boutique en ligne","item":"https:\/\/graindesail.com\/fr\/notre-boutique-en-ligne\/"},{"@type":"ListItem","position":3,"name":"Caf\u00e9 Colombie Excelso Grains &#8211; 500G &#8211; BIO"}]},{"@type":"WebSite","@id":"https:\/\/graindesail.com\/fr\/#website","url":"https:\/\/graindesail.com\/fr\/","name":"GDS","description":"","publisher":{"@id":"https:\/\/graindesail.com\/fr\/#organization"},"potentialAction":[{"@type":"SearchAction","target":{"@type":"EntryPoint","urlTemplate":"https:\/\/graindesail.com\/fr\/?s={search_term_string}"},"query-input":{"@type":"PropertyValueSpecification","valueRequired":true,"valueName":"search_term_string"}}],"inLanguage":"fr-FR"},{"@type":"Organization","@id":"https:\/\/graindesail.com\/fr\/#organization","name":"GDS","url":"https:\/\/graindesail.com\/fr\/","logo":{"@type":"ImageObject","inLanguage":"fr-FR","@id":"https:\/\/graindesail.com\/fr\/#\/schema\/logo\/image\/","url":"https:\/\/graindesail.com\/wp-content\/uploads\/2024\/12\/logo.svg","contentUrl":"https:\/\/graindesail.com\/wp-content\/uploads\/2024\/12\/logo.svg","width":82,"height":130,"caption":"GDS"},"image":{"@id":"https:\/\/graindesail.com\/fr\/#\/schema\/logo\/image\/"}}]}},"_links":{"self":[{"href":"https:\/\/graindesail.com\/fr\/wp-json\/wp\/v2\/product\/5940","targetHints":{"allow":["GET"]}}],"collection":[{"href":"https:\/\/graindesail.com\/fr\/wp-json\/wp\/v2\/product"}],"about":[{"href":"https:\/\/graindesail.com\/fr\/wp-json\/wp\/v2\/types\/product"}],"replies":[{"embeddable":true,"href":"https:\/\/graindesail.com\/fr\/wp-json\/wp\/v2\/comments?post=5940"}],"wp:featuredmedia":[{"embeddable":true,"href":"https:\/\/graindesail.com\/fr\/wp-json\/wp\/v2\/media\/10425"}],"wp:attachment":[{"href":"https:\/\/graindesail.com\/fr\/wp-json\/wp\/v2\/media?parent=5940"}],"wp:term":[{"taxonomy":"product_brand","embeddable":true,"href":"https:\/\/graindesail.com\/fr\/wp-json\/wp\/v2\/product_brand?post=5940"},{"taxonomy":"product_cat","embeddable":true,"href":"https:\/\/graindesail.com\/fr\/wp-json\/wp\/v2\/product_cat?post=5940"},{"taxonomy":"product_tag","embeddable":true,"href":"https:\/\/graindesail.com\/fr\/wp-json\/wp\/v2\/product_tag?post=5940"}],"curies":[{"name":"wp","href":"https:\/\/api.w.org\/{rel}","templated":true}]}}