{"id":5579,"date":"2025-02-16T04:34:50","date_gmt":"2025-02-16T04:34:50","guid":{"rendered":"https:\/\/test.graindesail.com\/?post_type=product&#038;p=5579"},"modified":"2026-04-14T09:24:27","modified_gmt":"2026-04-14T09:24:27","slug":"noisettes-torrefiees-enrobees-chocolat-au-lait-bio","status":"publish","type":"product","link":"https:\/\/graindesail.com\/fr\/produit\/noisettes-torrefiees-enrobees-chocolat-au-lait-bio\/","title":{"rendered":"Sachet de Noisettes enrob\u00e9es &#8211; Lait 45%"},"content":{"rendered":"<p>&nbsp;<\/p>\n<p>Noisettes savoureuses sublim\u00e9es par un chocolat au lait fondant.<\/p>\n<p>DLC courte : 09\/05\/2026<\/p>\n<p><strong>Grain de Sail vous recommande de ne pas donner ce produit aux enfants de moins de 4 ans, risque d\u2019\u00e9touffement.<\/strong><\/p>\n<p><strong>Allerg\u00e8nes : lait, fruits \u00e0 coque.<br \/>\nPeut contenir des traces de\u00a0graines de s\u00e9same,\u00a0 d\u2019arachides et de c\u00e9r\u00e9ales contenant du gluten.<\/strong><br \/>\n<strong>En cas de stockage inadapt\u00e9, un voile blanc peut appara\u00eetre \u00e0 la surface du produit. Ce ph\u00e9nom\u00e8ne naturel n\u2019a aucun impact sur la sant\u00e9 du consommateur.\u00a0<\/strong><br \/>\nConseil : conserver au sec et au frais<br \/>\n\u00c0 consommer de de pr\u00e9f\u00e9rence avant la date pr\u00e9sente sur l\u2019emballage<br \/>\nPoids net 180g<br \/>\nProduit biologique (FR-BIO-13)<\/p>\n<p>Pensez au tri, la plan\u00e8te vous remercie !<\/p>\n","protected":false},"excerpt":{"rendered":"<p>Noisettes caram\u00e9lis\u00e9es enrob\u00e9es &#8211; Chocolat au lait 45% \u2013 180G &#8211; BIO<\/p>\n","protected":false},"featured_media":24491,"comment_status":"open","ping_status":"closed","template":"","meta":{"_acf_changed":false},"product_brand":[],"product_cat":[469,608,47],"product_tag":[],"class_list":{"0":"post-5579","1":"product","2":"type-product","3":"status-publish","4":"has-post-thumbnail","6":"product_cat-gourmandises","7":"product_cat-gourmandises-sachets","8":"product_cat-offres-du-moment","10":"first","11":"outofstock","12":"sale","13":"taxable","14":"shipping-taxable","15":"purchasable","16":"product-type-simple"},"acf":[],"yoast_head":"<!-- This site is optimized with the Yoast SEO plugin v25.5 - https:\/\/yoast.com\/wordpress\/plugins\/seo\/ -->\n<title>Sachet de Noisettes enrob\u00e9es - Lait 45% - GDS<\/title>\n<meta name=\"robots\" content=\"index, follow, max-snippet:-1, max-image-preview:large, max-video-preview:-1\" \/>\n<link rel=\"canonical\" href=\"https:\/\/graindesail.com\/fr\/produit\/noisettes-torrefiees-enrobees-chocolat-au-lait-bio\/\" \/>\n<meta property=\"og:locale\" content=\"fr_FR\" \/>\n<meta property=\"og:type\" content=\"article\" \/>\n<meta property=\"og:title\" content=\"Sachet de Noisettes enrob\u00e9es - Lait 45% - GDS\" \/>\n<meta property=\"og:description\" content=\"Noisettes caram\u00e9lis\u00e9es enrob\u00e9es - Chocolat au lait 45% \u2013 180G - BIO\" \/>\n<meta property=\"og:url\" content=\"https:\/\/graindesail.com\/fr\/produit\/noisettes-torrefiees-enrobees-chocolat-au-lait-bio\/\" \/>\n<meta property=\"og:site_name\" content=\"GDS\" \/>\n<meta property=\"article:modified_time\" content=\"2026-04-14T09:24:27+00:00\" \/>\n<meta property=\"og:image\" content=\"https:\/\/graindesail.com\/wp-content\/uploads\/2025\/02\/sachet-noisettes-caramelisees-sans-fond.png\" \/>\n\t<meta property=\"og:image:width\" content=\"1000\" \/>\n\t<meta property=\"og:image:height\" content=\"1000\" \/>\n\t<meta property=\"og:image:type\" content=\"image\/png\" \/>\n<meta name=\"twitter:card\" content=\"summary_large_image\" \/>\n<meta name=\"twitter:label1\" content=\"Dur\u00e9e de lecture estim\u00e9e\" \/>\n\t<meta name=\"twitter:data1\" content=\"1 minute\" \/>\n<script type=\"application\/ld+json\" class=\"yoast-schema-graph\">{\"@context\":\"https:\/\/schema.org\",\"@graph\":[{\"@type\":\"WebPage\",\"@id\":\"https:\/\/graindesail.com\/fr\/produit\/noisettes-torrefiees-enrobees-chocolat-au-lait-bio\/\",\"url\":\"https:\/\/graindesail.com\/fr\/produit\/noisettes-torrefiees-enrobees-chocolat-au-lait-bio\/\",\"name\":\"Sachet de Noisettes enrob\u00e9es - Lait 45% - GDS\",\"isPartOf\":{\"@id\":\"https:\/\/graindesail.com\/fr\/#website\"},\"primaryImageOfPage\":{\"@id\":\"https:\/\/graindesail.com\/fr\/produit\/noisettes-torrefiees-enrobees-chocolat-au-lait-bio\/#primaryimage\"},\"image\":{\"@id\":\"https:\/\/graindesail.com\/fr\/produit\/noisettes-torrefiees-enrobees-chocolat-au-lait-bio\/#primaryimage\"},\"thumbnailUrl\":\"https:\/\/graindesail.com\/wp-content\/uploads\/2025\/02\/sachet-noisettes-caramelisees-sans-fond.png\",\"datePublished\":\"2025-02-16T04:34:50+00:00\",\"dateModified\":\"2026-04-14T09:24:27+00:00\",\"breadcrumb\":{\"@id\":\"https:\/\/graindesail.com\/fr\/produit\/noisettes-torrefiees-enrobees-chocolat-au-lait-bio\/#breadcrumb\"},\"inLanguage\":\"fr-FR\",\"potentialAction\":[{\"@type\":\"ReadAction\",\"target\":[\"https:\/\/graindesail.com\/fr\/produit\/noisettes-torrefiees-enrobees-chocolat-au-lait-bio\/\"]}]},{\"@type\":\"ImageObject\",\"inLanguage\":\"fr-FR\",\"@id\":\"https:\/\/graindesail.com\/fr\/produit\/noisettes-torrefiees-enrobees-chocolat-au-lait-bio\/#primaryimage\",\"url\":\"https:\/\/graindesail.com\/wp-content\/uploads\/2025\/02\/sachet-noisettes-caramelisees-sans-fond.png\",\"contentUrl\":\"https:\/\/graindesail.com\/wp-content\/uploads\/2025\/02\/sachet-noisettes-caramelisees-sans-fond.png\",\"width\":1000,\"height\":1000,\"caption\":\"Sachet de Noisettes caram\u00e9lis\u00e9es enrob\u00e9es 180G - Sans fond\"},{\"@type\":\"BreadcrumbList\",\"@id\":\"https:\/\/graindesail.com\/fr\/produit\/noisettes-torrefiees-enrobees-chocolat-au-lait-bio\/#breadcrumb\",\"itemListElement\":[{\"@type\":\"ListItem\",\"position\":1,\"name\":\"Home\",\"item\":\"https:\/\/graindesail.com\/fr\/\"},{\"@type\":\"ListItem\",\"position\":2,\"name\":\"Notre boutique en ligne\",\"item\":\"https:\/\/graindesail.com\/fr\/notre-boutique-en-ligne\/\"},{\"@type\":\"ListItem\",\"position\":3,\"name\":\"Sachet de Noisettes enrob\u00e9es &#8211; Lait 45%\"}]},{\"@type\":\"WebSite\",\"@id\":\"https:\/\/graindesail.com\/fr\/#website\",\"url\":\"https:\/\/graindesail.com\/fr\/\",\"name\":\"GDS\",\"description\":\"\",\"publisher\":{\"@id\":\"https:\/\/graindesail.com\/fr\/#organization\"},\"potentialAction\":[{\"@type\":\"SearchAction\",\"target\":{\"@type\":\"EntryPoint\",\"urlTemplate\":\"https:\/\/graindesail.com\/fr\/?s={search_term_string}\"},\"query-input\":{\"@type\":\"PropertyValueSpecification\",\"valueRequired\":true,\"valueName\":\"search_term_string\"}}],\"inLanguage\":\"fr-FR\"},{\"@type\":\"Organization\",\"@id\":\"https:\/\/graindesail.com\/fr\/#organization\",\"name\":\"GDS\",\"url\":\"https:\/\/graindesail.com\/fr\/\",\"logo\":{\"@type\":\"ImageObject\",\"inLanguage\":\"fr-FR\",\"@id\":\"https:\/\/graindesail.com\/fr\/#\/schema\/logo\/image\/\",\"url\":\"https:\/\/graindesail.com\/wp-content\/uploads\/2024\/12\/logo.svg\",\"contentUrl\":\"https:\/\/graindesail.com\/wp-content\/uploads\/2024\/12\/logo.svg\",\"width\":82,\"height\":130,\"caption\":\"GDS\"},\"image\":{\"@id\":\"https:\/\/graindesail.com\/fr\/#\/schema\/logo\/image\/\"}}]}<\/script>\n<!-- \/ Yoast SEO plugin. -->","yoast_head_json":{"title":"Sachet de Noisettes enrob\u00e9es - Lait 45% - GDS","robots":{"index":"index","follow":"follow","max-snippet":"max-snippet:-1","max-image-preview":"max-image-preview:large","max-video-preview":"max-video-preview:-1"},"canonical":"https:\/\/graindesail.com\/fr\/produit\/noisettes-torrefiees-enrobees-chocolat-au-lait-bio\/","og_locale":"fr_FR","og_type":"article","og_title":"Sachet de Noisettes enrob\u00e9es - Lait 45% - GDS","og_description":"Noisettes caram\u00e9lis\u00e9es enrob\u00e9es - Chocolat au lait 45% \u2013 180G - BIO","og_url":"https:\/\/graindesail.com\/fr\/produit\/noisettes-torrefiees-enrobees-chocolat-au-lait-bio\/","og_site_name":"GDS","article_modified_time":"2026-04-14T09:24:27+00:00","og_image":[{"width":1000,"height":1000,"url":"https:\/\/graindesail.com\/wp-content\/uploads\/2025\/02\/sachet-noisettes-caramelisees-sans-fond.png","type":"image\/png"}],"twitter_card":"summary_large_image","twitter_misc":{"Dur\u00e9e de lecture estim\u00e9e":"1 minute"},"schema":{"@context":"https:\/\/schema.org","@graph":[{"@type":"WebPage","@id":"https:\/\/graindesail.com\/fr\/produit\/noisettes-torrefiees-enrobees-chocolat-au-lait-bio\/","url":"https:\/\/graindesail.com\/fr\/produit\/noisettes-torrefiees-enrobees-chocolat-au-lait-bio\/","name":"Sachet de Noisettes enrob\u00e9es - Lait 45% - GDS","isPartOf":{"@id":"https:\/\/graindesail.com\/fr\/#website"},"primaryImageOfPage":{"@id":"https:\/\/graindesail.com\/fr\/produit\/noisettes-torrefiees-enrobees-chocolat-au-lait-bio\/#primaryimage"},"image":{"@id":"https:\/\/graindesail.com\/fr\/produit\/noisettes-torrefiees-enrobees-chocolat-au-lait-bio\/#primaryimage"},"thumbnailUrl":"https:\/\/graindesail.com\/wp-content\/uploads\/2025\/02\/sachet-noisettes-caramelisees-sans-fond.png","datePublished":"2025-02-16T04:34:50+00:00","dateModified":"2026-04-14T09:24:27+00:00","breadcrumb":{"@id":"https:\/\/graindesail.com\/fr\/produit\/noisettes-torrefiees-enrobees-chocolat-au-lait-bio\/#breadcrumb"},"inLanguage":"fr-FR","potentialAction":[{"@type":"ReadAction","target":["https:\/\/graindesail.com\/fr\/produit\/noisettes-torrefiees-enrobees-chocolat-au-lait-bio\/"]}]},{"@type":"ImageObject","inLanguage":"fr-FR","@id":"https:\/\/graindesail.com\/fr\/produit\/noisettes-torrefiees-enrobees-chocolat-au-lait-bio\/#primaryimage","url":"https:\/\/graindesail.com\/wp-content\/uploads\/2025\/02\/sachet-noisettes-caramelisees-sans-fond.png","contentUrl":"https:\/\/graindesail.com\/wp-content\/uploads\/2025\/02\/sachet-noisettes-caramelisees-sans-fond.png","width":1000,"height":1000,"caption":"Sachet de Noisettes caram\u00e9lis\u00e9es enrob\u00e9es 180G - Sans fond"},{"@type":"BreadcrumbList","@id":"https:\/\/graindesail.com\/fr\/produit\/noisettes-torrefiees-enrobees-chocolat-au-lait-bio\/#breadcrumb","itemListElement":[{"@type":"ListItem","position":1,"name":"Home","item":"https:\/\/graindesail.com\/fr\/"},{"@type":"ListItem","position":2,"name":"Notre boutique en ligne","item":"https:\/\/graindesail.com\/fr\/notre-boutique-en-ligne\/"},{"@type":"ListItem","position":3,"name":"Sachet de Noisettes enrob\u00e9es &#8211; Lait 45%"}]},{"@type":"WebSite","@id":"https:\/\/graindesail.com\/fr\/#website","url":"https:\/\/graindesail.com\/fr\/","name":"GDS","description":"","publisher":{"@id":"https:\/\/graindesail.com\/fr\/#organization"},"potentialAction":[{"@type":"SearchAction","target":{"@type":"EntryPoint","urlTemplate":"https:\/\/graindesail.com\/fr\/?s={search_term_string}"},"query-input":{"@type":"PropertyValueSpecification","valueRequired":true,"valueName":"search_term_string"}}],"inLanguage":"fr-FR"},{"@type":"Organization","@id":"https:\/\/graindesail.com\/fr\/#organization","name":"GDS","url":"https:\/\/graindesail.com\/fr\/","logo":{"@type":"ImageObject","inLanguage":"fr-FR","@id":"https:\/\/graindesail.com\/fr\/#\/schema\/logo\/image\/","url":"https:\/\/graindesail.com\/wp-content\/uploads\/2024\/12\/logo.svg","contentUrl":"https:\/\/graindesail.com\/wp-content\/uploads\/2024\/12\/logo.svg","width":82,"height":130,"caption":"GDS"},"image":{"@id":"https:\/\/graindesail.com\/fr\/#\/schema\/logo\/image\/"}}]}},"_links":{"self":[{"href":"https:\/\/graindesail.com\/fr\/wp-json\/wp\/v2\/product\/5579","targetHints":{"allow":["GET"]}}],"collection":[{"href":"https:\/\/graindesail.com\/fr\/wp-json\/wp\/v2\/product"}],"about":[{"href":"https:\/\/graindesail.com\/fr\/wp-json\/wp\/v2\/types\/product"}],"replies":[{"embeddable":true,"href":"https:\/\/graindesail.com\/fr\/wp-json\/wp\/v2\/comments?post=5579"}],"wp:featuredmedia":[{"embeddable":true,"href":"https:\/\/graindesail.com\/fr\/wp-json\/wp\/v2\/media\/24491"}],"wp:attachment":[{"href":"https:\/\/graindesail.com\/fr\/wp-json\/wp\/v2\/media?parent=5579"}],"wp:term":[{"taxonomy":"product_brand","embeddable":true,"href":"https:\/\/graindesail.com\/fr\/wp-json\/wp\/v2\/product_brand?post=5579"},{"taxonomy":"product_cat","embeddable":true,"href":"https:\/\/graindesail.com\/fr\/wp-json\/wp\/v2\/product_cat?post=5579"},{"taxonomy":"product_tag","embeddable":true,"href":"https:\/\/graindesail.com\/fr\/wp-json\/wp\/v2\/product_tag?post=5579"}],"curies":[{"name":"wp","href":"https:\/\/api.w.org\/{rel}","templated":true}]}}