{"id":5538,"date":"2025-02-16T02:09:18","date_gmt":"2025-02-16T02:09:18","guid":{"rendered":"https:\/\/test.graindesail.com\/?post_type=product&#038;p=5538"},"modified":"2026-04-30T00:00:44","modified_gmt":"2026-04-30T00:00:44","slug":"tablette-de-chocolat-noir-raisins-et-sarrasin-torrefie-100g-bio","status":"publish","type":"product","link":"https:\/\/graindesail.com\/fr\/produit\/tablette-de-chocolat-noir-raisins-et-sarrasin-torrefie-100g-bio\/","title":{"rendered":"Noir, raisins et sarrasin torr\u00e9fi\u00e9"},"content":{"rendered":"<p><span style=\"font-size:12.0pt\"><span style=\",sans-serif\">Entrez dans les cuisines bretonnes traditionnelles avec ce go&ucirc;t de sarrasin torr&eacute;fi&eacute; sublim&eacute; par le raisin sec.&nbsp;<\/span><\/span><br \/>\nLa <a href=\"https:\/\/graindesail.com\/fr\/categorie-produit\/chocolat\/chocolat-tablette\/\">tablette <\/a>chocolat noir raisin sarrasin associe le fondant du cacao bio &agrave; une alliance originale de raisins et de sarrasin torr&eacute;fi&eacute;. Les raisins apportent une touche fruit&eacute;e tandis que le sarrasin offre une texture croquante et l&eacute;g&egrave;rement toast&eacute;e.<br \/>\nCette combinaison cr&eacute;e une d&eacute;gustation surprenante et &eacute;quilibr&eacute;e.<br \/>\nAvec cette tablette de Grain de Sail, le <a href=\"https:\/\/graindesail.com\/fr\/categorie-produit\/chocolat\/\">chocolat <\/a>noir r&eacute;v&egrave;le des saveurs &agrave; la fois gourmandes et authentiques.<br \/>\n<span style=\"font-size:12pt\"><span style=\"font-family:Calibri,sans-serif\"><strong>Allerg&egrave;nes : Peut contenir des traces de fruits &agrave; coque, de graines de s&eacute;same, de lait, d&rsquo;arachides et de c&eacute;r&eacute;ales contenant du gluten.<\/strong><\/span><\/span><br \/>\n<span style=\"font-size:12pt\"><span style=\"font-family:Calibri,sans-serif\"><strong><span style=\"color:#c00000\">En cas de stockage inadapt&eacute;, un voile blanc peut appara&icirc;tre &agrave; la surface du produit. Ce ph&eacute;nom&egrave;ne naturel n&rsquo;a aucun impact sur la sant&eacute; du consommateur.&nbsp;<\/span><\/strong><\/span><\/span><br \/>\n<span style=\"font-size:12pt\"><span style=\"font-family:Calibri,sans-serif\">Conseil : conserver au sec et au frais<\/span><\/span><br \/>\n<span style=\"font-size:12pt\"><span style=\"font-family:Calibri,sans-serif\">&Agrave; consommer de de pr&eacute;f&eacute;rence avant la date pr&eacute;sente sur l&rsquo;emballage<\/span><\/span><br \/>\n<span style=\"font-size:12pt\"><span style=\"font-family:Calibri,sans-serif\">Poids net 100g<\/span><\/span><br \/>\n<span style=\"font-size:12pt\"><span style=\"font-family:Calibri,sans-serif\">Produit biologique (FR-BIO-13)<\/span><\/span><\/p>\n<p>Pensez au tri, la plan&egrave;te vous remercie !&nbsp;<\/p>\n","protected":false},"excerpt":{"rendered":"<p>Tablette de chocolat Noir 62% de cacao avec inclusions raisins et sarrasin torr&eacute;fi&eacute; &#8211; 100G &#8211; BIO<\/p>\n","protected":false},"featured_media":23933,"comment_status":"open","ping_status":"closed","template":"","meta":{"_acf_changed":false},"product_brand":[],"product_cat":[546,42,609],"product_tag":[],"class_list":{"0":"post-5538","1":"product","2":"type-product","3":"status-publish","4":"has-post-thumbnail","6":"product_cat-ape","7":"product_cat-chocolat","8":"product_cat-chocolat-tablette","10":"first","11":"instock","12":"taxable","13":"shipping-taxable","14":"purchasable","15":"product-type-simple"},"acf":[],"yoast_head":"<!-- This site is optimized with the Yoast SEO plugin v25.5 - https:\/\/yoast.com\/wordpress\/plugins\/seo\/ -->\n<title>Tablette Chocolat Noir Raisins et Sarrasin - Bio - Grain de Sail<\/title>\n<meta name=\"description\" content=\"Tablette de chocolat Noir. Entrez dans les cuisines bretonnes traditionnelles avec ce go\u00fbt de sarrasin torr\u00e9fi\u00e9 sublim\u00e9 par le raisin sec.\u00a0\" \/>\n<meta name=\"robots\" content=\"index, follow, max-snippet:-1, max-image-preview:large, max-video-preview:-1\" \/>\n<link rel=\"canonical\" href=\"https:\/\/graindesail.com\/fr\/produit\/tablette-de-chocolat-noir-raisins-et-sarrasin-torrefie-100g-bio\/\" \/>\n<meta property=\"og:locale\" content=\"fr_FR\" \/>\n<meta property=\"og:type\" content=\"article\" \/>\n<meta property=\"og:title\" content=\"Tablette Chocolat Noir Raisins et Sarrasin - Bio - Grain de Sail\" \/>\n<meta property=\"og:description\" content=\"Tablette de chocolat Noir. Entrez dans les cuisines bretonnes traditionnelles avec ce go\u00fbt de sarrasin torr\u00e9fi\u00e9 sublim\u00e9 par le raisin sec.\u00a0\" \/>\n<meta property=\"og:url\" content=\"https:\/\/graindesail.com\/fr\/produit\/tablette-de-chocolat-noir-raisins-et-sarrasin-torrefie-100g-bio\/\" \/>\n<meta property=\"og:site_name\" content=\"GDS\" \/>\n<meta property=\"article:modified_time\" content=\"2026-04-30T00:00:44+00:00\" \/>\n<meta property=\"og:image\" content=\"https:\/\/graindesail.com\/wp-content\/uploads\/2026\/02\/GDS-NOIR-RAISIN-10ANS-RECTO-BD.png\" \/>\n\t<meta property=\"og:image:width\" content=\"424\" \/>\n\t<meta property=\"og:image:height\" content=\"774\" \/>\n\t<meta property=\"og:image:type\" content=\"image\/png\" \/>\n<meta name=\"twitter:card\" content=\"summary_large_image\" \/>\n<meta name=\"twitter:label1\" content=\"Dur\u00e9e de lecture estim\u00e9e\" \/>\n\t<meta name=\"twitter:data1\" content=\"1 minute\" \/>\n<script type=\"application\/ld+json\" class=\"yoast-schema-graph\">{\"@context\":\"https:\/\/schema.org\",\"@graph\":[{\"@type\":\"WebPage\",\"@id\":\"https:\/\/graindesail.com\/fr\/produit\/tablette-de-chocolat-noir-raisins-et-sarrasin-torrefie-100g-bio\/\",\"url\":\"https:\/\/graindesail.com\/fr\/produit\/tablette-de-chocolat-noir-raisins-et-sarrasin-torrefie-100g-bio\/\",\"name\":\"Tablette Chocolat Noir Raisins et Sarrasin - Bio - Grain de Sail\",\"isPartOf\":{\"@id\":\"https:\/\/graindesail.com\/fr\/#website\"},\"primaryImageOfPage\":{\"@id\":\"https:\/\/graindesail.com\/fr\/produit\/tablette-de-chocolat-noir-raisins-et-sarrasin-torrefie-100g-bio\/#primaryimage\"},\"image\":{\"@id\":\"https:\/\/graindesail.com\/fr\/produit\/tablette-de-chocolat-noir-raisins-et-sarrasin-torrefie-100g-bio\/#primaryimage\"},\"thumbnailUrl\":\"https:\/\/graindesail.com\/wp-content\/uploads\/2026\/02\/GDS-NOIR-RAISIN-10ANS-RECTO-BD.png\",\"datePublished\":\"2025-02-16T02:09:18+00:00\",\"dateModified\":\"2026-04-30T00:00:44+00:00\",\"description\":\"Tablette de chocolat Noir. Entrez dans les cuisines bretonnes traditionnelles avec ce go\u00fbt de sarrasin torr\u00e9fi\u00e9 sublim\u00e9 par le raisin sec.\u00a0\",\"breadcrumb\":{\"@id\":\"https:\/\/graindesail.com\/fr\/produit\/tablette-de-chocolat-noir-raisins-et-sarrasin-torrefie-100g-bio\/#breadcrumb\"},\"inLanguage\":\"fr-FR\",\"potentialAction\":[{\"@type\":\"ReadAction\",\"target\":[\"https:\/\/graindesail.com\/fr\/produit\/tablette-de-chocolat-noir-raisins-et-sarrasin-torrefie-100g-bio\/\"]}]},{\"@type\":\"ImageObject\",\"inLanguage\":\"fr-FR\",\"@id\":\"https:\/\/graindesail.com\/fr\/produit\/tablette-de-chocolat-noir-raisins-et-sarrasin-torrefie-100g-bio\/#primaryimage\",\"url\":\"https:\/\/graindesail.com\/wp-content\/uploads\/2026\/02\/GDS-NOIR-RAISIN-10ANS-RECTO-BD.png\",\"contentUrl\":\"https:\/\/graindesail.com\/wp-content\/uploads\/2026\/02\/GDS-NOIR-RAISIN-10ANS-RECTO-BD.png\",\"width\":424,\"height\":774,\"caption\":\"Tablette Noir Raisins Sarrasin - Bandeau 10 ans\"},{\"@type\":\"BreadcrumbList\",\"@id\":\"https:\/\/graindesail.com\/fr\/produit\/tablette-de-chocolat-noir-raisins-et-sarrasin-torrefie-100g-bio\/#breadcrumb\",\"itemListElement\":[{\"@type\":\"ListItem\",\"position\":1,\"name\":\"Home\",\"item\":\"https:\/\/graindesail.com\/fr\/\"},{\"@type\":\"ListItem\",\"position\":2,\"name\":\"Notre boutique en ligne\",\"item\":\"https:\/\/graindesail.com\/fr\/notre-boutique-en-ligne\/\"},{\"@type\":\"ListItem\",\"position\":3,\"name\":\"Noir, raisins et sarrasin torr\u00e9fi\u00e9\"}]},{\"@type\":\"WebSite\",\"@id\":\"https:\/\/graindesail.com\/fr\/#website\",\"url\":\"https:\/\/graindesail.com\/fr\/\",\"name\":\"GDS\",\"description\":\"\",\"publisher\":{\"@id\":\"https:\/\/graindesail.com\/fr\/#organization\"},\"potentialAction\":[{\"@type\":\"SearchAction\",\"target\":{\"@type\":\"EntryPoint\",\"urlTemplate\":\"https:\/\/graindesail.com\/fr\/?s={search_term_string}\"},\"query-input\":{\"@type\":\"PropertyValueSpecification\",\"valueRequired\":true,\"valueName\":\"search_term_string\"}}],\"inLanguage\":\"fr-FR\"},{\"@type\":\"Organization\",\"@id\":\"https:\/\/graindesail.com\/fr\/#organization\",\"name\":\"GDS\",\"url\":\"https:\/\/graindesail.com\/fr\/\",\"logo\":{\"@type\":\"ImageObject\",\"inLanguage\":\"fr-FR\",\"@id\":\"https:\/\/graindesail.com\/fr\/#\/schema\/logo\/image\/\",\"url\":\"https:\/\/graindesail.com\/wp-content\/uploads\/2024\/12\/logo.svg\",\"contentUrl\":\"https:\/\/graindesail.com\/wp-content\/uploads\/2024\/12\/logo.svg\",\"width\":82,\"height\":130,\"caption\":\"GDS\"},\"image\":{\"@id\":\"https:\/\/graindesail.com\/fr\/#\/schema\/logo\/image\/\"}}]}<\/script>\n<!-- \/ Yoast SEO plugin. -->","yoast_head_json":{"title":"Tablette Chocolat Noir Raisins et Sarrasin - Bio - Grain de Sail","description":"Tablette de chocolat Noir. Entrez dans les cuisines bretonnes traditionnelles avec ce go\u00fbt de sarrasin torr\u00e9fi\u00e9 sublim\u00e9 par le raisin sec.\u00a0","robots":{"index":"index","follow":"follow","max-snippet":"max-snippet:-1","max-image-preview":"max-image-preview:large","max-video-preview":"max-video-preview:-1"},"canonical":"https:\/\/graindesail.com\/fr\/produit\/tablette-de-chocolat-noir-raisins-et-sarrasin-torrefie-100g-bio\/","og_locale":"fr_FR","og_type":"article","og_title":"Tablette Chocolat Noir Raisins et Sarrasin - Bio - Grain de Sail","og_description":"Tablette de chocolat Noir. Entrez dans les cuisines bretonnes traditionnelles avec ce go\u00fbt de sarrasin torr\u00e9fi\u00e9 sublim\u00e9 par le raisin sec.\u00a0","og_url":"https:\/\/graindesail.com\/fr\/produit\/tablette-de-chocolat-noir-raisins-et-sarrasin-torrefie-100g-bio\/","og_site_name":"GDS","article_modified_time":"2026-04-30T00:00:44+00:00","og_image":[{"width":424,"height":774,"url":"https:\/\/graindesail.com\/wp-content\/uploads\/2026\/02\/GDS-NOIR-RAISIN-10ANS-RECTO-BD.png","type":"image\/png"}],"twitter_card":"summary_large_image","twitter_misc":{"Dur\u00e9e de lecture estim\u00e9e":"1 minute"},"schema":{"@context":"https:\/\/schema.org","@graph":[{"@type":"WebPage","@id":"https:\/\/graindesail.com\/fr\/produit\/tablette-de-chocolat-noir-raisins-et-sarrasin-torrefie-100g-bio\/","url":"https:\/\/graindesail.com\/fr\/produit\/tablette-de-chocolat-noir-raisins-et-sarrasin-torrefie-100g-bio\/","name":"Tablette Chocolat Noir Raisins et Sarrasin - Bio - Grain de Sail","isPartOf":{"@id":"https:\/\/graindesail.com\/fr\/#website"},"primaryImageOfPage":{"@id":"https:\/\/graindesail.com\/fr\/produit\/tablette-de-chocolat-noir-raisins-et-sarrasin-torrefie-100g-bio\/#primaryimage"},"image":{"@id":"https:\/\/graindesail.com\/fr\/produit\/tablette-de-chocolat-noir-raisins-et-sarrasin-torrefie-100g-bio\/#primaryimage"},"thumbnailUrl":"https:\/\/graindesail.com\/wp-content\/uploads\/2026\/02\/GDS-NOIR-RAISIN-10ANS-RECTO-BD.png","datePublished":"2025-02-16T02:09:18+00:00","dateModified":"2026-04-30T00:00:44+00:00","description":"Tablette de chocolat Noir. Entrez dans les cuisines bretonnes traditionnelles avec ce go\u00fbt de sarrasin torr\u00e9fi\u00e9 sublim\u00e9 par le raisin sec.\u00a0","breadcrumb":{"@id":"https:\/\/graindesail.com\/fr\/produit\/tablette-de-chocolat-noir-raisins-et-sarrasin-torrefie-100g-bio\/#breadcrumb"},"inLanguage":"fr-FR","potentialAction":[{"@type":"ReadAction","target":["https:\/\/graindesail.com\/fr\/produit\/tablette-de-chocolat-noir-raisins-et-sarrasin-torrefie-100g-bio\/"]}]},{"@type":"ImageObject","inLanguage":"fr-FR","@id":"https:\/\/graindesail.com\/fr\/produit\/tablette-de-chocolat-noir-raisins-et-sarrasin-torrefie-100g-bio\/#primaryimage","url":"https:\/\/graindesail.com\/wp-content\/uploads\/2026\/02\/GDS-NOIR-RAISIN-10ANS-RECTO-BD.png","contentUrl":"https:\/\/graindesail.com\/wp-content\/uploads\/2026\/02\/GDS-NOIR-RAISIN-10ANS-RECTO-BD.png","width":424,"height":774,"caption":"Tablette Noir Raisins Sarrasin - Bandeau 10 ans"},{"@type":"BreadcrumbList","@id":"https:\/\/graindesail.com\/fr\/produit\/tablette-de-chocolat-noir-raisins-et-sarrasin-torrefie-100g-bio\/#breadcrumb","itemListElement":[{"@type":"ListItem","position":1,"name":"Home","item":"https:\/\/graindesail.com\/fr\/"},{"@type":"ListItem","position":2,"name":"Notre boutique en ligne","item":"https:\/\/graindesail.com\/fr\/notre-boutique-en-ligne\/"},{"@type":"ListItem","position":3,"name":"Noir, raisins et sarrasin torr\u00e9fi\u00e9"}]},{"@type":"WebSite","@id":"https:\/\/graindesail.com\/fr\/#website","url":"https:\/\/graindesail.com\/fr\/","name":"GDS","description":"","publisher":{"@id":"https:\/\/graindesail.com\/fr\/#organization"},"potentialAction":[{"@type":"SearchAction","target":{"@type":"EntryPoint","urlTemplate":"https:\/\/graindesail.com\/fr\/?s={search_term_string}"},"query-input":{"@type":"PropertyValueSpecification","valueRequired":true,"valueName":"search_term_string"}}],"inLanguage":"fr-FR"},{"@type":"Organization","@id":"https:\/\/graindesail.com\/fr\/#organization","name":"GDS","url":"https:\/\/graindesail.com\/fr\/","logo":{"@type":"ImageObject","inLanguage":"fr-FR","@id":"https:\/\/graindesail.com\/fr\/#\/schema\/logo\/image\/","url":"https:\/\/graindesail.com\/wp-content\/uploads\/2024\/12\/logo.svg","contentUrl":"https:\/\/graindesail.com\/wp-content\/uploads\/2024\/12\/logo.svg","width":82,"height":130,"caption":"GDS"},"image":{"@id":"https:\/\/graindesail.com\/fr\/#\/schema\/logo\/image\/"}}]}},"_links":{"self":[{"href":"https:\/\/graindesail.com\/fr\/wp-json\/wp\/v2\/product\/5538","targetHints":{"allow":["GET"]}}],"collection":[{"href":"https:\/\/graindesail.com\/fr\/wp-json\/wp\/v2\/product"}],"about":[{"href":"https:\/\/graindesail.com\/fr\/wp-json\/wp\/v2\/types\/product"}],"replies":[{"embeddable":true,"href":"https:\/\/graindesail.com\/fr\/wp-json\/wp\/v2\/comments?post=5538"}],"wp:featuredmedia":[{"embeddable":true,"href":"https:\/\/graindesail.com\/fr\/wp-json\/wp\/v2\/media\/23933"}],"wp:attachment":[{"href":"https:\/\/graindesail.com\/fr\/wp-json\/wp\/v2\/media?parent=5538"}],"wp:term":[{"taxonomy":"product_brand","embeddable":true,"href":"https:\/\/graindesail.com\/fr\/wp-json\/wp\/v2\/product_brand?post=5538"},{"taxonomy":"product_cat","embeddable":true,"href":"https:\/\/graindesail.com\/fr\/wp-json\/wp\/v2\/product_cat?post=5538"},{"taxonomy":"product_tag","embeddable":true,"href":"https:\/\/graindesail.com\/fr\/wp-json\/wp\/v2\/product_tag?post=5538"}],"curies":[{"name":"wp","href":"https:\/\/api.w.org\/{rel}","templated":true}]}}