{"id":5521,"date":"2025-02-16T01:45:42","date_gmt":"2025-02-16T01:45:42","guid":{"rendered":"https:\/\/test.graindesail.com\/?post_type=product&#038;p=5521"},"modified":"2026-04-30T00:00:45","modified_gmt":"2026-04-30T00:00:45","slug":"tablette-de-chocolat-noir-et-fleur-de-sel-100g-bio","status":"publish","type":"product","link":"https:\/\/graindesail.com\/fr\/produit\/tablette-de-chocolat-noir-et-fleur-de-sel-100g-bio\/","title":{"rendered":"Noir et fleur de sel"},"content":{"rendered":"<p><span style=\"font-family: Calibri,sans-serif;\"><span style=\"font-size: 16px;\">Le plaisir d&#8217;un chocolat noir bien \u00e9quilibr\u00e9 rehauss\u00e9 par une pinc\u00e9e de fleur de sel ! C&#8217;est le chocolat de tous les jours et de toutes les circonstances.<br \/>\nLa <a href=\"https:\/\/graindesail.com\/fr\/categorie-produit\/chocolat\/chocolat-tablette\/\">tablette <\/a>de chocolat Noir Fleur de Sel offre une d\u00e9gustation \u00e0 la fois intense et \u00e9quilibr\u00e9e. Le cacao bio r\u00e9v\u00e8le toute sa richesse aromatique, tandis que la fleur de sel apporte une subtile touche saline qui sublime les notes du chocolat noir.<br \/>\nCe contraste d\u00e9licat met en valeur la profondeur du cacao et prolonge la longueur en bouche.<br \/>\nCette tablette de Grain de Sail s\u00e9duira les amateurs de <a href=\"https:\/\/graindesail.com\/fr\/categorie-produit\/chocolat\/\">chocolat <\/a>noir \u00e0 la recherche d&#8217;une exp\u00e9rience gustative raffin\u00e9e.<br \/>\nId\u00e9ale pour une pause gourmande ou pour accompagner un caf\u00e9 elle r\u00e9v\u00e8le tout le savoir-faire d&#8217;un chocolat bio soigneusement \u00e9labor\u00e9.\u00a0<\/span><\/span><\/p>\n<p><span style=\"font-size: 12pt;\"><span style=\"font-family: Calibri,sans-serif;\"><strong>Allerg\u00e8nes : Peut contenir des traces de fruits \u00e0 coque, de graines de s\u00e9same, de lait, d\u2019arachides et de c\u00e9r\u00e9ales contenant du gluten.<\/strong><\/span><\/span><br \/>\n<span style=\"font-size: 12pt;\"><span style=\"font-family: Calibri,sans-serif;\"><strong><span style=\"color: #c00000;\">En cas de stockage inadapt\u00e9, un voile blanc peut appara\u00eetre \u00e0 la surface du produit. Ce ph\u00e9nom\u00e8ne naturel n\u2019a aucun impact sur la sant\u00e9 du consommateur.\u00a0<\/span><\/strong><\/span><\/span><br \/>\n<span style=\"font-size: 12pt;\"><span style=\"font-family: Calibri,sans-serif;\">Conseil : conserver au sec et au frais<\/span><\/span><br \/>\n<span style=\"font-size: 12pt;\"><span style=\"font-family: Calibri,sans-serif;\">\u00c0 consommer de de pr\u00e9f\u00e9rence avant la date pr\u00e9sente sur l\u2019emballage<\/span><\/span><br \/>\n<span style=\"font-size: 12pt;\"><span style=\"font-family: Calibri,sans-serif;\">Poids net 100g<\/span><\/span><br \/>\n<span style=\"font-size: 12pt;\"><span style=\"font-family: Calibri,sans-serif;\">Produit biologique (FR-BIO-13)<\/span><\/span><\/p>\n<p>Pensez au tri, la plan\u00e8te vous remercie !<\/p>\n","protected":false},"excerpt":{"rendered":"<p>Tablette de chocolat Noir 62% de cacao avec inclusions fleur de sel &#8211; 100G &#8211; BIO<\/p>\n","protected":false},"featured_media":26737,"comment_status":"open","ping_status":"closed","template":"","meta":{"_acf_changed":false},"product_brand":[],"product_cat":[546,42,609],"product_tag":[],"class_list":{"0":"post-5521","1":"product","2":"type-product","3":"status-publish","4":"has-post-thumbnail","6":"product_cat-ape","7":"product_cat-chocolat","8":"product_cat-chocolat-tablette","10":"first","11":"instock","12":"taxable","13":"shipping-taxable","14":"purchasable","15":"product-type-simple"},"acf":[],"yoast_head":"<!-- This site is optimized with the Yoast SEO plugin v25.5 - https:\/\/yoast.com\/wordpress\/plugins\/seo\/ -->\n<title>Tablette Chocolat Noir Fleur de sel - Bio - Grain de Sail<\/title>\n<meta name=\"description\" content=\"Tablette de chocolat Noir Fleur de Sel. Le plaisir d&#039;un chocolat noir bien \u00e9quilibr\u00e9 rehauss\u00e9 par une pinc\u00e9e de fleur de sel !\" \/>\n<meta name=\"robots\" content=\"index, follow, max-snippet:-1, max-image-preview:large, max-video-preview:-1\" \/>\n<link rel=\"canonical\" href=\"https:\/\/graindesail.com\/fr\/produit\/tablette-de-chocolat-noir-et-fleur-de-sel-100g-bio\/\" \/>\n<meta property=\"og:locale\" content=\"fr_FR\" \/>\n<meta property=\"og:type\" content=\"article\" \/>\n<meta property=\"og:title\" content=\"Tablette Chocolat Noir Fleur de sel - Bio - Grain de Sail\" \/>\n<meta property=\"og:description\" content=\"Tablette de chocolat Noir Fleur de Sel. Le plaisir d&#039;un chocolat noir bien \u00e9quilibr\u00e9 rehauss\u00e9 par une pinc\u00e9e de fleur de sel !\" \/>\n<meta property=\"og:url\" content=\"https:\/\/graindesail.com\/fr\/produit\/tablette-de-chocolat-noir-et-fleur-de-sel-100g-bio\/\" \/>\n<meta property=\"og:site_name\" content=\"GDS\" \/>\n<meta property=\"article:modified_time\" content=\"2026-04-30T00:00:45+00:00\" \/>\n<meta property=\"og:image\" content=\"https:\/\/graindesail.com\/wp-content\/uploads\/2025\/02\/Capture-decran-2025-12-23-a-16.14.05.png\" \/>\n\t<meta property=\"og:image:width\" content=\"429\" \/>\n\t<meta property=\"og:image:height\" content=\"787\" \/>\n\t<meta property=\"og:image:type\" content=\"image\/png\" \/>\n<meta name=\"twitter:card\" content=\"summary_large_image\" \/>\n<meta name=\"twitter:label1\" content=\"Dur\u00e9e de lecture estim\u00e9e\" \/>\n\t<meta name=\"twitter:data1\" content=\"2 minutes\" \/>\n<script type=\"application\/ld+json\" class=\"yoast-schema-graph\">{\"@context\":\"https:\/\/schema.org\",\"@graph\":[{\"@type\":\"WebPage\",\"@id\":\"https:\/\/graindesail.com\/fr\/produit\/tablette-de-chocolat-noir-et-fleur-de-sel-100g-bio\/\",\"url\":\"https:\/\/graindesail.com\/fr\/produit\/tablette-de-chocolat-noir-et-fleur-de-sel-100g-bio\/\",\"name\":\"Tablette Chocolat Noir Fleur de sel - Bio - Grain de Sail\",\"isPartOf\":{\"@id\":\"https:\/\/graindesail.com\/fr\/#website\"},\"primaryImageOfPage\":{\"@id\":\"https:\/\/graindesail.com\/fr\/produit\/tablette-de-chocolat-noir-et-fleur-de-sel-100g-bio\/#primaryimage\"},\"image\":{\"@id\":\"https:\/\/graindesail.com\/fr\/produit\/tablette-de-chocolat-noir-et-fleur-de-sel-100g-bio\/#primaryimage\"},\"thumbnailUrl\":\"https:\/\/graindesail.com\/wp-content\/uploads\/2025\/02\/Capture-decran-2025-12-23-a-16.14.05.png\",\"datePublished\":\"2025-02-16T01:45:42+00:00\",\"dateModified\":\"2026-04-30T00:00:45+00:00\",\"description\":\"Tablette de chocolat Noir Fleur de Sel. Le plaisir d'un chocolat noir bien \u00e9quilibr\u00e9 rehauss\u00e9 par une pinc\u00e9e de fleur de sel !\",\"breadcrumb\":{\"@id\":\"https:\/\/graindesail.com\/fr\/produit\/tablette-de-chocolat-noir-et-fleur-de-sel-100g-bio\/#breadcrumb\"},\"inLanguage\":\"fr-FR\",\"potentialAction\":[{\"@type\":\"ReadAction\",\"target\":[\"https:\/\/graindesail.com\/fr\/produit\/tablette-de-chocolat-noir-et-fleur-de-sel-100g-bio\/\"]}]},{\"@type\":\"ImageObject\",\"inLanguage\":\"fr-FR\",\"@id\":\"https:\/\/graindesail.com\/fr\/produit\/tablette-de-chocolat-noir-et-fleur-de-sel-100g-bio\/#primaryimage\",\"url\":\"https:\/\/graindesail.com\/wp-content\/uploads\/2025\/02\/Capture-decran-2025-12-23-a-16.14.05.png\",\"contentUrl\":\"https:\/\/graindesail.com\/wp-content\/uploads\/2025\/02\/Capture-decran-2025-12-23-a-16.14.05.png\",\"width\":429,\"height\":787,\"caption\":\"\u00c9dition limit\u00e9e Noir Fleur de Sel 10 ans - Peintre Jonathan Florent\"},{\"@type\":\"BreadcrumbList\",\"@id\":\"https:\/\/graindesail.com\/fr\/produit\/tablette-de-chocolat-noir-et-fleur-de-sel-100g-bio\/#breadcrumb\",\"itemListElement\":[{\"@type\":\"ListItem\",\"position\":1,\"name\":\"Home\",\"item\":\"https:\/\/graindesail.com\/fr\/\"},{\"@type\":\"ListItem\",\"position\":2,\"name\":\"Notre boutique en ligne\",\"item\":\"https:\/\/graindesail.com\/fr\/notre-boutique-en-ligne\/\"},{\"@type\":\"ListItem\",\"position\":3,\"name\":\"Noir et fleur de sel\"}]},{\"@type\":\"WebSite\",\"@id\":\"https:\/\/graindesail.com\/fr\/#website\",\"url\":\"https:\/\/graindesail.com\/fr\/\",\"name\":\"GDS\",\"description\":\"\",\"publisher\":{\"@id\":\"https:\/\/graindesail.com\/fr\/#organization\"},\"potentialAction\":[{\"@type\":\"SearchAction\",\"target\":{\"@type\":\"EntryPoint\",\"urlTemplate\":\"https:\/\/graindesail.com\/fr\/?s={search_term_string}\"},\"query-input\":{\"@type\":\"PropertyValueSpecification\",\"valueRequired\":true,\"valueName\":\"search_term_string\"}}],\"inLanguage\":\"fr-FR\"},{\"@type\":\"Organization\",\"@id\":\"https:\/\/graindesail.com\/fr\/#organization\",\"name\":\"GDS\",\"url\":\"https:\/\/graindesail.com\/fr\/\",\"logo\":{\"@type\":\"ImageObject\",\"inLanguage\":\"fr-FR\",\"@id\":\"https:\/\/graindesail.com\/fr\/#\/schema\/logo\/image\/\",\"url\":\"https:\/\/graindesail.com\/wp-content\/uploads\/2024\/12\/logo.svg\",\"contentUrl\":\"https:\/\/graindesail.com\/wp-content\/uploads\/2024\/12\/logo.svg\",\"width\":82,\"height\":130,\"caption\":\"GDS\"},\"image\":{\"@id\":\"https:\/\/graindesail.com\/fr\/#\/schema\/logo\/image\/\"}}]}<\/script>\n<!-- \/ Yoast SEO plugin. -->","yoast_head_json":{"title":"Tablette Chocolat Noir Fleur de sel - Bio - Grain de Sail","description":"Tablette de chocolat Noir Fleur de Sel. Le plaisir d'un chocolat noir bien \u00e9quilibr\u00e9 rehauss\u00e9 par une pinc\u00e9e de fleur de sel !","robots":{"index":"index","follow":"follow","max-snippet":"max-snippet:-1","max-image-preview":"max-image-preview:large","max-video-preview":"max-video-preview:-1"},"canonical":"https:\/\/graindesail.com\/fr\/produit\/tablette-de-chocolat-noir-et-fleur-de-sel-100g-bio\/","og_locale":"fr_FR","og_type":"article","og_title":"Tablette Chocolat Noir Fleur de sel - Bio - Grain de Sail","og_description":"Tablette de chocolat Noir Fleur de Sel. Le plaisir d'un chocolat noir bien \u00e9quilibr\u00e9 rehauss\u00e9 par une pinc\u00e9e de fleur de sel !","og_url":"https:\/\/graindesail.com\/fr\/produit\/tablette-de-chocolat-noir-et-fleur-de-sel-100g-bio\/","og_site_name":"GDS","article_modified_time":"2026-04-30T00:00:45+00:00","og_image":[{"width":429,"height":787,"url":"https:\/\/graindesail.com\/wp-content\/uploads\/2025\/02\/Capture-decran-2025-12-23-a-16.14.05.png","type":"image\/png"}],"twitter_card":"summary_large_image","twitter_misc":{"Dur\u00e9e de lecture estim\u00e9e":"2 minutes"},"schema":{"@context":"https:\/\/schema.org","@graph":[{"@type":"WebPage","@id":"https:\/\/graindesail.com\/fr\/produit\/tablette-de-chocolat-noir-et-fleur-de-sel-100g-bio\/","url":"https:\/\/graindesail.com\/fr\/produit\/tablette-de-chocolat-noir-et-fleur-de-sel-100g-bio\/","name":"Tablette Chocolat Noir Fleur de sel - Bio - Grain de Sail","isPartOf":{"@id":"https:\/\/graindesail.com\/fr\/#website"},"primaryImageOfPage":{"@id":"https:\/\/graindesail.com\/fr\/produit\/tablette-de-chocolat-noir-et-fleur-de-sel-100g-bio\/#primaryimage"},"image":{"@id":"https:\/\/graindesail.com\/fr\/produit\/tablette-de-chocolat-noir-et-fleur-de-sel-100g-bio\/#primaryimage"},"thumbnailUrl":"https:\/\/graindesail.com\/wp-content\/uploads\/2025\/02\/Capture-decran-2025-12-23-a-16.14.05.png","datePublished":"2025-02-16T01:45:42+00:00","dateModified":"2026-04-30T00:00:45+00:00","description":"Tablette de chocolat Noir Fleur de Sel. Le plaisir d'un chocolat noir bien \u00e9quilibr\u00e9 rehauss\u00e9 par une pinc\u00e9e de fleur de sel !","breadcrumb":{"@id":"https:\/\/graindesail.com\/fr\/produit\/tablette-de-chocolat-noir-et-fleur-de-sel-100g-bio\/#breadcrumb"},"inLanguage":"fr-FR","potentialAction":[{"@type":"ReadAction","target":["https:\/\/graindesail.com\/fr\/produit\/tablette-de-chocolat-noir-et-fleur-de-sel-100g-bio\/"]}]},{"@type":"ImageObject","inLanguage":"fr-FR","@id":"https:\/\/graindesail.com\/fr\/produit\/tablette-de-chocolat-noir-et-fleur-de-sel-100g-bio\/#primaryimage","url":"https:\/\/graindesail.com\/wp-content\/uploads\/2025\/02\/Capture-decran-2025-12-23-a-16.14.05.png","contentUrl":"https:\/\/graindesail.com\/wp-content\/uploads\/2025\/02\/Capture-decran-2025-12-23-a-16.14.05.png","width":429,"height":787,"caption":"\u00c9dition limit\u00e9e Noir Fleur de Sel 10 ans - Peintre Jonathan Florent"},{"@type":"BreadcrumbList","@id":"https:\/\/graindesail.com\/fr\/produit\/tablette-de-chocolat-noir-et-fleur-de-sel-100g-bio\/#breadcrumb","itemListElement":[{"@type":"ListItem","position":1,"name":"Home","item":"https:\/\/graindesail.com\/fr\/"},{"@type":"ListItem","position":2,"name":"Notre boutique en ligne","item":"https:\/\/graindesail.com\/fr\/notre-boutique-en-ligne\/"},{"@type":"ListItem","position":3,"name":"Noir et fleur de sel"}]},{"@type":"WebSite","@id":"https:\/\/graindesail.com\/fr\/#website","url":"https:\/\/graindesail.com\/fr\/","name":"GDS","description":"","publisher":{"@id":"https:\/\/graindesail.com\/fr\/#organization"},"potentialAction":[{"@type":"SearchAction","target":{"@type":"EntryPoint","urlTemplate":"https:\/\/graindesail.com\/fr\/?s={search_term_string}"},"query-input":{"@type":"PropertyValueSpecification","valueRequired":true,"valueName":"search_term_string"}}],"inLanguage":"fr-FR"},{"@type":"Organization","@id":"https:\/\/graindesail.com\/fr\/#organization","name":"GDS","url":"https:\/\/graindesail.com\/fr\/","logo":{"@type":"ImageObject","inLanguage":"fr-FR","@id":"https:\/\/graindesail.com\/fr\/#\/schema\/logo\/image\/","url":"https:\/\/graindesail.com\/wp-content\/uploads\/2024\/12\/logo.svg","contentUrl":"https:\/\/graindesail.com\/wp-content\/uploads\/2024\/12\/logo.svg","width":82,"height":130,"caption":"GDS"},"image":{"@id":"https:\/\/graindesail.com\/fr\/#\/schema\/logo\/image\/"}}]}},"_links":{"self":[{"href":"https:\/\/graindesail.com\/fr\/wp-json\/wp\/v2\/product\/5521","targetHints":{"allow":["GET"]}}],"collection":[{"href":"https:\/\/graindesail.com\/fr\/wp-json\/wp\/v2\/product"}],"about":[{"href":"https:\/\/graindesail.com\/fr\/wp-json\/wp\/v2\/types\/product"}],"replies":[{"embeddable":true,"href":"https:\/\/graindesail.com\/fr\/wp-json\/wp\/v2\/comments?post=5521"}],"wp:featuredmedia":[{"embeddable":true,"href":"https:\/\/graindesail.com\/fr\/wp-json\/wp\/v2\/media\/26737"}],"wp:attachment":[{"href":"https:\/\/graindesail.com\/fr\/wp-json\/wp\/v2\/media?parent=5521"}],"wp:term":[{"taxonomy":"product_brand","embeddable":true,"href":"https:\/\/graindesail.com\/fr\/wp-json\/wp\/v2\/product_brand?post=5521"},{"taxonomy":"product_cat","embeddable":true,"href":"https:\/\/graindesail.com\/fr\/wp-json\/wp\/v2\/product_cat?post=5521"},{"taxonomy":"product_tag","embeddable":true,"href":"https:\/\/graindesail.com\/fr\/wp-json\/wp\/v2\/product_tag?post=5521"}],"curies":[{"name":"wp","href":"https:\/\/api.w.org\/{rel}","templated":true}]}}