{"id":24499,"date":"2026-02-20T14:52:33","date_gmt":"2026-02-20T14:52:33","guid":{"rendered":"https:\/\/graindesail.com\/?post_type=product&#038;p=24499"},"modified":"2026-04-14T12:50:33","modified_gmt":"2026-04-14T12:50:33","slug":"cafe-ethiopie-sidamo-500g-bio-en-grains","status":"publish","type":"product","link":"https:\/\/graindesail.com\/fr\/produit\/cafe-ethiopie-sidamo-500g-bio-en-grains\/","title":{"rendered":"Caf\u00e9 Ethiopie Sidamo &#8211; 500G &#8211; BIO &#8211; en Grains"},"content":{"rendered":"<p>D\u00e9couvrez le caf\u00e9 Ethiopie Sidamo, cultiv\u00e9 en altitude entre 1500 et 2200 m\u00e8tres.<\/p>\n<p>En tasse, ce caf\u00e9 r\u00e9v\u00e8le un profil vif et raffin\u00e9, marqu\u00e9 par une acidit\u00e9 \u00e9voquant le citron et une l\u00e9g\u00e8re note de bergamote accompagn\u00e9e d&#8217;ar\u00f4mes floraux d\u00e9licats. Le corps est moyen \u00e0 la texture soyeuse, soutenu par de subtiles notes \u00e9pic\u00e9es et chocolat. Le r\u00e9sultat est net et persistant, avec une r\u00e9manence florale proche du th\u00e9 au jasmin.<\/p>\n<p>EN GRAINS<\/p>\n<p>Poids net : 500g<\/p>\n<p>Date de durabilit\u00e9 minimale (DDM) : 1 an<\/p>\n<p><strong>Sachet \u00e0 conserver \u00e0 l&#8217;abri de la lumi\u00e8re et de l&#8217;air, au sec. Refermez rapidement votre sachet apr\u00e8s ouverture et consommez-le dans un d\u00e9lai court afin de d&#8217;en pr\u00e9server toutes ses qualit\u00e9s.<\/strong><\/p>\n<p>Produit issu de l&#8217;Agriculture Biologique FR-BIO 13<\/p>\n<p>Pensez au tri, la plan\u00e8te vous remercie !<\/p>\n","protected":false},"excerpt":{"rendered":"<p>Caf\u00e9 d&#8217;Ethiopie \u2013 Sidamo<\/p>\n","protected":false},"featured_media":27222,"comment_status":"open","ping_status":"closed","template":"","meta":{"_acf_changed":false},"product_brand":[],"product_cat":[242,590],"product_tag":[],"class_list":{"0":"post-24499","1":"product","2":"type-product","3":"status-publish","4":"has-post-thumbnail","6":"product_cat-cafes","7":"product_cat-cafes-en-grains","9":"first","10":"instock","11":"taxable","12":"shipping-taxable","13":"purchasable","14":"product-type-simple"},"acf":[],"yoast_head":"<!-- This site is optimized with the Yoast SEO plugin v25.5 - https:\/\/yoast.com\/wordpress\/plugins\/seo\/ -->\n<title>Caf\u00e9 en Grains - Ethiopie Sidamo - 500G - BIO<\/title>\n<meta name=\"description\" content=\"Caf\u00e9 Ethiopie Sidamo bio en grains (500g) : notes citronn\u00e9es, florales et chocolat\u00e9es. Un caf\u00e9 d\u2019altitude vif et raffin\u00e9, id\u00e9al pour amateurs exigeants.\" \/>\n<meta name=\"robots\" content=\"index, follow, max-snippet:-1, max-image-preview:large, max-video-preview:-1\" \/>\n<link rel=\"canonical\" href=\"https:\/\/graindesail.com\/fr\/produit\/cafe-ethiopie-sidamo-500g-bio-en-grains\/\" \/>\n<meta property=\"og:locale\" content=\"fr_FR\" \/>\n<meta property=\"og:type\" content=\"article\" \/>\n<meta property=\"og:title\" content=\"Caf\u00e9 en Grains - Ethiopie Sidamo - 500G - BIO\" \/>\n<meta property=\"og:description\" content=\"Caf\u00e9 Ethiopie Sidamo bio en grains (500g) : notes citronn\u00e9es, florales et chocolat\u00e9es. Un caf\u00e9 d\u2019altitude vif et raffin\u00e9, id\u00e9al pour amateurs exigeants.\" \/>\n<meta property=\"og:url\" content=\"https:\/\/graindesail.com\/fr\/produit\/cafe-ethiopie-sidamo-500g-bio-en-grains\/\" \/>\n<meta property=\"og:site_name\" content=\"GDS\" \/>\n<meta property=\"article:modified_time\" content=\"2026-04-14T12:50:33+00:00\" \/>\n<meta property=\"og:image\" content=\"https:\/\/graindesail.com\/wp-content\/uploads\/2026\/02\/Visuel-Ethiopie-Sidamo-500G.jpg\" \/>\n\t<meta property=\"og:image:width\" content=\"1749\" \/>\n\t<meta property=\"og:image:height\" content=\"1749\" \/>\n\t<meta property=\"og:image:type\" content=\"image\/jpeg\" \/>\n<meta name=\"twitter:card\" content=\"summary_large_image\" \/>\n<meta name=\"twitter:label1\" content=\"Dur\u00e9e de lecture estim\u00e9e\" \/>\n\t<meta name=\"twitter:data1\" content=\"1 minute\" \/>\n<script type=\"application\/ld+json\" class=\"yoast-schema-graph\">{\"@context\":\"https:\/\/schema.org\",\"@graph\":[{\"@type\":\"WebPage\",\"@id\":\"https:\/\/graindesail.com\/fr\/produit\/cafe-ethiopie-sidamo-500g-bio-en-grains\/\",\"url\":\"https:\/\/graindesail.com\/fr\/produit\/cafe-ethiopie-sidamo-500g-bio-en-grains\/\",\"name\":\"Caf\u00e9 en Grains - Ethiopie Sidamo - 500G - BIO\",\"isPartOf\":{\"@id\":\"https:\/\/graindesail.com\/fr\/#website\"},\"primaryImageOfPage\":{\"@id\":\"https:\/\/graindesail.com\/fr\/produit\/cafe-ethiopie-sidamo-500g-bio-en-grains\/#primaryimage\"},\"image\":{\"@id\":\"https:\/\/graindesail.com\/fr\/produit\/cafe-ethiopie-sidamo-500g-bio-en-grains\/#primaryimage\"},\"thumbnailUrl\":\"https:\/\/graindesail.com\/wp-content\/uploads\/2026\/02\/Visuel-Ethiopie-Sidamo-500G.jpg\",\"datePublished\":\"2026-02-20T14:52:33+00:00\",\"dateModified\":\"2026-04-14T12:50:33+00:00\",\"description\":\"Caf\u00e9 Ethiopie Sidamo bio en grains (500g) : notes citronn\u00e9es, florales et chocolat\u00e9es. Un caf\u00e9 d\u2019altitude vif et raffin\u00e9, id\u00e9al pour amateurs exigeants.\",\"breadcrumb\":{\"@id\":\"https:\/\/graindesail.com\/fr\/produit\/cafe-ethiopie-sidamo-500g-bio-en-grains\/#breadcrumb\"},\"inLanguage\":\"fr-FR\",\"potentialAction\":[{\"@type\":\"ReadAction\",\"target\":[\"https:\/\/graindesail.com\/fr\/produit\/cafe-ethiopie-sidamo-500g-bio-en-grains\/\"]}]},{\"@type\":\"ImageObject\",\"inLanguage\":\"fr-FR\",\"@id\":\"https:\/\/graindesail.com\/fr\/produit\/cafe-ethiopie-sidamo-500g-bio-en-grains\/#primaryimage\",\"url\":\"https:\/\/graindesail.com\/wp-content\/uploads\/2026\/02\/Visuel-Ethiopie-Sidamo-500G.jpg\",\"contentUrl\":\"https:\/\/graindesail.com\/wp-content\/uploads\/2026\/02\/Visuel-Ethiopie-Sidamo-500G.jpg\",\"width\":1749,\"height\":1749,\"caption\":\"Sachet de caf\u00e9 Ethiopie Sidamo 500G\"},{\"@type\":\"BreadcrumbList\",\"@id\":\"https:\/\/graindesail.com\/fr\/produit\/cafe-ethiopie-sidamo-500g-bio-en-grains\/#breadcrumb\",\"itemListElement\":[{\"@type\":\"ListItem\",\"position\":1,\"name\":\"Home\",\"item\":\"https:\/\/graindesail.com\/fr\/\"},{\"@type\":\"ListItem\",\"position\":2,\"name\":\"Notre boutique en ligne\",\"item\":\"https:\/\/graindesail.com\/fr\/notre-boutique-en-ligne\/\"},{\"@type\":\"ListItem\",\"position\":3,\"name\":\"Caf\u00e9 Ethiopie Sidamo &#8211; 500G &#8211; BIO &#8211; en Grains\"}]},{\"@type\":\"WebSite\",\"@id\":\"https:\/\/graindesail.com\/fr\/#website\",\"url\":\"https:\/\/graindesail.com\/fr\/\",\"name\":\"GDS\",\"description\":\"\",\"publisher\":{\"@id\":\"https:\/\/graindesail.com\/fr\/#organization\"},\"potentialAction\":[{\"@type\":\"SearchAction\",\"target\":{\"@type\":\"EntryPoint\",\"urlTemplate\":\"https:\/\/graindesail.com\/fr\/?s={search_term_string}\"},\"query-input\":{\"@type\":\"PropertyValueSpecification\",\"valueRequired\":true,\"valueName\":\"search_term_string\"}}],\"inLanguage\":\"fr-FR\"},{\"@type\":\"Organization\",\"@id\":\"https:\/\/graindesail.com\/fr\/#organization\",\"name\":\"GDS\",\"url\":\"https:\/\/graindesail.com\/fr\/\",\"logo\":{\"@type\":\"ImageObject\",\"inLanguage\":\"fr-FR\",\"@id\":\"https:\/\/graindesail.com\/fr\/#\/schema\/logo\/image\/\",\"url\":\"https:\/\/graindesail.com\/wp-content\/uploads\/2024\/12\/logo.svg\",\"contentUrl\":\"https:\/\/graindesail.com\/wp-content\/uploads\/2024\/12\/logo.svg\",\"width\":82,\"height\":130,\"caption\":\"GDS\"},\"image\":{\"@id\":\"https:\/\/graindesail.com\/fr\/#\/schema\/logo\/image\/\"}}]}<\/script>\n<!-- \/ Yoast SEO plugin. -->","yoast_head_json":{"title":"Caf\u00e9 en Grains - Ethiopie Sidamo - 500G - BIO","description":"Caf\u00e9 Ethiopie Sidamo bio en grains (500g) : notes citronn\u00e9es, florales et chocolat\u00e9es. Un caf\u00e9 d\u2019altitude vif et raffin\u00e9, id\u00e9al pour amateurs exigeants.","robots":{"index":"index","follow":"follow","max-snippet":"max-snippet:-1","max-image-preview":"max-image-preview:large","max-video-preview":"max-video-preview:-1"},"canonical":"https:\/\/graindesail.com\/fr\/produit\/cafe-ethiopie-sidamo-500g-bio-en-grains\/","og_locale":"fr_FR","og_type":"article","og_title":"Caf\u00e9 en Grains - Ethiopie Sidamo - 500G - BIO","og_description":"Caf\u00e9 Ethiopie Sidamo bio en grains (500g) : notes citronn\u00e9es, florales et chocolat\u00e9es. Un caf\u00e9 d\u2019altitude vif et raffin\u00e9, id\u00e9al pour amateurs exigeants.","og_url":"https:\/\/graindesail.com\/fr\/produit\/cafe-ethiopie-sidamo-500g-bio-en-grains\/","og_site_name":"GDS","article_modified_time":"2026-04-14T12:50:33+00:00","og_image":[{"width":1749,"height":1749,"url":"https:\/\/graindesail.com\/wp-content\/uploads\/2026\/02\/Visuel-Ethiopie-Sidamo-500G.jpg","type":"image\/jpeg"}],"twitter_card":"summary_large_image","twitter_misc":{"Dur\u00e9e de lecture estim\u00e9e":"1 minute"},"schema":{"@context":"https:\/\/schema.org","@graph":[{"@type":"WebPage","@id":"https:\/\/graindesail.com\/fr\/produit\/cafe-ethiopie-sidamo-500g-bio-en-grains\/","url":"https:\/\/graindesail.com\/fr\/produit\/cafe-ethiopie-sidamo-500g-bio-en-grains\/","name":"Caf\u00e9 en Grains - Ethiopie Sidamo - 500G - BIO","isPartOf":{"@id":"https:\/\/graindesail.com\/fr\/#website"},"primaryImageOfPage":{"@id":"https:\/\/graindesail.com\/fr\/produit\/cafe-ethiopie-sidamo-500g-bio-en-grains\/#primaryimage"},"image":{"@id":"https:\/\/graindesail.com\/fr\/produit\/cafe-ethiopie-sidamo-500g-bio-en-grains\/#primaryimage"},"thumbnailUrl":"https:\/\/graindesail.com\/wp-content\/uploads\/2026\/02\/Visuel-Ethiopie-Sidamo-500G.jpg","datePublished":"2026-02-20T14:52:33+00:00","dateModified":"2026-04-14T12:50:33+00:00","description":"Caf\u00e9 Ethiopie Sidamo bio en grains (500g) : notes citronn\u00e9es, florales et chocolat\u00e9es. Un caf\u00e9 d\u2019altitude vif et raffin\u00e9, id\u00e9al pour amateurs exigeants.","breadcrumb":{"@id":"https:\/\/graindesail.com\/fr\/produit\/cafe-ethiopie-sidamo-500g-bio-en-grains\/#breadcrumb"},"inLanguage":"fr-FR","potentialAction":[{"@type":"ReadAction","target":["https:\/\/graindesail.com\/fr\/produit\/cafe-ethiopie-sidamo-500g-bio-en-grains\/"]}]},{"@type":"ImageObject","inLanguage":"fr-FR","@id":"https:\/\/graindesail.com\/fr\/produit\/cafe-ethiopie-sidamo-500g-bio-en-grains\/#primaryimage","url":"https:\/\/graindesail.com\/wp-content\/uploads\/2026\/02\/Visuel-Ethiopie-Sidamo-500G.jpg","contentUrl":"https:\/\/graindesail.com\/wp-content\/uploads\/2026\/02\/Visuel-Ethiopie-Sidamo-500G.jpg","width":1749,"height":1749,"caption":"Sachet de caf\u00e9 Ethiopie Sidamo 500G"},{"@type":"BreadcrumbList","@id":"https:\/\/graindesail.com\/fr\/produit\/cafe-ethiopie-sidamo-500g-bio-en-grains\/#breadcrumb","itemListElement":[{"@type":"ListItem","position":1,"name":"Home","item":"https:\/\/graindesail.com\/fr\/"},{"@type":"ListItem","position":2,"name":"Notre boutique en ligne","item":"https:\/\/graindesail.com\/fr\/notre-boutique-en-ligne\/"},{"@type":"ListItem","position":3,"name":"Caf\u00e9 Ethiopie Sidamo &#8211; 500G &#8211; BIO &#8211; en Grains"}]},{"@type":"WebSite","@id":"https:\/\/graindesail.com\/fr\/#website","url":"https:\/\/graindesail.com\/fr\/","name":"GDS","description":"","publisher":{"@id":"https:\/\/graindesail.com\/fr\/#organization"},"potentialAction":[{"@type":"SearchAction","target":{"@type":"EntryPoint","urlTemplate":"https:\/\/graindesail.com\/fr\/?s={search_term_string}"},"query-input":{"@type":"PropertyValueSpecification","valueRequired":true,"valueName":"search_term_string"}}],"inLanguage":"fr-FR"},{"@type":"Organization","@id":"https:\/\/graindesail.com\/fr\/#organization","name":"GDS","url":"https:\/\/graindesail.com\/fr\/","logo":{"@type":"ImageObject","inLanguage":"fr-FR","@id":"https:\/\/graindesail.com\/fr\/#\/schema\/logo\/image\/","url":"https:\/\/graindesail.com\/wp-content\/uploads\/2024\/12\/logo.svg","contentUrl":"https:\/\/graindesail.com\/wp-content\/uploads\/2024\/12\/logo.svg","width":82,"height":130,"caption":"GDS"},"image":{"@id":"https:\/\/graindesail.com\/fr\/#\/schema\/logo\/image\/"}}]}},"_links":{"self":[{"href":"https:\/\/graindesail.com\/fr\/wp-json\/wp\/v2\/product\/24499","targetHints":{"allow":["GET"]}}],"collection":[{"href":"https:\/\/graindesail.com\/fr\/wp-json\/wp\/v2\/product"}],"about":[{"href":"https:\/\/graindesail.com\/fr\/wp-json\/wp\/v2\/types\/product"}],"replies":[{"embeddable":true,"href":"https:\/\/graindesail.com\/fr\/wp-json\/wp\/v2\/comments?post=24499"}],"wp:featuredmedia":[{"embeddable":true,"href":"https:\/\/graindesail.com\/fr\/wp-json\/wp\/v2\/media\/27222"}],"wp:attachment":[{"href":"https:\/\/graindesail.com\/fr\/wp-json\/wp\/v2\/media?parent=24499"}],"wp:term":[{"taxonomy":"product_brand","embeddable":true,"href":"https:\/\/graindesail.com\/fr\/wp-json\/wp\/v2\/product_brand?post=24499"},{"taxonomy":"product_cat","embeddable":true,"href":"https:\/\/graindesail.com\/fr\/wp-json\/wp\/v2\/product_cat?post=24499"},{"taxonomy":"product_tag","embeddable":true,"href":"https:\/\/graindesail.com\/fr\/wp-json\/wp\/v2\/product_tag?post=24499"}],"curies":[{"name":"wp","href":"https:\/\/api.w.org\/{rel}","templated":true}]}}