{"id":23752,"date":"2026-02-05T13:47:13","date_gmt":"2026-02-05T13:47:13","guid":{"rendered":"https:\/\/graindesail.com\/?post_type=product&#038;p=23752"},"modified":"2026-04-04T00:01:45","modified_gmt":"2026-04-04T00:01:45","slug":"pack-4-cafes-grains","status":"publish","type":"product","link":"https:\/\/graindesail.com\/fr\/produit\/pack-4-cafes-grains\/","title":{"rendered":"Pack de 4 caf\u00e9s Grains"},"content":{"rendered":"<div class=\"elementor-text-editor elementor-clearfix\">\n<p>Retrouvez nos 4 r\u00e9f\u00e9rences Grand Public en un pack ! 4 x 500G de caf\u00e9s en grains<\/p>\n<\/div>\n<p>Dans ce Coffret D\u00e9couverte Caf\u00e9 en Grains :<\/p>\n<div class=\"elementor-text-editor elementor-clearfix\">\n<p>&#8211; 500g de <a href=\"https:\/\/graindesail.com\/product\/cafe-colombie-excelso-grains-500g-bio\/\">Colombie Excelso Grains<\/a><\/p>\n<p>&#8211; 500g de <a href=\"https:\/\/graindesail.com\/product\/cafe-mexique-grains-500g-bio\/\">Mexique Grains\u00a0<\/a><\/p>\n<p>&#8211; 500g de <a href=\"https:\/\/graindesail.com\/product\/cafe-perou-grains-500g-bio\/\">P\u00e9rou Grains\u00a0<\/a><\/p>\n<p>&#8211; 500g <a href=\"https:\/\/graindesail.com\/product\/cafe-honduras-grains-500g-bio\/\">d&#8217;Honduras Grains<\/a><\/p>\n<p>Poids net : 2 Kg<\/p>\n<p>Date de durabilit\u00e9 minimale (DDM) : 1 an<\/p>\n<p><strong>Sachet \u00e0 conserver \u00e0 l&#8217;abri de la lumi\u00e8re et de l&#8217;air, au sec. Refermez rapidement votre sachet apr\u00e8s ouverture et consommez-le dans un d\u00e9lais court afin d&#8217;en pr\u00e9server toutes ses qualit\u00e9s.\u00a0<\/strong><\/p>\n<p>Produit issu de l&#8217;agriculture biologique FR-BIO-13<\/p>\n<p>Pensez au tri, la plan\u00e8te vous remercie !<\/p>\n<\/div>\n","protected":false},"excerpt":{"rendered":"<p>Toutes nos r\u00e9f\u00e9rences de caf\u00e9s en grains Grand Public<\/p>\n","protected":false},"featured_media":23806,"comment_status":"open","ping_status":"closed","template":"","meta":{"_acf_changed":false},"product_brand":[],"product_cat":[242,590],"product_tag":[],"class_list":{"0":"post-23752","1":"product","2":"type-product","3":"status-publish","4":"has-post-thumbnail","6":"product_cat-cafes","7":"product_cat-cafes-en-grains","9":"first","10":"instock","11":"taxable","12":"shipping-taxable","13":"purchasable","14":"product-type-simple"},"acf":[],"yoast_head":"<!-- This site is optimized with the Yoast SEO plugin v25.5 - https:\/\/yoast.com\/wordpress\/plugins\/seo\/ -->\n<title>Pack D\u00e9couverte 4 Caf\u00e9s en Grains 500G BIO<\/title>\n<meta name=\"description\" content=\"Pack d\u00e9couverte de 2kg de caf\u00e9 en grains. Origine P\u00e9rou, Mexique, Honduras et Colombie. Torr\u00e9fi\u00e9 en Bretagne par Grain de Sail.\" \/>\n<meta name=\"robots\" content=\"index, follow, max-snippet:-1, max-image-preview:large, max-video-preview:-1\" \/>\n<link rel=\"canonical\" href=\"https:\/\/graindesail.com\/fr\/produit\/pack-4-cafes-grains\/\" \/>\n<meta property=\"og:locale\" content=\"fr_FR\" \/>\n<meta property=\"og:type\" content=\"article\" \/>\n<meta property=\"og:title\" content=\"Pack D\u00e9couverte 4 Caf\u00e9s en Grains 500G BIO\" \/>\n<meta property=\"og:description\" content=\"Pack d\u00e9couverte de 2kg de caf\u00e9 en grains. Origine P\u00e9rou, Mexique, Honduras et Colombie. Torr\u00e9fi\u00e9 en Bretagne par Grain de Sail.\" \/>\n<meta property=\"og:url\" content=\"https:\/\/graindesail.com\/fr\/produit\/pack-4-cafes-grains\/\" \/>\n<meta property=\"og:site_name\" content=\"GDS\" \/>\n<meta property=\"article:modified_time\" content=\"2026-04-04T00:01:45+00:00\" \/>\n<meta property=\"og:image\" content=\"https:\/\/graindesail.com\/wp-content\/uploads\/2026\/02\/pack-cafes-grains-x4-grain-de-sail-bio-sans-fond.png\" \/>\n\t<meta property=\"og:image:width\" content=\"600\" \/>\n\t<meta property=\"og:image:height\" content=\"600\" \/>\n\t<meta property=\"og:image:type\" content=\"image\/png\" \/>\n<meta name=\"twitter:card\" content=\"summary_large_image\" \/>\n<meta name=\"twitter:label1\" content=\"Dur\u00e9e de lecture estim\u00e9e\" \/>\n\t<meta name=\"twitter:data1\" content=\"1 minute\" \/>\n<script type=\"application\/ld+json\" class=\"yoast-schema-graph\">{\"@context\":\"https:\/\/schema.org\",\"@graph\":[{\"@type\":\"WebPage\",\"@id\":\"https:\/\/graindesail.com\/fr\/produit\/pack-4-cafes-grains\/\",\"url\":\"https:\/\/graindesail.com\/fr\/produit\/pack-4-cafes-grains\/\",\"name\":\"Pack D\u00e9couverte 4 Caf\u00e9s en Grains 500G BIO\",\"isPartOf\":{\"@id\":\"https:\/\/graindesail.com\/fr\/#website\"},\"primaryImageOfPage\":{\"@id\":\"https:\/\/graindesail.com\/fr\/produit\/pack-4-cafes-grains\/#primaryimage\"},\"image\":{\"@id\":\"https:\/\/graindesail.com\/fr\/produit\/pack-4-cafes-grains\/#primaryimage\"},\"thumbnailUrl\":\"https:\/\/graindesail.com\/wp-content\/uploads\/2026\/02\/pack-cafes-grains-x4-grain-de-sail-bio-sans-fond.png\",\"datePublished\":\"2026-02-05T13:47:13+00:00\",\"dateModified\":\"2026-04-04T00:01:45+00:00\",\"description\":\"Pack d\u00e9couverte de 2kg de caf\u00e9 en grains. Origine P\u00e9rou, Mexique, Honduras et Colombie. Torr\u00e9fi\u00e9 en Bretagne par Grain de Sail.\",\"breadcrumb\":{\"@id\":\"https:\/\/graindesail.com\/fr\/produit\/pack-4-cafes-grains\/#breadcrumb\"},\"inLanguage\":\"fr-FR\",\"potentialAction\":[{\"@type\":\"ReadAction\",\"target\":[\"https:\/\/graindesail.com\/fr\/produit\/pack-4-cafes-grains\/\"]}]},{\"@type\":\"ImageObject\",\"inLanguage\":\"fr-FR\",\"@id\":\"https:\/\/graindesail.com\/fr\/produit\/pack-4-cafes-grains\/#primaryimage\",\"url\":\"https:\/\/graindesail.com\/wp-content\/uploads\/2026\/02\/pack-cafes-grains-x4-grain-de-sail-bio-sans-fond.png\",\"contentUrl\":\"https:\/\/graindesail.com\/wp-content\/uploads\/2026\/02\/pack-cafes-grains-x4-grain-de-sail-bio-sans-fond.png\",\"width\":600,\"height\":600,\"caption\":\"Pack de 4 caf\u00e9s en grains Grain de Sail - Sans Fond\"},{\"@type\":\"BreadcrumbList\",\"@id\":\"https:\/\/graindesail.com\/fr\/produit\/pack-4-cafes-grains\/#breadcrumb\",\"itemListElement\":[{\"@type\":\"ListItem\",\"position\":1,\"name\":\"Home\",\"item\":\"https:\/\/graindesail.com\/fr\/\"},{\"@type\":\"ListItem\",\"position\":2,\"name\":\"Notre boutique en ligne\",\"item\":\"https:\/\/graindesail.com\/fr\/notre-boutique-en-ligne\/\"},{\"@type\":\"ListItem\",\"position\":3,\"name\":\"Pack de 4 caf\u00e9s Grains\"}]},{\"@type\":\"WebSite\",\"@id\":\"https:\/\/graindesail.com\/fr\/#website\",\"url\":\"https:\/\/graindesail.com\/fr\/\",\"name\":\"GDS\",\"description\":\"\",\"publisher\":{\"@id\":\"https:\/\/graindesail.com\/fr\/#organization\"},\"potentialAction\":[{\"@type\":\"SearchAction\",\"target\":{\"@type\":\"EntryPoint\",\"urlTemplate\":\"https:\/\/graindesail.com\/fr\/?s={search_term_string}\"},\"query-input\":{\"@type\":\"PropertyValueSpecification\",\"valueRequired\":true,\"valueName\":\"search_term_string\"}}],\"inLanguage\":\"fr-FR\"},{\"@type\":\"Organization\",\"@id\":\"https:\/\/graindesail.com\/fr\/#organization\",\"name\":\"GDS\",\"url\":\"https:\/\/graindesail.com\/fr\/\",\"logo\":{\"@type\":\"ImageObject\",\"inLanguage\":\"fr-FR\",\"@id\":\"https:\/\/graindesail.com\/fr\/#\/schema\/logo\/image\/\",\"url\":\"https:\/\/graindesail.com\/wp-content\/uploads\/2024\/12\/logo.svg\",\"contentUrl\":\"https:\/\/graindesail.com\/wp-content\/uploads\/2024\/12\/logo.svg\",\"width\":82,\"height\":130,\"caption\":\"GDS\"},\"image\":{\"@id\":\"https:\/\/graindesail.com\/fr\/#\/schema\/logo\/image\/\"}}]}<\/script>\n<!-- \/ Yoast SEO plugin. -->","yoast_head_json":{"title":"Pack D\u00e9couverte 4 Caf\u00e9s en Grains 500G BIO","description":"Pack d\u00e9couverte de 2kg de caf\u00e9 en grains. Origine P\u00e9rou, Mexique, Honduras et Colombie. Torr\u00e9fi\u00e9 en Bretagne par Grain de Sail.","robots":{"index":"index","follow":"follow","max-snippet":"max-snippet:-1","max-image-preview":"max-image-preview:large","max-video-preview":"max-video-preview:-1"},"canonical":"https:\/\/graindesail.com\/fr\/produit\/pack-4-cafes-grains\/","og_locale":"fr_FR","og_type":"article","og_title":"Pack D\u00e9couverte 4 Caf\u00e9s en Grains 500G BIO","og_description":"Pack d\u00e9couverte de 2kg de caf\u00e9 en grains. Origine P\u00e9rou, Mexique, Honduras et Colombie. Torr\u00e9fi\u00e9 en Bretagne par Grain de Sail.","og_url":"https:\/\/graindesail.com\/fr\/produit\/pack-4-cafes-grains\/","og_site_name":"GDS","article_modified_time":"2026-04-04T00:01:45+00:00","og_image":[{"width":600,"height":600,"url":"https:\/\/graindesail.com\/wp-content\/uploads\/2026\/02\/pack-cafes-grains-x4-grain-de-sail-bio-sans-fond.png","type":"image\/png"}],"twitter_card":"summary_large_image","twitter_misc":{"Dur\u00e9e de lecture estim\u00e9e":"1 minute"},"schema":{"@context":"https:\/\/schema.org","@graph":[{"@type":"WebPage","@id":"https:\/\/graindesail.com\/fr\/produit\/pack-4-cafes-grains\/","url":"https:\/\/graindesail.com\/fr\/produit\/pack-4-cafes-grains\/","name":"Pack D\u00e9couverte 4 Caf\u00e9s en Grains 500G BIO","isPartOf":{"@id":"https:\/\/graindesail.com\/fr\/#website"},"primaryImageOfPage":{"@id":"https:\/\/graindesail.com\/fr\/produit\/pack-4-cafes-grains\/#primaryimage"},"image":{"@id":"https:\/\/graindesail.com\/fr\/produit\/pack-4-cafes-grains\/#primaryimage"},"thumbnailUrl":"https:\/\/graindesail.com\/wp-content\/uploads\/2026\/02\/pack-cafes-grains-x4-grain-de-sail-bio-sans-fond.png","datePublished":"2026-02-05T13:47:13+00:00","dateModified":"2026-04-04T00:01:45+00:00","description":"Pack d\u00e9couverte de 2kg de caf\u00e9 en grains. Origine P\u00e9rou, Mexique, Honduras et Colombie. Torr\u00e9fi\u00e9 en Bretagne par Grain de Sail.","breadcrumb":{"@id":"https:\/\/graindesail.com\/fr\/produit\/pack-4-cafes-grains\/#breadcrumb"},"inLanguage":"fr-FR","potentialAction":[{"@type":"ReadAction","target":["https:\/\/graindesail.com\/fr\/produit\/pack-4-cafes-grains\/"]}]},{"@type":"ImageObject","inLanguage":"fr-FR","@id":"https:\/\/graindesail.com\/fr\/produit\/pack-4-cafes-grains\/#primaryimage","url":"https:\/\/graindesail.com\/wp-content\/uploads\/2026\/02\/pack-cafes-grains-x4-grain-de-sail-bio-sans-fond.png","contentUrl":"https:\/\/graindesail.com\/wp-content\/uploads\/2026\/02\/pack-cafes-grains-x4-grain-de-sail-bio-sans-fond.png","width":600,"height":600,"caption":"Pack de 4 caf\u00e9s en grains Grain de Sail - Sans Fond"},{"@type":"BreadcrumbList","@id":"https:\/\/graindesail.com\/fr\/produit\/pack-4-cafes-grains\/#breadcrumb","itemListElement":[{"@type":"ListItem","position":1,"name":"Home","item":"https:\/\/graindesail.com\/fr\/"},{"@type":"ListItem","position":2,"name":"Notre boutique en ligne","item":"https:\/\/graindesail.com\/fr\/notre-boutique-en-ligne\/"},{"@type":"ListItem","position":3,"name":"Pack de 4 caf\u00e9s Grains"}]},{"@type":"WebSite","@id":"https:\/\/graindesail.com\/fr\/#website","url":"https:\/\/graindesail.com\/fr\/","name":"GDS","description":"","publisher":{"@id":"https:\/\/graindesail.com\/fr\/#organization"},"potentialAction":[{"@type":"SearchAction","target":{"@type":"EntryPoint","urlTemplate":"https:\/\/graindesail.com\/fr\/?s={search_term_string}"},"query-input":{"@type":"PropertyValueSpecification","valueRequired":true,"valueName":"search_term_string"}}],"inLanguage":"fr-FR"},{"@type":"Organization","@id":"https:\/\/graindesail.com\/fr\/#organization","name":"GDS","url":"https:\/\/graindesail.com\/fr\/","logo":{"@type":"ImageObject","inLanguage":"fr-FR","@id":"https:\/\/graindesail.com\/fr\/#\/schema\/logo\/image\/","url":"https:\/\/graindesail.com\/wp-content\/uploads\/2024\/12\/logo.svg","contentUrl":"https:\/\/graindesail.com\/wp-content\/uploads\/2024\/12\/logo.svg","width":82,"height":130,"caption":"GDS"},"image":{"@id":"https:\/\/graindesail.com\/fr\/#\/schema\/logo\/image\/"}}]}},"_links":{"self":[{"href":"https:\/\/graindesail.com\/fr\/wp-json\/wp\/v2\/product\/23752","targetHints":{"allow":["GET"]}}],"collection":[{"href":"https:\/\/graindesail.com\/fr\/wp-json\/wp\/v2\/product"}],"about":[{"href":"https:\/\/graindesail.com\/fr\/wp-json\/wp\/v2\/types\/product"}],"replies":[{"embeddable":true,"href":"https:\/\/graindesail.com\/fr\/wp-json\/wp\/v2\/comments?post=23752"}],"wp:featuredmedia":[{"embeddable":true,"href":"https:\/\/graindesail.com\/fr\/wp-json\/wp\/v2\/media\/23806"}],"wp:attachment":[{"href":"https:\/\/graindesail.com\/fr\/wp-json\/wp\/v2\/media?parent=23752"}],"wp:term":[{"taxonomy":"product_brand","embeddable":true,"href":"https:\/\/graindesail.com\/fr\/wp-json\/wp\/v2\/product_brand?post=23752"},{"taxonomy":"product_cat","embeddable":true,"href":"https:\/\/graindesail.com\/fr\/wp-json\/wp\/v2\/product_cat?post=23752"},{"taxonomy":"product_tag","embeddable":true,"href":"https:\/\/graindesail.com\/fr\/wp-json\/wp\/v2\/product_tag?post=23752"}],"curies":[{"name":"wp","href":"https:\/\/api.w.org\/{rel}","templated":true}]}}