{"id":22564,"date":"2026-01-23T10:03:28","date_gmt":"2026-01-23T10:03:28","guid":{"rendered":"https:\/\/graindesail.com\/?post_type=product&#038;p=22564"},"modified":"2026-05-12T12:01:12","modified_gmt":"2026-05-12T12:01:12","slug":"noir-et-cafe","status":"publish","type":"product","link":"https:\/\/graindesail.com\/fr\/produit\/noir-et-cafe\/","title":{"rendered":"Noir et Caf\u00e9"},"content":{"rendered":"<p>Cette tablette &agrave; forte intensit&eacute; de cacao r&eacute;v&egrave;le de d&eacute;licates notes de notre caf&eacute;&nbsp;torr&eacute;fi&eacute;. &Agrave; d&eacute;guster id&eacute;alement avec un espresso.<br \/>\nLa tablette <a href=\"https:\/\/graindesail.com\/fr\/categorie-produit\/chocolat\/\">chocolat <\/a>noir caf&eacute; marie deux univers aromatiques puissants : le cacao et le <a href=\"https:\/\/graindesail.com\/fr\/categorie-produit\/cafe\/\">caf&eacute;<\/a>.<br \/>\nLe chocolat noir bio r&eacute;v&egrave;le toute sa richesse tandis que le caf&eacute; torr&eacute;fi&eacute; apporte des notes profondes et l&eacute;g&egrave;rement am&egrave;res.&nbsp;<br \/>\nCette alliance cr&eacute;e une d&eacute;gustation intense et &eacute;quilibr&eacute;e.<br \/>\nAvec cette <a href=\"https:\/\/graindesail.com\/fr\/categorie-produit\/chocolat\/chocolat-tablette\/\">tablette<\/a>&nbsp;sign&eacute;e Grain de Sail, les amateurs de chocolat et de caf&eacute; d&eacute;couvrent une exp&eacute;rience gourmande unique.&nbsp;<\/p>\n<p><strong>Allerg&egrave;nes : Peut contenir des traces de fruits &agrave; coque, de graines de s&eacute;same, de lait, d&rsquo;arachides et de c&eacute;r&eacute;ales contenant du gluten.<\/strong><\/p>\n<p><span style=\"color:#c0392b\"><strong>En cas de stockage inadapt&eacute;, un voile blanc peut appara&icirc;tre &agrave; la surface du produit. Ce ph&eacute;nom&egrave;ne naturel n&rsquo;a aucun impact sur la sant&eacute; du consommateur.&nbsp;<\/strong><\/span><br \/>\nConseil : conserver au sec et au frais<br \/>\n&Agrave; consommer de de pr&eacute;f&eacute;rence avant la date pr&eacute;sente sur l&rsquo;emballage<br \/>\nPoids net 100g<br \/>\nProduit biologique (FR-BIO-13)<\/p>\n<p>Pensez au tri, la plan&egrave;te vous remercie !<\/p>\n","protected":false},"excerpt":{"rendered":"<p>Tablette de chocolat Noir 75% de cacao avec inclusion caf&eacute; &ndash; 100G &ndash; BIO<\/p>\n","protected":false},"featured_media":23937,"comment_status":"open","ping_status":"closed","template":"","meta":{"_acf_changed":false},"product_brand":[],"product_cat":[42,609],"product_tag":[],"class_list":{"0":"post-22564","1":"product","2":"type-product","3":"status-publish","4":"has-post-thumbnail","6":"product_cat-chocolat","7":"product_cat-chocolat-tablette","9":"first","10":"instock","11":"taxable","12":"shipping-taxable","13":"purchasable","14":"product-type-simple"},"acf":[],"yoast_head":"<!-- This site is optimized with the Yoast SEO plugin v25.5 - https:\/\/yoast.com\/wordpress\/plugins\/seo\/ -->\n<title>Tablette Chocolat Noir au caf\u00e9 - Bio - Grain de Sail<\/title>\n<meta name=\"description\" content=\"Tablette de chocolat Noir au Caf\u00e9. Cette tablette \u00e0 forte intensit\u00e9 de cacao r\u00e9v\u00e8le de d\u00e9licates notes de notre caf\u00e9\u00a0torr\u00e9fi\u00e9. \u00c0 d\u00e9guster avec un espresso.\" \/>\n<meta name=\"robots\" content=\"index, follow, max-snippet:-1, max-image-preview:large, max-video-preview:-1\" \/>\n<link rel=\"canonical\" href=\"https:\/\/graindesail.com\/fr\/produit\/noir-et-cafe\/\" \/>\n<meta property=\"og:locale\" content=\"fr_FR\" \/>\n<meta property=\"og:type\" content=\"article\" \/>\n<meta property=\"og:title\" content=\"Tablette Chocolat Noir au caf\u00e9 - Bio - Grain de Sail\" \/>\n<meta property=\"og:description\" content=\"Tablette de chocolat Noir au Caf\u00e9. Cette tablette \u00e0 forte intensit\u00e9 de cacao r\u00e9v\u00e8le de d\u00e9licates notes de notre caf\u00e9\u00a0torr\u00e9fi\u00e9. \u00c0 d\u00e9guster avec un espresso.\" \/>\n<meta property=\"og:url\" content=\"https:\/\/graindesail.com\/fr\/produit\/noir-et-cafe\/\" \/>\n<meta property=\"og:site_name\" content=\"GDS\" \/>\n<meta property=\"article:modified_time\" content=\"2026-05-12T12:01:12+00:00\" \/>\n<meta property=\"og:image\" content=\"https:\/\/graindesail.com\/wp-content\/uploads\/2026\/02\/GDS-NOIR-CAFE-2026-10ANS-RECTO-BD.png\" \/>\n\t<meta property=\"og:image:width\" content=\"422\" \/>\n\t<meta property=\"og:image:height\" content=\"774\" \/>\n\t<meta property=\"og:image:type\" content=\"image\/png\" \/>\n<meta name=\"twitter:card\" content=\"summary_large_image\" \/>\n<meta name=\"twitter:label1\" content=\"Dur\u00e9e de lecture estim\u00e9e\" \/>\n\t<meta name=\"twitter:data1\" content=\"1 minute\" \/>\n<script type=\"application\/ld+json\" class=\"yoast-schema-graph\">{\"@context\":\"https:\/\/schema.org\",\"@graph\":[{\"@type\":\"WebPage\",\"@id\":\"https:\/\/graindesail.com\/fr\/produit\/noir-et-cafe\/\",\"url\":\"https:\/\/graindesail.com\/fr\/produit\/noir-et-cafe\/\",\"name\":\"Tablette Chocolat Noir au caf\u00e9 - Bio - Grain de Sail\",\"isPartOf\":{\"@id\":\"https:\/\/graindesail.com\/fr\/#website\"},\"primaryImageOfPage\":{\"@id\":\"https:\/\/graindesail.com\/fr\/produit\/noir-et-cafe\/#primaryimage\"},\"image\":{\"@id\":\"https:\/\/graindesail.com\/fr\/produit\/noir-et-cafe\/#primaryimage\"},\"thumbnailUrl\":\"https:\/\/graindesail.com\/wp-content\/uploads\/2026\/02\/GDS-NOIR-CAFE-2026-10ANS-RECTO-BD.png\",\"datePublished\":\"2026-01-23T10:03:28+00:00\",\"dateModified\":\"2026-05-12T12:01:12+00:00\",\"description\":\"Tablette de chocolat Noir au Caf\u00e9. Cette tablette \u00e0 forte intensit\u00e9 de cacao r\u00e9v\u00e8le de d\u00e9licates notes de notre caf\u00e9\u00a0torr\u00e9fi\u00e9. \u00c0 d\u00e9guster avec un espresso.\",\"breadcrumb\":{\"@id\":\"https:\/\/graindesail.com\/fr\/produit\/noir-et-cafe\/#breadcrumb\"},\"inLanguage\":\"fr-FR\",\"potentialAction\":[{\"@type\":\"ReadAction\",\"target\":[\"https:\/\/graindesail.com\/fr\/produit\/noir-et-cafe\/\"]}]},{\"@type\":\"ImageObject\",\"inLanguage\":\"fr-FR\",\"@id\":\"https:\/\/graindesail.com\/fr\/produit\/noir-et-cafe\/#primaryimage\",\"url\":\"https:\/\/graindesail.com\/wp-content\/uploads\/2026\/02\/GDS-NOIR-CAFE-2026-10ANS-RECTO-BD.png\",\"contentUrl\":\"https:\/\/graindesail.com\/wp-content\/uploads\/2026\/02\/GDS-NOIR-CAFE-2026-10ANS-RECTO-BD.png\",\"width\":422,\"height\":774,\"caption\":\"Tablette Noir Caf\u00e9 - Bandeau 10 ans\"},{\"@type\":\"BreadcrumbList\",\"@id\":\"https:\/\/graindesail.com\/fr\/produit\/noir-et-cafe\/#breadcrumb\",\"itemListElement\":[{\"@type\":\"ListItem\",\"position\":1,\"name\":\"Home\",\"item\":\"https:\/\/graindesail.com\/fr\/\"},{\"@type\":\"ListItem\",\"position\":2,\"name\":\"Notre boutique en ligne\",\"item\":\"https:\/\/graindesail.com\/fr\/notre-boutique-en-ligne\/\"},{\"@type\":\"ListItem\",\"position\":3,\"name\":\"Noir et Caf\u00e9\"}]},{\"@type\":\"WebSite\",\"@id\":\"https:\/\/graindesail.com\/fr\/#website\",\"url\":\"https:\/\/graindesail.com\/fr\/\",\"name\":\"GDS\",\"description\":\"\",\"publisher\":{\"@id\":\"https:\/\/graindesail.com\/fr\/#organization\"},\"potentialAction\":[{\"@type\":\"SearchAction\",\"target\":{\"@type\":\"EntryPoint\",\"urlTemplate\":\"https:\/\/graindesail.com\/fr\/?s={search_term_string}\"},\"query-input\":{\"@type\":\"PropertyValueSpecification\",\"valueRequired\":true,\"valueName\":\"search_term_string\"}}],\"inLanguage\":\"fr-FR\"},{\"@type\":\"Organization\",\"@id\":\"https:\/\/graindesail.com\/fr\/#organization\",\"name\":\"GDS\",\"url\":\"https:\/\/graindesail.com\/fr\/\",\"logo\":{\"@type\":\"ImageObject\",\"inLanguage\":\"fr-FR\",\"@id\":\"https:\/\/graindesail.com\/fr\/#\/schema\/logo\/image\/\",\"url\":\"https:\/\/graindesail.com\/wp-content\/uploads\/2024\/12\/logo.svg\",\"contentUrl\":\"https:\/\/graindesail.com\/wp-content\/uploads\/2024\/12\/logo.svg\",\"width\":82,\"height\":130,\"caption\":\"GDS\"},\"image\":{\"@id\":\"https:\/\/graindesail.com\/fr\/#\/schema\/logo\/image\/\"}}]}<\/script>\n<!-- \/ Yoast SEO plugin. -->","yoast_head_json":{"title":"Tablette Chocolat Noir au caf\u00e9 - Bio - Grain de Sail","description":"Tablette de chocolat Noir au Caf\u00e9. Cette tablette \u00e0 forte intensit\u00e9 de cacao r\u00e9v\u00e8le de d\u00e9licates notes de notre caf\u00e9\u00a0torr\u00e9fi\u00e9. \u00c0 d\u00e9guster avec un espresso.","robots":{"index":"index","follow":"follow","max-snippet":"max-snippet:-1","max-image-preview":"max-image-preview:large","max-video-preview":"max-video-preview:-1"},"canonical":"https:\/\/graindesail.com\/fr\/produit\/noir-et-cafe\/","og_locale":"fr_FR","og_type":"article","og_title":"Tablette Chocolat Noir au caf\u00e9 - Bio - Grain de Sail","og_description":"Tablette de chocolat Noir au Caf\u00e9. Cette tablette \u00e0 forte intensit\u00e9 de cacao r\u00e9v\u00e8le de d\u00e9licates notes de notre caf\u00e9\u00a0torr\u00e9fi\u00e9. \u00c0 d\u00e9guster avec un espresso.","og_url":"https:\/\/graindesail.com\/fr\/produit\/noir-et-cafe\/","og_site_name":"GDS","article_modified_time":"2026-05-12T12:01:12+00:00","og_image":[{"width":422,"height":774,"url":"https:\/\/graindesail.com\/wp-content\/uploads\/2026\/02\/GDS-NOIR-CAFE-2026-10ANS-RECTO-BD.png","type":"image\/png"}],"twitter_card":"summary_large_image","twitter_misc":{"Dur\u00e9e de lecture estim\u00e9e":"1 minute"},"schema":{"@context":"https:\/\/schema.org","@graph":[{"@type":"WebPage","@id":"https:\/\/graindesail.com\/fr\/produit\/noir-et-cafe\/","url":"https:\/\/graindesail.com\/fr\/produit\/noir-et-cafe\/","name":"Tablette Chocolat Noir au caf\u00e9 - Bio - Grain de Sail","isPartOf":{"@id":"https:\/\/graindesail.com\/fr\/#website"},"primaryImageOfPage":{"@id":"https:\/\/graindesail.com\/fr\/produit\/noir-et-cafe\/#primaryimage"},"image":{"@id":"https:\/\/graindesail.com\/fr\/produit\/noir-et-cafe\/#primaryimage"},"thumbnailUrl":"https:\/\/graindesail.com\/wp-content\/uploads\/2026\/02\/GDS-NOIR-CAFE-2026-10ANS-RECTO-BD.png","datePublished":"2026-01-23T10:03:28+00:00","dateModified":"2026-05-12T12:01:12+00:00","description":"Tablette de chocolat Noir au Caf\u00e9. Cette tablette \u00e0 forte intensit\u00e9 de cacao r\u00e9v\u00e8le de d\u00e9licates notes de notre caf\u00e9\u00a0torr\u00e9fi\u00e9. \u00c0 d\u00e9guster avec un espresso.","breadcrumb":{"@id":"https:\/\/graindesail.com\/fr\/produit\/noir-et-cafe\/#breadcrumb"},"inLanguage":"fr-FR","potentialAction":[{"@type":"ReadAction","target":["https:\/\/graindesail.com\/fr\/produit\/noir-et-cafe\/"]}]},{"@type":"ImageObject","inLanguage":"fr-FR","@id":"https:\/\/graindesail.com\/fr\/produit\/noir-et-cafe\/#primaryimage","url":"https:\/\/graindesail.com\/wp-content\/uploads\/2026\/02\/GDS-NOIR-CAFE-2026-10ANS-RECTO-BD.png","contentUrl":"https:\/\/graindesail.com\/wp-content\/uploads\/2026\/02\/GDS-NOIR-CAFE-2026-10ANS-RECTO-BD.png","width":422,"height":774,"caption":"Tablette Noir Caf\u00e9 - Bandeau 10 ans"},{"@type":"BreadcrumbList","@id":"https:\/\/graindesail.com\/fr\/produit\/noir-et-cafe\/#breadcrumb","itemListElement":[{"@type":"ListItem","position":1,"name":"Home","item":"https:\/\/graindesail.com\/fr\/"},{"@type":"ListItem","position":2,"name":"Notre boutique en ligne","item":"https:\/\/graindesail.com\/fr\/notre-boutique-en-ligne\/"},{"@type":"ListItem","position":3,"name":"Noir et Caf\u00e9"}]},{"@type":"WebSite","@id":"https:\/\/graindesail.com\/fr\/#website","url":"https:\/\/graindesail.com\/fr\/","name":"GDS","description":"","publisher":{"@id":"https:\/\/graindesail.com\/fr\/#organization"},"potentialAction":[{"@type":"SearchAction","target":{"@type":"EntryPoint","urlTemplate":"https:\/\/graindesail.com\/fr\/?s={search_term_string}"},"query-input":{"@type":"PropertyValueSpecification","valueRequired":true,"valueName":"search_term_string"}}],"inLanguage":"fr-FR"},{"@type":"Organization","@id":"https:\/\/graindesail.com\/fr\/#organization","name":"GDS","url":"https:\/\/graindesail.com\/fr\/","logo":{"@type":"ImageObject","inLanguage":"fr-FR","@id":"https:\/\/graindesail.com\/fr\/#\/schema\/logo\/image\/","url":"https:\/\/graindesail.com\/wp-content\/uploads\/2024\/12\/logo.svg","contentUrl":"https:\/\/graindesail.com\/wp-content\/uploads\/2024\/12\/logo.svg","width":82,"height":130,"caption":"GDS"},"image":{"@id":"https:\/\/graindesail.com\/fr\/#\/schema\/logo\/image\/"}}]}},"_links":{"self":[{"href":"https:\/\/graindesail.com\/fr\/wp-json\/wp\/v2\/product\/22564","targetHints":{"allow":["GET"]}}],"collection":[{"href":"https:\/\/graindesail.com\/fr\/wp-json\/wp\/v2\/product"}],"about":[{"href":"https:\/\/graindesail.com\/fr\/wp-json\/wp\/v2\/types\/product"}],"replies":[{"embeddable":true,"href":"https:\/\/graindesail.com\/fr\/wp-json\/wp\/v2\/comments?post=22564"}],"wp:featuredmedia":[{"embeddable":true,"href":"https:\/\/graindesail.com\/fr\/wp-json\/wp\/v2\/media\/23937"}],"wp:attachment":[{"href":"https:\/\/graindesail.com\/fr\/wp-json\/wp\/v2\/media?parent=22564"}],"wp:term":[{"taxonomy":"product_brand","embeddable":true,"href":"https:\/\/graindesail.com\/fr\/wp-json\/wp\/v2\/product_brand?post=22564"},{"taxonomy":"product_cat","embeddable":true,"href":"https:\/\/graindesail.com\/fr\/wp-json\/wp\/v2\/product_cat?post=22564"},{"taxonomy":"product_tag","embeddable":true,"href":"https:\/\/graindesail.com\/fr\/wp-json\/wp\/v2\/product_tag?post=22564"}],"curies":[{"name":"wp","href":"https:\/\/api.w.org\/{rel}","templated":true}]}}