{"id":17778,"date":"2025-10-23T13:46:15","date_gmt":"2025-10-23T13:46:15","guid":{"rendered":"https:\/\/graindesail.com\/?post_type=product&#038;p=17778"},"modified":"2026-04-15T00:00:32","modified_gmt":"2026-04-15T00:00:32","slug":"timemore-chestnut-c3s-pro","status":"publish","type":"product","link":"https:\/\/graindesail.com\/fr\/produit\/timemore-chestnut-c3s-pro\/","title":{"rendered":"TIMEMORE Chestnut C3S Pro"},"content":{"rendered":"<p>Design m\u00e9tal, finition soign\u00e9e et mouture pr\u00e9cise : le Chestnut C3S Pro est le moulin manuel pour ceux qui veulent monter d&#8217;un cran la qualit\u00e9 de leur tasse. Polyvalent, il vous suit du caf\u00e9 filtre au caf\u00e9 en piston, tout en restant assez compact pour un usage quotidien. Si vous aimez tester vos caf\u00e9s et sentir la diff\u00e9rence d\u00e8s la premi\u00e8re tasse, c&#8217;est le moulin qu&#8217;il vous faut.<\/p>\n<p><strong>Pourquoi le choisir ? E<\/strong>fficacit\u00e9 et \u00e9l\u00e9gance, la meilleure fa\u00e7on d&#8217;extraire tous les ar\u00f4mes de vos grains.<\/p>\n","protected":false},"excerpt":{"rendered":"<p>Moulin \u00e0 caf\u00e9 manuel<\/p>\n","protected":false},"featured_media":20196,"comment_status":"open","ping_status":"closed","template":"","meta":{"_acf_changed":false},"product_brand":[],"product_cat":[20,547],"product_tag":[],"class_list":{"0":"post-17778","1":"product","2":"type-product","3":"status-publish","4":"has-post-thumbnail","6":"product_cat-accessoires","7":"product_cat-moulin-a-cafe","9":"first","10":"instock","11":"taxable","12":"shipping-taxable","13":"purchasable","14":"product-type-simple"},"acf":[],"yoast_head":"<!-- This site is optimized with the Yoast SEO plugin v25.5 - https:\/\/yoast.com\/wordpress\/plugins\/seo\/ -->\n<title>TIMEMORE Chestnut C3S Pro - GDS<\/title>\n<meta name=\"robots\" content=\"index, follow, max-snippet:-1, max-image-preview:large, max-video-preview:-1\" \/>\n<link rel=\"canonical\" href=\"https:\/\/graindesail.com\/fr\/produit\/timemore-chestnut-c3s-pro\/\" \/>\n<meta property=\"og:locale\" content=\"fr_FR\" \/>\n<meta property=\"og:type\" content=\"article\" \/>\n<meta property=\"og:title\" content=\"TIMEMORE Chestnut C3S Pro - GDS\" \/>\n<meta property=\"og:description\" content=\"Moulin \u00e0 caf\u00e9 manuel\" \/>\n<meta property=\"og:url\" content=\"https:\/\/graindesail.com\/fr\/produit\/timemore-chestnut-c3s-pro\/\" \/>\n<meta property=\"og:site_name\" content=\"GDS\" \/>\n<meta property=\"article:modified_time\" content=\"2026-04-15T00:00:32+00:00\" \/>\n<meta property=\"og:image\" content=\"https:\/\/graindesail.com\/wp-content\/uploads\/2025\/11\/moulin-a-cafe-manuel-chestnut-cs3-pro.png\" \/>\n\t<meta property=\"og:image:width\" content=\"600\" \/>\n\t<meta property=\"og:image:height\" content=\"600\" \/>\n\t<meta property=\"og:image:type\" content=\"image\/png\" \/>\n<meta name=\"twitter:card\" content=\"summary_large_image\" \/>\n<meta name=\"twitter:label1\" content=\"Dur\u00e9e de lecture estim\u00e9e\" \/>\n\t<meta name=\"twitter:data1\" content=\"1 minute\" \/>\n<script type=\"application\/ld+json\" class=\"yoast-schema-graph\">{\"@context\":\"https:\/\/schema.org\",\"@graph\":[{\"@type\":\"WebPage\",\"@id\":\"https:\/\/graindesail.com\/fr\/produit\/timemore-chestnut-c3s-pro\/\",\"url\":\"https:\/\/graindesail.com\/fr\/produit\/timemore-chestnut-c3s-pro\/\",\"name\":\"TIMEMORE Chestnut C3S Pro - GDS\",\"isPartOf\":{\"@id\":\"https:\/\/graindesail.com\/fr\/#website\"},\"primaryImageOfPage\":{\"@id\":\"https:\/\/graindesail.com\/fr\/produit\/timemore-chestnut-c3s-pro\/#primaryimage\"},\"image\":{\"@id\":\"https:\/\/graindesail.com\/fr\/produit\/timemore-chestnut-c3s-pro\/#primaryimage\"},\"thumbnailUrl\":\"https:\/\/graindesail.com\/wp-content\/uploads\/2025\/11\/moulin-a-cafe-manuel-chestnut-cs3-pro.png\",\"datePublished\":\"2025-10-23T13:46:15+00:00\",\"dateModified\":\"2026-04-15T00:00:32+00:00\",\"breadcrumb\":{\"@id\":\"https:\/\/graindesail.com\/fr\/produit\/timemore-chestnut-c3s-pro\/#breadcrumb\"},\"inLanguage\":\"fr-FR\",\"potentialAction\":[{\"@type\":\"ReadAction\",\"target\":[\"https:\/\/graindesail.com\/fr\/produit\/timemore-chestnut-c3s-pro\/\"]}]},{\"@type\":\"ImageObject\",\"inLanguage\":\"fr-FR\",\"@id\":\"https:\/\/graindesail.com\/fr\/produit\/timemore-chestnut-c3s-pro\/#primaryimage\",\"url\":\"https:\/\/graindesail.com\/wp-content\/uploads\/2025\/11\/moulin-a-cafe-manuel-chestnut-cs3-pro.png\",\"contentUrl\":\"https:\/\/graindesail.com\/wp-content\/uploads\/2025\/11\/moulin-a-cafe-manuel-chestnut-cs3-pro.png\",\"width\":600,\"height\":600,\"caption\":\"Moulin \u00e0 caf\u00e9 manuel Timemore Chestnut C3S Pro - Ambiance\"},{\"@type\":\"BreadcrumbList\",\"@id\":\"https:\/\/graindesail.com\/fr\/produit\/timemore-chestnut-c3s-pro\/#breadcrumb\",\"itemListElement\":[{\"@type\":\"ListItem\",\"position\":1,\"name\":\"Home\",\"item\":\"https:\/\/graindesail.com\/fr\/\"},{\"@type\":\"ListItem\",\"position\":2,\"name\":\"Notre boutique en ligne\",\"item\":\"https:\/\/graindesail.com\/fr\/notre-boutique-en-ligne\/\"},{\"@type\":\"ListItem\",\"position\":3,\"name\":\"TIMEMORE Chestnut C3S Pro\"}]},{\"@type\":\"WebSite\",\"@id\":\"https:\/\/graindesail.com\/fr\/#website\",\"url\":\"https:\/\/graindesail.com\/fr\/\",\"name\":\"GDS\",\"description\":\"\",\"publisher\":{\"@id\":\"https:\/\/graindesail.com\/fr\/#organization\"},\"potentialAction\":[{\"@type\":\"SearchAction\",\"target\":{\"@type\":\"EntryPoint\",\"urlTemplate\":\"https:\/\/graindesail.com\/fr\/?s={search_term_string}\"},\"query-input\":{\"@type\":\"PropertyValueSpecification\",\"valueRequired\":true,\"valueName\":\"search_term_string\"}}],\"inLanguage\":\"fr-FR\"},{\"@type\":\"Organization\",\"@id\":\"https:\/\/graindesail.com\/fr\/#organization\",\"name\":\"GDS\",\"url\":\"https:\/\/graindesail.com\/fr\/\",\"logo\":{\"@type\":\"ImageObject\",\"inLanguage\":\"fr-FR\",\"@id\":\"https:\/\/graindesail.com\/fr\/#\/schema\/logo\/image\/\",\"url\":\"https:\/\/graindesail.com\/wp-content\/uploads\/2024\/12\/logo.svg\",\"contentUrl\":\"https:\/\/graindesail.com\/wp-content\/uploads\/2024\/12\/logo.svg\",\"width\":82,\"height\":130,\"caption\":\"GDS\"},\"image\":{\"@id\":\"https:\/\/graindesail.com\/fr\/#\/schema\/logo\/image\/\"}}]}<\/script>\n<!-- \/ Yoast SEO plugin. -->","yoast_head_json":{"title":"TIMEMORE Chestnut C3S Pro - GDS","robots":{"index":"index","follow":"follow","max-snippet":"max-snippet:-1","max-image-preview":"max-image-preview:large","max-video-preview":"max-video-preview:-1"},"canonical":"https:\/\/graindesail.com\/fr\/produit\/timemore-chestnut-c3s-pro\/","og_locale":"fr_FR","og_type":"article","og_title":"TIMEMORE Chestnut C3S Pro - GDS","og_description":"Moulin \u00e0 caf\u00e9 manuel","og_url":"https:\/\/graindesail.com\/fr\/produit\/timemore-chestnut-c3s-pro\/","og_site_name":"GDS","article_modified_time":"2026-04-15T00:00:32+00:00","og_image":[{"width":600,"height":600,"url":"https:\/\/graindesail.com\/wp-content\/uploads\/2025\/11\/moulin-a-cafe-manuel-chestnut-cs3-pro.png","type":"image\/png"}],"twitter_card":"summary_large_image","twitter_misc":{"Dur\u00e9e de lecture estim\u00e9e":"1 minute"},"schema":{"@context":"https:\/\/schema.org","@graph":[{"@type":"WebPage","@id":"https:\/\/graindesail.com\/fr\/produit\/timemore-chestnut-c3s-pro\/","url":"https:\/\/graindesail.com\/fr\/produit\/timemore-chestnut-c3s-pro\/","name":"TIMEMORE Chestnut C3S Pro - GDS","isPartOf":{"@id":"https:\/\/graindesail.com\/fr\/#website"},"primaryImageOfPage":{"@id":"https:\/\/graindesail.com\/fr\/produit\/timemore-chestnut-c3s-pro\/#primaryimage"},"image":{"@id":"https:\/\/graindesail.com\/fr\/produit\/timemore-chestnut-c3s-pro\/#primaryimage"},"thumbnailUrl":"https:\/\/graindesail.com\/wp-content\/uploads\/2025\/11\/moulin-a-cafe-manuel-chestnut-cs3-pro.png","datePublished":"2025-10-23T13:46:15+00:00","dateModified":"2026-04-15T00:00:32+00:00","breadcrumb":{"@id":"https:\/\/graindesail.com\/fr\/produit\/timemore-chestnut-c3s-pro\/#breadcrumb"},"inLanguage":"fr-FR","potentialAction":[{"@type":"ReadAction","target":["https:\/\/graindesail.com\/fr\/produit\/timemore-chestnut-c3s-pro\/"]}]},{"@type":"ImageObject","inLanguage":"fr-FR","@id":"https:\/\/graindesail.com\/fr\/produit\/timemore-chestnut-c3s-pro\/#primaryimage","url":"https:\/\/graindesail.com\/wp-content\/uploads\/2025\/11\/moulin-a-cafe-manuel-chestnut-cs3-pro.png","contentUrl":"https:\/\/graindesail.com\/wp-content\/uploads\/2025\/11\/moulin-a-cafe-manuel-chestnut-cs3-pro.png","width":600,"height":600,"caption":"Moulin \u00e0 caf\u00e9 manuel Timemore Chestnut C3S Pro - Ambiance"},{"@type":"BreadcrumbList","@id":"https:\/\/graindesail.com\/fr\/produit\/timemore-chestnut-c3s-pro\/#breadcrumb","itemListElement":[{"@type":"ListItem","position":1,"name":"Home","item":"https:\/\/graindesail.com\/fr\/"},{"@type":"ListItem","position":2,"name":"Notre boutique en ligne","item":"https:\/\/graindesail.com\/fr\/notre-boutique-en-ligne\/"},{"@type":"ListItem","position":3,"name":"TIMEMORE Chestnut C3S Pro"}]},{"@type":"WebSite","@id":"https:\/\/graindesail.com\/fr\/#website","url":"https:\/\/graindesail.com\/fr\/","name":"GDS","description":"","publisher":{"@id":"https:\/\/graindesail.com\/fr\/#organization"},"potentialAction":[{"@type":"SearchAction","target":{"@type":"EntryPoint","urlTemplate":"https:\/\/graindesail.com\/fr\/?s={search_term_string}"},"query-input":{"@type":"PropertyValueSpecification","valueRequired":true,"valueName":"search_term_string"}}],"inLanguage":"fr-FR"},{"@type":"Organization","@id":"https:\/\/graindesail.com\/fr\/#organization","name":"GDS","url":"https:\/\/graindesail.com\/fr\/","logo":{"@type":"ImageObject","inLanguage":"fr-FR","@id":"https:\/\/graindesail.com\/fr\/#\/schema\/logo\/image\/","url":"https:\/\/graindesail.com\/wp-content\/uploads\/2024\/12\/logo.svg","contentUrl":"https:\/\/graindesail.com\/wp-content\/uploads\/2024\/12\/logo.svg","width":82,"height":130,"caption":"GDS"},"image":{"@id":"https:\/\/graindesail.com\/fr\/#\/schema\/logo\/image\/"}}]}},"_links":{"self":[{"href":"https:\/\/graindesail.com\/fr\/wp-json\/wp\/v2\/product\/17778","targetHints":{"allow":["GET"]}}],"collection":[{"href":"https:\/\/graindesail.com\/fr\/wp-json\/wp\/v2\/product"}],"about":[{"href":"https:\/\/graindesail.com\/fr\/wp-json\/wp\/v2\/types\/product"}],"replies":[{"embeddable":true,"href":"https:\/\/graindesail.com\/fr\/wp-json\/wp\/v2\/comments?post=17778"}],"wp:featuredmedia":[{"embeddable":true,"href":"https:\/\/graindesail.com\/fr\/wp-json\/wp\/v2\/media\/20196"}],"wp:attachment":[{"href":"https:\/\/graindesail.com\/fr\/wp-json\/wp\/v2\/media?parent=17778"}],"wp:term":[{"taxonomy":"product_brand","embeddable":true,"href":"https:\/\/graindesail.com\/fr\/wp-json\/wp\/v2\/product_brand?post=17778"},{"taxonomy":"product_cat","embeddable":true,"href":"https:\/\/graindesail.com\/fr\/wp-json\/wp\/v2\/product_cat?post=17778"},{"taxonomy":"product_tag","embeddable":true,"href":"https:\/\/graindesail.com\/fr\/wp-json\/wp\/v2\/product_tag?post=17778"}],"curies":[{"name":"wp","href":"https:\/\/api.w.org\/{rel}","templated":true}]}}