{"id":17768,"date":"2025-10-23T13:35:18","date_gmt":"2025-10-23T13:35:18","guid":{"rendered":"https:\/\/graindesail.com\/?post_type=product&#038;p=17768"},"modified":"2026-04-15T00:00:33","modified_gmt":"2026-04-15T00:00:33","slug":"wilfa-aroma","status":"publish","type":"product","link":"https:\/\/graindesail.com\/fr\/produit\/wilfa-aroma\/","title":{"rendered":"WILFA \u2013 Aroma"},"content":{"rendered":"<p>Le <strong>moulin &agrave; caf&eacute; Wilfa Aroma<\/strong> est l&rsquo;alli&eacute; id&eacute;al pour r&eacute;v&eacute;ler toute la richesse aromatique de vos caf&eacute;s en grains. &Eacute;quip&eacute; de <strong>meules coniques en acier inoxydable<\/strong>, il garantit une <strong>mouture homog&egrave;ne et pr&eacute;cise<\/strong>, essentielle pour obtenir un caf&eacute; &eacute;quilibr&eacute; et savoureux.<\/p>\n<p>Son <strong>r&eacute;glage de mouture simple et intuitif<\/strong> permet de s&rsquo;adapter facilement aux principales m&eacute;thodes d&rsquo;extraction : <strong>caf&eacute; filtre, cafeti&egrave;re piston, moka<\/strong> ou m&eacute;thodes douces. Le <strong>moteur &agrave; basse vitesse<\/strong> limite l&rsquo;&eacute;chauffement du grain afin de pr&eacute;server pleinement les ar&ocirc;mes.<\/p>\n<p>Avec sa <strong>tr&eacute;mie grande capacit&eacute;<\/strong>, son <strong>design sobre et &eacute;l&eacute;gant<\/strong> et sa <strong>prise en main facile<\/strong>, le Wilfa Aroma est un excellent choix pour celles et ceux qui souhaitent passer au caf&eacute; fra&icirc;chement moulu, sans compromis entre qualit&eacute;, simplicit&eacute; et performance.<\/p>\n<p><strong>Un moulin fiable et polyvalent pour sublimer chaque tasse de caf&eacute; au quotidien.<\/strong><\/p>\n","protected":false},"excerpt":{"rendered":"<p>Moulin &agrave; caf&eacute; &eacute;lectrique<\/p>\n","protected":false},"featured_media":20226,"comment_status":"open","ping_status":"closed","template":"","meta":{"_acf_changed":false},"product_brand":[],"product_cat":[20,547],"product_tag":[],"class_list":{"0":"post-17768","1":"product","2":"type-product","3":"status-publish","4":"has-post-thumbnail","6":"product_cat-accessoires","7":"product_cat-moulin-a-cafe","9":"first","10":"instock","11":"taxable","12":"shipping-taxable","13":"purchasable","14":"product-type-simple"},"acf":[],"yoast_head":"<!-- This site is optimized with the Yoast SEO plugin v25.5 - https:\/\/yoast.com\/wordpress\/plugins\/seo\/ -->\n<title>WILFA \u2013 Aroma - GDS<\/title>\n<meta name=\"robots\" content=\"index, follow, max-snippet:-1, max-image-preview:large, max-video-preview:-1\" \/>\n<link rel=\"canonical\" href=\"https:\/\/graindesail.com\/fr\/produit\/wilfa-aroma\/\" \/>\n<meta property=\"og:locale\" content=\"fr_FR\" \/>\n<meta property=\"og:type\" content=\"article\" \/>\n<meta property=\"og:title\" content=\"WILFA \u2013 Aroma - GDS\" \/>\n<meta property=\"og:description\" content=\"Moulin &agrave; caf&eacute; &eacute;lectrique\" \/>\n<meta property=\"og:url\" content=\"https:\/\/graindesail.com\/fr\/produit\/wilfa-aroma\/\" \/>\n<meta property=\"og:site_name\" content=\"GDS\" \/>\n<meta property=\"article:modified_time\" content=\"2026-04-15T00:00:33+00:00\" \/>\n<meta property=\"og:image\" content=\"https:\/\/graindesail.com\/wp-content\/uploads\/2025\/11\/moulin-a-cafe-automatique-wilfa-classic-aroma.png\" \/>\n\t<meta property=\"og:image:width\" content=\"600\" \/>\n\t<meta property=\"og:image:height\" content=\"600\" \/>\n\t<meta property=\"og:image:type\" content=\"image\/png\" \/>\n<meta name=\"twitter:card\" content=\"summary_large_image\" \/>\n<meta name=\"twitter:label1\" content=\"Dur\u00e9e de lecture estim\u00e9e\" \/>\n\t<meta name=\"twitter:data1\" content=\"1 minute\" \/>\n<script type=\"application\/ld+json\" class=\"yoast-schema-graph\">{\"@context\":\"https:\/\/schema.org\",\"@graph\":[{\"@type\":\"WebPage\",\"@id\":\"https:\/\/graindesail.com\/fr\/produit\/wilfa-aroma\/\",\"url\":\"https:\/\/graindesail.com\/fr\/produit\/wilfa-aroma\/\",\"name\":\"WILFA \u2013 Aroma - GDS\",\"isPartOf\":{\"@id\":\"https:\/\/graindesail.com\/fr\/#website\"},\"primaryImageOfPage\":{\"@id\":\"https:\/\/graindesail.com\/fr\/produit\/wilfa-aroma\/#primaryimage\"},\"image\":{\"@id\":\"https:\/\/graindesail.com\/fr\/produit\/wilfa-aroma\/#primaryimage\"},\"thumbnailUrl\":\"https:\/\/graindesail.com\/wp-content\/uploads\/2025\/11\/moulin-a-cafe-automatique-wilfa-classic-aroma.png\",\"datePublished\":\"2025-10-23T13:35:18+00:00\",\"dateModified\":\"2026-04-15T00:00:33+00:00\",\"breadcrumb\":{\"@id\":\"https:\/\/graindesail.com\/fr\/produit\/wilfa-aroma\/#breadcrumb\"},\"inLanguage\":\"fr-FR\",\"potentialAction\":[{\"@type\":\"ReadAction\",\"target\":[\"https:\/\/graindesail.com\/fr\/produit\/wilfa-aroma\/\"]}]},{\"@type\":\"ImageObject\",\"inLanguage\":\"fr-FR\",\"@id\":\"https:\/\/graindesail.com\/fr\/produit\/wilfa-aroma\/#primaryimage\",\"url\":\"https:\/\/graindesail.com\/wp-content\/uploads\/2025\/11\/moulin-a-cafe-automatique-wilfa-classic-aroma.png\",\"contentUrl\":\"https:\/\/graindesail.com\/wp-content\/uploads\/2025\/11\/moulin-a-cafe-automatique-wilfa-classic-aroma.png\",\"width\":600,\"height\":600,\"caption\":\"Moulin \u00e0 caf\u00e9 \u00e9lectrique Wilfa Aroma - Ambiance\"},{\"@type\":\"BreadcrumbList\",\"@id\":\"https:\/\/graindesail.com\/fr\/produit\/wilfa-aroma\/#breadcrumb\",\"itemListElement\":[{\"@type\":\"ListItem\",\"position\":1,\"name\":\"Home\",\"item\":\"https:\/\/graindesail.com\/fr\/\"},{\"@type\":\"ListItem\",\"position\":2,\"name\":\"Notre boutique en ligne\",\"item\":\"https:\/\/graindesail.com\/fr\/notre-boutique-en-ligne\/\"},{\"@type\":\"ListItem\",\"position\":3,\"name\":\"WILFA \u2013 Aroma\"}]},{\"@type\":\"WebSite\",\"@id\":\"https:\/\/graindesail.com\/fr\/#website\",\"url\":\"https:\/\/graindesail.com\/fr\/\",\"name\":\"GDS\",\"description\":\"\",\"publisher\":{\"@id\":\"https:\/\/graindesail.com\/fr\/#organization\"},\"potentialAction\":[{\"@type\":\"SearchAction\",\"target\":{\"@type\":\"EntryPoint\",\"urlTemplate\":\"https:\/\/graindesail.com\/fr\/?s={search_term_string}\"},\"query-input\":{\"@type\":\"PropertyValueSpecification\",\"valueRequired\":true,\"valueName\":\"search_term_string\"}}],\"inLanguage\":\"fr-FR\"},{\"@type\":\"Organization\",\"@id\":\"https:\/\/graindesail.com\/fr\/#organization\",\"name\":\"GDS\",\"url\":\"https:\/\/graindesail.com\/fr\/\",\"logo\":{\"@type\":\"ImageObject\",\"inLanguage\":\"fr-FR\",\"@id\":\"https:\/\/graindesail.com\/fr\/#\/schema\/logo\/image\/\",\"url\":\"https:\/\/graindesail.com\/wp-content\/uploads\/2024\/12\/logo.svg\",\"contentUrl\":\"https:\/\/graindesail.com\/wp-content\/uploads\/2024\/12\/logo.svg\",\"width\":82,\"height\":130,\"caption\":\"GDS\"},\"image\":{\"@id\":\"https:\/\/graindesail.com\/fr\/#\/schema\/logo\/image\/\"}}]}<\/script>\n<!-- \/ Yoast SEO plugin. -->","yoast_head_json":{"title":"WILFA \u2013 Aroma - GDS","robots":{"index":"index","follow":"follow","max-snippet":"max-snippet:-1","max-image-preview":"max-image-preview:large","max-video-preview":"max-video-preview:-1"},"canonical":"https:\/\/graindesail.com\/fr\/produit\/wilfa-aroma\/","og_locale":"fr_FR","og_type":"article","og_title":"WILFA \u2013 Aroma - GDS","og_description":"Moulin &agrave; caf&eacute; &eacute;lectrique","og_url":"https:\/\/graindesail.com\/fr\/produit\/wilfa-aroma\/","og_site_name":"GDS","article_modified_time":"2026-04-15T00:00:33+00:00","og_image":[{"width":600,"height":600,"url":"https:\/\/graindesail.com\/wp-content\/uploads\/2025\/11\/moulin-a-cafe-automatique-wilfa-classic-aroma.png","type":"image\/png"}],"twitter_card":"summary_large_image","twitter_misc":{"Dur\u00e9e de lecture estim\u00e9e":"1 minute"},"schema":{"@context":"https:\/\/schema.org","@graph":[{"@type":"WebPage","@id":"https:\/\/graindesail.com\/fr\/produit\/wilfa-aroma\/","url":"https:\/\/graindesail.com\/fr\/produit\/wilfa-aroma\/","name":"WILFA \u2013 Aroma - GDS","isPartOf":{"@id":"https:\/\/graindesail.com\/fr\/#website"},"primaryImageOfPage":{"@id":"https:\/\/graindesail.com\/fr\/produit\/wilfa-aroma\/#primaryimage"},"image":{"@id":"https:\/\/graindesail.com\/fr\/produit\/wilfa-aroma\/#primaryimage"},"thumbnailUrl":"https:\/\/graindesail.com\/wp-content\/uploads\/2025\/11\/moulin-a-cafe-automatique-wilfa-classic-aroma.png","datePublished":"2025-10-23T13:35:18+00:00","dateModified":"2026-04-15T00:00:33+00:00","breadcrumb":{"@id":"https:\/\/graindesail.com\/fr\/produit\/wilfa-aroma\/#breadcrumb"},"inLanguage":"fr-FR","potentialAction":[{"@type":"ReadAction","target":["https:\/\/graindesail.com\/fr\/produit\/wilfa-aroma\/"]}]},{"@type":"ImageObject","inLanguage":"fr-FR","@id":"https:\/\/graindesail.com\/fr\/produit\/wilfa-aroma\/#primaryimage","url":"https:\/\/graindesail.com\/wp-content\/uploads\/2025\/11\/moulin-a-cafe-automatique-wilfa-classic-aroma.png","contentUrl":"https:\/\/graindesail.com\/wp-content\/uploads\/2025\/11\/moulin-a-cafe-automatique-wilfa-classic-aroma.png","width":600,"height":600,"caption":"Moulin \u00e0 caf\u00e9 \u00e9lectrique Wilfa Aroma - Ambiance"},{"@type":"BreadcrumbList","@id":"https:\/\/graindesail.com\/fr\/produit\/wilfa-aroma\/#breadcrumb","itemListElement":[{"@type":"ListItem","position":1,"name":"Home","item":"https:\/\/graindesail.com\/fr\/"},{"@type":"ListItem","position":2,"name":"Notre boutique en ligne","item":"https:\/\/graindesail.com\/fr\/notre-boutique-en-ligne\/"},{"@type":"ListItem","position":3,"name":"WILFA \u2013 Aroma"}]},{"@type":"WebSite","@id":"https:\/\/graindesail.com\/fr\/#website","url":"https:\/\/graindesail.com\/fr\/","name":"GDS","description":"","publisher":{"@id":"https:\/\/graindesail.com\/fr\/#organization"},"potentialAction":[{"@type":"SearchAction","target":{"@type":"EntryPoint","urlTemplate":"https:\/\/graindesail.com\/fr\/?s={search_term_string}"},"query-input":{"@type":"PropertyValueSpecification","valueRequired":true,"valueName":"search_term_string"}}],"inLanguage":"fr-FR"},{"@type":"Organization","@id":"https:\/\/graindesail.com\/fr\/#organization","name":"GDS","url":"https:\/\/graindesail.com\/fr\/","logo":{"@type":"ImageObject","inLanguage":"fr-FR","@id":"https:\/\/graindesail.com\/fr\/#\/schema\/logo\/image\/","url":"https:\/\/graindesail.com\/wp-content\/uploads\/2024\/12\/logo.svg","contentUrl":"https:\/\/graindesail.com\/wp-content\/uploads\/2024\/12\/logo.svg","width":82,"height":130,"caption":"GDS"},"image":{"@id":"https:\/\/graindesail.com\/fr\/#\/schema\/logo\/image\/"}}]}},"_links":{"self":[{"href":"https:\/\/graindesail.com\/fr\/wp-json\/wp\/v2\/product\/17768","targetHints":{"allow":["GET"]}}],"collection":[{"href":"https:\/\/graindesail.com\/fr\/wp-json\/wp\/v2\/product"}],"about":[{"href":"https:\/\/graindesail.com\/fr\/wp-json\/wp\/v2\/types\/product"}],"replies":[{"embeddable":true,"href":"https:\/\/graindesail.com\/fr\/wp-json\/wp\/v2\/comments?post=17768"}],"wp:featuredmedia":[{"embeddable":true,"href":"https:\/\/graindesail.com\/fr\/wp-json\/wp\/v2\/media\/20226"}],"wp:attachment":[{"href":"https:\/\/graindesail.com\/fr\/wp-json\/wp\/v2\/media?parent=17768"}],"wp:term":[{"taxonomy":"product_brand","embeddable":true,"href":"https:\/\/graindesail.com\/fr\/wp-json\/wp\/v2\/product_brand?post=17768"},{"taxonomy":"product_cat","embeddable":true,"href":"https:\/\/graindesail.com\/fr\/wp-json\/wp\/v2\/product_cat?post=17768"},{"taxonomy":"product_tag","embeddable":true,"href":"https:\/\/graindesail.com\/fr\/wp-json\/wp\/v2\/product_tag?post=17768"}],"curies":[{"name":"wp","href":"https:\/\/api.w.org\/{rel}","templated":true}]}}