{"id":15611,"date":"2025-09-10T07:22:48","date_gmt":"2025-09-10T07:22:48","guid":{"rendered":"https:\/\/graindesail.com\/?post_type=product&#038;p=15611"},"modified":"2026-04-18T00:00:31","modified_gmt":"2026-04-18T00:00:31","slug":"chocolat-sarrasin-facon-crepe-de-ble-noir","status":"publish","type":"product","link":"https:\/\/graindesail.com\/fr\/produit\/chocolat-sarrasin-facon-crepe-de-ble-noir\/","title":{"rendered":"Chocolat Sarrasin &#8211; Fa\u00e7on Cr\u00eape de Bl\u00e9 noir"},"content":{"rendered":"<p>Sa texture fondante, enrichie de beurre et de cr&egrave;me bretons, r&eacute;v&egrave;le un &eacute;quilibre subtil entre force et douceur. Une recette artisanale et responsable, qui surprend par son originalit&eacute; et ravit par sa profondeur. &Agrave; d&eacute;couvrir pour une pause gourmande pleine de caract&egrave;re.<\/p>\n<p>Poids net : 220 grammes<\/p>\n<p>&nbsp;<\/p>\n<p>Pensez au tri, la plan&egrave;te vous remercie !<\/p>\n","protected":false},"excerpt":{"rendered":"<p>Une douceur &agrave; tartiner inspir&eacute;e de la cr&ecirc;pe de bl&eacute; noir, au chocolat noir Grain de Sail, riche en beurre et cr&egrave;me bretons. Une gourmandise au go&ucirc;t r&eacute;solument breton.<\/p>\n","protected":false},"featured_media":15600,"comment_status":"open","ping_status":"closed","template":"","meta":{"_acf_changed":false},"product_brand":[],"product_cat":[469,607],"product_tag":[],"class_list":{"0":"post-15611","1":"product","2":"type-product","3":"status-publish","4":"has-post-thumbnail","6":"product_cat-gourmandises","7":"product_cat-a-tartiner","9":"first","10":"instock","11":"taxable","12":"shipping-taxable","13":"purchasable","14":"product-type-simple"},"acf":[],"yoast_head":"<!-- This site is optimized with the Yoast SEO plugin v25.5 - https:\/\/yoast.com\/wordpress\/plugins\/seo\/ -->\n<title>Chocolat Sarrasin - Fa\u00e7on Cr\u00eape de Bl\u00e9 noir<\/title>\n<meta name=\"description\" content=\"D\u00e9couvrez ce d\u00e9lice \u00e0 tartiner inspir\u00e9 de la cr\u00eape de bl\u00e9 noir, au chocolat noir Grain de Sail, riche en beurre et cr\u00e8me bretons.\" \/>\n<meta name=\"robots\" content=\"index, follow, max-snippet:-1, max-image-preview:large, max-video-preview:-1\" \/>\n<link rel=\"canonical\" href=\"https:\/\/graindesail.com\/fr\/produit\/chocolat-sarrasin-facon-crepe-de-ble-noir\/\" \/>\n<meta property=\"og:locale\" content=\"fr_FR\" \/>\n<meta property=\"og:type\" content=\"article\" \/>\n<meta property=\"og:title\" content=\"Chocolat Sarrasin - Fa\u00e7on Cr\u00eape de Bl\u00e9 noir\" \/>\n<meta property=\"og:description\" content=\"D\u00e9couvrez ce d\u00e9lice \u00e0 tartiner inspir\u00e9 de la cr\u00eape de bl\u00e9 noir, au chocolat noir Grain de Sail, riche en beurre et cr\u00e8me bretons.\" \/>\n<meta property=\"og:url\" content=\"https:\/\/graindesail.com\/fr\/produit\/chocolat-sarrasin-facon-crepe-de-ble-noir\/\" \/>\n<meta property=\"og:site_name\" content=\"GDS\" \/>\n<meta property=\"article:modified_time\" content=\"2026-04-18T00:00:31+00:00\" \/>\n<meta property=\"og:image\" content=\"https:\/\/graindesail.com\/wp-content\/uploads\/2025\/09\/chocolat-sarrasin-facon-crepe-de-ble-noir220g.jpg\" \/>\n\t<meta property=\"og:image:width\" content=\"800\" \/>\n\t<meta property=\"og:image:height\" content=\"800\" \/>\n\t<meta property=\"og:image:type\" content=\"image\/jpeg\" \/>\n<meta name=\"twitter:card\" content=\"summary_large_image\" \/>\n<meta name=\"twitter:label1\" content=\"Dur\u00e9e de lecture estim\u00e9e\" \/>\n\t<meta name=\"twitter:data1\" content=\"1 minute\" \/>\n<script type=\"application\/ld+json\" class=\"yoast-schema-graph\">{\"@context\":\"https:\/\/schema.org\",\"@graph\":[{\"@type\":\"WebPage\",\"@id\":\"https:\/\/graindesail.com\/fr\/produit\/chocolat-sarrasin-facon-crepe-de-ble-noir\/\",\"url\":\"https:\/\/graindesail.com\/fr\/produit\/chocolat-sarrasin-facon-crepe-de-ble-noir\/\",\"name\":\"Chocolat Sarrasin - Fa\u00e7on Cr\u00eape de Bl\u00e9 noir\",\"isPartOf\":{\"@id\":\"https:\/\/graindesail.com\/fr\/#website\"},\"primaryImageOfPage\":{\"@id\":\"https:\/\/graindesail.com\/fr\/produit\/chocolat-sarrasin-facon-crepe-de-ble-noir\/#primaryimage\"},\"image\":{\"@id\":\"https:\/\/graindesail.com\/fr\/produit\/chocolat-sarrasin-facon-crepe-de-ble-noir\/#primaryimage\"},\"thumbnailUrl\":\"https:\/\/graindesail.com\/wp-content\/uploads\/2025\/09\/chocolat-sarrasin-facon-crepe-de-ble-noir220g.jpg\",\"datePublished\":\"2025-09-10T07:22:48+00:00\",\"dateModified\":\"2026-04-18T00:00:31+00:00\",\"description\":\"D\u00e9couvrez ce d\u00e9lice \u00e0 tartiner inspir\u00e9 de la cr\u00eape de bl\u00e9 noir, au chocolat noir Grain de Sail, riche en beurre et cr\u00e8me bretons.\",\"breadcrumb\":{\"@id\":\"https:\/\/graindesail.com\/fr\/produit\/chocolat-sarrasin-facon-crepe-de-ble-noir\/#breadcrumb\"},\"inLanguage\":\"fr-FR\",\"potentialAction\":[{\"@type\":\"ReadAction\",\"target\":[\"https:\/\/graindesail.com\/fr\/produit\/chocolat-sarrasin-facon-crepe-de-ble-noir\/\"]}]},{\"@type\":\"ImageObject\",\"inLanguage\":\"fr-FR\",\"@id\":\"https:\/\/graindesail.com\/fr\/produit\/chocolat-sarrasin-facon-crepe-de-ble-noir\/#primaryimage\",\"url\":\"https:\/\/graindesail.com\/wp-content\/uploads\/2025\/09\/chocolat-sarrasin-facon-crepe-de-ble-noir220g.jpg\",\"contentUrl\":\"https:\/\/graindesail.com\/wp-content\/uploads\/2025\/09\/chocolat-sarrasin-facon-crepe-de-ble-noir220g.jpg\",\"width\":800,\"height\":800,\"caption\":\"Tartine Chocolat Sarrasin Facon Crepe Bl\u00e9 Noir 220G\"},{\"@type\":\"BreadcrumbList\",\"@id\":\"https:\/\/graindesail.com\/fr\/produit\/chocolat-sarrasin-facon-crepe-de-ble-noir\/#breadcrumb\",\"itemListElement\":[{\"@type\":\"ListItem\",\"position\":1,\"name\":\"Home\",\"item\":\"https:\/\/graindesail.com\/fr\/\"},{\"@type\":\"ListItem\",\"position\":2,\"name\":\"Notre boutique en ligne\",\"item\":\"https:\/\/graindesail.com\/fr\/notre-boutique-en-ligne\/\"},{\"@type\":\"ListItem\",\"position\":3,\"name\":\"Chocolat Sarrasin &#8211; Fa\u00e7on Cr\u00eape de Bl\u00e9 noir\"}]},{\"@type\":\"WebSite\",\"@id\":\"https:\/\/graindesail.com\/fr\/#website\",\"url\":\"https:\/\/graindesail.com\/fr\/\",\"name\":\"GDS\",\"description\":\"\",\"publisher\":{\"@id\":\"https:\/\/graindesail.com\/fr\/#organization\"},\"potentialAction\":[{\"@type\":\"SearchAction\",\"target\":{\"@type\":\"EntryPoint\",\"urlTemplate\":\"https:\/\/graindesail.com\/fr\/?s={search_term_string}\"},\"query-input\":{\"@type\":\"PropertyValueSpecification\",\"valueRequired\":true,\"valueName\":\"search_term_string\"}}],\"inLanguage\":\"fr-FR\"},{\"@type\":\"Organization\",\"@id\":\"https:\/\/graindesail.com\/fr\/#organization\",\"name\":\"GDS\",\"url\":\"https:\/\/graindesail.com\/fr\/\",\"logo\":{\"@type\":\"ImageObject\",\"inLanguage\":\"fr-FR\",\"@id\":\"https:\/\/graindesail.com\/fr\/#\/schema\/logo\/image\/\",\"url\":\"https:\/\/graindesail.com\/wp-content\/uploads\/2024\/12\/logo.svg\",\"contentUrl\":\"https:\/\/graindesail.com\/wp-content\/uploads\/2024\/12\/logo.svg\",\"width\":82,\"height\":130,\"caption\":\"GDS\"},\"image\":{\"@id\":\"https:\/\/graindesail.com\/fr\/#\/schema\/logo\/image\/\"}}]}<\/script>\n<!-- \/ Yoast SEO plugin. -->","yoast_head_json":{"title":"Chocolat Sarrasin - Fa\u00e7on Cr\u00eape de Bl\u00e9 noir","description":"D\u00e9couvrez ce d\u00e9lice \u00e0 tartiner inspir\u00e9 de la cr\u00eape de bl\u00e9 noir, au chocolat noir Grain de Sail, riche en beurre et cr\u00e8me bretons.","robots":{"index":"index","follow":"follow","max-snippet":"max-snippet:-1","max-image-preview":"max-image-preview:large","max-video-preview":"max-video-preview:-1"},"canonical":"https:\/\/graindesail.com\/fr\/produit\/chocolat-sarrasin-facon-crepe-de-ble-noir\/","og_locale":"fr_FR","og_type":"article","og_title":"Chocolat Sarrasin - Fa\u00e7on Cr\u00eape de Bl\u00e9 noir","og_description":"D\u00e9couvrez ce d\u00e9lice \u00e0 tartiner inspir\u00e9 de la cr\u00eape de bl\u00e9 noir, au chocolat noir Grain de Sail, riche en beurre et cr\u00e8me bretons.","og_url":"https:\/\/graindesail.com\/fr\/produit\/chocolat-sarrasin-facon-crepe-de-ble-noir\/","og_site_name":"GDS","article_modified_time":"2026-04-18T00:00:31+00:00","og_image":[{"width":800,"height":800,"url":"https:\/\/graindesail.com\/wp-content\/uploads\/2025\/09\/chocolat-sarrasin-facon-crepe-de-ble-noir220g.jpg","type":"image\/jpeg"}],"twitter_card":"summary_large_image","twitter_misc":{"Dur\u00e9e de lecture estim\u00e9e":"1 minute"},"schema":{"@context":"https:\/\/schema.org","@graph":[{"@type":"WebPage","@id":"https:\/\/graindesail.com\/fr\/produit\/chocolat-sarrasin-facon-crepe-de-ble-noir\/","url":"https:\/\/graindesail.com\/fr\/produit\/chocolat-sarrasin-facon-crepe-de-ble-noir\/","name":"Chocolat Sarrasin - Fa\u00e7on Cr\u00eape de Bl\u00e9 noir","isPartOf":{"@id":"https:\/\/graindesail.com\/fr\/#website"},"primaryImageOfPage":{"@id":"https:\/\/graindesail.com\/fr\/produit\/chocolat-sarrasin-facon-crepe-de-ble-noir\/#primaryimage"},"image":{"@id":"https:\/\/graindesail.com\/fr\/produit\/chocolat-sarrasin-facon-crepe-de-ble-noir\/#primaryimage"},"thumbnailUrl":"https:\/\/graindesail.com\/wp-content\/uploads\/2025\/09\/chocolat-sarrasin-facon-crepe-de-ble-noir220g.jpg","datePublished":"2025-09-10T07:22:48+00:00","dateModified":"2026-04-18T00:00:31+00:00","description":"D\u00e9couvrez ce d\u00e9lice \u00e0 tartiner inspir\u00e9 de la cr\u00eape de bl\u00e9 noir, au chocolat noir Grain de Sail, riche en beurre et cr\u00e8me bretons.","breadcrumb":{"@id":"https:\/\/graindesail.com\/fr\/produit\/chocolat-sarrasin-facon-crepe-de-ble-noir\/#breadcrumb"},"inLanguage":"fr-FR","potentialAction":[{"@type":"ReadAction","target":["https:\/\/graindesail.com\/fr\/produit\/chocolat-sarrasin-facon-crepe-de-ble-noir\/"]}]},{"@type":"ImageObject","inLanguage":"fr-FR","@id":"https:\/\/graindesail.com\/fr\/produit\/chocolat-sarrasin-facon-crepe-de-ble-noir\/#primaryimage","url":"https:\/\/graindesail.com\/wp-content\/uploads\/2025\/09\/chocolat-sarrasin-facon-crepe-de-ble-noir220g.jpg","contentUrl":"https:\/\/graindesail.com\/wp-content\/uploads\/2025\/09\/chocolat-sarrasin-facon-crepe-de-ble-noir220g.jpg","width":800,"height":800,"caption":"Tartine Chocolat Sarrasin Facon Crepe Bl\u00e9 Noir 220G"},{"@type":"BreadcrumbList","@id":"https:\/\/graindesail.com\/fr\/produit\/chocolat-sarrasin-facon-crepe-de-ble-noir\/#breadcrumb","itemListElement":[{"@type":"ListItem","position":1,"name":"Home","item":"https:\/\/graindesail.com\/fr\/"},{"@type":"ListItem","position":2,"name":"Notre boutique en ligne","item":"https:\/\/graindesail.com\/fr\/notre-boutique-en-ligne\/"},{"@type":"ListItem","position":3,"name":"Chocolat Sarrasin &#8211; Fa\u00e7on Cr\u00eape de Bl\u00e9 noir"}]},{"@type":"WebSite","@id":"https:\/\/graindesail.com\/fr\/#website","url":"https:\/\/graindesail.com\/fr\/","name":"GDS","description":"","publisher":{"@id":"https:\/\/graindesail.com\/fr\/#organization"},"potentialAction":[{"@type":"SearchAction","target":{"@type":"EntryPoint","urlTemplate":"https:\/\/graindesail.com\/fr\/?s={search_term_string}"},"query-input":{"@type":"PropertyValueSpecification","valueRequired":true,"valueName":"search_term_string"}}],"inLanguage":"fr-FR"},{"@type":"Organization","@id":"https:\/\/graindesail.com\/fr\/#organization","name":"GDS","url":"https:\/\/graindesail.com\/fr\/","logo":{"@type":"ImageObject","inLanguage":"fr-FR","@id":"https:\/\/graindesail.com\/fr\/#\/schema\/logo\/image\/","url":"https:\/\/graindesail.com\/wp-content\/uploads\/2024\/12\/logo.svg","contentUrl":"https:\/\/graindesail.com\/wp-content\/uploads\/2024\/12\/logo.svg","width":82,"height":130,"caption":"GDS"},"image":{"@id":"https:\/\/graindesail.com\/fr\/#\/schema\/logo\/image\/"}}]}},"_links":{"self":[{"href":"https:\/\/graindesail.com\/fr\/wp-json\/wp\/v2\/product\/15611","targetHints":{"allow":["GET"]}}],"collection":[{"href":"https:\/\/graindesail.com\/fr\/wp-json\/wp\/v2\/product"}],"about":[{"href":"https:\/\/graindesail.com\/fr\/wp-json\/wp\/v2\/types\/product"}],"replies":[{"embeddable":true,"href":"https:\/\/graindesail.com\/fr\/wp-json\/wp\/v2\/comments?post=15611"}],"wp:featuredmedia":[{"embeddable":true,"href":"https:\/\/graindesail.com\/fr\/wp-json\/wp\/v2\/media\/15600"}],"wp:attachment":[{"href":"https:\/\/graindesail.com\/fr\/wp-json\/wp\/v2\/media?parent=15611"}],"wp:term":[{"taxonomy":"product_brand","embeddable":true,"href":"https:\/\/graindesail.com\/fr\/wp-json\/wp\/v2\/product_brand?post=15611"},{"taxonomy":"product_cat","embeddable":true,"href":"https:\/\/graindesail.com\/fr\/wp-json\/wp\/v2\/product_cat?post=15611"},{"taxonomy":"product_tag","embeddable":true,"href":"https:\/\/graindesail.com\/fr\/wp-json\/wp\/v2\/product_tag?post=15611"}],"curies":[{"name":"wp","href":"https:\/\/api.w.org\/{rel}","templated":true}]}}