{"id":15595,"date":"2025-09-09T14:09:06","date_gmt":"2025-09-09T14:09:06","guid":{"rendered":"https:\/\/graindesail.com\/?post_type=product&#038;p=15595"},"modified":"2026-04-29T00:00:50","modified_gmt":"2026-04-29T00:00:50","slug":"cerise-chocolat-facon-foret-noire","status":"publish","type":"product","link":"https:\/\/graindesail.com\/fr\/produit\/cerise-chocolat-facon-foret-noire\/","title":{"rendered":"Cerise Chocolat &#8211; Fa\u00e7on For\u00eat Noire"},"content":{"rendered":"<p>Inspir\u00e9e du mythique dessert, cette cr\u00e9ation marie le chocolat noir intense 75% Grain de Sail \u00e0 la cerise griotte, fruit\u00e9e, l\u00e9g\u00e8rement acidul\u00e9e. Une bouch\u00e9e, et vous retrouvez la tendresse d&#8217;un souvenir d&#8217;enfance&#8230; mais en tartine.<\/p>\n<p>\u00c9labor\u00e9e en Bretagne avec soin, cette sp\u00e9cialit\u00e9 allie tradition et originalit\u00e9. Id\u00e9ale sur une brioche ti\u00e8de ou \u00e0 la petite cuill\u00e8re.<\/p>\n<p>Poids net : 220 grammes<\/p>\n<p>&nbsp;<\/p>\n<p>\u200b\u200b\u200b\u200b\u200b\u200b\u200bPensez au tri, la plan\u00e8te vous remercie !<\/p>\n","protected":false},"excerpt":{"rendered":"<p>Et si la For\u00eat Noire devenait tartinable ? Une p\u00e2te \u00e0 tartiner alliant le chocolat noir 75% Grain de Sail \u00e0 la cerise griotte, pour retrouver en une cuill\u00e8re toute la richesse d\u2019un g\u00e2teau d\u2019anniversaire.<\/p>\n","protected":false},"featured_media":15598,"comment_status":"open","ping_status":"closed","template":"","meta":{"_acf_changed":false},"product_brand":[],"product_cat":[469,607],"product_tag":[],"class_list":{"0":"post-15595","1":"product","2":"type-product","3":"status-publish","4":"has-post-thumbnail","6":"product_cat-gourmandises","7":"product_cat-a-tartiner","9":"first","10":"instock","11":"taxable","12":"shipping-taxable","13":"purchasable","14":"product-type-simple"},"acf":[],"yoast_head":"<!-- This site is optimized with the Yoast SEO plugin v25.5 - https:\/\/yoast.com\/wordpress\/plugins\/seo\/ -->\n<title>Cerise Chocolat - Fa\u00e7on For\u00eat Noire<\/title>\n<meta name=\"description\" content=\"Et si la For\u00eat Noire devenait tartinable ? Une douceur \u00e0 tartiner alliant le chocolat noir 75% Grain de Sail \u00e0 la cerise griotte.\" \/>\n<meta name=\"robots\" content=\"index, follow, max-snippet:-1, max-image-preview:large, max-video-preview:-1\" \/>\n<link rel=\"canonical\" href=\"https:\/\/graindesail.com\/fr\/produit\/cerise-chocolat-facon-foret-noire\/\" \/>\n<meta property=\"og:locale\" content=\"fr_FR\" \/>\n<meta property=\"og:type\" content=\"article\" \/>\n<meta property=\"og:title\" content=\"Cerise Chocolat - Fa\u00e7on For\u00eat Noire\" \/>\n<meta property=\"og:description\" content=\"Et si la For\u00eat Noire devenait tartinable ? Une douceur \u00e0 tartiner alliant le chocolat noir 75% Grain de Sail \u00e0 la cerise griotte.\" \/>\n<meta property=\"og:url\" content=\"https:\/\/graindesail.com\/fr\/produit\/cerise-chocolat-facon-foret-noire\/\" \/>\n<meta property=\"og:site_name\" content=\"GDS\" \/>\n<meta property=\"article:modified_time\" content=\"2026-04-29T00:00:50+00:00\" \/>\n<meta property=\"og:image\" content=\"https:\/\/graindesail.com\/wp-content\/uploads\/2025\/09\/cerise-chocolat-facon-foret-noire-220g.jpg\" \/>\n\t<meta property=\"og:image:width\" content=\"800\" \/>\n\t<meta property=\"og:image:height\" content=\"800\" \/>\n\t<meta property=\"og:image:type\" content=\"image\/jpeg\" \/>\n<meta name=\"twitter:card\" content=\"summary_large_image\" \/>\n<meta name=\"twitter:label1\" content=\"Dur\u00e9e de lecture estim\u00e9e\" \/>\n\t<meta name=\"twitter:data1\" content=\"1 minute\" \/>\n<script type=\"application\/ld+json\" class=\"yoast-schema-graph\">{\"@context\":\"https:\/\/schema.org\",\"@graph\":[{\"@type\":\"WebPage\",\"@id\":\"https:\/\/graindesail.com\/fr\/produit\/cerise-chocolat-facon-foret-noire\/\",\"url\":\"https:\/\/graindesail.com\/fr\/produit\/cerise-chocolat-facon-foret-noire\/\",\"name\":\"Cerise Chocolat - Fa\u00e7on For\u00eat Noire\",\"isPartOf\":{\"@id\":\"https:\/\/graindesail.com\/fr\/#website\"},\"primaryImageOfPage\":{\"@id\":\"https:\/\/graindesail.com\/fr\/produit\/cerise-chocolat-facon-foret-noire\/#primaryimage\"},\"image\":{\"@id\":\"https:\/\/graindesail.com\/fr\/produit\/cerise-chocolat-facon-foret-noire\/#primaryimage\"},\"thumbnailUrl\":\"https:\/\/graindesail.com\/wp-content\/uploads\/2025\/09\/cerise-chocolat-facon-foret-noire-220g.jpg\",\"datePublished\":\"2025-09-09T14:09:06+00:00\",\"dateModified\":\"2026-04-29T00:00:50+00:00\",\"description\":\"Et si la For\u00eat Noire devenait tartinable ? Une douceur \u00e0 tartiner alliant le chocolat noir 75% Grain de Sail \u00e0 la cerise griotte.\",\"breadcrumb\":{\"@id\":\"https:\/\/graindesail.com\/fr\/produit\/cerise-chocolat-facon-foret-noire\/#breadcrumb\"},\"inLanguage\":\"fr-FR\",\"potentialAction\":[{\"@type\":\"ReadAction\",\"target\":[\"https:\/\/graindesail.com\/fr\/produit\/cerise-chocolat-facon-foret-noire\/\"]}]},{\"@type\":\"ImageObject\",\"inLanguage\":\"fr-FR\",\"@id\":\"https:\/\/graindesail.com\/fr\/produit\/cerise-chocolat-facon-foret-noire\/#primaryimage\",\"url\":\"https:\/\/graindesail.com\/wp-content\/uploads\/2025\/09\/cerise-chocolat-facon-foret-noire-220g.jpg\",\"contentUrl\":\"https:\/\/graindesail.com\/wp-content\/uploads\/2025\/09\/cerise-chocolat-facon-foret-noire-220g.jpg\",\"width\":800,\"height\":800,\"caption\":\"Tartine Cerise Chocolat Facon Foret Noire 220G\"},{\"@type\":\"BreadcrumbList\",\"@id\":\"https:\/\/graindesail.com\/fr\/produit\/cerise-chocolat-facon-foret-noire\/#breadcrumb\",\"itemListElement\":[{\"@type\":\"ListItem\",\"position\":1,\"name\":\"Home\",\"item\":\"https:\/\/graindesail.com\/fr\/\"},{\"@type\":\"ListItem\",\"position\":2,\"name\":\"Notre boutique en ligne\",\"item\":\"https:\/\/graindesail.com\/fr\/notre-boutique-en-ligne\/\"},{\"@type\":\"ListItem\",\"position\":3,\"name\":\"Cerise Chocolat &#8211; Fa\u00e7on For\u00eat Noire\"}]},{\"@type\":\"WebSite\",\"@id\":\"https:\/\/graindesail.com\/fr\/#website\",\"url\":\"https:\/\/graindesail.com\/fr\/\",\"name\":\"GDS\",\"description\":\"\",\"publisher\":{\"@id\":\"https:\/\/graindesail.com\/fr\/#organization\"},\"potentialAction\":[{\"@type\":\"SearchAction\",\"target\":{\"@type\":\"EntryPoint\",\"urlTemplate\":\"https:\/\/graindesail.com\/fr\/?s={search_term_string}\"},\"query-input\":{\"@type\":\"PropertyValueSpecification\",\"valueRequired\":true,\"valueName\":\"search_term_string\"}}],\"inLanguage\":\"fr-FR\"},{\"@type\":\"Organization\",\"@id\":\"https:\/\/graindesail.com\/fr\/#organization\",\"name\":\"GDS\",\"url\":\"https:\/\/graindesail.com\/fr\/\",\"logo\":{\"@type\":\"ImageObject\",\"inLanguage\":\"fr-FR\",\"@id\":\"https:\/\/graindesail.com\/fr\/#\/schema\/logo\/image\/\",\"url\":\"https:\/\/graindesail.com\/wp-content\/uploads\/2024\/12\/logo.svg\",\"contentUrl\":\"https:\/\/graindesail.com\/wp-content\/uploads\/2024\/12\/logo.svg\",\"width\":82,\"height\":130,\"caption\":\"GDS\"},\"image\":{\"@id\":\"https:\/\/graindesail.com\/fr\/#\/schema\/logo\/image\/\"}}]}<\/script>\n<!-- \/ Yoast SEO plugin. -->","yoast_head_json":{"title":"Cerise Chocolat - Fa\u00e7on For\u00eat Noire","description":"Et si la For\u00eat Noire devenait tartinable ? Une douceur \u00e0 tartiner alliant le chocolat noir 75% Grain de Sail \u00e0 la cerise griotte.","robots":{"index":"index","follow":"follow","max-snippet":"max-snippet:-1","max-image-preview":"max-image-preview:large","max-video-preview":"max-video-preview:-1"},"canonical":"https:\/\/graindesail.com\/fr\/produit\/cerise-chocolat-facon-foret-noire\/","og_locale":"fr_FR","og_type":"article","og_title":"Cerise Chocolat - Fa\u00e7on For\u00eat Noire","og_description":"Et si la For\u00eat Noire devenait tartinable ? Une douceur \u00e0 tartiner alliant le chocolat noir 75% Grain de Sail \u00e0 la cerise griotte.","og_url":"https:\/\/graindesail.com\/fr\/produit\/cerise-chocolat-facon-foret-noire\/","og_site_name":"GDS","article_modified_time":"2026-04-29T00:00:50+00:00","og_image":[{"width":800,"height":800,"url":"https:\/\/graindesail.com\/wp-content\/uploads\/2025\/09\/cerise-chocolat-facon-foret-noire-220g.jpg","type":"image\/jpeg"}],"twitter_card":"summary_large_image","twitter_misc":{"Dur\u00e9e de lecture estim\u00e9e":"1 minute"},"schema":{"@context":"https:\/\/schema.org","@graph":[{"@type":"WebPage","@id":"https:\/\/graindesail.com\/fr\/produit\/cerise-chocolat-facon-foret-noire\/","url":"https:\/\/graindesail.com\/fr\/produit\/cerise-chocolat-facon-foret-noire\/","name":"Cerise Chocolat - Fa\u00e7on For\u00eat Noire","isPartOf":{"@id":"https:\/\/graindesail.com\/fr\/#website"},"primaryImageOfPage":{"@id":"https:\/\/graindesail.com\/fr\/produit\/cerise-chocolat-facon-foret-noire\/#primaryimage"},"image":{"@id":"https:\/\/graindesail.com\/fr\/produit\/cerise-chocolat-facon-foret-noire\/#primaryimage"},"thumbnailUrl":"https:\/\/graindesail.com\/wp-content\/uploads\/2025\/09\/cerise-chocolat-facon-foret-noire-220g.jpg","datePublished":"2025-09-09T14:09:06+00:00","dateModified":"2026-04-29T00:00:50+00:00","description":"Et si la For\u00eat Noire devenait tartinable ? Une douceur \u00e0 tartiner alliant le chocolat noir 75% Grain de Sail \u00e0 la cerise griotte.","breadcrumb":{"@id":"https:\/\/graindesail.com\/fr\/produit\/cerise-chocolat-facon-foret-noire\/#breadcrumb"},"inLanguage":"fr-FR","potentialAction":[{"@type":"ReadAction","target":["https:\/\/graindesail.com\/fr\/produit\/cerise-chocolat-facon-foret-noire\/"]}]},{"@type":"ImageObject","inLanguage":"fr-FR","@id":"https:\/\/graindesail.com\/fr\/produit\/cerise-chocolat-facon-foret-noire\/#primaryimage","url":"https:\/\/graindesail.com\/wp-content\/uploads\/2025\/09\/cerise-chocolat-facon-foret-noire-220g.jpg","contentUrl":"https:\/\/graindesail.com\/wp-content\/uploads\/2025\/09\/cerise-chocolat-facon-foret-noire-220g.jpg","width":800,"height":800,"caption":"Tartine Cerise Chocolat Facon Foret Noire 220G"},{"@type":"BreadcrumbList","@id":"https:\/\/graindesail.com\/fr\/produit\/cerise-chocolat-facon-foret-noire\/#breadcrumb","itemListElement":[{"@type":"ListItem","position":1,"name":"Home","item":"https:\/\/graindesail.com\/fr\/"},{"@type":"ListItem","position":2,"name":"Notre boutique en ligne","item":"https:\/\/graindesail.com\/fr\/notre-boutique-en-ligne\/"},{"@type":"ListItem","position":3,"name":"Cerise Chocolat &#8211; Fa\u00e7on For\u00eat Noire"}]},{"@type":"WebSite","@id":"https:\/\/graindesail.com\/fr\/#website","url":"https:\/\/graindesail.com\/fr\/","name":"GDS","description":"","publisher":{"@id":"https:\/\/graindesail.com\/fr\/#organization"},"potentialAction":[{"@type":"SearchAction","target":{"@type":"EntryPoint","urlTemplate":"https:\/\/graindesail.com\/fr\/?s={search_term_string}"},"query-input":{"@type":"PropertyValueSpecification","valueRequired":true,"valueName":"search_term_string"}}],"inLanguage":"fr-FR"},{"@type":"Organization","@id":"https:\/\/graindesail.com\/fr\/#organization","name":"GDS","url":"https:\/\/graindesail.com\/fr\/","logo":{"@type":"ImageObject","inLanguage":"fr-FR","@id":"https:\/\/graindesail.com\/fr\/#\/schema\/logo\/image\/","url":"https:\/\/graindesail.com\/wp-content\/uploads\/2024\/12\/logo.svg","contentUrl":"https:\/\/graindesail.com\/wp-content\/uploads\/2024\/12\/logo.svg","width":82,"height":130,"caption":"GDS"},"image":{"@id":"https:\/\/graindesail.com\/fr\/#\/schema\/logo\/image\/"}}]}},"_links":{"self":[{"href":"https:\/\/graindesail.com\/fr\/wp-json\/wp\/v2\/product\/15595","targetHints":{"allow":["GET"]}}],"collection":[{"href":"https:\/\/graindesail.com\/fr\/wp-json\/wp\/v2\/product"}],"about":[{"href":"https:\/\/graindesail.com\/fr\/wp-json\/wp\/v2\/types\/product"}],"replies":[{"embeddable":true,"href":"https:\/\/graindesail.com\/fr\/wp-json\/wp\/v2\/comments?post=15595"}],"wp:featuredmedia":[{"embeddable":true,"href":"https:\/\/graindesail.com\/fr\/wp-json\/wp\/v2\/media\/15598"}],"wp:attachment":[{"href":"https:\/\/graindesail.com\/fr\/wp-json\/wp\/v2\/media?parent=15595"}],"wp:term":[{"taxonomy":"product_brand","embeddable":true,"href":"https:\/\/graindesail.com\/fr\/wp-json\/wp\/v2\/product_brand?post=15595"},{"taxonomy":"product_cat","embeddable":true,"href":"https:\/\/graindesail.com\/fr\/wp-json\/wp\/v2\/product_cat?post=15595"},{"taxonomy":"product_tag","embeddable":true,"href":"https:\/\/graindesail.com\/fr\/wp-json\/wp\/v2\/product_tag?post=15595"}],"curies":[{"name":"wp","href":"https:\/\/api.w.org\/{rel}","templated":true}]}}