{"id":10968,"date":"2025-05-26T05:15:43","date_gmt":"2025-05-26T05:15:43","guid":{"rendered":"https:\/\/test.graindesail.com\/?post_type=product&#038;p=10968"},"modified":"2026-05-01T00:00:43","modified_gmt":"2026-05-01T00:00:43","slug":"lecrin","status":"publish","type":"product","link":"https:\/\/graindesail.com\/fr\/produit\/lecrin\/","title":{"rendered":"L&#8217;\u00c9crin"},"content":{"rendered":"<p>Ce coffret contient 3 tablettes de chocolat BIO :<\/p>\n<p>&#8211; Tablette de chocolat noir avec inclusions s\u00e9same torr\u00e9fi\u00e9<\/p>\n<p>&#8211; Tablette de chocolat noir avec inclusions caramel et fleur de sel<\/p>\n<p>&#8211; Tablette de chocolat au lait avec inclusions caramel et fleur de Sel<\/p>\n<p>Les tablettes sont conditionn\u00e9es dans un \u00e9tui en coton estampill\u00e9 Grain de Sail.<\/p>\n<p><strong>Nos tablettes peuvent contenir les allerg\u00e8nes suivants : lait, fruits \u00e0 coque,\u00a0<\/strong><strong>arachides, <\/strong><strong>graines de s\u00e9same, c\u00e9r\u00e9ales contenant du gluten.<\/strong><\/p>\n<p>Conseil : conserver au sec et au frais.<br \/>\n<span style=\"color: #d0121a;\"><strong> En cas de stockage inadapt\u00e9, un voile blanc peut appara\u00eetre \u00e0 la surface du produit. Ce ph\u00e9nom\u00e8ne naturel n&#8217;a aucun impact sur la sant\u00e9 du consommateur.\u00a0<\/strong><\/span><\/p>\n","protected":false},"excerpt":{"rendered":"<p>Coffret de 3 tablettes + un \u00e9tui en coton<\/p>\n","protected":false},"featured_media":10970,"comment_status":"open","ping_status":"closed","template":"","meta":{"_acf_changed":false},"product_brand":[],"product_cat":[546,45],"product_tag":[],"class_list":{"0":"post-10968","1":"product","2":"type-product","3":"status-publish","4":"has-post-thumbnail","6":"product_cat-ape","7":"product_cat-coffrets","9":"first","10":"instock","11":"taxable","12":"shipping-taxable","13":"purchasable","14":"product-type-simple"},"acf":[],"yoast_head":"<!-- This site is optimized with the Yoast SEO plugin v25.5 - https:\/\/yoast.com\/wordpress\/plugins\/seo\/ -->\n<title>L&#039;\u00c9crin - GDS<\/title>\n<meta name=\"robots\" content=\"index, follow, max-snippet:-1, max-image-preview:large, max-video-preview:-1\" \/>\n<link rel=\"canonical\" href=\"https:\/\/graindesail.com\/fr\/produit\/lecrin\/\" \/>\n<meta property=\"og:locale\" content=\"fr_FR\" \/>\n<meta property=\"og:type\" content=\"article\" \/>\n<meta property=\"og:title\" content=\"L&#039;\u00c9crin - GDS\" \/>\n<meta property=\"og:description\" content=\"Coffret de 3 tablettes + un \u00e9tui en coton\" \/>\n<meta property=\"og:url\" content=\"https:\/\/graindesail.com\/fr\/produit\/lecrin\/\" \/>\n<meta property=\"og:site_name\" content=\"GDS\" \/>\n<meta property=\"article:modified_time\" content=\"2026-05-01T00:00:43+00:00\" \/>\n<meta property=\"og:image\" content=\"https:\/\/graindesail.com\/wp-content\/uploads\/2025\/05\/1954.png\" \/>\n\t<meta property=\"og:image:width\" content=\"1331\" \/>\n\t<meta property=\"og:image:height\" content=\"1186\" \/>\n\t<meta property=\"og:image:type\" content=\"image\/png\" \/>\n<meta name=\"twitter:card\" content=\"summary_large_image\" \/>\n<meta name=\"twitter:label1\" content=\"Dur\u00e9e de lecture estim\u00e9e\" \/>\n\t<meta name=\"twitter:data1\" content=\"1 minute\" \/>\n<script type=\"application\/ld+json\" class=\"yoast-schema-graph\">{\"@context\":\"https:\/\/schema.org\",\"@graph\":[{\"@type\":\"WebPage\",\"@id\":\"https:\/\/graindesail.com\/fr\/produit\/lecrin\/\",\"url\":\"https:\/\/graindesail.com\/fr\/produit\/lecrin\/\",\"name\":\"L'\u00c9crin - GDS\",\"isPartOf\":{\"@id\":\"https:\/\/graindesail.com\/fr\/#website\"},\"primaryImageOfPage\":{\"@id\":\"https:\/\/graindesail.com\/fr\/produit\/lecrin\/#primaryimage\"},\"image\":{\"@id\":\"https:\/\/graindesail.com\/fr\/produit\/lecrin\/#primaryimage\"},\"thumbnailUrl\":\"https:\/\/graindesail.com\/wp-content\/uploads\/2025\/05\/1954.png\",\"datePublished\":\"2025-05-26T05:15:43+00:00\",\"dateModified\":\"2026-05-01T00:00:43+00:00\",\"breadcrumb\":{\"@id\":\"https:\/\/graindesail.com\/fr\/produit\/lecrin\/#breadcrumb\"},\"inLanguage\":\"fr-FR\",\"potentialAction\":[{\"@type\":\"ReadAction\",\"target\":[\"https:\/\/graindesail.com\/fr\/produit\/lecrin\/\"]}]},{\"@type\":\"ImageObject\",\"inLanguage\":\"fr-FR\",\"@id\":\"https:\/\/graindesail.com\/fr\/produit\/lecrin\/#primaryimage\",\"url\":\"https:\/\/graindesail.com\/wp-content\/uploads\/2025\/05\/1954.png\",\"contentUrl\":\"https:\/\/graindesail.com\/wp-content\/uploads\/2025\/05\/1954.png\",\"width\":1331,\"height\":1186,\"caption\":\"Coffret de tablettes de chocolat - L'\u00e9crin- Pochon rouge - Composition\"},{\"@type\":\"BreadcrumbList\",\"@id\":\"https:\/\/graindesail.com\/fr\/produit\/lecrin\/#breadcrumb\",\"itemListElement\":[{\"@type\":\"ListItem\",\"position\":1,\"name\":\"Home\",\"item\":\"https:\/\/graindesail.com\/fr\/\"},{\"@type\":\"ListItem\",\"position\":2,\"name\":\"Notre boutique en ligne\",\"item\":\"https:\/\/graindesail.com\/fr\/notre-boutique-en-ligne\/\"},{\"@type\":\"ListItem\",\"position\":3,\"name\":\"L&#8217;\u00c9crin\"}]},{\"@type\":\"WebSite\",\"@id\":\"https:\/\/graindesail.com\/fr\/#website\",\"url\":\"https:\/\/graindesail.com\/fr\/\",\"name\":\"GDS\",\"description\":\"\",\"publisher\":{\"@id\":\"https:\/\/graindesail.com\/fr\/#organization\"},\"potentialAction\":[{\"@type\":\"SearchAction\",\"target\":{\"@type\":\"EntryPoint\",\"urlTemplate\":\"https:\/\/graindesail.com\/fr\/?s={search_term_string}\"},\"query-input\":{\"@type\":\"PropertyValueSpecification\",\"valueRequired\":true,\"valueName\":\"search_term_string\"}}],\"inLanguage\":\"fr-FR\"},{\"@type\":\"Organization\",\"@id\":\"https:\/\/graindesail.com\/fr\/#organization\",\"name\":\"GDS\",\"url\":\"https:\/\/graindesail.com\/fr\/\",\"logo\":{\"@type\":\"ImageObject\",\"inLanguage\":\"fr-FR\",\"@id\":\"https:\/\/graindesail.com\/fr\/#\/schema\/logo\/image\/\",\"url\":\"https:\/\/graindesail.com\/wp-content\/uploads\/2024\/12\/logo.svg\",\"contentUrl\":\"https:\/\/graindesail.com\/wp-content\/uploads\/2024\/12\/logo.svg\",\"width\":82,\"height\":130,\"caption\":\"GDS\"},\"image\":{\"@id\":\"https:\/\/graindesail.com\/fr\/#\/schema\/logo\/image\/\"}}]}<\/script>\n<!-- \/ Yoast SEO plugin. -->","yoast_head_json":{"title":"L'\u00c9crin - GDS","robots":{"index":"index","follow":"follow","max-snippet":"max-snippet:-1","max-image-preview":"max-image-preview:large","max-video-preview":"max-video-preview:-1"},"canonical":"https:\/\/graindesail.com\/fr\/produit\/lecrin\/","og_locale":"fr_FR","og_type":"article","og_title":"L'\u00c9crin - GDS","og_description":"Coffret de 3 tablettes + un \u00e9tui en coton","og_url":"https:\/\/graindesail.com\/fr\/produit\/lecrin\/","og_site_name":"GDS","article_modified_time":"2026-05-01T00:00:43+00:00","og_image":[{"width":1331,"height":1186,"url":"https:\/\/graindesail.com\/wp-content\/uploads\/2025\/05\/1954.png","type":"image\/png"}],"twitter_card":"summary_large_image","twitter_misc":{"Dur\u00e9e de lecture estim\u00e9e":"1 minute"},"schema":{"@context":"https:\/\/schema.org","@graph":[{"@type":"WebPage","@id":"https:\/\/graindesail.com\/fr\/produit\/lecrin\/","url":"https:\/\/graindesail.com\/fr\/produit\/lecrin\/","name":"L'\u00c9crin - GDS","isPartOf":{"@id":"https:\/\/graindesail.com\/fr\/#website"},"primaryImageOfPage":{"@id":"https:\/\/graindesail.com\/fr\/produit\/lecrin\/#primaryimage"},"image":{"@id":"https:\/\/graindesail.com\/fr\/produit\/lecrin\/#primaryimage"},"thumbnailUrl":"https:\/\/graindesail.com\/wp-content\/uploads\/2025\/05\/1954.png","datePublished":"2025-05-26T05:15:43+00:00","dateModified":"2026-05-01T00:00:43+00:00","breadcrumb":{"@id":"https:\/\/graindesail.com\/fr\/produit\/lecrin\/#breadcrumb"},"inLanguage":"fr-FR","potentialAction":[{"@type":"ReadAction","target":["https:\/\/graindesail.com\/fr\/produit\/lecrin\/"]}]},{"@type":"ImageObject","inLanguage":"fr-FR","@id":"https:\/\/graindesail.com\/fr\/produit\/lecrin\/#primaryimage","url":"https:\/\/graindesail.com\/wp-content\/uploads\/2025\/05\/1954.png","contentUrl":"https:\/\/graindesail.com\/wp-content\/uploads\/2025\/05\/1954.png","width":1331,"height":1186,"caption":"Coffret de tablettes de chocolat - L'\u00e9crin- Pochon rouge - Composition"},{"@type":"BreadcrumbList","@id":"https:\/\/graindesail.com\/fr\/produit\/lecrin\/#breadcrumb","itemListElement":[{"@type":"ListItem","position":1,"name":"Home","item":"https:\/\/graindesail.com\/fr\/"},{"@type":"ListItem","position":2,"name":"Notre boutique en ligne","item":"https:\/\/graindesail.com\/fr\/notre-boutique-en-ligne\/"},{"@type":"ListItem","position":3,"name":"L&#8217;\u00c9crin"}]},{"@type":"WebSite","@id":"https:\/\/graindesail.com\/fr\/#website","url":"https:\/\/graindesail.com\/fr\/","name":"GDS","description":"","publisher":{"@id":"https:\/\/graindesail.com\/fr\/#organization"},"potentialAction":[{"@type":"SearchAction","target":{"@type":"EntryPoint","urlTemplate":"https:\/\/graindesail.com\/fr\/?s={search_term_string}"},"query-input":{"@type":"PropertyValueSpecification","valueRequired":true,"valueName":"search_term_string"}}],"inLanguage":"fr-FR"},{"@type":"Organization","@id":"https:\/\/graindesail.com\/fr\/#organization","name":"GDS","url":"https:\/\/graindesail.com\/fr\/","logo":{"@type":"ImageObject","inLanguage":"fr-FR","@id":"https:\/\/graindesail.com\/fr\/#\/schema\/logo\/image\/","url":"https:\/\/graindesail.com\/wp-content\/uploads\/2024\/12\/logo.svg","contentUrl":"https:\/\/graindesail.com\/wp-content\/uploads\/2024\/12\/logo.svg","width":82,"height":130,"caption":"GDS"},"image":{"@id":"https:\/\/graindesail.com\/fr\/#\/schema\/logo\/image\/"}}]}},"_links":{"self":[{"href":"https:\/\/graindesail.com\/fr\/wp-json\/wp\/v2\/product\/10968","targetHints":{"allow":["GET"]}}],"collection":[{"href":"https:\/\/graindesail.com\/fr\/wp-json\/wp\/v2\/product"}],"about":[{"href":"https:\/\/graindesail.com\/fr\/wp-json\/wp\/v2\/types\/product"}],"replies":[{"embeddable":true,"href":"https:\/\/graindesail.com\/fr\/wp-json\/wp\/v2\/comments?post=10968"}],"wp:featuredmedia":[{"embeddable":true,"href":"https:\/\/graindesail.com\/fr\/wp-json\/wp\/v2\/media\/10970"}],"wp:attachment":[{"href":"https:\/\/graindesail.com\/fr\/wp-json\/wp\/v2\/media?parent=10968"}],"wp:term":[{"taxonomy":"product_brand","embeddable":true,"href":"https:\/\/graindesail.com\/fr\/wp-json\/wp\/v2\/product_brand?post=10968"},{"taxonomy":"product_cat","embeddable":true,"href":"https:\/\/graindesail.com\/fr\/wp-json\/wp\/v2\/product_cat?post=10968"},{"taxonomy":"product_tag","embeddable":true,"href":"https:\/\/graindesail.com\/fr\/wp-json\/wp\/v2\/product_tag?post=10968"}],"curies":[{"name":"wp","href":"https:\/\/api.w.org\/{rel}","templated":true}]}}