{"id":10898,"date":"2025-05-26T04:22:22","date_gmt":"2025-05-26T04:22:22","guid":{"rendered":"https:\/\/test.graindesail.com\/?post_type=product&#038;p=10898"},"modified":"2026-04-19T00:00:33","modified_gmt":"2026-04-19T00:00:33","slug":"le-poussin-90g-bio","status":"publish","type":"product","link":"https:\/\/graindesail.com\/fr\/produit\/le-poussin-90g-bio\/","title":{"rendered":"Le Poussin &#8211; 90G &#8211; BIO"},"content":{"rendered":"<h2>Retrouvez notre moulage au chocolat pour P\u00e2ques : Le Poussin au chocolat au lait 45% de cacao.<\/h2>\n<p><strong>Ingr\u00e9dients :<\/strong> sucre de canne*, beurre de cacao*, poudre de\u00a0<strong>lait <\/strong>entier* (20.5%), cacao*, poudre de <strong>lait<\/strong> \u00e9cr\u00e9m\u00e9*(8.8%), fleur de sel, poudre de vanille*, \u00e9mulsifiant : l\u00e9cithine de tournesol*<\/p>\n<p>* Ingr\u00e9dient issu de l&#8217;agriculture biologique.<\/p>\n<p><strong>CACAO :<\/strong>\u00a045% minimum dans le chocolat au lait.<\/p>\n<p><strong>Allerg\u00e8ne : Lait<\/strong><\/p>\n<p><strong>Peut contenir des traces de graines de s\u00e9same, d&#8217;arachides, de fruits \u00e0 coque et de c\u00e9r\u00e9ales contenant du gluten. <\/strong><\/p>\n<p><strong>En cas de stockage inadapt\u00e9, un voile blanc peut appara\u00eetre \u00e0 la surface du produit. Ce ph\u00e9nom\u00e8ne naturel n&#8217;a aucun impact sur la sant\u00e9 du consommateur.\u00a0<\/strong><\/p>\n<p>Conseil : conserver au sec et au frais<\/p>\n<p>Poids net : 90g<\/p>\n<p>\u00c0 consommer de pr\u00e9f\u00e9rence avant la date pr\u00e9sente sur l\u2019emballage<\/p>\n<p>Produit Biologique (FR-BIO-13)<\/p>\n<p>Pensez au tri, la plan\u00e8te vous remercie !<\/p>\n","protected":false},"excerpt":{"rendered":"<p>Poussin au chocolat au lait 45% de cacao<\/p>\n","protected":false},"featured_media":10899,"comment_status":"open","ping_status":"closed","template":"","meta":{"_acf_changed":false},"product_brand":[],"product_cat":[47,91],"product_tag":[],"class_list":{"0":"post-10898","1":"product","2":"type-product","3":"status-publish","4":"has-post-thumbnail","6":"product_cat-offres-du-moment","7":"product_cat-paques","9":"first","10":"instock","11":"sale","12":"taxable","13":"shipping-taxable","14":"purchasable","15":"product-type-simple"},"acf":[],"yoast_head":"<!-- This site is optimized with the Yoast SEO plugin v25.5 - https:\/\/yoast.com\/wordpress\/plugins\/seo\/ -->\n<title>Poussin Chocolat BIO 90G - Moulage P\u00e2ques<\/title>\n<meta name=\"description\" content=\"Moulage Chocolat de P\u00e2ques Poussin 90g de chocolat au lait 45% de cacao bio. Commandez en ligne. Exp\u00e9dition rapide et soign\u00e9e.\" \/>\n<meta name=\"robots\" content=\"index, follow, max-snippet:-1, max-image-preview:large, max-video-preview:-1\" \/>\n<link rel=\"canonical\" href=\"https:\/\/graindesail.com\/fr\/produit\/le-poussin-90g-bio\/\" \/>\n<meta property=\"og:locale\" content=\"fr_FR\" \/>\n<meta property=\"og:type\" content=\"article\" \/>\n<meta property=\"og:title\" content=\"Poussin Chocolat BIO 90G - Moulage P\u00e2ques\" \/>\n<meta property=\"og:description\" content=\"Moulage Chocolat de P\u00e2ques Poussin 90g de chocolat au lait 45% de cacao bio. Commandez en ligne. Exp\u00e9dition rapide et soign\u00e9e.\" \/>\n<meta property=\"og:url\" content=\"https:\/\/graindesail.com\/fr\/produit\/le-poussin-90g-bio\/\" \/>\n<meta property=\"og:site_name\" content=\"GDS\" \/>\n<meta property=\"article:modified_time\" content=\"2026-04-19T00:00:33+00:00\" \/>\n<meta property=\"og:image\" content=\"https:\/\/graindesail.com\/wp-content\/uploads\/2025\/05\/2167.png\" \/>\n\t<meta property=\"og:image:width\" content=\"600\" \/>\n\t<meta property=\"og:image:height\" content=\"683\" \/>\n\t<meta property=\"og:image:type\" content=\"image\/png\" \/>\n<meta name=\"twitter:card\" content=\"summary_large_image\" \/>\n<meta name=\"twitter:label1\" content=\"Dur\u00e9e de lecture estim\u00e9e\" \/>\n\t<meta name=\"twitter:data1\" content=\"1 minute\" \/>\n<script type=\"application\/ld+json\" class=\"yoast-schema-graph\">{\"@context\":\"https:\/\/schema.org\",\"@graph\":[{\"@type\":\"WebPage\",\"@id\":\"https:\/\/graindesail.com\/fr\/produit\/le-poussin-90g-bio\/\",\"url\":\"https:\/\/graindesail.com\/fr\/produit\/le-poussin-90g-bio\/\",\"name\":\"Poussin Chocolat BIO 90G - Moulage P\u00e2ques\",\"isPartOf\":{\"@id\":\"https:\/\/graindesail.com\/fr\/#website\"},\"primaryImageOfPage\":{\"@id\":\"https:\/\/graindesail.com\/fr\/produit\/le-poussin-90g-bio\/#primaryimage\"},\"image\":{\"@id\":\"https:\/\/graindesail.com\/fr\/produit\/le-poussin-90g-bio\/#primaryimage\"},\"thumbnailUrl\":\"https:\/\/graindesail.com\/wp-content\/uploads\/2025\/05\/2167.png\",\"datePublished\":\"2025-05-26T04:22:22+00:00\",\"dateModified\":\"2026-04-19T00:00:33+00:00\",\"description\":\"Moulage Chocolat de P\u00e2ques Poussin 90g de chocolat au lait 45% de cacao bio. Commandez en ligne. Exp\u00e9dition rapide et soign\u00e9e.\",\"breadcrumb\":{\"@id\":\"https:\/\/graindesail.com\/fr\/produit\/le-poussin-90g-bio\/#breadcrumb\"},\"inLanguage\":\"fr-FR\",\"potentialAction\":[{\"@type\":\"ReadAction\",\"target\":[\"https:\/\/graindesail.com\/fr\/produit\/le-poussin-90g-bio\/\"]}]},{\"@type\":\"ImageObject\",\"inLanguage\":\"fr-FR\",\"@id\":\"https:\/\/graindesail.com\/fr\/produit\/le-poussin-90g-bio\/#primaryimage\",\"url\":\"https:\/\/graindesail.com\/wp-content\/uploads\/2025\/05\/2167.png\",\"contentUrl\":\"https:\/\/graindesail.com\/wp-content\/uploads\/2025\/05\/2167.png\",\"width\":600,\"height\":683,\"caption\":\"Moulage Le Poussin - P\u00e2ques - Sans fond\"},{\"@type\":\"BreadcrumbList\",\"@id\":\"https:\/\/graindesail.com\/fr\/produit\/le-poussin-90g-bio\/#breadcrumb\",\"itemListElement\":[{\"@type\":\"ListItem\",\"position\":1,\"name\":\"Home\",\"item\":\"https:\/\/graindesail.com\/fr\/\"},{\"@type\":\"ListItem\",\"position\":2,\"name\":\"Notre boutique en ligne\",\"item\":\"https:\/\/graindesail.com\/fr\/notre-boutique-en-ligne\/\"},{\"@type\":\"ListItem\",\"position\":3,\"name\":\"Le Poussin &#8211; 90G &#8211; BIO\"}]},{\"@type\":\"WebSite\",\"@id\":\"https:\/\/graindesail.com\/fr\/#website\",\"url\":\"https:\/\/graindesail.com\/fr\/\",\"name\":\"GDS\",\"description\":\"\",\"publisher\":{\"@id\":\"https:\/\/graindesail.com\/fr\/#organization\"},\"potentialAction\":[{\"@type\":\"SearchAction\",\"target\":{\"@type\":\"EntryPoint\",\"urlTemplate\":\"https:\/\/graindesail.com\/fr\/?s={search_term_string}\"},\"query-input\":{\"@type\":\"PropertyValueSpecification\",\"valueRequired\":true,\"valueName\":\"search_term_string\"}}],\"inLanguage\":\"fr-FR\"},{\"@type\":\"Organization\",\"@id\":\"https:\/\/graindesail.com\/fr\/#organization\",\"name\":\"GDS\",\"url\":\"https:\/\/graindesail.com\/fr\/\",\"logo\":{\"@type\":\"ImageObject\",\"inLanguage\":\"fr-FR\",\"@id\":\"https:\/\/graindesail.com\/fr\/#\/schema\/logo\/image\/\",\"url\":\"https:\/\/graindesail.com\/wp-content\/uploads\/2024\/12\/logo.svg\",\"contentUrl\":\"https:\/\/graindesail.com\/wp-content\/uploads\/2024\/12\/logo.svg\",\"width\":82,\"height\":130,\"caption\":\"GDS\"},\"image\":{\"@id\":\"https:\/\/graindesail.com\/fr\/#\/schema\/logo\/image\/\"}}]}<\/script>\n<!-- \/ Yoast SEO plugin. -->","yoast_head_json":{"title":"Poussin Chocolat BIO 90G - Moulage P\u00e2ques","description":"Moulage Chocolat de P\u00e2ques Poussin 90g de chocolat au lait 45% de cacao bio. Commandez en ligne. Exp\u00e9dition rapide et soign\u00e9e.","robots":{"index":"index","follow":"follow","max-snippet":"max-snippet:-1","max-image-preview":"max-image-preview:large","max-video-preview":"max-video-preview:-1"},"canonical":"https:\/\/graindesail.com\/fr\/produit\/le-poussin-90g-bio\/","og_locale":"fr_FR","og_type":"article","og_title":"Poussin Chocolat BIO 90G - Moulage P\u00e2ques","og_description":"Moulage Chocolat de P\u00e2ques Poussin 90g de chocolat au lait 45% de cacao bio. Commandez en ligne. Exp\u00e9dition rapide et soign\u00e9e.","og_url":"https:\/\/graindesail.com\/fr\/produit\/le-poussin-90g-bio\/","og_site_name":"GDS","article_modified_time":"2026-04-19T00:00:33+00:00","og_image":[{"width":600,"height":683,"url":"https:\/\/graindesail.com\/wp-content\/uploads\/2025\/05\/2167.png","type":"image\/png"}],"twitter_card":"summary_large_image","twitter_misc":{"Dur\u00e9e de lecture estim\u00e9e":"1 minute"},"schema":{"@context":"https:\/\/schema.org","@graph":[{"@type":"WebPage","@id":"https:\/\/graindesail.com\/fr\/produit\/le-poussin-90g-bio\/","url":"https:\/\/graindesail.com\/fr\/produit\/le-poussin-90g-bio\/","name":"Poussin Chocolat BIO 90G - Moulage P\u00e2ques","isPartOf":{"@id":"https:\/\/graindesail.com\/fr\/#website"},"primaryImageOfPage":{"@id":"https:\/\/graindesail.com\/fr\/produit\/le-poussin-90g-bio\/#primaryimage"},"image":{"@id":"https:\/\/graindesail.com\/fr\/produit\/le-poussin-90g-bio\/#primaryimage"},"thumbnailUrl":"https:\/\/graindesail.com\/wp-content\/uploads\/2025\/05\/2167.png","datePublished":"2025-05-26T04:22:22+00:00","dateModified":"2026-04-19T00:00:33+00:00","description":"Moulage Chocolat de P\u00e2ques Poussin 90g de chocolat au lait 45% de cacao bio. Commandez en ligne. Exp\u00e9dition rapide et soign\u00e9e.","breadcrumb":{"@id":"https:\/\/graindesail.com\/fr\/produit\/le-poussin-90g-bio\/#breadcrumb"},"inLanguage":"fr-FR","potentialAction":[{"@type":"ReadAction","target":["https:\/\/graindesail.com\/fr\/produit\/le-poussin-90g-bio\/"]}]},{"@type":"ImageObject","inLanguage":"fr-FR","@id":"https:\/\/graindesail.com\/fr\/produit\/le-poussin-90g-bio\/#primaryimage","url":"https:\/\/graindesail.com\/wp-content\/uploads\/2025\/05\/2167.png","contentUrl":"https:\/\/graindesail.com\/wp-content\/uploads\/2025\/05\/2167.png","width":600,"height":683,"caption":"Moulage Le Poussin - P\u00e2ques - Sans fond"},{"@type":"BreadcrumbList","@id":"https:\/\/graindesail.com\/fr\/produit\/le-poussin-90g-bio\/#breadcrumb","itemListElement":[{"@type":"ListItem","position":1,"name":"Home","item":"https:\/\/graindesail.com\/fr\/"},{"@type":"ListItem","position":2,"name":"Notre boutique en ligne","item":"https:\/\/graindesail.com\/fr\/notre-boutique-en-ligne\/"},{"@type":"ListItem","position":3,"name":"Le Poussin &#8211; 90G &#8211; BIO"}]},{"@type":"WebSite","@id":"https:\/\/graindesail.com\/fr\/#website","url":"https:\/\/graindesail.com\/fr\/","name":"GDS","description":"","publisher":{"@id":"https:\/\/graindesail.com\/fr\/#organization"},"potentialAction":[{"@type":"SearchAction","target":{"@type":"EntryPoint","urlTemplate":"https:\/\/graindesail.com\/fr\/?s={search_term_string}"},"query-input":{"@type":"PropertyValueSpecification","valueRequired":true,"valueName":"search_term_string"}}],"inLanguage":"fr-FR"},{"@type":"Organization","@id":"https:\/\/graindesail.com\/fr\/#organization","name":"GDS","url":"https:\/\/graindesail.com\/fr\/","logo":{"@type":"ImageObject","inLanguage":"fr-FR","@id":"https:\/\/graindesail.com\/fr\/#\/schema\/logo\/image\/","url":"https:\/\/graindesail.com\/wp-content\/uploads\/2024\/12\/logo.svg","contentUrl":"https:\/\/graindesail.com\/wp-content\/uploads\/2024\/12\/logo.svg","width":82,"height":130,"caption":"GDS"},"image":{"@id":"https:\/\/graindesail.com\/fr\/#\/schema\/logo\/image\/"}}]}},"_links":{"self":[{"href":"https:\/\/graindesail.com\/fr\/wp-json\/wp\/v2\/product\/10898","targetHints":{"allow":["GET"]}}],"collection":[{"href":"https:\/\/graindesail.com\/fr\/wp-json\/wp\/v2\/product"}],"about":[{"href":"https:\/\/graindesail.com\/fr\/wp-json\/wp\/v2\/types\/product"}],"replies":[{"embeddable":true,"href":"https:\/\/graindesail.com\/fr\/wp-json\/wp\/v2\/comments?post=10898"}],"wp:featuredmedia":[{"embeddable":true,"href":"https:\/\/graindesail.com\/fr\/wp-json\/wp\/v2\/media\/10899"}],"wp:attachment":[{"href":"https:\/\/graindesail.com\/fr\/wp-json\/wp\/v2\/media?parent=10898"}],"wp:term":[{"taxonomy":"product_brand","embeddable":true,"href":"https:\/\/graindesail.com\/fr\/wp-json\/wp\/v2\/product_brand?post=10898"},{"taxonomy":"product_cat","embeddable":true,"href":"https:\/\/graindesail.com\/fr\/wp-json\/wp\/v2\/product_cat?post=10898"},{"taxonomy":"product_tag","embeddable":true,"href":"https:\/\/graindesail.com\/fr\/wp-json\/wp\/v2\/product_tag?post=10898"}],"curies":[{"name":"wp","href":"https:\/\/api.w.org\/{rel}","templated":true}]}}