{"id":7103,"date":"2025-03-25T02:01:01","date_gmt":"2025-03-25T02:01:01","guid":{"rendered":"https:\/\/test.graindesail.com\/?page_id=7103"},"modified":"2025-06-12T00:32:30","modified_gmt":"2025-06-12T00:32:30","slug":"espace-pro","status":"publish","type":"page","link":"https:\/\/graindesail.com\/fr\/espace-pro\/","title":{"rendered":"Espace Pro"},"content":{"rendered":"\t\t<div data-elementor-type=\"wp-page\" data-elementor-id=\"7103\" class=\"elementor elementor-7103\" data-elementor-post-type=\"page\">\n\t\t\t\t\t\t<section class=\"elementor-section elementor-top-section elementor-element elementor-element-8080614 elementor-section-boxed elementor-section-height-default elementor-section-height-default\" data-id=\"8080614\" data-element_type=\"section\">\n\t\t\t\t\t\t<div class=\"elementor-container elementor-column-gap-default\">\n\t\t\t\t\t<div class=\"elementor-column elementor-col-100 elementor-top-column elementor-element elementor-element-d07c509\" data-id=\"d07c509\" data-element_type=\"column\">\n\t\t\t<div class=\"elementor-widget-wrap elementor-element-populated\">\n\t\t\t\t\t\t<div class=\"elementor-element elementor-element-d3effd8 elementor-widget elementor-widget-shortcode\" data-id=\"d3effd8\" data-element_type=\"widget\" data-widget_type=\"shortcode.default\">\n\t\t\t\t<div class=\"elementor-widget-container\">\n\t\t\t\t\t\t\t<div class=\"elementor-shortcode\">            <div class=\"woocommerce eib2bpro-registration-form-woocommerce\">\n                <div class=\"u-columns\" id=\"customer_login\">\n                                        <div class=\"u-column2 col-2\">\n                        <h2>S\u2019inscrire<\/h2>\n                        <form method=\"post\" class=\"woocommerce-form woocommerce-form-register register\" enctype=\"multipart\/form-data\">\n\n                            \n                            \n                            <p class=\"woocommerce-form-row woocommerce-form-row--wide form-row form-row-wide\">\n                                <label for=\"reg_email\">Adresse e-mail&nbsp;<span class=\"required\">*<\/span><\/label>\n                                <input type=\"email\" class=\"woocommerce-Input woocommerce-Input--text input-text\" name=\"email\" id=\"reg_email\" autocomplete=\"email\" value=\"\" \/>\n                            <\/p>\n\n                            \n                                <p class=\"woocommerce-form-row woocommerce-form-row--wide form-row form-row-wide\">\n                                    <label for=\"reg_password\">Mot de passe&nbsp;<span class=\"required\">*<\/span><\/label>\n                                    <input type=\"password\" class=\"woocommerce-Input woocommerce-Input--text input-text\" name=\"password\" id=\"reg_password\" autocomplete=\"new-password\" \/>\n                                <\/p>\n\n                            \n                            <div class=\"eib2bpro_registration_form\">            <p class=\"woocommerce-form-row woocommerce-form-row--wide form-row form-row-wide eib2bpro_registration_regtype_row\">\n                <label for=\"eib2bpro_registration_regtype_selector\">\n                    Type <span class=\"required\">*<\/span>\n                <\/label>\n                <select id=\"eib2bpro_registration_regtype_selector\" name=\"eib2bpro_registration_regtype_selector\">\n                    <option value=\"7101\" >Pro entreprise<\/option><option value=\"7836\" >Pro revendeur<\/option><option value=\"7837\" >CSE<\/option><option value=\"7838\" >Interne GDS<\/option>                <\/select>\n            <\/p>\n        <div class=\"woocommerce-form-row woocommerce-form-row--wide form-row form-row-wide eib2bpro_registration_container  eib2bpro_registration_regtype_7838 eib2bpro_registration_regtype_7837 eib2bpro_registration_regtype_7836 eib2bpro_registration_regtype_7101\"><label for=\"eib2bpro_customfield_7107\">Nom Soci\u00e9t\u00e9<span class=\"required\">*<\/span><\/label><input type=\"text\"  class=\"eib2bpro_customfield_7107 eib2bpro_customfield eib2bpro_customfield_type_text eib2bpro_customfield_required_1\" name=\"eib2bpro_customfield_7107\" value=\"\" placeholder=\"\" required><\/div><div class=\"woocommerce-form-row woocommerce-form-row--wide form-row form-row-wide eib2bpro_registration_container  eib2bpro_registration_regtype_7838 eib2bpro_registration_regtype_7837 eib2bpro_registration_regtype_7836 eib2bpro_registration_regtype_7101\"><label for=\"eib2bpro_customfield_7108\">Nom<span class=\"required\">*<\/span><\/label><input type=\"text\"  class=\"eib2bpro_customfield_7108 eib2bpro_customfield eib2bpro_customfield_type_text eib2bpro_customfield_required_1\" name=\"eib2bpro_customfield_7108\" value=\"\" placeholder=\"\" required><\/div><div class=\"woocommerce-form-row woocommerce-form-row--wide form-row form-row-wide eib2bpro_registration_container  eib2bpro_registration_regtype_7838 eib2bpro_registration_regtype_7837 eib2bpro_registration_regtype_7836 eib2bpro_registration_regtype_7101\"><label for=\"eib2bpro_customfield_7109\">Pr\u00e9nom<span class=\"required\">*<\/span><\/label><input type=\"text\"  class=\"eib2bpro_customfield_7109 eib2bpro_customfield eib2bpro_customfield_type_text eib2bpro_customfield_required_1\" name=\"eib2bpro_customfield_7109\" value=\"\" placeholder=\"\" required><\/div><div class=\"woocommerce-form-row woocommerce-form-row--wide form-row form-row-wide eib2bpro_registration_container  eib2bpro_registration_regtype_7838 eib2bpro_registration_regtype_7837 eib2bpro_registration_regtype_7836 eib2bpro_registration_regtype_7101\"><label for=\"eib2bpro_customfield_7110\">Adresse<span class=\"required\">*<\/span><\/label><input type=\"text\"  class=\"eib2bpro_customfield_7110 eib2bpro_customfield eib2bpro_customfield_type_text eib2bpro_customfield_required_1\" name=\"eib2bpro_customfield_7110\" value=\"\" placeholder=\"\" required><\/div><div class=\"woocommerce-form-row woocommerce-form-row--wide form-row form-row-wide eib2bpro_registration_container  eib2bpro_registration_regtype_7838 eib2bpro_registration_regtype_7837 eib2bpro_registration_regtype_7836 eib2bpro_registration_regtype_7101\"><label for=\"eib2bpro_customfield_7111\">T\u00e9l<span class=\"required\">*<\/span><\/label><input type=\"text\"  class=\"eib2bpro_customfield_7111 eib2bpro_customfield eib2bpro_customfield_type_text eib2bpro_customfield_required_1\" name=\"eib2bpro_customfield_7111\" value=\"\" placeholder=\"\" required><\/div><\/div><wc-order-attribution-inputs><\/wc-order-attribution-inputs><div class=\"woocommerce-privacy-policy-text\"><p>Vos donn\u00e9es personnelles seront utilis\u00e9es pour faciliter votre exp\u00e9rience sur ce site web, pour g\u00e9rer l'acc\u00e8s \u00e0 votre compte et pour d'autres raisons d\u00e9crites dans notre <a href=\"\" class=\"woocommerce-privacy-policy-link\" target=\"_blank\">politique de confidentialit\u00e9<\/a>.<\/p>\n<\/div>\n                            <p class=\"woocommerce-form-row form-row\">\n                                <input type=\"hidden\" id=\"woocommerce-register-nonce\" name=\"woocommerce-register-nonce\" value=\"f8bfc1e395\" \/><input type=\"hidden\" name=\"_wp_http_referer\" value=\"\/fr\/wp-json\/wp\/v2\/pages\/7103\" \/>                                <button type=\"submit\" class=\"woocommerce-Button woocommerce-button button woocommerce-form-register__submit\" name=\"register\" value=\"S\u2019inscrire\">S\u2019inscrire<\/button>\n                            <\/p>\n\n                            \n                        <\/form>\n                    <\/div>\n                <\/div>\n            <\/div>\n            <\/div>\n\t\t\t\t\t\t<\/div>\n\t\t\t\t<\/div>\n\t\t\t\t\t<\/div>\n\t\t<\/div>\n\t\t\t\t\t<\/div>\n\t\t<\/section>\n\t\t\t\t<\/div>\n\t\t","protected":false},"excerpt":{"rendered":"","protected":false},"author":1,"featured_media":0,"parent":0,"menu_order":0,"comment_status":"closed","ping_status":"closed","template":"elementor_header_footer","meta":{"_acf_changed":false,"footnotes":""},"class_list":["post-7103","page","type-page","status-publish","hentry"],"acf":[],"yoast_head":"<!-- This site is optimized with the Yoast SEO plugin v25.5 - https:\/\/yoast.com\/wordpress\/plugins\/seo\/ -->\n<title>Espace Pro - GDS<\/title>\n<meta name=\"robots\" content=\"index, follow, max-snippet:-1, max-image-preview:large, max-video-preview:-1\" \/>\n<link rel=\"canonical\" href=\"https:\/\/graindesail.com\/fr\/espace-pro\/\" \/>\n<meta property=\"og:locale\" content=\"fr_FR\" \/>\n<meta property=\"og:type\" content=\"article\" \/>\n<meta property=\"og:title\" content=\"Espace Pro - GDS\" \/>\n<meta property=\"og:url\" content=\"https:\/\/graindesail.com\/fr\/espace-pro\/\" \/>\n<meta property=\"og:site_name\" content=\"GDS\" \/>\n<meta property=\"article:modified_time\" content=\"2025-06-12T00:32:30+00:00\" \/>\n<meta name=\"twitter:card\" content=\"summary_large_image\" \/>\n<script type=\"application\/ld+json\" class=\"yoast-schema-graph\">{\"@context\":\"https:\/\/schema.org\",\"@graph\":[{\"@type\":\"WebPage\",\"@id\":\"https:\/\/graindesail.com\/fr\/espace-pro\/\",\"url\":\"https:\/\/graindesail.com\/fr\/espace-pro\/\",\"name\":\"Espace Pro - GDS\",\"isPartOf\":{\"@id\":\"https:\/\/graindesail.com\/fr\/#website\"},\"datePublished\":\"2025-03-25T02:01:01+00:00\",\"dateModified\":\"2025-06-12T00:32:30+00:00\",\"breadcrumb\":{\"@id\":\"https:\/\/graindesail.com\/fr\/espace-pro\/#breadcrumb\"},\"inLanguage\":\"fr-FR\",\"potentialAction\":[{\"@type\":\"ReadAction\",\"target\":[\"https:\/\/graindesail.com\/fr\/espace-pro\/\"]}]},{\"@type\":\"BreadcrumbList\",\"@id\":\"https:\/\/graindesail.com\/fr\/espace-pro\/#breadcrumb\",\"itemListElement\":[{\"@type\":\"ListItem\",\"position\":1,\"name\":\"Home\",\"item\":\"https:\/\/graindesail.com\/fr\/\"},{\"@type\":\"ListItem\",\"position\":2,\"name\":\"Espace Pro\"}]},{\"@type\":\"WebSite\",\"@id\":\"https:\/\/graindesail.com\/fr\/#website\",\"url\":\"https:\/\/graindesail.com\/fr\/\",\"name\":\"GDS\",\"description\":\"\",\"publisher\":{\"@id\":\"https:\/\/graindesail.com\/fr\/#organization\"},\"potentialAction\":[{\"@type\":\"SearchAction\",\"target\":{\"@type\":\"EntryPoint\",\"urlTemplate\":\"https:\/\/graindesail.com\/fr\/?s={search_term_string}\"},\"query-input\":{\"@type\":\"PropertyValueSpecification\",\"valueRequired\":true,\"valueName\":\"search_term_string\"}}],\"inLanguage\":\"fr-FR\"},{\"@type\":\"Organization\",\"@id\":\"https:\/\/graindesail.com\/fr\/#organization\",\"name\":\"GDS\",\"url\":\"https:\/\/graindesail.com\/fr\/\",\"logo\":{\"@type\":\"ImageObject\",\"inLanguage\":\"fr-FR\",\"@id\":\"https:\/\/graindesail.com\/fr\/#\/schema\/logo\/image\/\",\"url\":\"https:\/\/graindesail.com\/wp-content\/uploads\/2024\/12\/logo.svg\",\"contentUrl\":\"https:\/\/graindesail.com\/wp-content\/uploads\/2024\/12\/logo.svg\",\"width\":82,\"height\":130,\"caption\":\"GDS\"},\"image\":{\"@id\":\"https:\/\/graindesail.com\/fr\/#\/schema\/logo\/image\/\"}}]}<\/script>\n<!-- \/ Yoast SEO plugin. -->","yoast_head_json":{"title":"Espace Pro - GDS","robots":{"index":"index","follow":"follow","max-snippet":"max-snippet:-1","max-image-preview":"max-image-preview:large","max-video-preview":"max-video-preview:-1"},"canonical":"https:\/\/graindesail.com\/fr\/espace-pro\/","og_locale":"fr_FR","og_type":"article","og_title":"Espace Pro - GDS","og_url":"https:\/\/graindesail.com\/fr\/espace-pro\/","og_site_name":"GDS","article_modified_time":"2025-06-12T00:32:30+00:00","twitter_card":"summary_large_image","schema":{"@context":"https:\/\/schema.org","@graph":[{"@type":"WebPage","@id":"https:\/\/graindesail.com\/fr\/espace-pro\/","url":"https:\/\/graindesail.com\/fr\/espace-pro\/","name":"Espace Pro - GDS","isPartOf":{"@id":"https:\/\/graindesail.com\/fr\/#website"},"datePublished":"2025-03-25T02:01:01+00:00","dateModified":"2025-06-12T00:32:30+00:00","breadcrumb":{"@id":"https:\/\/graindesail.com\/fr\/espace-pro\/#breadcrumb"},"inLanguage":"fr-FR","potentialAction":[{"@type":"ReadAction","target":["https:\/\/graindesail.com\/fr\/espace-pro\/"]}]},{"@type":"BreadcrumbList","@id":"https:\/\/graindesail.com\/fr\/espace-pro\/#breadcrumb","itemListElement":[{"@type":"ListItem","position":1,"name":"Home","item":"https:\/\/graindesail.com\/fr\/"},{"@type":"ListItem","position":2,"name":"Espace Pro"}]},{"@type":"WebSite","@id":"https:\/\/graindesail.com\/fr\/#website","url":"https:\/\/graindesail.com\/fr\/","name":"GDS","description":"","publisher":{"@id":"https:\/\/graindesail.com\/fr\/#organization"},"potentialAction":[{"@type":"SearchAction","target":{"@type":"EntryPoint","urlTemplate":"https:\/\/graindesail.com\/fr\/?s={search_term_string}"},"query-input":{"@type":"PropertyValueSpecification","valueRequired":true,"valueName":"search_term_string"}}],"inLanguage":"fr-FR"},{"@type":"Organization","@id":"https:\/\/graindesail.com\/fr\/#organization","name":"GDS","url":"https:\/\/graindesail.com\/fr\/","logo":{"@type":"ImageObject","inLanguage":"fr-FR","@id":"https:\/\/graindesail.com\/fr\/#\/schema\/logo\/image\/","url":"https:\/\/graindesail.com\/wp-content\/uploads\/2024\/12\/logo.svg","contentUrl":"https:\/\/graindesail.com\/wp-content\/uploads\/2024\/12\/logo.svg","width":82,"height":130,"caption":"GDS"},"image":{"@id":"https:\/\/graindesail.com\/fr\/#\/schema\/logo\/image\/"}}]}},"_links":{"self":[{"href":"https:\/\/graindesail.com\/fr\/wp-json\/wp\/v2\/pages\/7103","targetHints":{"allow":["GET"]}}],"collection":[{"href":"https:\/\/graindesail.com\/fr\/wp-json\/wp\/v2\/pages"}],"about":[{"href":"https:\/\/graindesail.com\/fr\/wp-json\/wp\/v2\/types\/page"}],"author":[{"embeddable":true,"href":"https:\/\/graindesail.com\/fr\/wp-json\/wp\/v2\/users\/1"}],"replies":[{"embeddable":true,"href":"https:\/\/graindesail.com\/fr\/wp-json\/wp\/v2\/comments?post=7103"}],"version-history":[{"count":0,"href":"https:\/\/graindesail.com\/fr\/wp-json\/wp\/v2\/pages\/7103\/revisions"}],"wp:attachment":[{"href":"https:\/\/graindesail.com\/fr\/wp-json\/wp\/v2\/media?parent=7103"}],"curies":[{"name":"wp","href":"https:\/\/api.w.org\/{rel}","templated":true}]}}