{"id":23787,"date":"2026-02-06T11:14:01","date_gmt":"2026-02-06T11:14:01","guid":{"rendered":"https:\/\/graindesail.com\/?page_id=23787"},"modified":"2026-02-06T11:22:45","modified_gmt":"2026-02-06T11:22:45","slug":"cookies-moelleux","status":"publish","type":"page","link":"https:\/\/graindesail.com\/fr\/cookies-moelleux\/","title":{"rendered":"Les cookies moelleux"},"content":{"rendered":"\t\t<div data-elementor-type=\"wp-page\" data-elementor-id=\"23787\" class=\"elementor elementor-23787\" data-elementor-post-type=\"page\">\n\t\t\t\t\t\t<section class=\"elementor-section elementor-top-section elementor-element elementor-element-504dc36 elementor-section-boxed elementor-section-height-default elementor-section-height-default\" data-id=\"504dc36\" data-element_type=\"section\">\n\t\t\t\t\t\t<div class=\"elementor-container elementor-column-gap-default\">\n\t\t\t\t\t<div class=\"elementor-column elementor-col-100 elementor-top-column elementor-element elementor-element-ae8a5dc\" data-id=\"ae8a5dc\" data-element_type=\"column\">\n\t\t\t<div class=\"elementor-widget-wrap elementor-element-populated\">\n\t\t\t\t\t\t<div class=\"elementor-element elementor-element-36b381f elementor-widget elementor-widget-heading\" data-id=\"36b381f\" data-element_type=\"widget\" data-widget_type=\"heading.default\">\n\t\t\t\t<div class=\"elementor-widget-container\">\n\t\t\t\t\t<h1 class=\"elementor-heading-title elementor-size-default\">LES COOKIES MOELLEUX<\/h1>\t\t\t\t<\/div>\n\t\t\t\t<\/div>\n\t\t\t\t<div class=\"elementor-section elementor-inner-section elementor-element elementor-element-b374ea2 elementor-section-full_width elementor-section-height-default elementor-section-height-default\" data-id=\"b374ea2\" data-element_type=\"section\">\n\t\t\t\t\t\t<div class=\"elementor-container elementor-column-gap-default\">\n\t\t\t\t\t<div class=\"elementor-column elementor-col-50 elementor-inner-column elementor-element elementor-element-4ff52d4\" data-id=\"4ff52d4\" data-element_type=\"column\">\n\t\t\t<div class=\"elementor-widget-wrap elementor-element-populated\">\n\t\t\t\t\t\t<div class=\"elementor-element elementor-element-6af7a74 elementor-widget elementor-widget-image\" data-id=\"6af7a74\" data-element_type=\"widget\" data-widget_type=\"image.default\">\n\t\t\t\t<div class=\"elementor-widget-container\">\n\t\t\t\t\t\t\t\t\t\t\t\t\t\t\t<img fetchpriority=\"high\" decoding=\"async\" width=\"400\" height=\"400\" src=\"https:\/\/graindesail.com\/wp-content\/uploads\/2024\/12\/cookies-photos-recette-gds.png\" class=\"attachment-large size-large wp-image-1341\" alt=\"\" srcset=\"https:\/\/graindesail.com\/wp-content\/uploads\/2024\/12\/cookies-photos-recette-gds.png 400w, https:\/\/graindesail.com\/wp-content\/uploads\/2024\/12\/cookies-photos-recette-gds-300x300.png 300w, https:\/\/graindesail.com\/wp-content\/uploads\/2024\/12\/cookies-photos-recette-gds-150x150.png 150w, https:\/\/graindesail.com\/wp-content\/uploads\/2024\/12\/cookies-photos-recette-gds-100x100.png 100w\" sizes=\"(max-width: 400px) 100vw, 400px\" \/>\t\t\t\t\t\t\t\t\t\t\t\t\t\t\t<\/div>\n\t\t\t\t<\/div>\n\t\t\t\t\t<\/div>\n\t\t<\/div>\n\t\t\t\t<div class=\"elementor-column elementor-col-50 elementor-inner-column elementor-element elementor-element-ec89069\" data-id=\"ec89069\" data-element_type=\"column\">\n\t\t\t<div class=\"elementor-widget-wrap elementor-element-populated\">\n\t\t\t\t\t\t<div class=\"elementor-element elementor-element-57ada29 elementor-widget elementor-widget-accordion\" data-id=\"57ada29\" data-element_type=\"widget\" data-widget_type=\"accordion.default\">\n\t\t\t\t<div class=\"elementor-widget-container\">\n\t\t\t\t\t\t\t<div class=\"elementor-accordion\">\n\t\t\t\t\t\t\t<div class=\"elementor-accordion-item\">\n\t\t\t\t\t<div id=\"elementor-tab-title-9191\" class=\"elementor-tab-title\" data-tab=\"1\" role=\"button\" aria-controls=\"elementor-tab-content-9191\" aria-expanded=\"false\">\n\t\t\t\t\t\t\t\t\t\t\t\t\t<span class=\"elementor-accordion-icon elementor-accordion-icon-left\" aria-hidden=\"true\">\n\t\t\t\t\t\t\t\t\t\t\t\t\t\t\t<span class=\"elementor-accordion-icon-closed\"><svg class=\"e-font-icon-svg e-far-circle\" viewBox=\"0 0 512 512\" xmlns=\"http:\/\/www.w3.org\/2000\/svg\"><path d=\"M256 8C119 8 8 119 8 256s111 248 248 248 248-111 248-248S393 8 256 8zm0 448c-110.5 0-200-89.5-200-200S145.5 56 256 56s200 89.5 200 200-89.5 200-200 200z\"><\/path><\/svg><\/span>\n\t\t\t\t\t\t\t\t<span class=\"elementor-accordion-icon-opened\"><svg class=\"e-font-icon-svg e-fas-circle\" viewBox=\"0 0 512 512\" xmlns=\"http:\/\/www.w3.org\/2000\/svg\"><path d=\"M256 8C119 8 8 119 8 256s111 248 248 248 248-111 248-248S393 8 256 8z\"><\/path><\/svg><\/span>\n\t\t\t\t\t\t\t\t\t\t\t\t\t\t<\/span>\n\t\t\t\t\t\t\t\t\t\t\t\t<a class=\"elementor-accordion-title\" tabindex=\"0\">LES INGR\u00c9DIENTS<\/a>\n\t\t\t\t\t<\/div>\n\t\t\t\t\t<div id=\"elementor-tab-content-9191\" class=\"elementor-tab-content elementor-clearfix\" data-tab=\"1\" role=\"region\" aria-labelledby=\"elementor-tab-title-9191\"><p>&#8211; 85 g de beurre<br \/>&#8211; 85 g de sucre<br \/>&#8211; 1 sachet de sucre vanill\u00e9<br \/>&#8211; 150 g de farine<br \/>&#8211; 100 g de pistoles de chocolat 62% de cacao Grain de Sail<br \/>&#8211; 1 cuill\u00e8re \u00e0 caf\u00e9 de sel<br \/>&#8211; 1 cuill\u00e8re \u00e0 caf\u00e9 de levure chimique (ou de bicarbonate de soude alimentaire)<br \/>&#8211; 1 oeuf<\/p><\/div>\n\t\t\t\t<\/div>\n\t\t\t\t\t\t\t<div class=\"elementor-accordion-item\">\n\t\t\t\t\t<div id=\"elementor-tab-title-9192\" class=\"elementor-tab-title\" data-tab=\"2\" role=\"button\" aria-controls=\"elementor-tab-content-9192\" aria-expanded=\"false\">\n\t\t\t\t\t\t\t\t\t\t\t\t\t<span class=\"elementor-accordion-icon elementor-accordion-icon-left\" aria-hidden=\"true\">\n\t\t\t\t\t\t\t\t\t\t\t\t\t\t\t<span class=\"elementor-accordion-icon-closed\"><svg class=\"e-font-icon-svg e-far-circle\" viewBox=\"0 0 512 512\" xmlns=\"http:\/\/www.w3.org\/2000\/svg\"><path d=\"M256 8C119 8 8 119 8 256s111 248 248 248 248-111 248-248S393 8 256 8zm0 448c-110.5 0-200-89.5-200-200S145.5 56 256 56s200 89.5 200 200-89.5 200-200 200z\"><\/path><\/svg><\/span>\n\t\t\t\t\t\t\t\t<span class=\"elementor-accordion-icon-opened\"><svg class=\"e-font-icon-svg e-fas-circle\" viewBox=\"0 0 512 512\" xmlns=\"http:\/\/www.w3.org\/2000\/svg\"><path d=\"M256 8C119 8 8 119 8 256s111 248 248 248 248-111 248-248S393 8 256 8z\"><\/path><\/svg><\/span>\n\t\t\t\t\t\t\t\t\t\t\t\t\t\t<\/span>\n\t\t\t\t\t\t\t\t\t\t\t\t<a class=\"elementor-accordion-title\" tabindex=\"0\">LA PR\u00c9PARATION<\/a>\n\t\t\t\t\t<\/div>\n\t\t\t\t\t<div id=\"elementor-tab-content-9192\" class=\"elementor-tab-content elementor-clearfix\" data-tab=\"2\" role=\"region\" aria-labelledby=\"elementor-tab-title-9192\"><p><em>\u201cMaman, papa, j\u2019ai envie des cookies aujourd\u2019hui.\u201d <\/em><\/p><p>Dans la famille Lait\u2019ou\u00e8tes, la cuisine, c\u2019est sacr\u00e9. Viens, on t\u2019embarque avec eux. Aux\u00a0fourneaux ! N\u2019oublie pas de t\u2019accompagner d\u2019un adulte pour cuisiner, c\u2019est une\u00a0activit\u00e9 qui se partage, non ? Tout d\u2019abord, munie-toi d\u2019un tablier et va te laver les\u00a0mains. On veut entendre l\u2019eau couler hein !\u00a0<\/p><p>C\u0327a y est ? OK, d\u00e9butons !\u00a0<\/p><p>Pour la recette il te faudra : 85 g de beurre, 85 g de sucre, 1 sachet de sucre vanill\u00e9, 150 g de farine, 100 g de pistoles (si si, tu sais, les mini-palets de chocolats que tu as trouv\u00e9 dans ta boi\u0302te color\u00e9e Grain de Sail), 1 cuill\u00e8re \u00e0 caf\u00e9 de sel, 1 cuill\u00e8re \u00e0 caf\u00e9 de levure chimique et 1 oeuf. C\u0327a y est, tu es fin pre\u0302t ?\u00a0<\/p><p>1. Pr\u00e9chauffe le four \u00e0 180\u00b0C (un, huit, z\u00e9ro) thermostat 6.<\/p><p>2. Dans un saladier, d\u00e9pose ton beurre, le sucre, l\u2019oeuf, le sucre vanill\u00e9 et m\u00e9lange le tout \u00e9nergiquement avec un fouet.<\/p><p>3. Tu y ajoutes ensuite, tout doucement la farine, puis la levure, le sel et enfin les pistoles de chocolat pr\u00e9alablement coup\u00e9es en morceaux. C\u0327a sent d\u00e9j\u00e0 dro\u0302lement bon. Non, non, non, on ne met pas ses mains dans la pa\u0302te, on te voit venir !! Patience.<\/p><p>4. D\u00e9pose un papier de cuisson sur la plaque du four pour \u00e9viter que tes cookies collent.<\/p><p>5. C\u2019est le moment de former tes cookies. A l\u2019aide de 2 cuill\u00e8res \u00e0 soupe, r\u00e9alise des petits tas de pa\u0302te \u00e0 cookies que tu d\u00e9poseras sur la plaque de cuisson. Espace-les bien, ils grandiront dans le four.<\/p><p>6. Enfourne le tout, attend 10 minutes et voil\u00e0\u00e0\u00e0\u00e0, c\u2019est pre\u0302t !<\/p><p><em>\u00ab Papa, maman, nos cookies ils sont vraiment TROP bons !<\/em><\/p><\/div>\n\t\t\t\t<\/div>\n\t\t\t\t\t\t\t<div class=\"elementor-accordion-item\">\n\t\t\t\t\t<div id=\"elementor-tab-title-9193\" class=\"elementor-tab-title\" data-tab=\"3\" role=\"button\" aria-controls=\"elementor-tab-content-9193\" aria-expanded=\"false\">\n\t\t\t\t\t\t\t\t\t\t\t\t\t<span class=\"elementor-accordion-icon elementor-accordion-icon-left\" aria-hidden=\"true\">\n\t\t\t\t\t\t\t\t\t\t\t\t\t\t\t<span class=\"elementor-accordion-icon-closed\"><svg class=\"e-font-icon-svg e-far-circle\" viewBox=\"0 0 512 512\" xmlns=\"http:\/\/www.w3.org\/2000\/svg\"><path d=\"M256 8C119 8 8 119 8 256s111 248 248 248 248-111 248-248S393 8 256 8zm0 448c-110.5 0-200-89.5-200-200S145.5 56 256 56s200 89.5 200 200-89.5 200-200 200z\"><\/path><\/svg><\/span>\n\t\t\t\t\t\t\t\t<span class=\"elementor-accordion-icon-opened\"><svg class=\"e-font-icon-svg e-fas-circle\" viewBox=\"0 0 512 512\" xmlns=\"http:\/\/www.w3.org\/2000\/svg\"><path d=\"M256 8C119 8 8 119 8 256s111 248 248 248 248-111 248-248S393 8 256 8z\"><\/path><\/svg><\/span>\n\t\t\t\t\t\t\t\t\t\t\t\t\t\t<\/span>\n\t\t\t\t\t\t\t\t\t\t\t\t<a class=\"elementor-accordion-title\" tabindex=\"0\">LA RECETTE EN VID\u00c9O<\/a>\n\t\t\t\t\t<\/div>\n\t\t\t\t\t<div id=\"elementor-tab-content-9193\" class=\"elementor-tab-content elementor-clearfix\" data-tab=\"3\" role=\"region\" aria-labelledby=\"elementor-tab-title-9193\"><p><a href=\"https:\/\/youtu.be\/6_LyO5ofbMM\" target=\"_blank\" rel=\"noopener\">Visionner la recette des cookies moelleux Grain de Sail.<\/a><\/p><\/div>\n\t\t\t\t<\/div>\n\t\t\t\t\t\t\t\t\t\t<script type=\"application\/ld+json\">{\"@context\":\"https:\\\/\\\/schema.org\",\"@type\":\"FAQPage\",\"mainEntity\":[{\"@type\":\"Question\",\"name\":\"LES INGR\\u00c9DIENTS\",\"acceptedAnswer\":{\"@type\":\"Answer\",\"text\":\"<p>&#8211; 85 g de beurre<br \\\/>&#8211; 85 g de sucre<br \\\/>&#8211; 1 sachet de sucre vanill\\u00e9<br \\\/>&#8211; 150 g de farine<br \\\/>&#8211; 100 g de pistoles de chocolat 62% de cacao Grain de Sail<br \\\/>&#8211; 1 cuill\\u00e8re \\u00e0 caf\\u00e9 de sel<br \\\/>&#8211; 1 cuill\\u00e8re \\u00e0 caf\\u00e9 de levure chimique (ou de bicarbonate de soude alimentaire)<br \\\/>&#8211; 1 oeuf<\\\/p>\"}},{\"@type\":\"Question\",\"name\":\"LA PR\\u00c9PARATION\",\"acceptedAnswer\":{\"@type\":\"Answer\",\"text\":\"<p><em>\\u201cMaman, papa, j\\u2019ai envie des cookies aujourd\\u2019hui.\\u201d <\\\/em><\\\/p><p>Dans la famille Lait\\u2019ou\\u00e8tes, la cuisine, c\\u2019est sacr\\u00e9. Viens, on t\\u2019embarque avec eux. Aux\\u00a0fourneaux ! N\\u2019oublie pas de t\\u2019accompagner d\\u2019un adulte pour cuisiner, c\\u2019est une\\u00a0activit\\u00e9 qui se partage, non ? Tout d\\u2019abord, munie-toi d\\u2019un tablier et va te laver les\\u00a0mains. On veut entendre l\\u2019eau couler hein !\\u00a0<\\\/p><p>C\\u0327a y est ? OK, d\\u00e9butons !\\u00a0<\\\/p><p>Pour la recette il te faudra : 85 g de beurre, 85 g de sucre, 1 sachet de sucre vanill\\u00e9, 150 g de farine, 100 g de pistoles (si si, tu sais, les mini-palets de chocolats que tu as trouv\\u00e9 dans ta boi\\u0302te color\\u00e9e Grain de Sail), 1 cuill\\u00e8re \\u00e0 caf\\u00e9 de sel, 1 cuill\\u00e8re \\u00e0 caf\\u00e9 de levure chimique et 1 oeuf. C\\u0327a y est, tu es fin pre\\u0302t ?\\u00a0<\\\/p><p>1. Pr\\u00e9chauffe le four \\u00e0 180\\u00b0C (un, huit, z\\u00e9ro) thermostat 6.<\\\/p><p>2. Dans un saladier, d\\u00e9pose ton beurre, le sucre, l\\u2019oeuf, le sucre vanill\\u00e9 et m\\u00e9lange le tout \\u00e9nergiquement avec un fouet.<\\\/p><p>3. Tu y ajoutes ensuite, tout doucement la farine, puis la levure, le sel et enfin les pistoles de chocolat pr\\u00e9alablement coup\\u00e9es en morceaux. C\\u0327a sent d\\u00e9j\\u00e0 dro\\u0302lement bon. Non, non, non, on ne met pas ses mains dans la pa\\u0302te, on te voit venir !! Patience.<\\\/p><p>4. D\\u00e9pose un papier de cuisson sur la plaque du four pour \\u00e9viter que tes cookies collent.<\\\/p><p>5. C\\u2019est le moment de former tes cookies. A l\\u2019aide de 2 cuill\\u00e8res \\u00e0 soupe, r\\u00e9alise des petits tas de pa\\u0302te \\u00e0 cookies que tu d\\u00e9poseras sur la plaque de cuisson. Espace-les bien, ils grandiront dans le four.<\\\/p><p>6. Enfourne le tout, attend 10 minutes et voil\\u00e0\\u00e0\\u00e0\\u00e0, c\\u2019est pre\\u0302t !<\\\/p><p><em>\\u00ab Papa, maman, nos cookies ils sont vraiment TROP bons !<\\\/em><\\\/p>\"}},{\"@type\":\"Question\",\"name\":\"LA RECETTE EN VID\\u00c9O\",\"acceptedAnswer\":{\"@type\":\"Answer\",\"text\":\"<p><a href=\\\"https:\\\/\\\/youtu.be\\\/6_LyO5ofbMM\\\" target=\\\"_blank\\\" rel=\\\"noopener\\\">Visionner la recette des cookies moelleux Grain de Sail.<\\\/a><\\\/p>\"}}]}<\/script>\n\t\t\t\t\t<\/div>\n\t\t\t\t\t\t<\/div>\n\t\t\t\t<\/div>\n\t\t\t\t\t<\/div>\n\t\t<\/div>\n\t\t\t\t\t<\/div>\n\t\t<\/div>\n\t\t\t\t\t<\/div>\n\t\t<\/div>\n\t\t\t\t\t<\/div>\n\t\t<\/section>\n\t\t\t\t<\/div>\n\t\t","protected":false},"excerpt":{"rendered":"<p>LES COOKIES MOELLEUX LES INGR\u00c9DIENTS &#8211; 85 g de beurre&#8211; 85 g de sucre&#8211; 1 sachet de sucre vanill\u00e9&#8211; 150 g de farine&#8211; 100 g de pistoles de chocolat 62% de cacao Grain de Sail&#8211; 1 cuill\u00e8re \u00e0 caf\u00e9 de sel&#8211; 1 cuill\u00e8re \u00e0 caf\u00e9 de levure chimique (ou de bicarbonate de soude alimentaire)&#8211; 1 [&hellip;]<\/p>\n","protected":false},"author":24285,"featured_media":1341,"parent":0,"menu_order":0,"comment_status":"closed","ping_status":"closed","template":"elementor_header_footer","meta":{"_acf_changed":false,"footnotes":""},"class_list":["post-23787","page","type-page","status-publish","has-post-thumbnail","hentry"],"acf":[],"yoast_head":"<!-- This site is optimized with the Yoast SEO plugin v25.5 - https:\/\/yoast.com\/wordpress\/plugins\/seo\/ -->\n<title>Les cookies moelleux - GDS<\/title>\n<meta name=\"description\" content=\"Envie de cookies moelleux au chocolat ? D\u00e9couvrez une recette simple et gourmande, au c\u0153ur fondant, parfaits pour le go\u00fbter ou le dessert.\" \/>\n<meta name=\"robots\" content=\"index, follow, max-snippet:-1, max-image-preview:large, max-video-preview:-1\" \/>\n<link rel=\"canonical\" href=\"https:\/\/graindesail.com\/fr\/cookies-moelleux\/\" \/>\n<meta property=\"og:locale\" content=\"fr_FR\" \/>\n<meta property=\"og:type\" content=\"article\" \/>\n<meta property=\"og:title\" content=\"Les cookies moelleux - GDS\" \/>\n<meta property=\"og:description\" content=\"Envie de cookies moelleux au chocolat ? D\u00e9couvrez une recette simple et gourmande, au c\u0153ur fondant, parfaits pour le go\u00fbter ou le dessert.\" \/>\n<meta property=\"og:url\" content=\"https:\/\/graindesail.com\/fr\/cookies-moelleux\/\" \/>\n<meta property=\"og:site_name\" content=\"GDS\" \/>\n<meta property=\"article:modified_time\" content=\"2026-02-06T11:22:45+00:00\" \/>\n<meta property=\"og:image\" content=\"https:\/\/graindesail.com\/wp-content\/uploads\/2024\/12\/cookies-photos-recette-gds.png\" \/>\n\t<meta property=\"og:image:width\" content=\"400\" \/>\n\t<meta property=\"og:image:height\" content=\"400\" \/>\n\t<meta property=\"og:image:type\" content=\"image\/png\" \/>\n<meta name=\"twitter:card\" content=\"summary_large_image\" \/>\n<meta name=\"twitter:label1\" content=\"Dur\u00e9e de lecture estim\u00e9e\" \/>\n\t<meta name=\"twitter:data1\" content=\"1 minute\" \/>\n<script type=\"application\/ld+json\" class=\"yoast-schema-graph\">{\"@context\":\"https:\/\/schema.org\",\"@graph\":[{\"@type\":\"WebPage\",\"@id\":\"https:\/\/graindesail.com\/fr\/cookies-moelleux\/\",\"url\":\"https:\/\/graindesail.com\/fr\/cookies-moelleux\/\",\"name\":\"Les cookies moelleux - GDS\",\"isPartOf\":{\"@id\":\"https:\/\/graindesail.com\/fr\/#website\"},\"primaryImageOfPage\":{\"@id\":\"https:\/\/graindesail.com\/fr\/cookies-moelleux\/#primaryimage\"},\"image\":{\"@id\":\"https:\/\/graindesail.com\/fr\/cookies-moelleux\/#primaryimage\"},\"thumbnailUrl\":\"https:\/\/graindesail.com\/wp-content\/uploads\/2024\/12\/cookies-photos-recette-gds.png\",\"datePublished\":\"2026-02-06T11:14:01+00:00\",\"dateModified\":\"2026-02-06T11:22:45+00:00\",\"description\":\"Envie de cookies moelleux au chocolat ? D\u00e9couvrez une recette simple et gourmande, au c\u0153ur fondant, parfaits pour le go\u00fbter ou le dessert.\",\"breadcrumb\":{\"@id\":\"https:\/\/graindesail.com\/fr\/cookies-moelleux\/#breadcrumb\"},\"inLanguage\":\"fr-FR\",\"potentialAction\":[{\"@type\":\"ReadAction\",\"target\":[\"https:\/\/graindesail.com\/fr\/cookies-moelleux\/\"]}]},{\"@type\":\"ImageObject\",\"inLanguage\":\"fr-FR\",\"@id\":\"https:\/\/graindesail.com\/fr\/cookies-moelleux\/#primaryimage\",\"url\":\"https:\/\/graindesail.com\/wp-content\/uploads\/2024\/12\/cookies-photos-recette-gds.png\",\"contentUrl\":\"https:\/\/graindesail.com\/wp-content\/uploads\/2024\/12\/cookies-photos-recette-gds.png\",\"width\":400,\"height\":400},{\"@type\":\"BreadcrumbList\",\"@id\":\"https:\/\/graindesail.com\/fr\/cookies-moelleux\/#breadcrumb\",\"itemListElement\":[{\"@type\":\"ListItem\",\"position\":1,\"name\":\"Home\",\"item\":\"https:\/\/graindesail.com\/fr\/\"},{\"@type\":\"ListItem\",\"position\":2,\"name\":\"Les cookies moelleux\"}]},{\"@type\":\"WebSite\",\"@id\":\"https:\/\/graindesail.com\/fr\/#website\",\"url\":\"https:\/\/graindesail.com\/fr\/\",\"name\":\"GDS\",\"description\":\"\",\"publisher\":{\"@id\":\"https:\/\/graindesail.com\/fr\/#organization\"},\"potentialAction\":[{\"@type\":\"SearchAction\",\"target\":{\"@type\":\"EntryPoint\",\"urlTemplate\":\"https:\/\/graindesail.com\/fr\/?s={search_term_string}\"},\"query-input\":{\"@type\":\"PropertyValueSpecification\",\"valueRequired\":true,\"valueName\":\"search_term_string\"}}],\"inLanguage\":\"fr-FR\"},{\"@type\":\"Organization\",\"@id\":\"https:\/\/graindesail.com\/fr\/#organization\",\"name\":\"GDS\",\"url\":\"https:\/\/graindesail.com\/fr\/\",\"logo\":{\"@type\":\"ImageObject\",\"inLanguage\":\"fr-FR\",\"@id\":\"https:\/\/graindesail.com\/fr\/#\/schema\/logo\/image\/\",\"url\":\"https:\/\/graindesail.com\/wp-content\/uploads\/2024\/12\/logo.svg\",\"contentUrl\":\"https:\/\/graindesail.com\/wp-content\/uploads\/2024\/12\/logo.svg\",\"width\":82,\"height\":130,\"caption\":\"GDS\"},\"image\":{\"@id\":\"https:\/\/graindesail.com\/fr\/#\/schema\/logo\/image\/\"}}]}<\/script>\n<!-- \/ Yoast SEO plugin. -->","yoast_head_json":{"title":"Les cookies moelleux - GDS","description":"Envie de cookies moelleux au chocolat ? D\u00e9couvrez une recette simple et gourmande, au c\u0153ur fondant, parfaits pour le go\u00fbter ou le dessert.","robots":{"index":"index","follow":"follow","max-snippet":"max-snippet:-1","max-image-preview":"max-image-preview:large","max-video-preview":"max-video-preview:-1"},"canonical":"https:\/\/graindesail.com\/fr\/cookies-moelleux\/","og_locale":"fr_FR","og_type":"article","og_title":"Les cookies moelleux - GDS","og_description":"Envie de cookies moelleux au chocolat ? D\u00e9couvrez une recette simple et gourmande, au c\u0153ur fondant, parfaits pour le go\u00fbter ou le dessert.","og_url":"https:\/\/graindesail.com\/fr\/cookies-moelleux\/","og_site_name":"GDS","article_modified_time":"2026-02-06T11:22:45+00:00","og_image":[{"width":400,"height":400,"url":"https:\/\/graindesail.com\/wp-content\/uploads\/2024\/12\/cookies-photos-recette-gds.png","type":"image\/png"}],"twitter_card":"summary_large_image","twitter_misc":{"Dur\u00e9e de lecture estim\u00e9e":"1 minute"},"schema":{"@context":"https:\/\/schema.org","@graph":[{"@type":"WebPage","@id":"https:\/\/graindesail.com\/fr\/cookies-moelleux\/","url":"https:\/\/graindesail.com\/fr\/cookies-moelleux\/","name":"Les cookies moelleux - GDS","isPartOf":{"@id":"https:\/\/graindesail.com\/fr\/#website"},"primaryImageOfPage":{"@id":"https:\/\/graindesail.com\/fr\/cookies-moelleux\/#primaryimage"},"image":{"@id":"https:\/\/graindesail.com\/fr\/cookies-moelleux\/#primaryimage"},"thumbnailUrl":"https:\/\/graindesail.com\/wp-content\/uploads\/2024\/12\/cookies-photos-recette-gds.png","datePublished":"2026-02-06T11:14:01+00:00","dateModified":"2026-02-06T11:22:45+00:00","description":"Envie de cookies moelleux au chocolat ? D\u00e9couvrez une recette simple et gourmande, au c\u0153ur fondant, parfaits pour le go\u00fbter ou le dessert.","breadcrumb":{"@id":"https:\/\/graindesail.com\/fr\/cookies-moelleux\/#breadcrumb"},"inLanguage":"fr-FR","potentialAction":[{"@type":"ReadAction","target":["https:\/\/graindesail.com\/fr\/cookies-moelleux\/"]}]},{"@type":"ImageObject","inLanguage":"fr-FR","@id":"https:\/\/graindesail.com\/fr\/cookies-moelleux\/#primaryimage","url":"https:\/\/graindesail.com\/wp-content\/uploads\/2024\/12\/cookies-photos-recette-gds.png","contentUrl":"https:\/\/graindesail.com\/wp-content\/uploads\/2024\/12\/cookies-photos-recette-gds.png","width":400,"height":400},{"@type":"BreadcrumbList","@id":"https:\/\/graindesail.com\/fr\/cookies-moelleux\/#breadcrumb","itemListElement":[{"@type":"ListItem","position":1,"name":"Home","item":"https:\/\/graindesail.com\/fr\/"},{"@type":"ListItem","position":2,"name":"Les cookies moelleux"}]},{"@type":"WebSite","@id":"https:\/\/graindesail.com\/fr\/#website","url":"https:\/\/graindesail.com\/fr\/","name":"GDS","description":"","publisher":{"@id":"https:\/\/graindesail.com\/fr\/#organization"},"potentialAction":[{"@type":"SearchAction","target":{"@type":"EntryPoint","urlTemplate":"https:\/\/graindesail.com\/fr\/?s={search_term_string}"},"query-input":{"@type":"PropertyValueSpecification","valueRequired":true,"valueName":"search_term_string"}}],"inLanguage":"fr-FR"},{"@type":"Organization","@id":"https:\/\/graindesail.com\/fr\/#organization","name":"GDS","url":"https:\/\/graindesail.com\/fr\/","logo":{"@type":"ImageObject","inLanguage":"fr-FR","@id":"https:\/\/graindesail.com\/fr\/#\/schema\/logo\/image\/","url":"https:\/\/graindesail.com\/wp-content\/uploads\/2024\/12\/logo.svg","contentUrl":"https:\/\/graindesail.com\/wp-content\/uploads\/2024\/12\/logo.svg","width":82,"height":130,"caption":"GDS"},"image":{"@id":"https:\/\/graindesail.com\/fr\/#\/schema\/logo\/image\/"}}]}},"_links":{"self":[{"href":"https:\/\/graindesail.com\/fr\/wp-json\/wp\/v2\/pages\/23787","targetHints":{"allow":["GET"]}}],"collection":[{"href":"https:\/\/graindesail.com\/fr\/wp-json\/wp\/v2\/pages"}],"about":[{"href":"https:\/\/graindesail.com\/fr\/wp-json\/wp\/v2\/types\/page"}],"author":[{"embeddable":true,"href":"https:\/\/graindesail.com\/fr\/wp-json\/wp\/v2\/users\/24285"}],"replies":[{"embeddable":true,"href":"https:\/\/graindesail.com\/fr\/wp-json\/wp\/v2\/comments?post=23787"}],"version-history":[{"count":0,"href":"https:\/\/graindesail.com\/fr\/wp-json\/wp\/v2\/pages\/23787\/revisions"}],"wp:featuredmedia":[{"embeddable":true,"href":"https:\/\/graindesail.com\/fr\/wp-json\/wp\/v2\/media\/1341"}],"wp:attachment":[{"href":"https:\/\/graindesail.com\/fr\/wp-json\/wp\/v2\/media?parent=23787"}],"curies":[{"name":"wp","href":"https:\/\/api.w.org\/{rel}","templated":true}]}}