{"id":1335,"date":"2024-12-12T00:39:28","date_gmt":"2024-12-12T00:39:28","guid":{"rendered":"https:\/\/test.graindesail.com\/?page_id=1335"},"modified":"2026-02-06T11:35:07","modified_gmt":"2026-02-06T11:35:07","slug":"nos-recettes","status":"publish","type":"page","link":"https:\/\/graindesail.com\/fr\/nos-recettes\/","title":{"rendered":"Nos recettes"},"content":{"rendered":"\t\t<div data-elementor-type=\"wp-page\" data-elementor-id=\"1335\" class=\"elementor elementor-1335\" data-elementor-post-type=\"page\">\n\t\t\t\t\t\t<section class=\"elementor-section elementor-top-section elementor-element elementor-element-250e6ad elementor-section-boxed elementor-section-height-default elementor-section-height-default\" data-id=\"250e6ad\" data-element_type=\"section\" data-e-type=\"section\" data-settings=\"{&quot;background_background&quot;:&quot;classic&quot;}\">\n\t\t\t\t\t\t<div class=\"elementor-container elementor-column-gap-default\">\n\t\t\t\t\t<div class=\"elementor-column elementor-col-100 elementor-top-column elementor-element elementor-element-c3700ef\" data-id=\"c3700ef\" data-element_type=\"column\" data-e-type=\"column\" data-settings=\"{&quot;background_background&quot;:&quot;classic&quot;}\">\n\t\t\t<div class=\"elementor-widget-wrap elementor-element-populated\">\n\t\t\t\t\t\t<div class=\"elementor-section elementor-inner-section elementor-element elementor-element-5c70137 elementor-section-full_width elementor-section-height-default elementor-section-height-default\" data-id=\"5c70137\" data-element_type=\"section\" data-e-type=\"section\">\n\t\t\t\t\t\t<div class=\"elementor-container elementor-column-gap-default\">\n\t\t\t\t\t<div class=\"elementor-column elementor-col-100 elementor-inner-column elementor-element elementor-element-d7d2809\" data-id=\"d7d2809\" data-element_type=\"column\" data-e-type=\"column\">\n\t\t\t<div class=\"elementor-widget-wrap elementor-element-populated\">\n\t\t\t\t\t\t<div class=\"elementor-element elementor-element-ec84721 elementor-widget elementor-widget-woocommerce-breadcrumb\" data-id=\"ec84721\" data-element_type=\"widget\" data-e-type=\"widget\" data-widget_type=\"woocommerce-breadcrumb.default\">\n\t\t\t\t<div class=\"elementor-widget-container\">\n\t\t\t\t\t<nav class=\"woocommerce-breadcrumb\" aria-label=\"Breadcrumb\">Accueil<\/nav>\t\t\t\t<\/div>\n\t\t\t\t<\/div>\n\t\t\t\t<div class=\"elementor-element elementor-element-26b3151 elementor-widget elementor-widget-text-editor\" data-id=\"26b3151\" data-element_type=\"widget\" data-e-type=\"widget\" data-widget_type=\"text-editor.default\">\n\t\t\t\t<div class=\"elementor-widget-container\">\n\t\t\t\t\t\t\t\t\t<p>D\u00e9couvrez une s\u00e9lection de recettes sucr\u00e9es \u00e0 base de chocolat, simples et gourmandes, \u00e0 partager sans mod\u00e9ration. Desserts express, douceurs \u00e0 savourer ou cr\u00e9ations un peu plus audacieuses : laissez-vous inspirer et faites fondre les papilles de vos convives !<\/p>\t\t\t\t\t\t\t\t<\/div>\n\t\t\t\t<\/div>\n\t\t\t\t\t<\/div>\n\t\t<\/div>\n\t\t\t\t\t<\/div>\n\t\t<\/div>\n\t\t\t\t\t<\/div>\n\t\t<\/div>\n\t\t\t\t\t<\/div>\n\t\t<\/section>\n\t\t\t\t<section class=\"elementor-section elementor-top-section elementor-element elementor-element-3f359a4 elementor-section-boxed elementor-section-height-default elementor-section-height-default\" data-id=\"3f359a4\" data-element_type=\"section\" data-e-type=\"section\">\n\t\t\t\t\t\t<div class=\"elementor-container elementor-column-gap-default\">\n\t\t\t\t\t<div class=\"elementor-column elementor-col-33 elementor-top-column elementor-element elementor-element-e9e9e55\" data-id=\"e9e9e55\" data-element_type=\"column\" data-e-type=\"column\">\n\t\t\t<div class=\"elementor-widget-wrap elementor-element-populated\">\n\t\t\t\t\t\t<div class=\"elementor-element elementor-element-81f0518 elementor-widget elementor-widget-heading\" data-id=\"81f0518\" data-element_type=\"widget\" data-e-type=\"widget\" data-widget_type=\"heading.default\">\n\t\t\t\t<div class=\"elementor-widget-container\">\n\t\t\t\t\t<h2 class=\"elementor-heading-title elementor-size-default\">les cookies moelleux<\/h2>\t\t\t\t<\/div>\n\t\t\t\t<\/div>\n\t\t\t\t<div data-ra-element-link=\"{&quot;url&quot;:&quot;https:\\\/\\\/graindesail.com\\\/fr\\\/cookies-moelleux\\\/&quot;,&quot;is_external&quot;:&quot;&quot;,&quot;nofollow&quot;:&quot;&quot;,&quot;custom_attributes&quot;:&quot;&quot;}\" style=\"cursor: pointer\" target=\"_self\" onClick=\"window.open(&#039;https:\/\/graindesail.com\/fr\/cookies-moelleux\/&#039;, &#039;_self&#039;)\" class=\"elementor-element elementor-element-0cdf562 elementor-widget elementor-widget-image\" data-id=\"0cdf562\" data-element_type=\"widget\" data-e-type=\"widget\" data-widget_type=\"image.default\">\n\t\t\t\t<div class=\"elementor-widget-container\">\n\t\t\t\t\t\t\t\t\t\t\t\t\t\t\t\t<a href=\"https:\/\/graindesail.com\/fr\/cookies-moelleux\/\">\n\t\t\t\t\t\t\t<img fetchpriority=\"high\" decoding=\"async\" width=\"400\" height=\"400\" src=\"https:\/\/graindesail.com\/wp-content\/uploads\/2024\/12\/cookies-photos-recette-gds.png\" class=\"elementor-animation-grow attachment-large size-large wp-image-1341\" alt=\"\" srcset=\"https:\/\/graindesail.com\/wp-content\/uploads\/2024\/12\/cookies-photos-recette-gds.png 400w, https:\/\/graindesail.com\/wp-content\/uploads\/2024\/12\/cookies-photos-recette-gds-300x300.png 300w, https:\/\/graindesail.com\/wp-content\/uploads\/2024\/12\/cookies-photos-recette-gds-150x150.png 150w, https:\/\/graindesail.com\/wp-content\/uploads\/2024\/12\/cookies-photos-recette-gds-100x100.png 100w\" sizes=\"(max-width: 400px) 100vw, 400px\" \/>\t\t\t\t\t\t\t\t<\/a>\n\t\t\t\t\t\t\t\t\t\t\t\t\t\t\t<\/div>\n\t\t\t\t<\/div>\n\t\t\t\t\t<\/div>\n\t\t<\/div>\n\t\t\t\t<div class=\"elementor-column elementor-col-33 elementor-top-column elementor-element elementor-element-dcb13a6\" data-id=\"dcb13a6\" data-element_type=\"column\" data-e-type=\"column\">\n\t\t\t<div class=\"elementor-widget-wrap\">\n\t\t\t\t\t\t\t<\/div>\n\t\t<\/div>\n\t\t\t\t<div class=\"elementor-column elementor-col-33 elementor-top-column elementor-element elementor-element-339c807\" data-id=\"339c807\" data-element_type=\"column\" data-e-type=\"column\">\n\t\t\t<div class=\"elementor-widget-wrap\">\n\t\t\t\t\t\t\t<\/div>\n\t\t<\/div>\n\t\t\t\t\t<\/div>\n\t\t<\/section>\n\t\t\t\t<\/div>\n\t\t","protected":false},"excerpt":{"rendered":"<p>D\u00e9couvrez une s\u00e9lection de recettes sucr\u00e9es \u00e0 base de chocolat, simples et gourmandes, \u00e0 partager sans mod\u00e9ration. Desserts express, douceurs \u00e0 savourer ou cr\u00e9ations un peu plus audacieuses : laissez-vous inspirer et faites fondre les papilles de vos convives ! les cookies moelleux<\/p>\n","protected":false},"author":2,"featured_media":0,"parent":0,"menu_order":0,"comment_status":"closed","ping_status":"closed","template":"elementor_header_footer","meta":{"_acf_changed":false,"footnotes":""},"class_list":["post-1335","page","type-page","status-publish","hentry"],"acf":[],"yoast_head":"<!-- This site is optimized with the Yoast SEO plugin v25.5 - https:\/\/yoast.com\/wordpress\/plugins\/seo\/ -->\n<title>Nos recettes - GDS<\/title>\n<meta name=\"robots\" content=\"index, follow, max-snippet:-1, max-image-preview:large, max-video-preview:-1\" \/>\n<link rel=\"canonical\" href=\"https:\/\/graindesail.com\/fr\/nos-recettes\/\" \/>\n<meta property=\"og:locale\" content=\"fr_FR\" \/>\n<meta property=\"og:type\" content=\"article\" \/>\n<meta property=\"og:title\" content=\"Nos recettes - GDS\" \/>\n<meta property=\"og:description\" content=\"D\u00e9couvrez une s\u00e9lection de recettes sucr\u00e9es \u00e0 base de chocolat, simples et gourmandes, \u00e0 partager sans mod\u00e9ration. Desserts express, douceurs \u00e0 savourer ou cr\u00e9ations un peu plus audacieuses : laissez-vous inspirer et faites fondre les papilles de vos convives ! les cookies moelleux\" \/>\n<meta property=\"og:url\" content=\"https:\/\/graindesail.com\/fr\/nos-recettes\/\" \/>\n<meta property=\"og:site_name\" content=\"GDS\" \/>\n<meta property=\"article:modified_time\" content=\"2026-02-06T11:35:07+00:00\" \/>\n<meta property=\"og:image\" content=\"https:\/\/graindesail.com\/wp-content\/uploads\/2024\/12\/cookies-photos-recette-gds.png\" \/>\n<meta name=\"twitter:card\" content=\"summary_large_image\" \/>\n<meta name=\"twitter:label1\" content=\"Dur\u00e9e de lecture estim\u00e9e\" \/>\n\t<meta name=\"twitter:data1\" content=\"1 minute\" \/>\n<script type=\"application\/ld+json\" class=\"yoast-schema-graph\">{\"@context\":\"https:\/\/schema.org\",\"@graph\":[{\"@type\":\"WebPage\",\"@id\":\"https:\/\/graindesail.com\/fr\/nos-recettes\/\",\"url\":\"https:\/\/graindesail.com\/fr\/nos-recettes\/\",\"name\":\"Nos recettes - GDS\",\"isPartOf\":{\"@id\":\"https:\/\/graindesail.com\/fr\/#website\"},\"primaryImageOfPage\":{\"@id\":\"https:\/\/graindesail.com\/fr\/nos-recettes\/#primaryimage\"},\"image\":{\"@id\":\"https:\/\/graindesail.com\/fr\/nos-recettes\/#primaryimage\"},\"thumbnailUrl\":\"https:\/\/graindesail.com\/wp-content\/uploads\/2024\/12\/cookies-photos-recette-gds.png\",\"datePublished\":\"2024-12-12T00:39:28+00:00\",\"dateModified\":\"2026-02-06T11:35:07+00:00\",\"breadcrumb\":{\"@id\":\"https:\/\/graindesail.com\/fr\/nos-recettes\/#breadcrumb\"},\"inLanguage\":\"fr-FR\",\"potentialAction\":[{\"@type\":\"ReadAction\",\"target\":[\"https:\/\/graindesail.com\/fr\/nos-recettes\/\"]}]},{\"@type\":\"ImageObject\",\"inLanguage\":\"fr-FR\",\"@id\":\"https:\/\/graindesail.com\/fr\/nos-recettes\/#primaryimage\",\"url\":\"https:\/\/graindesail.com\/wp-content\/uploads\/2024\/12\/cookies-photos-recette-gds.png\",\"contentUrl\":\"https:\/\/graindesail.com\/wp-content\/uploads\/2024\/12\/cookies-photos-recette-gds.png\"},{\"@type\":\"BreadcrumbList\",\"@id\":\"https:\/\/graindesail.com\/fr\/nos-recettes\/#breadcrumb\",\"itemListElement\":[{\"@type\":\"ListItem\",\"position\":1,\"name\":\"Home\",\"item\":\"https:\/\/graindesail.com\/fr\/\"},{\"@type\":\"ListItem\",\"position\":2,\"name\":\"Nos recettes\"}]},{\"@type\":\"WebSite\",\"@id\":\"https:\/\/graindesail.com\/fr\/#website\",\"url\":\"https:\/\/graindesail.com\/fr\/\",\"name\":\"GDS\",\"description\":\"\",\"publisher\":{\"@id\":\"https:\/\/graindesail.com\/fr\/#organization\"},\"potentialAction\":[{\"@type\":\"SearchAction\",\"target\":{\"@type\":\"EntryPoint\",\"urlTemplate\":\"https:\/\/graindesail.com\/fr\/?s={search_term_string}\"},\"query-input\":{\"@type\":\"PropertyValueSpecification\",\"valueRequired\":true,\"valueName\":\"search_term_string\"}}],\"inLanguage\":\"fr-FR\"},{\"@type\":\"Organization\",\"@id\":\"https:\/\/graindesail.com\/fr\/#organization\",\"name\":\"GDS\",\"url\":\"https:\/\/graindesail.com\/fr\/\",\"logo\":{\"@type\":\"ImageObject\",\"inLanguage\":\"fr-FR\",\"@id\":\"https:\/\/graindesail.com\/fr\/#\/schema\/logo\/image\/\",\"url\":\"https:\/\/graindesail.com\/wp-content\/uploads\/2024\/12\/logo.svg\",\"contentUrl\":\"https:\/\/graindesail.com\/wp-content\/uploads\/2024\/12\/logo.svg\",\"width\":82,\"height\":130,\"caption\":\"GDS\"},\"image\":{\"@id\":\"https:\/\/graindesail.com\/fr\/#\/schema\/logo\/image\/\"}}]}<\/script>\n<!-- \/ Yoast SEO plugin. -->","yoast_head_json":{"title":"Nos recettes - GDS","robots":{"index":"index","follow":"follow","max-snippet":"max-snippet:-1","max-image-preview":"max-image-preview:large","max-video-preview":"max-video-preview:-1"},"canonical":"https:\/\/graindesail.com\/fr\/nos-recettes\/","og_locale":"fr_FR","og_type":"article","og_title":"Nos recettes - GDS","og_description":"D\u00e9couvrez une s\u00e9lection de recettes sucr\u00e9es \u00e0 base de chocolat, simples et gourmandes, \u00e0 partager sans mod\u00e9ration. Desserts express, douceurs \u00e0 savourer ou cr\u00e9ations un peu plus audacieuses : laissez-vous inspirer et faites fondre les papilles de vos convives ! les cookies moelleux","og_url":"https:\/\/graindesail.com\/fr\/nos-recettes\/","og_site_name":"GDS","article_modified_time":"2026-02-06T11:35:07+00:00","og_image":[{"url":"https:\/\/graindesail.com\/wp-content\/uploads\/2024\/12\/cookies-photos-recette-gds.png","type":"","width":"","height":""}],"twitter_card":"summary_large_image","twitter_misc":{"Dur\u00e9e de lecture estim\u00e9e":"1 minute"},"schema":{"@context":"https:\/\/schema.org","@graph":[{"@type":"WebPage","@id":"https:\/\/graindesail.com\/fr\/nos-recettes\/","url":"https:\/\/graindesail.com\/fr\/nos-recettes\/","name":"Nos recettes - GDS","isPartOf":{"@id":"https:\/\/graindesail.com\/fr\/#website"},"primaryImageOfPage":{"@id":"https:\/\/graindesail.com\/fr\/nos-recettes\/#primaryimage"},"image":{"@id":"https:\/\/graindesail.com\/fr\/nos-recettes\/#primaryimage"},"thumbnailUrl":"https:\/\/graindesail.com\/wp-content\/uploads\/2024\/12\/cookies-photos-recette-gds.png","datePublished":"2024-12-12T00:39:28+00:00","dateModified":"2026-02-06T11:35:07+00:00","breadcrumb":{"@id":"https:\/\/graindesail.com\/fr\/nos-recettes\/#breadcrumb"},"inLanguage":"fr-FR","potentialAction":[{"@type":"ReadAction","target":["https:\/\/graindesail.com\/fr\/nos-recettes\/"]}]},{"@type":"ImageObject","inLanguage":"fr-FR","@id":"https:\/\/graindesail.com\/fr\/nos-recettes\/#primaryimage","url":"https:\/\/graindesail.com\/wp-content\/uploads\/2024\/12\/cookies-photos-recette-gds.png","contentUrl":"https:\/\/graindesail.com\/wp-content\/uploads\/2024\/12\/cookies-photos-recette-gds.png"},{"@type":"BreadcrumbList","@id":"https:\/\/graindesail.com\/fr\/nos-recettes\/#breadcrumb","itemListElement":[{"@type":"ListItem","position":1,"name":"Home","item":"https:\/\/graindesail.com\/fr\/"},{"@type":"ListItem","position":2,"name":"Nos recettes"}]},{"@type":"WebSite","@id":"https:\/\/graindesail.com\/fr\/#website","url":"https:\/\/graindesail.com\/fr\/","name":"GDS","description":"","publisher":{"@id":"https:\/\/graindesail.com\/fr\/#organization"},"potentialAction":[{"@type":"SearchAction","target":{"@type":"EntryPoint","urlTemplate":"https:\/\/graindesail.com\/fr\/?s={search_term_string}"},"query-input":{"@type":"PropertyValueSpecification","valueRequired":true,"valueName":"search_term_string"}}],"inLanguage":"fr-FR"},{"@type":"Organization","@id":"https:\/\/graindesail.com\/fr\/#organization","name":"GDS","url":"https:\/\/graindesail.com\/fr\/","logo":{"@type":"ImageObject","inLanguage":"fr-FR","@id":"https:\/\/graindesail.com\/fr\/#\/schema\/logo\/image\/","url":"https:\/\/graindesail.com\/wp-content\/uploads\/2024\/12\/logo.svg","contentUrl":"https:\/\/graindesail.com\/wp-content\/uploads\/2024\/12\/logo.svg","width":82,"height":130,"caption":"GDS"},"image":{"@id":"https:\/\/graindesail.com\/fr\/#\/schema\/logo\/image\/"}}]}},"_links":{"self":[{"href":"https:\/\/graindesail.com\/fr\/wp-json\/wp\/v2\/pages\/1335","targetHints":{"allow":["GET"]}}],"collection":[{"href":"https:\/\/graindesail.com\/fr\/wp-json\/wp\/v2\/pages"}],"about":[{"href":"https:\/\/graindesail.com\/fr\/wp-json\/wp\/v2\/types\/page"}],"author":[{"embeddable":true,"href":"https:\/\/graindesail.com\/fr\/wp-json\/wp\/v2\/users\/2"}],"replies":[{"embeddable":true,"href":"https:\/\/graindesail.com\/fr\/wp-json\/wp\/v2\/comments?post=1335"}],"version-history":[{"count":0,"href":"https:\/\/graindesail.com\/fr\/wp-json\/wp\/v2\/pages\/1335\/revisions"}],"wp:attachment":[{"href":"https:\/\/graindesail.com\/fr\/wp-json\/wp\/v2\/media?parent=1335"}],"curies":[{"name":"wp","href":"https:\/\/api.w.org\/{rel}","templated":true}]}}