{"id":9964,"date":"2025-02-16T04:34:50","date_gmt":"2025-02-16T04:34:50","guid":{"rendered":"https:\/\/test.graindesail.com\/produit\/coated-roasted-hazelnuts-milk-chocolate-organic\/"},"modified":"2026-03-30T08:51:53","modified_gmt":"2026-03-30T08:51:53","slug":"coated-roasted-hazelnuts-milk-chocolate-organic","status":"publish","type":"product","link":"https:\/\/graindesail.com\/en\/produit\/coated-roasted-hazelnuts-milk-chocolate-organic\/","title":{"rendered":"Coated roasted hazelnuts &#8211; Milk chocolate &#8211; ORGANIC"},"content":{"rendered":"<p><strong>Roasted hazelnuts coated with organic 45% milk chocolate:<\/strong><\/p>\n<p>Ingredients : Roasted hazelnuts*(30%), cane sugar*, cocoa butter*, <strong>whole milk* (10%)<\/strong>, cocoa*, <strong>skimmed milk* (4.3%)<\/strong>, cocoa powder*, gum arabic, <strong>sunflower lecithin*,<\/strong> fleur de sel, natural vanilla*.<\/p>\n<p>*Product from organic farming<\/p>\n<p>Cocoa 45% minimum (including 23% cocoa butter and 22% cocoa mass).<\/p>\n<p><strong>Allergens : Milk, nuts.<\/strong><\/p>\n<p>May contain traces of sesame, nuts, peanuts<\/p>\n<p>Tip: keep dry and cool<\/p>\n<table>\n<tbody>\n<tr>\n<td>Nutritional values<\/td>\n<td>Per 100g<\/td>\n<td>% AR* on 30g<\/td>\n<\/tr>\n<tr>\n<td>Energy KJ<\/td>\n<td>2,404 Kj<\/td>\n<td rowspan=\"2\">9%<\/td>\n<\/tr>\n<tr>\n<td>Energy Kcal<\/td>\n<td>572 Kcal<\/td>\n<\/tr>\n<tr>\n<td>MG<\/td>\n<td>44 g<\/td>\n<td>19%<\/td>\n<\/tr>\n<tr>\n<td>of which saturated fatty acids<\/td>\n<td>17 g<\/td>\n<td>26%<\/td>\n<\/tr>\n<tr>\n<td>Carbohydrates<\/td>\n<td>35 g<\/td>\n<td>4%<\/td>\n<\/tr>\n<tr>\n<td>of which sugars<\/td>\n<td>30 g<\/td>\n<td>10%<\/td>\n<\/tr>\n<tr>\n<td>Protein<\/td>\n<td>11 g<\/td>\n<td>7%<\/td>\n<\/tr>\n<tr>\n<td>Salt<\/td>\n<td>0,27 g<\/td>\n<td>1%<\/td>\n<\/tr>\n<tr>\n<td colspan=\"3\" rowspan=\"2\">*RA: Reference intake for a typical adult (8400kJ\/2000 kcal)<\/td>\n<\/tr>\n<\/tbody>\n<\/table>\n<p>Organic product (FR-BIO-13)<\/p>\n<p>Net weight 150 grams<br \/>\n38,00\u20ac\/KG<\/p>\n","protected":false},"excerpt":{"rendered":"<p>Coated roasted hazelnuts &#8211; Milk chocolate &#8211; ORGANIC<\/p>\n","protected":false},"featured_media":24492,"comment_status":"open","ping_status":"closed","template":"","meta":{"_acf_changed":false},"product_brand":[],"product_cat":[274],"product_tag":[],"class_list":{"0":"post-9964","1":"product","2":"type-product","3":"status-publish","4":"has-post-thumbnail","6":"product_cat-offres-du-moment-en","8":"first","9":"outofstock","10":"sale","11":"taxable","12":"shipping-taxable","13":"purchasable","14":"product-type-simple"},"acf":[],"yoast_head":"<!-- This site is optimized with the Yoast SEO plugin v25.5 - https:\/\/yoast.com\/wordpress\/plugins\/seo\/ -->\n<title>Coated roasted hazelnuts - Milk chocolate - ORGANIC - GDS<\/title>\n<meta name=\"robots\" content=\"index, follow, max-snippet:-1, max-image-preview:large, max-video-preview:-1\" \/>\n<link rel=\"canonical\" href=\"https:\/\/graindesail.com\/en\/produit\/coated-roasted-hazelnuts-milk-chocolate-organic\/\" \/>\n<meta property=\"og:locale\" content=\"en_US\" \/>\n<meta property=\"og:type\" content=\"article\" \/>\n<meta property=\"og:title\" content=\"Coated roasted hazelnuts - Milk chocolate - ORGANIC - GDS\" \/>\n<meta property=\"og:description\" content=\"Coated roasted hazelnuts - Milk chocolate - ORGANIC\" \/>\n<meta property=\"og:url\" content=\"https:\/\/graindesail.com\/en\/produit\/coated-roasted-hazelnuts-milk-chocolate-organic\/\" \/>\n<meta property=\"og:site_name\" content=\"GDS\" \/>\n<meta property=\"article:modified_time\" content=\"2026-03-30T08:51:53+00:00\" \/>\n<meta property=\"og:image\" content=\"https:\/\/graindesail.com\/wp-content\/uploads\/2025\/02\/sachet-noisettes-caramelisees-sans-fond.png\" \/>\n\t<meta property=\"og:image:width\" content=\"1000\" \/>\n\t<meta property=\"og:image:height\" content=\"1000\" \/>\n\t<meta property=\"og:image:type\" content=\"image\/png\" \/>\n<meta name=\"twitter:card\" content=\"summary_large_image\" \/>\n<meta name=\"twitter:label1\" content=\"Est. reading time\" \/>\n\t<meta name=\"twitter:data1\" content=\"1 minute\" \/>\n<script type=\"application\/ld+json\" class=\"yoast-schema-graph\">{\"@context\":\"https:\/\/schema.org\",\"@graph\":[{\"@type\":\"WebPage\",\"@id\":\"https:\/\/graindesail.com\/en\/produit\/coated-roasted-hazelnuts-milk-chocolate-organic\/\",\"url\":\"https:\/\/graindesail.com\/en\/produit\/coated-roasted-hazelnuts-milk-chocolate-organic\/\",\"name\":\"Coated roasted hazelnuts - Milk chocolate - ORGANIC - GDS\",\"isPartOf\":{\"@id\":\"https:\/\/graindesail.com\/en\/#website\"},\"primaryImageOfPage\":{\"@id\":\"https:\/\/graindesail.com\/en\/produit\/coated-roasted-hazelnuts-milk-chocolate-organic\/#primaryimage\"},\"image\":{\"@id\":\"https:\/\/graindesail.com\/en\/produit\/coated-roasted-hazelnuts-milk-chocolate-organic\/#primaryimage\"},\"thumbnailUrl\":\"https:\/\/graindesail.com\/wp-content\/uploads\/2025\/02\/sachet-noisettes-caramelisees-sans-fond.png\",\"datePublished\":\"2025-02-16T04:34:50+00:00\",\"dateModified\":\"2026-03-30T08:51:53+00:00\",\"breadcrumb\":{\"@id\":\"https:\/\/graindesail.com\/en\/produit\/coated-roasted-hazelnuts-milk-chocolate-organic\/#breadcrumb\"},\"inLanguage\":\"en-US\",\"potentialAction\":[{\"@type\":\"ReadAction\",\"target\":[\"https:\/\/graindesail.com\/en\/produit\/coated-roasted-hazelnuts-milk-chocolate-organic\/\"]}]},{\"@type\":\"ImageObject\",\"inLanguage\":\"en-US\",\"@id\":\"https:\/\/graindesail.com\/en\/produit\/coated-roasted-hazelnuts-milk-chocolate-organic\/#primaryimage\",\"url\":\"https:\/\/graindesail.com\/wp-content\/uploads\/2025\/02\/sachet-noisettes-caramelisees-sans-fond.png\",\"contentUrl\":\"https:\/\/graindesail.com\/wp-content\/uploads\/2025\/02\/sachet-noisettes-caramelisees-sans-fond.png\",\"width\":1000,\"height\":1000,\"caption\":\"Sachet de Noisettes caram\u00e9lis\u00e9es enrob\u00e9es 180G - Sans fond\"},{\"@type\":\"BreadcrumbList\",\"@id\":\"https:\/\/graindesail.com\/en\/produit\/coated-roasted-hazelnuts-milk-chocolate-organic\/#breadcrumb\",\"itemListElement\":[{\"@type\":\"ListItem\",\"position\":1,\"name\":\"Home\",\"item\":\"https:\/\/graindesail.com\/en\/\"},{\"@type\":\"ListItem\",\"position\":2,\"name\":\"Our online store\",\"item\":\"https:\/\/graindesail.com\/en\/our-online-store\/\"},{\"@type\":\"ListItem\",\"position\":3,\"name\":\"Coated roasted hazelnuts &#8211; Milk chocolate &#8211; ORGANIC\"}]},{\"@type\":\"WebSite\",\"@id\":\"https:\/\/graindesail.com\/en\/#website\",\"url\":\"https:\/\/graindesail.com\/en\/\",\"name\":\"GDS\",\"description\":\"\",\"publisher\":{\"@id\":\"https:\/\/graindesail.com\/en\/#organization\"},\"potentialAction\":[{\"@type\":\"SearchAction\",\"target\":{\"@type\":\"EntryPoint\",\"urlTemplate\":\"https:\/\/graindesail.com\/en\/?s={search_term_string}\"},\"query-input\":{\"@type\":\"PropertyValueSpecification\",\"valueRequired\":true,\"valueName\":\"search_term_string\"}}],\"inLanguage\":\"en-US\"},{\"@type\":\"Organization\",\"@id\":\"https:\/\/graindesail.com\/en\/#organization\",\"name\":\"GDS\",\"url\":\"https:\/\/graindesail.com\/en\/\",\"logo\":{\"@type\":\"ImageObject\",\"inLanguage\":\"en-US\",\"@id\":\"https:\/\/graindesail.com\/en\/#\/schema\/logo\/image\/\",\"url\":\"https:\/\/graindesail.com\/wp-content\/uploads\/2024\/12\/logo.svg\",\"contentUrl\":\"https:\/\/graindesail.com\/wp-content\/uploads\/2024\/12\/logo.svg\",\"width\":82,\"height\":130,\"caption\":\"GDS\"},\"image\":{\"@id\":\"https:\/\/graindesail.com\/en\/#\/schema\/logo\/image\/\"}}]}<\/script>\n<!-- \/ Yoast SEO plugin. -->","yoast_head_json":{"title":"Coated roasted hazelnuts - Milk chocolate - ORGANIC - GDS","robots":{"index":"index","follow":"follow","max-snippet":"max-snippet:-1","max-image-preview":"max-image-preview:large","max-video-preview":"max-video-preview:-1"},"canonical":"https:\/\/graindesail.com\/en\/produit\/coated-roasted-hazelnuts-milk-chocolate-organic\/","og_locale":"en_US","og_type":"article","og_title":"Coated roasted hazelnuts - Milk chocolate - ORGANIC - GDS","og_description":"Coated roasted hazelnuts - Milk chocolate - ORGANIC","og_url":"https:\/\/graindesail.com\/en\/produit\/coated-roasted-hazelnuts-milk-chocolate-organic\/","og_site_name":"GDS","article_modified_time":"2026-03-30T08:51:53+00:00","og_image":[{"width":1000,"height":1000,"url":"https:\/\/graindesail.com\/wp-content\/uploads\/2025\/02\/sachet-noisettes-caramelisees-sans-fond.png","type":"image\/png"}],"twitter_card":"summary_large_image","twitter_misc":{"Est. reading time":"1 minute"},"schema":{"@context":"https:\/\/schema.org","@graph":[{"@type":"WebPage","@id":"https:\/\/graindesail.com\/en\/produit\/coated-roasted-hazelnuts-milk-chocolate-organic\/","url":"https:\/\/graindesail.com\/en\/produit\/coated-roasted-hazelnuts-milk-chocolate-organic\/","name":"Coated roasted hazelnuts - Milk chocolate - ORGANIC - GDS","isPartOf":{"@id":"https:\/\/graindesail.com\/en\/#website"},"primaryImageOfPage":{"@id":"https:\/\/graindesail.com\/en\/produit\/coated-roasted-hazelnuts-milk-chocolate-organic\/#primaryimage"},"image":{"@id":"https:\/\/graindesail.com\/en\/produit\/coated-roasted-hazelnuts-milk-chocolate-organic\/#primaryimage"},"thumbnailUrl":"https:\/\/graindesail.com\/wp-content\/uploads\/2025\/02\/sachet-noisettes-caramelisees-sans-fond.png","datePublished":"2025-02-16T04:34:50+00:00","dateModified":"2026-03-30T08:51:53+00:00","breadcrumb":{"@id":"https:\/\/graindesail.com\/en\/produit\/coated-roasted-hazelnuts-milk-chocolate-organic\/#breadcrumb"},"inLanguage":"en-US","potentialAction":[{"@type":"ReadAction","target":["https:\/\/graindesail.com\/en\/produit\/coated-roasted-hazelnuts-milk-chocolate-organic\/"]}]},{"@type":"ImageObject","inLanguage":"en-US","@id":"https:\/\/graindesail.com\/en\/produit\/coated-roasted-hazelnuts-milk-chocolate-organic\/#primaryimage","url":"https:\/\/graindesail.com\/wp-content\/uploads\/2025\/02\/sachet-noisettes-caramelisees-sans-fond.png","contentUrl":"https:\/\/graindesail.com\/wp-content\/uploads\/2025\/02\/sachet-noisettes-caramelisees-sans-fond.png","width":1000,"height":1000,"caption":"Sachet de Noisettes caram\u00e9lis\u00e9es enrob\u00e9es 180G - Sans fond"},{"@type":"BreadcrumbList","@id":"https:\/\/graindesail.com\/en\/produit\/coated-roasted-hazelnuts-milk-chocolate-organic\/#breadcrumb","itemListElement":[{"@type":"ListItem","position":1,"name":"Home","item":"https:\/\/graindesail.com\/en\/"},{"@type":"ListItem","position":2,"name":"Our online store","item":"https:\/\/graindesail.com\/en\/our-online-store\/"},{"@type":"ListItem","position":3,"name":"Coated roasted hazelnuts &#8211; Milk chocolate &#8211; ORGANIC"}]},{"@type":"WebSite","@id":"https:\/\/graindesail.com\/en\/#website","url":"https:\/\/graindesail.com\/en\/","name":"GDS","description":"","publisher":{"@id":"https:\/\/graindesail.com\/en\/#organization"},"potentialAction":[{"@type":"SearchAction","target":{"@type":"EntryPoint","urlTemplate":"https:\/\/graindesail.com\/en\/?s={search_term_string}"},"query-input":{"@type":"PropertyValueSpecification","valueRequired":true,"valueName":"search_term_string"}}],"inLanguage":"en-US"},{"@type":"Organization","@id":"https:\/\/graindesail.com\/en\/#organization","name":"GDS","url":"https:\/\/graindesail.com\/en\/","logo":{"@type":"ImageObject","inLanguage":"en-US","@id":"https:\/\/graindesail.com\/en\/#\/schema\/logo\/image\/","url":"https:\/\/graindesail.com\/wp-content\/uploads\/2024\/12\/logo.svg","contentUrl":"https:\/\/graindesail.com\/wp-content\/uploads\/2024\/12\/logo.svg","width":82,"height":130,"caption":"GDS"},"image":{"@id":"https:\/\/graindesail.com\/en\/#\/schema\/logo\/image\/"}}]}},"_links":{"self":[{"href":"https:\/\/graindesail.com\/en\/wp-json\/wp\/v2\/product\/9964","targetHints":{"allow":["GET"]}}],"collection":[{"href":"https:\/\/graindesail.com\/en\/wp-json\/wp\/v2\/product"}],"about":[{"href":"https:\/\/graindesail.com\/en\/wp-json\/wp\/v2\/types\/product"}],"replies":[{"embeddable":true,"href":"https:\/\/graindesail.com\/en\/wp-json\/wp\/v2\/comments?post=9964"}],"wp:featuredmedia":[{"embeddable":true,"href":"https:\/\/graindesail.com\/en\/wp-json\/wp\/v2\/media\/24492"}],"wp:attachment":[{"href":"https:\/\/graindesail.com\/en\/wp-json\/wp\/v2\/media?parent=9964"}],"wp:term":[{"taxonomy":"product_brand","embeddable":true,"href":"https:\/\/graindesail.com\/en\/wp-json\/wp\/v2\/product_brand?post=9964"},{"taxonomy":"product_cat","embeddable":true,"href":"https:\/\/graindesail.com\/en\/wp-json\/wp\/v2\/product_cat?post=9964"},{"taxonomy":"product_tag","embeddable":true,"href":"https:\/\/graindesail.com\/en\/wp-json\/wp\/v2\/product_tag?post=9964"}],"curies":[{"name":"wp","href":"https:\/\/api.w.org\/{rel}","templated":true}]}}