{"id":11014,"date":"2025-02-20T08:19:54","date_gmt":"2025-02-20T08:19:54","guid":{"rendered":"https:\/\/test.graindesail.com\/produit\/christmas-composition-boite-cabosse\/"},"modified":"2026-02-27T10:21:01","modified_gmt":"2026-02-27T10:21:01","slug":"christmas-composition-boite-cabosse","status":"publish","type":"product","link":"https:\/\/graindesail.com\/en\/produit\/christmas-composition-boite-cabosse\/","title":{"rendered":"Christmas composition Boite Cabosse"},"content":{"rendered":"<p>This pack contains :<\/p>\n<p>&#8211; 1 x Box Cabosse Grain De Sail (22.5 x 13 x 8.5cm)<br \/>\n&#8211; 1 x Milk chocolate bar 45% cocoa with chopped and roasted almonds and Christmas spices &#8211; 100G &#8211; ORGANIC<\/p>\n<p>&#8211; 1 x Dark chocolate bar 75% cocoa with caramelized walnuts and candied ginger &#8211; 100G &#8211; ORGANIC<\/p>\n<p>&#8211; 1 x Roasted blanched almonds coated with 62% cocoa dark chocolate &#8211; 125G &#8211; ORGANIC<\/p>\n<p>&#8211; 1 x Caramelized hazelnuts coated with milk chocolate 45% cocoa &#8211; 125G &#8211; ORGANIC<\/p>\n<p>Latin American cocoa mass and non-EU cocoa butter<\/p>\n<p>Our bars may contain the following allergens: milk, nuts, peanuts, sesame seeds, cereals containing gluten.<\/p>\n<p>Tip: keep dry and cool<\/p>\n<p style=\"margin-right: 0px; margin-bottom: 0px; margin-left: 0px; font-weight: 400; line-height: normal; font-style: normal; font-variant-ligatures: normal; font-variant-caps: normal; font-family: 'Helvetica Neue'; letter-spacing: normal;\"><span style=\"box-sizing: inherit; font-weight: bolder; color: #d0121a;\">In the event of improper storage, a white film may appear on the surface of the product. This natural phenomenon has no impact on consumer health. <\/span><\/p>\n<p>Our box is 220 mm long, 126 mm deep and 72 mm high.<\/p>\n<p><img fetchpriority=\"high\" decoding=\"async\" src=\"https:\/\/graindesail.com\/wp-content\/uploads\/2025\/02\/2024FICHES-PRODUITS-COFFRETS-8_WEB.png\" alt=\"\" width=\"1600\" height=\"780\" \/><\/p>\n","protected":false},"excerpt":{"rendered":"<p>Boite Cabosse + 2 tablettes de No\u00ebl + 2 Sachets de drag\u00e9es de No\u00ebl<\/p>\n","protected":false},"featured_media":16916,"comment_status":"open","ping_status":"closed","template":"","meta":{"_acf_changed":false},"product_brand":[],"product_cat":[271,273,274],"product_tag":[],"class_list":{"0":"post-11014","1":"product","2":"type-product","3":"status-publish","4":"has-post-thumbnail","6":"product_cat-boxes","7":"product_cat-our-festive-products","8":"product_cat-offres-du-moment-en","10":"first","11":"instock","12":"sale","13":"taxable","14":"shipping-taxable","15":"purchasable","16":"product-type-simple"},"acf":[],"yoast_head":"<!-- This site is optimized with the Yoast SEO plugin v25.5 - https:\/\/yoast.com\/wordpress\/plugins\/seo\/ -->\n<title>Christmas composition Boite Cabosse - GDS<\/title>\n<meta name=\"robots\" content=\"index, follow, max-snippet:-1, max-image-preview:large, max-video-preview:-1\" \/>\n<link rel=\"canonical\" href=\"https:\/\/graindesail.com\/en\/produit\/christmas-composition-boite-cabosse\/\" \/>\n<meta property=\"og:locale\" content=\"en_US\" \/>\n<meta property=\"og:type\" content=\"article\" \/>\n<meta property=\"og:title\" content=\"Christmas composition Boite Cabosse - GDS\" \/>\n<meta property=\"og:description\" content=\"Boite Cabosse + 2 tablettes de No\u00ebl + 2 Sachets de drag\u00e9es de No\u00ebl\" \/>\n<meta property=\"og:url\" content=\"https:\/\/graindesail.com\/en\/produit\/christmas-composition-boite-cabosse\/\" \/>\n<meta property=\"og:site_name\" content=\"GDS\" \/>\n<meta property=\"article:modified_time\" content=\"2026-02-27T10:21:01+00:00\" \/>\n<meta property=\"og:image\" content=\"https:\/\/graindesail.com\/wp-content\/uploads\/2025\/02\/boite-cabosse-noel-detoure.png\" \/>\n\t<meta property=\"og:image:width\" content=\"600\" \/>\n\t<meta property=\"og:image:height\" content=\"600\" \/>\n\t<meta property=\"og:image:type\" content=\"image\/png\" \/>\n<meta name=\"twitter:card\" content=\"summary_large_image\" \/>\n<meta name=\"twitter:label1\" content=\"Est. reading time\" \/>\n\t<meta name=\"twitter:data1\" content=\"2 minutes\" \/>\n<script type=\"application\/ld+json\" class=\"yoast-schema-graph\">{\"@context\":\"https:\/\/schema.org\",\"@graph\":[{\"@type\":\"WebPage\",\"@id\":\"https:\/\/graindesail.com\/en\/produit\/christmas-composition-boite-cabosse\/\",\"url\":\"https:\/\/graindesail.com\/en\/produit\/christmas-composition-boite-cabosse\/\",\"name\":\"Christmas composition Boite Cabosse - GDS\",\"isPartOf\":{\"@id\":\"https:\/\/graindesail.com\/en\/#website\"},\"primaryImageOfPage\":{\"@id\":\"https:\/\/graindesail.com\/en\/produit\/christmas-composition-boite-cabosse\/#primaryimage\"},\"image\":{\"@id\":\"https:\/\/graindesail.com\/en\/produit\/christmas-composition-boite-cabosse\/#primaryimage\"},\"thumbnailUrl\":\"https:\/\/graindesail.com\/wp-content\/uploads\/2025\/02\/boite-cabosse-noel-detoure.png\",\"datePublished\":\"2025-02-20T08:19:54+00:00\",\"dateModified\":\"2026-02-27T10:21:01+00:00\",\"breadcrumb\":{\"@id\":\"https:\/\/graindesail.com\/en\/produit\/christmas-composition-boite-cabosse\/#breadcrumb\"},\"inLanguage\":\"en-US\",\"potentialAction\":[{\"@type\":\"ReadAction\",\"target\":[\"https:\/\/graindesail.com\/en\/produit\/christmas-composition-boite-cabosse\/\"]}]},{\"@type\":\"ImageObject\",\"inLanguage\":\"en-US\",\"@id\":\"https:\/\/graindesail.com\/en\/produit\/christmas-composition-boite-cabosse\/#primaryimage\",\"url\":\"https:\/\/graindesail.com\/wp-content\/uploads\/2025\/02\/boite-cabosse-noel-detoure.png\",\"contentUrl\":\"https:\/\/graindesail.com\/wp-content\/uploads\/2025\/02\/boite-cabosse-noel-detoure.png\",\"width\":600,\"height\":600,\"caption\":\"Boite Cabosse Noel Grain de Sail - d\u00e9tour\u00e9\"},{\"@type\":\"BreadcrumbList\",\"@id\":\"https:\/\/graindesail.com\/en\/produit\/christmas-composition-boite-cabosse\/#breadcrumb\",\"itemListElement\":[{\"@type\":\"ListItem\",\"position\":1,\"name\":\"Home\",\"item\":\"https:\/\/graindesail.com\/en\/\"},{\"@type\":\"ListItem\",\"position\":2,\"name\":\"Our online store\",\"item\":\"https:\/\/graindesail.com\/en\/our-online-store\/\"},{\"@type\":\"ListItem\",\"position\":3,\"name\":\"Christmas composition Boite Cabosse\"}]},{\"@type\":\"WebSite\",\"@id\":\"https:\/\/graindesail.com\/en\/#website\",\"url\":\"https:\/\/graindesail.com\/en\/\",\"name\":\"GDS\",\"description\":\"\",\"publisher\":{\"@id\":\"https:\/\/graindesail.com\/en\/#organization\"},\"potentialAction\":[{\"@type\":\"SearchAction\",\"target\":{\"@type\":\"EntryPoint\",\"urlTemplate\":\"https:\/\/graindesail.com\/en\/?s={search_term_string}\"},\"query-input\":{\"@type\":\"PropertyValueSpecification\",\"valueRequired\":true,\"valueName\":\"search_term_string\"}}],\"inLanguage\":\"en-US\"},{\"@type\":\"Organization\",\"@id\":\"https:\/\/graindesail.com\/en\/#organization\",\"name\":\"GDS\",\"url\":\"https:\/\/graindesail.com\/en\/\",\"logo\":{\"@type\":\"ImageObject\",\"inLanguage\":\"en-US\",\"@id\":\"https:\/\/graindesail.com\/en\/#\/schema\/logo\/image\/\",\"url\":\"https:\/\/graindesail.com\/wp-content\/uploads\/2024\/12\/logo.svg\",\"contentUrl\":\"https:\/\/graindesail.com\/wp-content\/uploads\/2024\/12\/logo.svg\",\"width\":82,\"height\":130,\"caption\":\"GDS\"},\"image\":{\"@id\":\"https:\/\/graindesail.com\/en\/#\/schema\/logo\/image\/\"}}]}<\/script>\n<!-- \/ Yoast SEO plugin. -->","yoast_head_json":{"title":"Christmas composition Boite Cabosse - GDS","robots":{"index":"index","follow":"follow","max-snippet":"max-snippet:-1","max-image-preview":"max-image-preview:large","max-video-preview":"max-video-preview:-1"},"canonical":"https:\/\/graindesail.com\/en\/produit\/christmas-composition-boite-cabosse\/","og_locale":"en_US","og_type":"article","og_title":"Christmas composition Boite Cabosse - GDS","og_description":"Boite Cabosse + 2 tablettes de No\u00ebl + 2 Sachets de drag\u00e9es de No\u00ebl","og_url":"https:\/\/graindesail.com\/en\/produit\/christmas-composition-boite-cabosse\/","og_site_name":"GDS","article_modified_time":"2026-02-27T10:21:01+00:00","og_image":[{"width":600,"height":600,"url":"https:\/\/graindesail.com\/wp-content\/uploads\/2025\/02\/boite-cabosse-noel-detoure.png","type":"image\/png"}],"twitter_card":"summary_large_image","twitter_misc":{"Est. reading time":"2 minutes"},"schema":{"@context":"https:\/\/schema.org","@graph":[{"@type":"WebPage","@id":"https:\/\/graindesail.com\/en\/produit\/christmas-composition-boite-cabosse\/","url":"https:\/\/graindesail.com\/en\/produit\/christmas-composition-boite-cabosse\/","name":"Christmas composition Boite Cabosse - GDS","isPartOf":{"@id":"https:\/\/graindesail.com\/en\/#website"},"primaryImageOfPage":{"@id":"https:\/\/graindesail.com\/en\/produit\/christmas-composition-boite-cabosse\/#primaryimage"},"image":{"@id":"https:\/\/graindesail.com\/en\/produit\/christmas-composition-boite-cabosse\/#primaryimage"},"thumbnailUrl":"https:\/\/graindesail.com\/wp-content\/uploads\/2025\/02\/boite-cabosse-noel-detoure.png","datePublished":"2025-02-20T08:19:54+00:00","dateModified":"2026-02-27T10:21:01+00:00","breadcrumb":{"@id":"https:\/\/graindesail.com\/en\/produit\/christmas-composition-boite-cabosse\/#breadcrumb"},"inLanguage":"en-US","potentialAction":[{"@type":"ReadAction","target":["https:\/\/graindesail.com\/en\/produit\/christmas-composition-boite-cabosse\/"]}]},{"@type":"ImageObject","inLanguage":"en-US","@id":"https:\/\/graindesail.com\/en\/produit\/christmas-composition-boite-cabosse\/#primaryimage","url":"https:\/\/graindesail.com\/wp-content\/uploads\/2025\/02\/boite-cabosse-noel-detoure.png","contentUrl":"https:\/\/graindesail.com\/wp-content\/uploads\/2025\/02\/boite-cabosse-noel-detoure.png","width":600,"height":600,"caption":"Boite Cabosse Noel Grain de Sail - d\u00e9tour\u00e9"},{"@type":"BreadcrumbList","@id":"https:\/\/graindesail.com\/en\/produit\/christmas-composition-boite-cabosse\/#breadcrumb","itemListElement":[{"@type":"ListItem","position":1,"name":"Home","item":"https:\/\/graindesail.com\/en\/"},{"@type":"ListItem","position":2,"name":"Our online store","item":"https:\/\/graindesail.com\/en\/our-online-store\/"},{"@type":"ListItem","position":3,"name":"Christmas composition Boite Cabosse"}]},{"@type":"WebSite","@id":"https:\/\/graindesail.com\/en\/#website","url":"https:\/\/graindesail.com\/en\/","name":"GDS","description":"","publisher":{"@id":"https:\/\/graindesail.com\/en\/#organization"},"potentialAction":[{"@type":"SearchAction","target":{"@type":"EntryPoint","urlTemplate":"https:\/\/graindesail.com\/en\/?s={search_term_string}"},"query-input":{"@type":"PropertyValueSpecification","valueRequired":true,"valueName":"search_term_string"}}],"inLanguage":"en-US"},{"@type":"Organization","@id":"https:\/\/graindesail.com\/en\/#organization","name":"GDS","url":"https:\/\/graindesail.com\/en\/","logo":{"@type":"ImageObject","inLanguage":"en-US","@id":"https:\/\/graindesail.com\/en\/#\/schema\/logo\/image\/","url":"https:\/\/graindesail.com\/wp-content\/uploads\/2024\/12\/logo.svg","contentUrl":"https:\/\/graindesail.com\/wp-content\/uploads\/2024\/12\/logo.svg","width":82,"height":130,"caption":"GDS"},"image":{"@id":"https:\/\/graindesail.com\/en\/#\/schema\/logo\/image\/"}}]}},"_links":{"self":[{"href":"https:\/\/graindesail.com\/en\/wp-json\/wp\/v2\/product\/11014","targetHints":{"allow":["GET"]}}],"collection":[{"href":"https:\/\/graindesail.com\/en\/wp-json\/wp\/v2\/product"}],"about":[{"href":"https:\/\/graindesail.com\/en\/wp-json\/wp\/v2\/types\/product"}],"replies":[{"embeddable":true,"href":"https:\/\/graindesail.com\/en\/wp-json\/wp\/v2\/comments?post=11014"}],"wp:featuredmedia":[{"embeddable":true,"href":"https:\/\/graindesail.com\/en\/wp-json\/wp\/v2\/media\/16916"}],"wp:attachment":[{"href":"https:\/\/graindesail.com\/en\/wp-json\/wp\/v2\/media?parent=11014"}],"wp:term":[{"taxonomy":"product_brand","embeddable":true,"href":"https:\/\/graindesail.com\/en\/wp-json\/wp\/v2\/product_brand?post=11014"},{"taxonomy":"product_cat","embeddable":true,"href":"https:\/\/graindesail.com\/en\/wp-json\/wp\/v2\/product_cat?post=11014"},{"taxonomy":"product_tag","embeddable":true,"href":"https:\/\/graindesail.com\/en\/wp-json\/wp\/v2\/product_tag?post=11014"}],"curies":[{"name":"wp","href":"https:\/\/api.w.org\/{rel}","templated":true}]}}