{"id":9246,"date":"2024-12-12T00:39:28","date_gmt":"2024-12-12T00:39:28","guid":{"rendered":"https:\/\/test.graindesail.com\/our-recipes\/"},"modified":"2025-05-28T13:43:38","modified_gmt":"2025-05-28T13:43:38","slug":"our-recipes","status":"publish","type":"page","link":"https:\/\/graindesail.com\/en\/our-recipes\/","title":{"rendered":"Our recipes"},"content":{"rendered":"\t\t<div data-elementor-type=\"wp-page\" data-elementor-id=\"9246\" class=\"elementor elementor-9246 elementor-1335\" data-elementor-post-type=\"page\">\n\t\t\t\t\t\t<section class=\"elementor-section elementor-top-section elementor-element elementor-element-250e6ad elementor-section-boxed elementor-section-height-default elementor-section-height-default\" data-id=\"250e6ad\" data-element_type=\"section\" data-e-type=\"section\" data-settings=\"{&quot;background_background&quot;:&quot;classic&quot;}\">\n\t\t\t\t\t\t<div class=\"elementor-container elementor-column-gap-default\">\n\t\t\t\t\t<div class=\"elementor-column elementor-col-100 elementor-top-column elementor-element elementor-element-c3700ef\" data-id=\"c3700ef\" data-element_type=\"column\" data-e-type=\"column\" data-settings=\"{&quot;background_background&quot;:&quot;classic&quot;}\">\n\t\t\t<div class=\"elementor-widget-wrap elementor-element-populated\">\n\t\t\t\t\t\t<div class=\"elementor-section elementor-inner-section elementor-element elementor-element-5c70137 elementor-section-full_width elementor-section-height-default elementor-section-height-default\" data-id=\"5c70137\" data-element_type=\"section\" data-e-type=\"section\">\n\t\t\t\t\t\t<div class=\"elementor-container elementor-column-gap-default\">\n\t\t\t\t\t<div class=\"elementor-column elementor-col-100 elementor-inner-column elementor-element elementor-element-d7d2809\" data-id=\"d7d2809\" data-element_type=\"column\" data-e-type=\"column\">\n\t\t\t<div class=\"elementor-widget-wrap elementor-element-populated\">\n\t\t\t\t\t\t<div class=\"elementor-element elementor-element-ec84721 elementor-widget elementor-widget-woocommerce-breadcrumb\" data-id=\"ec84721\" data-element_type=\"widget\" data-e-type=\"widget\" data-widget_type=\"woocommerce-breadcrumb.default\">\n\t\t\t\t<div class=\"elementor-widget-container\">\n\t\t\t\t\t<nav class=\"woocommerce-breadcrumb\" aria-label=\"Breadcrumb\">Home<\/nav>\t\t\t\t<\/div>\n\t\t\t\t<\/div>\n\t\t\t\t\t<\/div>\n\t\t<\/div>\n\t\t\t\t\t<\/div>\n\t\t<\/div>\n\t\t\t\t<div class=\"elementor-section elementor-inner-section elementor-element elementor-element-54c7870 elementor-section-full_width elementor-section-height-default elementor-section-height-default\" data-id=\"54c7870\" data-element_type=\"section\" data-e-type=\"section\">\n\t\t\t\t\t\t<div class=\"elementor-container elementor-column-gap-default\">\n\t\t\t\t\t<div class=\"elementor-column elementor-col-50 elementor-inner-column elementor-element elementor-element-3bd022e\" data-id=\"3bd022e\" data-element_type=\"column\" data-e-type=\"column\">\n\t\t\t<div class=\"elementor-widget-wrap elementor-element-populated\">\n\t\t\t\t\t\t<div class=\"elementor-element elementor-element-0cdf562 elementor-widget elementor-widget-image\" data-id=\"0cdf562\" data-element_type=\"widget\" data-e-type=\"widget\" data-widget_type=\"image.default\">\n\t\t\t\t<div class=\"elementor-widget-container\">\n\t\t\t\t\t\t\t\t\t\t\t\t\t\t\t<img fetchpriority=\"high\" decoding=\"async\" width=\"400\" height=\"400\" src=\"https:\/\/graindesail.com\/wp-content\/uploads\/2024\/12\/cookies-photos-recette-gds.png\" class=\"attachment-large size-large wp-image-8083\" alt=\"\" srcset=\"https:\/\/graindesail.com\/wp-content\/uploads\/2024\/12\/cookies-photos-recette-gds.png 400w, https:\/\/graindesail.com\/wp-content\/uploads\/2024\/12\/cookies-photos-recette-gds-300x300.png 300w, https:\/\/graindesail.com\/wp-content\/uploads\/2024\/12\/cookies-photos-recette-gds-150x150.png 150w, https:\/\/graindesail.com\/wp-content\/uploads\/2024\/12\/cookies-photos-recette-gds-100x100.png 100w\" sizes=\"(max-width: 400px) 100vw, 400px\" \/>\t\t\t\t\t\t\t\t\t\t\t\t\t\t\t<\/div>\n\t\t\t\t<\/div>\n\t\t\t\t\t<\/div>\n\t\t<\/div>\n\t\t\t\t<div class=\"elementor-column elementor-col-50 elementor-inner-column elementor-element elementor-element-9fb6dc1\" data-id=\"9fb6dc1\" data-element_type=\"column\" data-e-type=\"column\">\n\t\t\t<div class=\"elementor-widget-wrap elementor-element-populated\">\n\t\t\t\t\t\t<div class=\"elementor-element elementor-element-81f0518 elementor-widget elementor-widget-heading\" data-id=\"81f0518\" data-element_type=\"widget\" data-e-type=\"widget\" data-widget_type=\"heading.default\">\n\t\t\t\t<div class=\"elementor-widget-container\">\n\t\t\t\t\t<h2 class=\"elementor-heading-title elementor-size-default\">soft cookies<\/h2>\t\t\t\t<\/div>\n\t\t\t\t<\/div>\n\t\t\t\t<div class=\"elementor-element elementor-element-cd626ec elementor-widget elementor-widget-accordion\" data-id=\"cd626ec\" data-element_type=\"widget\" data-e-type=\"widget\" data-widget_type=\"accordion.default\">\n\t\t\t\t<div class=\"elementor-widget-container\">\n\t\t\t\t\t\t\t<div class=\"elementor-accordion\">\n\t\t\t\t\t\t\t<div class=\"elementor-accordion-item\">\n\t\t\t\t\t<div id=\"elementor-tab-title-2151\" class=\"elementor-tab-title\" data-tab=\"1\" role=\"button\" aria-controls=\"elementor-tab-content-2151\" aria-expanded=\"false\">\n\t\t\t\t\t\t\t\t\t\t\t\t\t<span class=\"elementor-accordion-icon elementor-accordion-icon-left\" aria-hidden=\"true\">\n\t\t\t\t\t\t\t\t\t\t\t\t\t\t\t<span class=\"elementor-accordion-icon-closed\"><svg class=\"e-font-icon-svg e-far-circle\" viewBox=\"0 0 512 512\" xmlns=\"http:\/\/www.w3.org\/2000\/svg\"><path d=\"M256 8C119 8 8 119 8 256s111 248 248 248 248-111 248-248S393 8 256 8zm0 448c-110.5 0-200-89.5-200-200S145.5 56 256 56s200 89.5 200 200-89.5 200-200 200z\"><\/path><\/svg><\/span>\n\t\t\t\t\t\t\t\t<span class=\"elementor-accordion-icon-opened\"><svg class=\"e-font-icon-svg e-fas-circle\" viewBox=\"0 0 512 512\" xmlns=\"http:\/\/www.w3.org\/2000\/svg\"><path d=\"M256 8C119 8 8 119 8 256s111 248 248 248 248-111 248-248S393 8 256 8z\"><\/path><\/svg><\/span>\n\t\t\t\t\t\t\t\t\t\t\t\t\t\t<\/span>\n\t\t\t\t\t\t\t\t\t\t\t\t<a class=\"elementor-accordion-title\" tabindex=\"0\">soft cookies<\/a>\n\t\t\t\t\t<\/div>\n\t\t\t\t\t<div id=\"elementor-tab-content-2151\" class=\"elementor-tab-content elementor-clearfix\" data-tab=\"1\" role=\"region\" aria-labelledby=\"elementor-tab-title-2151\"><p>&#8211; 85 g butter<br \/>&#8211; 85 g sugar<br \/>&#8211; 1 sachet vanilla sugar<br \/>&#8211; 150 g flour<br \/>&#8211; 100 g Grain de Sail 62% cocoa chocolate pistoles<br \/>&#8211; 1 teaspoon salt<br \/>&#8211; 1 teaspoon baking powder (or baking soda)<br \/>&#8211; 1 egg<\/p>\n<\/div>\n\t\t\t\t<\/div>\n\t\t\t\t\t\t\t<div class=\"elementor-accordion-item\">\n\t\t\t\t\t<div id=\"elementor-tab-title-2152\" class=\"elementor-tab-title\" data-tab=\"2\" role=\"button\" aria-controls=\"elementor-tab-content-2152\" aria-expanded=\"false\">\n\t\t\t\t\t\t\t\t\t\t\t\t\t<span class=\"elementor-accordion-icon elementor-accordion-icon-left\" aria-hidden=\"true\">\n\t\t\t\t\t\t\t\t\t\t\t\t\t\t\t<span class=\"elementor-accordion-icon-closed\"><svg class=\"e-font-icon-svg e-far-circle\" viewBox=\"0 0 512 512\" xmlns=\"http:\/\/www.w3.org\/2000\/svg\"><path d=\"M256 8C119 8 8 119 8 256s111 248 248 248 248-111 248-248S393 8 256 8zm0 448c-110.5 0-200-89.5-200-200S145.5 56 256 56s200 89.5 200 200-89.5 200-200 200z\"><\/path><\/svg><\/span>\n\t\t\t\t\t\t\t\t<span class=\"elementor-accordion-icon-opened\"><svg class=\"e-font-icon-svg e-fas-circle\" viewBox=\"0 0 512 512\" xmlns=\"http:\/\/www.w3.org\/2000\/svg\"><path d=\"M256 8C119 8 8 119 8 256s111 248 248 248 248-111 248-248S393 8 256 8z\"><\/path><\/svg><\/span>\n\t\t\t\t\t\t\t\t\t\t\t\t\t\t<\/span>\n\t\t\t\t\t\t\t\t\t\t\t\t<a class=\"elementor-accordion-title\" tabindex=\"0\">PREPARATION<\/a>\n\t\t\t\t\t<\/div>\n\t\t\t\t\t<div id=\"elementor-tab-content-2152\" class=\"elementor-tab-content elementor-clearfix\" data-tab=\"2\" role=\"region\" aria-labelledby=\"elementor-tab-title-2152\"><p><em>\u201cMom, Dad, I want cookies today.\u201d <\/em><\/p>\n<p>In the Lait&#8217;ou\u00e8tes family, cooking is sacred. Come and join them. Let&#8217;s get cooking! Don&#8217;t forget to bring an adult with you when you cook &#8211; it&#8217;s a shared activity, isn&#8217;t it? First, put on an apron and wash your hands. We want to hear the water running, don&#8217;t we!&nbsp;&nbsp;&nbsp;     &nbsp;<\/p>\n<p>Are we there yet? OK, let&#8217;s get started! &nbsp;<\/p>\n<p>For the recipe you&#8217;ll need: 85g butter, 85g sugar, 1 sachet vanilla sugar, 150g flour, 100g pistoles (yes, you know, the mini chocolate pistoles you found in your colorful Grain de Sail box), 1 teaspoon salt, 1 teaspoon baking powder and 1 egg. You&#8217;re all set? &nbsp;<\/p>\n<p>1. Preheat oven to 180\u00b0C (one, eight, zero) thermostat 6.<\/p>\n<p>2. Place the butter, sugar, egg and vanilla sugar in a mixing bowl and whisk vigorously to combine.<\/p>\n<p>3. Then slowly add the flour, baking powder and salt, and finally the chopped chocolate pistoles. It already smells delicious. No, no, no, you don&#8217;t put your hands in the dough, we can see you coming! Be patient.   <\/p>\n<p>4. Place baking paper on the baking sheet to prevent your cookies from sticking.<\/p>\n<p>5. Now it&#8217;s time to shape your cookies. Using 2 tablespoons, form small heaps of cookie dough and place them on the baking sheet. Spacing them out, they&#8217;ll grow in the oven.  <\/p>\n<p>6. Put everything in the oven, wait 10 minutes and voil\u00e0\u00e0\u00e0\u00e0, it&#8217;s ready!<\/p>\n<p><em>\u201cDaddy, Mommy, our cookies are just TOO good!<\/em><\/p>\n<\/div>\n\t\t\t\t<\/div>\n\t\t\t\t\t\t\t<div class=\"elementor-accordion-item\">\n\t\t\t\t\t<div id=\"elementor-tab-title-2153\" class=\"elementor-tab-title\" data-tab=\"3\" role=\"button\" aria-controls=\"elementor-tab-content-2153\" aria-expanded=\"false\">\n\t\t\t\t\t\t\t\t\t\t\t\t\t<span class=\"elementor-accordion-icon elementor-accordion-icon-left\" aria-hidden=\"true\">\n\t\t\t\t\t\t\t\t\t\t\t\t\t\t\t<span class=\"elementor-accordion-icon-closed\"><svg class=\"e-font-icon-svg e-far-circle\" viewBox=\"0 0 512 512\" xmlns=\"http:\/\/www.w3.org\/2000\/svg\"><path d=\"M256 8C119 8 8 119 8 256s111 248 248 248 248-111 248-248S393 8 256 8zm0 448c-110.5 0-200-89.5-200-200S145.5 56 256 56s200 89.5 200 200-89.5 200-200 200z\"><\/path><\/svg><\/span>\n\t\t\t\t\t\t\t\t<span class=\"elementor-accordion-icon-opened\"><svg class=\"e-font-icon-svg e-fas-circle\" viewBox=\"0 0 512 512\" xmlns=\"http:\/\/www.w3.org\/2000\/svg\"><path d=\"M256 8C119 8 8 119 8 256s111 248 248 248 248-111 248-248S393 8 256 8z\"><\/path><\/svg><\/span>\n\t\t\t\t\t\t\t\t\t\t\t\t\t\t<\/span>\n\t\t\t\t\t\t\t\t\t\t\t\t<a class=\"elementor-accordion-title\" tabindex=\"0\">THE RECIPE ON VIDEO<\/a>\n\t\t\t\t\t<\/div>\n\t\t\t\t\t<div id=\"elementor-tab-content-2153\" class=\"elementor-tab-content elementor-clearfix\" data-tab=\"3\" role=\"region\" aria-labelledby=\"elementor-tab-title-2153\"><p><a href=\"https:\/\/youtu.be\/6_LyO5ofbMM\" target=\"_blank\" rel=\"noopener\">View the Grain de Sail soft cookies recipe.<\/a><\/p>\n<\/div>\n\t\t\t\t<\/div>\n\t\t\t\t\t\t\t\t\t\t<script type=\"application\/ld+json\">{\"@context\":\"https:\\\/\\\/schema.org\",\"@type\":\"FAQPage\",\"mainEntity\":[{\"@type\":\"Question\",\"name\":\"soft cookies\",\"acceptedAnswer\":{\"@type\":\"Answer\",\"text\":\"<p>&#8211; 85 g butter<br \\\/>&#8211; 85 g sugar<br \\\/>&#8211; 1 sachet vanilla sugar<br \\\/>&#8211; 150 g flour<br \\\/>&#8211; 100 g Grain de Sail 62% cocoa chocolate pistoles<br \\\/>&#8211; 1 teaspoon salt<br \\\/>&#8211; 1 teaspoon baking powder (or baking soda)<br \\\/>&#8211; 1 egg<\\\/p>\\n\"}},{\"@type\":\"Question\",\"name\":\"PREPARATION\",\"acceptedAnswer\":{\"@type\":\"Answer\",\"text\":\"<p><em>\\u201cMom, Dad, I want cookies today.\\u201d <\\\/em><\\\/p>\\n<p>In the Lait&#8217;ou\\u00e8tes family, cooking is sacred. Come and join them. Let&#8217;s get cooking! Don&#8217;t forget to bring an adult with you when you cook &#8211; it&#8217;s a shared activity, isn&#8217;t it? First, put on an apron and wash your hands. We want to hear the water running, don&#8217;t we!&nbsp;&nbsp;&nbsp;     &nbsp;<\\\/p>\\n<p>Are we there yet? OK, let&#8217;s get started! &nbsp;<\\\/p>\\n<p>For the recipe you&#8217;ll need: 85g butter, 85g sugar, 1 sachet vanilla sugar, 150g flour, 100g pistoles (yes, you know, the mini chocolate pistoles you found in your colorful Grain de Sail box), 1 teaspoon salt, 1 teaspoon baking powder and 1 egg. You&#8217;re all set? &nbsp;<\\\/p>\\n<p>1. Preheat oven to 180\\u00b0C (one, eight, zero) thermostat 6.<\\\/p>\\n<p>2. Place the butter, sugar, egg and vanilla sugar in a mixing bowl and whisk vigorously to combine.<\\\/p>\\n<p>3. Then slowly add the flour, baking powder and salt, and finally the chopped chocolate pistoles. It already smells delicious. No, no, no, you don&#8217;t put your hands in the dough, we can see you coming! Be patient.   <\\\/p>\\n<p>4. Place baking paper on the baking sheet to prevent your cookies from sticking.<\\\/p>\\n<p>5. Now it&#8217;s time to shape your cookies. Using 2 tablespoons, form small heaps of cookie dough and place them on the baking sheet. Spacing them out, they&#8217;ll grow in the oven.  <\\\/p>\\n<p>6. Put everything in the oven, wait 10 minutes and voil\\u00e0\\u00e0\\u00e0\\u00e0, it&#8217;s ready!<\\\/p>\\n<p><em>\\u201cDaddy, Mommy, our cookies are just TOO good!<\\\/em><\\\/p>\\n\"}},{\"@type\":\"Question\",\"name\":\"THE RECIPE ON VIDEO\",\"acceptedAnswer\":{\"@type\":\"Answer\",\"text\":\"<p><a href=\\\"https:\\\/\\\/youtu.be\\\/6_LyO5ofbMM\\\" target=\\\"_blank\\\" rel=\\\"noopener\\\">View the Grain de Sail soft cookies recipe.<\\\/a><\\\/p>\\n\"}}]}<\/script>\n\t\t\t\t\t<\/div>\n\t\t\t\t\t\t<\/div>\n\t\t\t\t<\/div>\n\t\t\t\t\t<\/div>\n\t\t<\/div>\n\t\t\t\t\t<\/div>\n\t\t<\/div>\n\t\t\t\t\t<\/div>\n\t\t<\/div>\n\t\t\t\t\t<\/div>\n\t\t<\/section>\n\t\t\t\t<\/div>\n\t\t","protected":false},"excerpt":{"rendered":"<p>soft cookies soft cookies &#8211; 85 g butter&#8211; 85 g sugar&#8211; 1 sachet vanilla sugar&#8211; 150 g flour&#8211; 100 g Grain de Sail 62% cocoa chocolate pistoles&#8211; 1 teaspoon salt&#8211; 1 teaspoon baking powder (or baking soda)&#8211; 1 egg PREPARATION \u201cMom, Dad, I want cookies today.\u201d In the Lait&#8217;ou\u00e8tes family, cooking is sacred. Come and [&hellip;]<\/p>\n","protected":false},"author":2,"featured_media":0,"parent":0,"menu_order":0,"comment_status":"closed","ping_status":"closed","template":"elementor_header_footer","meta":{"_acf_changed":false,"footnotes":""},"class_list":["post-9246","page","type-page","status-publish","hentry"],"acf":[],"yoast_head":"<!-- This site is optimized with the Yoast SEO plugin v25.5 - https:\/\/yoast.com\/wordpress\/plugins\/seo\/ -->\n<title>Our recipes - GDS<\/title>\n<meta name=\"robots\" content=\"index, follow, max-snippet:-1, max-image-preview:large, max-video-preview:-1\" \/>\n<link rel=\"canonical\" href=\"https:\/\/graindesail.com\/en\/our-recipes\/\" \/>\n<meta property=\"og:locale\" content=\"en_US\" \/>\n<meta property=\"og:type\" content=\"article\" \/>\n<meta property=\"og:title\" content=\"Our recipes - GDS\" \/>\n<meta property=\"og:description\" content=\"soft cookies soft cookies &#8211; 85 g butter&#8211; 85 g sugar&#8211; 1 sachet vanilla sugar&#8211; 150 g flour&#8211; 100 g Grain de Sail 62% cocoa chocolate pistoles&#8211; 1 teaspoon salt&#8211; 1 teaspoon baking powder (or baking soda)&#8211; 1 egg PREPARATION \u201cMom, Dad, I want cookies today.\u201d In the Lait&#8217;ou\u00e8tes family, cooking is sacred. Come and [&hellip;]\" \/>\n<meta property=\"og:url\" content=\"https:\/\/graindesail.com\/en\/our-recipes\/\" \/>\n<meta property=\"og:site_name\" content=\"GDS\" \/>\n<meta property=\"article:modified_time\" content=\"2025-05-28T13:43:38+00:00\" \/>\n<meta property=\"og:image\" content=\"https:\/\/graindesail.com\/wp-content\/uploads\/2024\/12\/cookies-photos-recette-gds.png\" \/>\n\t<meta property=\"og:image:width\" content=\"400\" \/>\n\t<meta property=\"og:image:height\" content=\"400\" \/>\n\t<meta property=\"og:image:type\" content=\"image\/png\" \/>\n<meta name=\"twitter:card\" content=\"summary_large_image\" \/>\n<meta name=\"twitter:label1\" content=\"Est. reading time\" \/>\n\t<meta name=\"twitter:data1\" content=\"1 minute\" \/>\n<script type=\"application\/ld+json\" class=\"yoast-schema-graph\">{\"@context\":\"https:\/\/schema.org\",\"@graph\":[{\"@type\":\"WebPage\",\"@id\":\"https:\/\/graindesail.com\/en\/our-recipes\/\",\"url\":\"https:\/\/graindesail.com\/en\/our-recipes\/\",\"name\":\"Our recipes - GDS\",\"isPartOf\":{\"@id\":\"https:\/\/graindesail.com\/en\/#website\"},\"primaryImageOfPage\":{\"@id\":\"https:\/\/graindesail.com\/en\/our-recipes\/#primaryimage\"},\"image\":{\"@id\":\"https:\/\/graindesail.com\/en\/our-recipes\/#primaryimage\"},\"thumbnailUrl\":\"https:\/\/graindesail.com\/wp-content\/uploads\/2024\/12\/cookies-photos-recette-gds.png\",\"datePublished\":\"2024-12-12T00:39:28+00:00\",\"dateModified\":\"2025-05-28T13:43:38+00:00\",\"breadcrumb\":{\"@id\":\"https:\/\/graindesail.com\/en\/our-recipes\/#breadcrumb\"},\"inLanguage\":\"en-US\",\"potentialAction\":[{\"@type\":\"ReadAction\",\"target\":[\"https:\/\/graindesail.com\/en\/our-recipes\/\"]}]},{\"@type\":\"ImageObject\",\"inLanguage\":\"en-US\",\"@id\":\"https:\/\/graindesail.com\/en\/our-recipes\/#primaryimage\",\"url\":\"https:\/\/graindesail.com\/wp-content\/uploads\/2024\/12\/cookies-photos-recette-gds.png\",\"contentUrl\":\"https:\/\/graindesail.com\/wp-content\/uploads\/2024\/12\/cookies-photos-recette-gds.png\"},{\"@type\":\"BreadcrumbList\",\"@id\":\"https:\/\/graindesail.com\/en\/our-recipes\/#breadcrumb\",\"itemListElement\":[{\"@type\":\"ListItem\",\"position\":1,\"name\":\"Home\",\"item\":\"https:\/\/graindesail.com\/en\/\"},{\"@type\":\"ListItem\",\"position\":2,\"name\":\"Our recipes\"}]},{\"@type\":\"WebSite\",\"@id\":\"https:\/\/graindesail.com\/en\/#website\",\"url\":\"https:\/\/graindesail.com\/en\/\",\"name\":\"GDS\",\"description\":\"\",\"publisher\":{\"@id\":\"https:\/\/graindesail.com\/en\/#organization\"},\"potentialAction\":[{\"@type\":\"SearchAction\",\"target\":{\"@type\":\"EntryPoint\",\"urlTemplate\":\"https:\/\/graindesail.com\/en\/?s={search_term_string}\"},\"query-input\":{\"@type\":\"PropertyValueSpecification\",\"valueRequired\":true,\"valueName\":\"search_term_string\"}}],\"inLanguage\":\"en-US\"},{\"@type\":\"Organization\",\"@id\":\"https:\/\/graindesail.com\/en\/#organization\",\"name\":\"GDS\",\"url\":\"https:\/\/graindesail.com\/en\/\",\"logo\":{\"@type\":\"ImageObject\",\"inLanguage\":\"en-US\",\"@id\":\"https:\/\/graindesail.com\/en\/#\/schema\/logo\/image\/\",\"url\":\"https:\/\/graindesail.com\/wp-content\/uploads\/2024\/12\/logo.svg\",\"contentUrl\":\"https:\/\/graindesail.com\/wp-content\/uploads\/2024\/12\/logo.svg\",\"width\":82,\"height\":130,\"caption\":\"GDS\"},\"image\":{\"@id\":\"https:\/\/graindesail.com\/en\/#\/schema\/logo\/image\/\"}}]}<\/script>\n<!-- \/ Yoast SEO plugin. -->","yoast_head_json":{"title":"Our recipes - GDS","robots":{"index":"index","follow":"follow","max-snippet":"max-snippet:-1","max-image-preview":"max-image-preview:large","max-video-preview":"max-video-preview:-1"},"canonical":"https:\/\/graindesail.com\/en\/our-recipes\/","og_locale":"en_US","og_type":"article","og_title":"Our recipes - GDS","og_description":"soft cookies soft cookies &#8211; 85 g butter&#8211; 85 g sugar&#8211; 1 sachet vanilla sugar&#8211; 150 g flour&#8211; 100 g Grain de Sail 62% cocoa chocolate pistoles&#8211; 1 teaspoon salt&#8211; 1 teaspoon baking powder (or baking soda)&#8211; 1 egg PREPARATION \u201cMom, Dad, I want cookies today.\u201d In the Lait&#8217;ou\u00e8tes family, cooking is sacred. Come and [&hellip;]","og_url":"https:\/\/graindesail.com\/en\/our-recipes\/","og_site_name":"GDS","article_modified_time":"2025-05-28T13:43:38+00:00","og_image":[{"width":400,"height":400,"url":"https:\/\/graindesail.com\/wp-content\/uploads\/2024\/12\/cookies-photos-recette-gds.png","type":"image\/png"}],"twitter_card":"summary_large_image","twitter_misc":{"Est. reading time":"1 minute"},"schema":{"@context":"https:\/\/schema.org","@graph":[{"@type":"WebPage","@id":"https:\/\/graindesail.com\/en\/our-recipes\/","url":"https:\/\/graindesail.com\/en\/our-recipes\/","name":"Our recipes - GDS","isPartOf":{"@id":"https:\/\/graindesail.com\/en\/#website"},"primaryImageOfPage":{"@id":"https:\/\/graindesail.com\/en\/our-recipes\/#primaryimage"},"image":{"@id":"https:\/\/graindesail.com\/en\/our-recipes\/#primaryimage"},"thumbnailUrl":"https:\/\/graindesail.com\/wp-content\/uploads\/2024\/12\/cookies-photos-recette-gds.png","datePublished":"2024-12-12T00:39:28+00:00","dateModified":"2025-05-28T13:43:38+00:00","breadcrumb":{"@id":"https:\/\/graindesail.com\/en\/our-recipes\/#breadcrumb"},"inLanguage":"en-US","potentialAction":[{"@type":"ReadAction","target":["https:\/\/graindesail.com\/en\/our-recipes\/"]}]},{"@type":"ImageObject","inLanguage":"en-US","@id":"https:\/\/graindesail.com\/en\/our-recipes\/#primaryimage","url":"https:\/\/graindesail.com\/wp-content\/uploads\/2024\/12\/cookies-photos-recette-gds.png","contentUrl":"https:\/\/graindesail.com\/wp-content\/uploads\/2024\/12\/cookies-photos-recette-gds.png"},{"@type":"BreadcrumbList","@id":"https:\/\/graindesail.com\/en\/our-recipes\/#breadcrumb","itemListElement":[{"@type":"ListItem","position":1,"name":"Home","item":"https:\/\/graindesail.com\/en\/"},{"@type":"ListItem","position":2,"name":"Our recipes"}]},{"@type":"WebSite","@id":"https:\/\/graindesail.com\/en\/#website","url":"https:\/\/graindesail.com\/en\/","name":"GDS","description":"","publisher":{"@id":"https:\/\/graindesail.com\/en\/#organization"},"potentialAction":[{"@type":"SearchAction","target":{"@type":"EntryPoint","urlTemplate":"https:\/\/graindesail.com\/en\/?s={search_term_string}"},"query-input":{"@type":"PropertyValueSpecification","valueRequired":true,"valueName":"search_term_string"}}],"inLanguage":"en-US"},{"@type":"Organization","@id":"https:\/\/graindesail.com\/en\/#organization","name":"GDS","url":"https:\/\/graindesail.com\/en\/","logo":{"@type":"ImageObject","inLanguage":"en-US","@id":"https:\/\/graindesail.com\/en\/#\/schema\/logo\/image\/","url":"https:\/\/graindesail.com\/wp-content\/uploads\/2024\/12\/logo.svg","contentUrl":"https:\/\/graindesail.com\/wp-content\/uploads\/2024\/12\/logo.svg","width":82,"height":130,"caption":"GDS"},"image":{"@id":"https:\/\/graindesail.com\/en\/#\/schema\/logo\/image\/"}}]}},"_links":{"self":[{"href":"https:\/\/graindesail.com\/en\/wp-json\/wp\/v2\/pages\/9246","targetHints":{"allow":["GET"]}}],"collection":[{"href":"https:\/\/graindesail.com\/en\/wp-json\/wp\/v2\/pages"}],"about":[{"href":"https:\/\/graindesail.com\/en\/wp-json\/wp\/v2\/types\/page"}],"author":[{"embeddable":true,"href":"https:\/\/graindesail.com\/en\/wp-json\/wp\/v2\/users\/2"}],"replies":[{"embeddable":true,"href":"https:\/\/graindesail.com\/en\/wp-json\/wp\/v2\/comments?post=9246"}],"version-history":[{"count":0,"href":"https:\/\/graindesail.com\/en\/wp-json\/wp\/v2\/pages\/9246\/revisions"}],"wp:attachment":[{"href":"https:\/\/graindesail.com\/en\/wp-json\/wp\/v2\/media?parent=9246"}],"curies":[{"name":"wp","href":"https:\/\/api.w.org\/{rel}","templated":true}]}}